{"id":59782,"date":"2022-01-22T17:54:10","date_gmt":"2022-01-22T16:54:10","guid":{"rendered":"https:\/\/demoweb.info\/sexshop001\/producto\/classix-bomba-desarrolladora-de-pene-xl-transparente\/"},"modified":"2022-01-22T17:54:27","modified_gmt":"2022-01-22T16:54:27","slug":"classix-bomba-desarrolladora-de-pene-xl-transparente","status":"publish","type":"product","link":"https:\/\/demoweb.info\/sexshop001\/producto\/classix-bomba-desarrolladora-de-pene-xl-transparente\/","title":{"rendered":"CLASSIX BOMBA DESARROLLADORA DE PENE XL &#8211; TRANSPARENTE"},"content":{"rendered":"<p><strong>CLASSIX XL PENIS ENLARGEMENT PUMP <\/strong><\/p>\n<p>Obt\u00e9n el tama\u00f1o y la confianza con la que siempre has so\u00f1ado mientras ves crecer tu pene m\u00e1s grande y grueso que nunca. Al rodear todo el eje con succi\u00f3n al vac\u00edo directa, la bomba de alargamiento del pene se siente muy bien y aumenta su tama\u00f1o.<\/p>\n<p>La funda de silicona s\u00faper suave y c\u00f3moda se envuelve firmemente a tu alrededor, formando un sellado perfecto alrededor de la base del pene para crear un vac\u00edo s\u00faper fuerte que produce los mejores resultados.<\/p>\n<p>Con cada tir\u00f3n del gatillo de la bomba EZ-Grip, la bomba de ampliaci\u00f3n del pene crea una succi\u00f3n inmensa y produce erecciones duras como la roca que duran y duran.<\/p>\n<p>El tubo de vac\u00edo transparente permite ver crecer el pene y medir los resultados. Simplemente presiona el bot\u00f3n de liberaci\u00f3n r\u00e1pida para liberar instant\u00e1neamente la presi\u00f3n de vac\u00edo.<\/p>\n<p>Para prolongar la eyaculaci\u00f3n, desliza el anillo de mejora incluido sobre el eje. La compresi\u00f3n apretada prolongar\u00e1 la eyaculaci\u00f3n, ayudar\u00e1 a mantener la erecci\u00f3n y prolongar\u00e1 la diversi\u00f3n.<\/p>\n<p>Cuando hayas terminado, simplemente retira el cilindro de la manguera y l\u00edmpialo con limpiador de juguetes y agua tibia.<\/p>\n<p>El kit contiene:<\/p>\n<p><strong>Cilindro<\/strong><\/p>\n<ul>\n<li>Longitud del art\u00edculo: 254 mm<\/li>\n<li>Ancho del art\u00edculo: 76 mm<\/li>\n<li>Art\u00edculo Di\u00e1metro interior: 69 mm<\/li>\n<\/ul>\n<p><strong>Manguera<\/strong><\/p>\n<ul>\n<li>Longitud del art\u00edculo: 222 mm<\/li>\n<li>Ancho del art\u00edculo: 10 mm<\/li>\n<\/ul>\n<p><strong>Trigger <\/strong><\/p>\n<ul>\n<li>Longitud del art\u00edculo: 203 mm<\/li>\n<li>Anchura del art\u00edculo: 64 mm<\/li>\n<\/ul>\n<p><strong>Manga<\/strong><\/p>\n<ul>\n<li>Art\u00edculo Di\u00e1metro interior: 43 mm<\/li>\n<\/ul>\n","protected":false},"excerpt":{"rendered":"<p>CLASSIX XL PENIS ENLARGEMENT PUMP Obt\u00e9n el tama\u00f1o y la confianza con la que siempre has so\u00f1ado mientras ves crecer<\/p>\n","protected":false},"featured_media":59783,"comment_status":"open","ping_status":"open","template":"","meta":[],"product_cat":[495],"product_tag":[477,259],"class_list":["post-59782","product","type-product","status-publish","has-post-thumbnail","hentry","product_cat-basicos","product_tag-classix","product_tag-pipedream"],"bundled_by":[],"bundle_stock_status":"instock","bundle_stock_quantity":1,"bundle_virtual":false,"bundle_layout":"","bundle_add_to_cart_form_location":"","bundle_editable_in_cart":false,"bundle_sold_individually_context":"","bundle_item_grouping":"","bundle_min_size":"","bundle_max_size":"","bundled_items":[],"yoast_head":"<!-- This site is optimized with the Yoast SEO plugin v20.6 - https:\/\/yoast.com\/wordpress\/plugins\/seo\/ -->\n<title>CLASSIX BOMBA DESARROLLADORA DE PENE XL - TRANSPARENTE - Tienda Er\u00f3tica<\/title>\n<meta name=\"robots\" content=\"noindex, follow, max-snippet:-1, max-image-preview:large, max-video-preview:-1\" \/>\n<meta property=\"og:locale\" content=\"es_ES\" \/>\n<meta property=\"og:type\" content=\"article\" \/>\n<meta property=\"og:title\" content=\"CLASSIX BOMBA DESARROLLADORA DE PENE XL - TRANSPARENTE - Tienda Er\u00f3tica\" \/>\n<meta property=\"og:description\" content=\"CLASSIX XL PENIS ENLARGEMENT PUMP Obt\u00e9n el tama\u00f1o y la confianza con la que siempre has so\u00f1ado mientras ves crecer\" \/>\n<meta property=\"og:url\" content=\"https:\/\/demoweb.info\/sexshop001\/producto\/classix-bomba-desarrolladora-de-pene-xl-transparente\/\" \/>\n<meta property=\"og:site_name\" content=\"Tienda Er\u00f3tica\" \/>\n<meta property=\"article:modified_time\" content=\"2022-01-22T16:54:27+00:00\" \/>\n<meta property=\"og:image\" content=\"https:\/\/demoweb.info\/sexshop001\/wp-content\/uploads\/2022\/01\/CLASSIX-BOMBA-DESARROLLADORA-DE-PENE-XL-TRANSPARENTE.jpg\" \/>\n\t<meta property=\"og:image:width\" content=\"550\" \/>\n\t<meta property=\"og:image:height\" content=\"550\" \/>\n\t<meta property=\"og:image:type\" content=\"image\/jpeg\" \/>\n<meta name=\"twitter:card\" content=\"summary_large_image\" \/>\n<meta name=\"twitter:label1\" content=\"Tiempo de lectura\" \/>\n\t<meta name=\"twitter:data1\" content=\"1 minuto\" \/>\n<script type=\"application\/ld+json\" class=\"yoast-schema-graph\">{\"@context\":\"https:\/\/schema.org\",\"@graph\":[{\"@type\":\"WebPage\",\"@id\":\"https:\/\/demoweb.info\/sexshop001\/producto\/classix-bomba-desarrolladora-de-pene-xl-transparente\/\",\"url\":\"https:\/\/demoweb.info\/sexshop001\/producto\/classix-bomba-desarrolladora-de-pene-xl-transparente\/\",\"name\":\"CLASSIX BOMBA DESARROLLADORA DE PENE XL - TRANSPARENTE - Tienda Er\u00f3tica\",\"isPartOf\":{\"@id\":\"https:\/\/demoweb.info\/sexshop001\/#website\"},\"datePublished\":\"2022-01-22T16:54:10+00:00\",\"dateModified\":\"2022-01-22T16:54:27+00:00\",\"breadcrumb\":{\"@id\":\"https:\/\/demoweb.info\/sexshop001\/producto\/classix-bomba-desarrolladora-de-pene-xl-transparente\/#breadcrumb\"},\"inLanguage\":\"es\",\"potentialAction\":[{\"@type\":\"ReadAction\",\"target\":[\"https:\/\/demoweb.info\/sexshop001\/producto\/classix-bomba-desarrolladora-de-pene-xl-transparente\/\"]}]},{\"@type\":\"BreadcrumbList\",\"@id\":\"https:\/\/demoweb.info\/sexshop001\/producto\/classix-bomba-desarrolladora-de-pene-xl-transparente\/#breadcrumb\",\"itemListElement\":[{\"@type\":\"ListItem\",\"position\":1,\"name\":\"Portada\",\"item\":\"https:\/\/demoweb.info\/sexshop001\/\"},{\"@type\":\"ListItem\",\"position\":2,\"name\":\"Tienda\",\"item\":\"https:\/\/demoweb.info\/sexshop001\/tienda\/\"},{\"@type\":\"ListItem\",\"position\":3,\"name\":\"CLASSIX BOMBA DESARROLLADORA DE PENE XL &#8211; TRANSPARENTE\"}]},{\"@type\":\"WebSite\",\"@id\":\"https:\/\/demoweb.info\/sexshop001\/#website\",\"url\":\"https:\/\/demoweb.info\/sexshop001\/\",\"name\":\"Tienda Er\u00f3tica\",\"description\":\"DEMOWEB SL\",\"potentialAction\":[{\"@type\":\"SearchAction\",\"target\":{\"@type\":\"EntryPoint\",\"urlTemplate\":\"https:\/\/demoweb.info\/sexshop001\/?s={search_term_string}\"},\"query-input\":\"required name=search_term_string\"}],\"inLanguage\":\"es\"}]}<\/script>\n<!-- \/ Yoast SEO plugin. -->","yoast_head_json":{"title":"CLASSIX BOMBA DESARROLLADORA DE PENE XL - TRANSPARENTE - Tienda Er\u00f3tica","robots":{"index":"noindex","follow":"follow","max-snippet":"max-snippet:-1","max-image-preview":"max-image-preview:large","max-video-preview":"max-video-preview:-1"},"og_locale":"es_ES","og_type":"article","og_title":"CLASSIX BOMBA DESARROLLADORA DE PENE XL - TRANSPARENTE - Tienda Er\u00f3tica","og_description":"CLASSIX XL PENIS ENLARGEMENT PUMP Obt\u00e9n el tama\u00f1o y la confianza con la que siempre has so\u00f1ado mientras ves crecer","og_url":"https:\/\/demoweb.info\/sexshop001\/producto\/classix-bomba-desarrolladora-de-pene-xl-transparente\/","og_site_name":"Tienda Er\u00f3tica","article_modified_time":"2022-01-22T16:54:27+00:00","og_image":[{"width":550,"height":550,"url":"https:\/\/demoweb.info\/sexshop001\/wp-content\/uploads\/2022\/01\/CLASSIX-BOMBA-DESARROLLADORA-DE-PENE-XL-TRANSPARENTE.jpg","type":"image\/jpeg"}],"twitter_card":"summary_large_image","twitter_misc":{"Tiempo de lectura":"1 minuto"},"schema":{"@context":"https:\/\/schema.org","@graph":[{"@type":"WebPage","@id":"https:\/\/demoweb.info\/sexshop001\/producto\/classix-bomba-desarrolladora-de-pene-xl-transparente\/","url":"https:\/\/demoweb.info\/sexshop001\/producto\/classix-bomba-desarrolladora-de-pene-xl-transparente\/","name":"CLASSIX BOMBA DESARROLLADORA DE PENE XL - TRANSPARENTE - Tienda Er\u00f3tica","isPartOf":{"@id":"https:\/\/demoweb.info\/sexshop001\/#website"},"datePublished":"2022-01-22T16:54:10+00:00","dateModified":"2022-01-22T16:54:27+00:00","breadcrumb":{"@id":"https:\/\/demoweb.info\/sexshop001\/producto\/classix-bomba-desarrolladora-de-pene-xl-transparente\/#breadcrumb"},"inLanguage":"es","potentialAction":[{"@type":"ReadAction","target":["https:\/\/demoweb.info\/sexshop001\/producto\/classix-bomba-desarrolladora-de-pene-xl-transparente\/"]}]},{"@type":"BreadcrumbList","@id":"https:\/\/demoweb.info\/sexshop001\/producto\/classix-bomba-desarrolladora-de-pene-xl-transparente\/#breadcrumb","itemListElement":[{"@type":"ListItem","position":1,"name":"Portada","item":"https:\/\/demoweb.info\/sexshop001\/"},{"@type":"ListItem","position":2,"name":"Tienda","item":"https:\/\/demoweb.info\/sexshop001\/tienda\/"},{"@type":"ListItem","position":3,"name":"CLASSIX BOMBA DESARROLLADORA DE PENE XL &#8211; TRANSPARENTE"}]},{"@type":"WebSite","@id":"https:\/\/demoweb.info\/sexshop001\/#website","url":"https:\/\/demoweb.info\/sexshop001\/","name":"Tienda Er\u00f3tica","description":"DEMOWEB SL","potentialAction":[{"@type":"SearchAction","target":{"@type":"EntryPoint","urlTemplate":"https:\/\/demoweb.info\/sexshop001\/?s={search_term_string}"},"query-input":"required name=search_term_string"}],"inLanguage":"es"}]}},"_links":{"self":[{"href":"https:\/\/demoweb.info\/sexshop001\/wp-json\/wp\/v3\/product\/59782","targetHints":{"allow":["GET"]}}],"collection":[{"href":"https:\/\/demoweb.info\/sexshop001\/wp-json\/wp\/v3\/product"}],"about":[{"href":"https:\/\/demoweb.info\/sexshop001\/wp-json\/wp\/v2\/types\/product"}],"replies":[{"embeddable":true,"href":"https:\/\/demoweb.info\/sexshop001\/wp-json\/wp\/v2\/comments?post=59782"}],"wp:featuredmedia":[{"embeddable":true,"href":"https:\/\/demoweb.info\/sexshop001\/wp-json\/wp\/v2\/media\/59783"}],"wp:attachment":[{"href":"https:\/\/demoweb.info\/sexshop001\/wp-json\/wp\/v2\/media?parent=59782"}],"wp:term":[{"taxonomy":"product_cat","embeddable":true,"href":"https:\/\/demoweb.info\/sexshop001\/wp-json\/wp\/v2\/product_cat?post=59782"},{"taxonomy":"product_tag","embeddable":true,"href":"https:\/\/demoweb.info\/sexshop001\/wp-json\/wp\/v2\/product_tag?post=59782"}],"curies":[{"name":"wp","href":"https:\/\/api.w.org\/{rel}","templated":true}]}}