{"id":59778,"date":"2022-01-22T17:54:10","date_gmt":"2022-01-22T16:54:10","guid":{"rendered":"https:\/\/demoweb.info\/sexshop001\/producto\/bathmate-hydroxtreme-9-transparente\/"},"modified":"2022-01-22T17:54:24","modified_gmt":"2022-01-22T16:54:24","slug":"bathmate-hydroxtreme-9-transparente","status":"publish","type":"product","link":"https:\/\/demoweb.info\/sexshop001\/producto\/bathmate-hydroxtreme-9-transparente\/","title":{"rendered":"BATHMATE HYDROXTREME 9 TRANSPARENTE"},"content":{"rendered":"<p><strong>BATHMATE HYDROXTREME 9<\/strong><\/p>\n<p>Maximiza las ganancias de tu tama\u00f1o con HydroXtreme9.<br \/>\nSi est\u00e1s buscando potencia y tama\u00f1o reales de la bomba de pene, HydroXtreme9 es la opci\u00f3n perfecta. Con una combinaci\u00f3n efectiva de nuestro dise\u00f1o de bomba hidr\u00e1ulica a base de agua y una bomba de mano f\u00e1cil de usar, el HydroXtreme9 hace que sea f\u00e1cil maximizar las ganancias.<\/p>\n<p>Cuando se usan regularmente, estas bombas hidratantes agregan una longitud de pene y una circunferencia extra, al tiempo que aumentan la dureza de la erecci\u00f3n y el poder duradero. Deber\u00edas esperar ver resultados reales y duraderos despu\u00e9s de aproximadamente un mes de uso regular, lo que te brinda un verdadero impulso de confianza.<\/p>\n<p>El HydroXtreme9 est\u00e1 dise\u00f1ado para usuarios m\u00e1s grandes, con tama\u00f1os de montaje entre 18 y 23 cm. Recomendar\u00edamos esta unidad si eres naturalmente grande y est\u00e1s comenzando una rutina de bombeo de pene o si te has graduado de una de nuestras bombas hidroel\u00e9ctricas m\u00e1s peque\u00f1as. Sin embargo, si est\u00e1s buscando un punto de partida m\u00e1s suave, echa un vistazo a la Hydromax9, una de nuestras opciones de bomba de pene m\u00e1s vendidas.<\/p>\n<p><strong>HydroXtreme &#8211; The Ultimate Hydropump<\/strong><br \/>\nPara aquellos que desean los mejores resultados posibles de su rutina de bombeo del pene, hemos desarrollado la serie HydroXtreme. Con una unidad de bomba de mano f\u00e1cil de usar, las bombas HydroXtreme permiten desbloquear todo tu potencial de crecimiento en la longitud del pene, la circunferencia y la calidad general de la erecci\u00f3n.<\/p>\n<p>Con las bombas HydroXtreme como opciones de bomba de pene m\u00e1s poderosas, cuando compres una de ellas, obtendr\u00e1s un conjunto completo de accesorios absolutamente gratis, lo que lte ayudar\u00e1 a obtener la mejor experiencia con la bomba de pene Bathmate.<\/p>\n<p>Esta bomba hidr\u00e1ulica era conocida anteriormente como Hydromax Xtreme X40.<\/p>\n<p><strong>\u00bfC\u00f3mo se utiliza?<\/strong><\/p>\n<p>1) Llenar la ba\u00f1era con agua.<br \/>\n2) Una vez que est\u00e9 en la ba\u00f1era, coloque el <strong>Bathmate<\/strong> bajo el agua hasta que se llene completamente. A continuaci\u00f3n se introduce el pene en el interior y se apoya sobre la base de la pelvis.<br \/>\n3) Empuje repetidas veces el <strong>Bathmate<\/strong> hacia usted. Esto hace funcionar el mecanismo de contracci\u00f3n hidr\u00e1ulico de la base de la bomba, creando el efecto de vac\u00edo. Usted comenzar\u00e1 a sentir que la presi\u00f3n aumenta. Conforme el agua es evacuada del interior a trav\u00e9s de la v\u00e1lvula superior, el pene se expande m\u00e1s y m\u00e1s.<br \/>\n4) Una vez que no puede bombear m\u00e1s, simplemente descanse durante cinco minutos. El vac\u00edo m\u00e1s \u00f3ptimo es cuando ya no puede expulsar m\u00e1s agua del interior de <strong>Bathmate<\/strong>.<br \/>\n5) Vuelva a repetir la operaci\u00f3n de bombeo cada cuatro o cinco minutos, descanse y repita la maniobra. Es necesario repetir esta operaci\u00f3n, ya que en cada ciclo de compresi\u00f3n, hay un momento en el que no se puede extraer m\u00e1s agua.<br \/>\n6) Si siente que la presi\u00f3n es demasiado fuerte, libere la v\u00e1lvula superior ligeramente. Recuerde hacerlo dentro del agua para evitar que entre aire. Despu\u00e9s de 15 o 20 minutos de uso, reduzca la presi\u00f3n presionando el liberador de presi\u00f3n en la parte superior de <strong>Bathmate<\/strong>. Luego p\u00f3ngase de pie y compruebe los resultados inmediatos. \u00a1No se decepcionar\u00e1!.<br \/>\n7) Se recomienda usar de 15 a 20 minutos por sesi\u00f3n, tres veces por semana para obtener mejores resultados.<\/p>\n<p>Medidas:<\/p>\n<ul>\n<li>Dimensiones del producto: 34 x 10 cm<\/li>\n<li>Longitud insertable: 27 cm<\/li>\n<\/ul>\n","protected":false},"excerpt":{"rendered":"<p>BATHMATE HYDROXTREME 9 Maximiza las ganancias de tu tama\u00f1o con HydroXtreme9. Si est\u00e1s buscando potencia y tama\u00f1o reales de la<\/p>\n","protected":false},"featured_media":59779,"comment_status":"open","ping_status":"open","template":"","meta":[],"product_cat":[298],"product_tag":[299],"class_list":["post-59778","product","type-product","status-publish","has-post-thumbnail","hentry","product_cat-hidrobombas","product_tag-bathmate"],"bundled_by":[],"bundle_stock_status":"instock","bundle_stock_quantity":5,"bundle_virtual":false,"bundle_layout":"","bundle_add_to_cart_form_location":"","bundle_editable_in_cart":false,"bundle_sold_individually_context":"","bundle_item_grouping":"","bundle_min_size":"","bundle_max_size":"","bundled_items":[],"yoast_head":"<!-- This site is optimized with the Yoast SEO plugin v20.6 - https:\/\/yoast.com\/wordpress\/plugins\/seo\/ -->\n<title>BATHMATE HYDROXTREME 9 TRANSPARENTE - Tienda Er\u00f3tica<\/title>\n<meta name=\"robots\" content=\"noindex, follow, max-snippet:-1, max-image-preview:large, max-video-preview:-1\" \/>\n<meta property=\"og:locale\" content=\"es_ES\" \/>\n<meta property=\"og:type\" content=\"article\" \/>\n<meta property=\"og:title\" content=\"BATHMATE HYDROXTREME 9 TRANSPARENTE - Tienda Er\u00f3tica\" \/>\n<meta property=\"og:description\" content=\"BATHMATE HYDROXTREME 9 Maximiza las ganancias de tu tama\u00f1o con HydroXtreme9. Si est\u00e1s buscando potencia y tama\u00f1o reales de la\" \/>\n<meta property=\"og:url\" content=\"https:\/\/demoweb.info\/sexshop001\/producto\/bathmate-hydroxtreme-9-transparente\/\" \/>\n<meta property=\"og:site_name\" content=\"Tienda Er\u00f3tica\" \/>\n<meta property=\"article:modified_time\" content=\"2022-01-22T16:54:24+00:00\" \/>\n<meta property=\"og:image\" content=\"https:\/\/demoweb.info\/sexshop001\/wp-content\/uploads\/2022\/01\/BATHMATE-HYDROXTREME-9-TRANSPARENTE.jpg\" \/>\n\t<meta property=\"og:image:width\" content=\"550\" \/>\n\t<meta property=\"og:image:height\" content=\"550\" \/>\n\t<meta property=\"og:image:type\" content=\"image\/jpeg\" \/>\n<meta name=\"twitter:card\" content=\"summary_large_image\" \/>\n<meta name=\"twitter:label1\" content=\"Tiempo de lectura\" \/>\n\t<meta name=\"twitter:data1\" content=\"3 minutos\" \/>\n<script type=\"application\/ld+json\" class=\"yoast-schema-graph\">{\"@context\":\"https:\/\/schema.org\",\"@graph\":[{\"@type\":\"WebPage\",\"@id\":\"https:\/\/demoweb.info\/sexshop001\/producto\/bathmate-hydroxtreme-9-transparente\/\",\"url\":\"https:\/\/demoweb.info\/sexshop001\/producto\/bathmate-hydroxtreme-9-transparente\/\",\"name\":\"BATHMATE HYDROXTREME 9 TRANSPARENTE - Tienda Er\u00f3tica\",\"isPartOf\":{\"@id\":\"https:\/\/demoweb.info\/sexshop001\/#website\"},\"datePublished\":\"2022-01-22T16:54:10+00:00\",\"dateModified\":\"2022-01-22T16:54:24+00:00\",\"breadcrumb\":{\"@id\":\"https:\/\/demoweb.info\/sexshop001\/producto\/bathmate-hydroxtreme-9-transparente\/#breadcrumb\"},\"inLanguage\":\"es\",\"potentialAction\":[{\"@type\":\"ReadAction\",\"target\":[\"https:\/\/demoweb.info\/sexshop001\/producto\/bathmate-hydroxtreme-9-transparente\/\"]}]},{\"@type\":\"BreadcrumbList\",\"@id\":\"https:\/\/demoweb.info\/sexshop001\/producto\/bathmate-hydroxtreme-9-transparente\/#breadcrumb\",\"itemListElement\":[{\"@type\":\"ListItem\",\"position\":1,\"name\":\"Portada\",\"item\":\"https:\/\/demoweb.info\/sexshop001\/\"},{\"@type\":\"ListItem\",\"position\":2,\"name\":\"Tienda\",\"item\":\"https:\/\/demoweb.info\/sexshop001\/tienda\/\"},{\"@type\":\"ListItem\",\"position\":3,\"name\":\"BATHMATE HYDROXTREME 9 TRANSPARENTE\"}]},{\"@type\":\"WebSite\",\"@id\":\"https:\/\/demoweb.info\/sexshop001\/#website\",\"url\":\"https:\/\/demoweb.info\/sexshop001\/\",\"name\":\"Tienda Er\u00f3tica\",\"description\":\"DEMOWEB SL\",\"potentialAction\":[{\"@type\":\"SearchAction\",\"target\":{\"@type\":\"EntryPoint\",\"urlTemplate\":\"https:\/\/demoweb.info\/sexshop001\/?s={search_term_string}\"},\"query-input\":\"required name=search_term_string\"}],\"inLanguage\":\"es\"}]}<\/script>\n<!-- \/ Yoast SEO plugin. -->","yoast_head_json":{"title":"BATHMATE HYDROXTREME 9 TRANSPARENTE - Tienda Er\u00f3tica","robots":{"index":"noindex","follow":"follow","max-snippet":"max-snippet:-1","max-image-preview":"max-image-preview:large","max-video-preview":"max-video-preview:-1"},"og_locale":"es_ES","og_type":"article","og_title":"BATHMATE HYDROXTREME 9 TRANSPARENTE - Tienda Er\u00f3tica","og_description":"BATHMATE HYDROXTREME 9 Maximiza las ganancias de tu tama\u00f1o con HydroXtreme9. Si est\u00e1s buscando potencia y tama\u00f1o reales de la","og_url":"https:\/\/demoweb.info\/sexshop001\/producto\/bathmate-hydroxtreme-9-transparente\/","og_site_name":"Tienda Er\u00f3tica","article_modified_time":"2022-01-22T16:54:24+00:00","og_image":[{"width":550,"height":550,"url":"https:\/\/demoweb.info\/sexshop001\/wp-content\/uploads\/2022\/01\/BATHMATE-HYDROXTREME-9-TRANSPARENTE.jpg","type":"image\/jpeg"}],"twitter_card":"summary_large_image","twitter_misc":{"Tiempo de lectura":"3 minutos"},"schema":{"@context":"https:\/\/schema.org","@graph":[{"@type":"WebPage","@id":"https:\/\/demoweb.info\/sexshop001\/producto\/bathmate-hydroxtreme-9-transparente\/","url":"https:\/\/demoweb.info\/sexshop001\/producto\/bathmate-hydroxtreme-9-transparente\/","name":"BATHMATE HYDROXTREME 9 TRANSPARENTE - Tienda Er\u00f3tica","isPartOf":{"@id":"https:\/\/demoweb.info\/sexshop001\/#website"},"datePublished":"2022-01-22T16:54:10+00:00","dateModified":"2022-01-22T16:54:24+00:00","breadcrumb":{"@id":"https:\/\/demoweb.info\/sexshop001\/producto\/bathmate-hydroxtreme-9-transparente\/#breadcrumb"},"inLanguage":"es","potentialAction":[{"@type":"ReadAction","target":["https:\/\/demoweb.info\/sexshop001\/producto\/bathmate-hydroxtreme-9-transparente\/"]}]},{"@type":"BreadcrumbList","@id":"https:\/\/demoweb.info\/sexshop001\/producto\/bathmate-hydroxtreme-9-transparente\/#breadcrumb","itemListElement":[{"@type":"ListItem","position":1,"name":"Portada","item":"https:\/\/demoweb.info\/sexshop001\/"},{"@type":"ListItem","position":2,"name":"Tienda","item":"https:\/\/demoweb.info\/sexshop001\/tienda\/"},{"@type":"ListItem","position":3,"name":"BATHMATE HYDROXTREME 9 TRANSPARENTE"}]},{"@type":"WebSite","@id":"https:\/\/demoweb.info\/sexshop001\/#website","url":"https:\/\/demoweb.info\/sexshop001\/","name":"Tienda Er\u00f3tica","description":"DEMOWEB SL","potentialAction":[{"@type":"SearchAction","target":{"@type":"EntryPoint","urlTemplate":"https:\/\/demoweb.info\/sexshop001\/?s={search_term_string}"},"query-input":"required name=search_term_string"}],"inLanguage":"es"}]}},"_links":{"self":[{"href":"https:\/\/demoweb.info\/sexshop001\/wp-json\/wp\/v3\/product\/59778","targetHints":{"allow":["GET"]}}],"collection":[{"href":"https:\/\/demoweb.info\/sexshop001\/wp-json\/wp\/v3\/product"}],"about":[{"href":"https:\/\/demoweb.info\/sexshop001\/wp-json\/wp\/v2\/types\/product"}],"replies":[{"embeddable":true,"href":"https:\/\/demoweb.info\/sexshop001\/wp-json\/wp\/v2\/comments?post=59778"}],"wp:featuredmedia":[{"embeddable":true,"href":"https:\/\/demoweb.info\/sexshop001\/wp-json\/wp\/v2\/media\/59779"}],"wp:attachment":[{"href":"https:\/\/demoweb.info\/sexshop001\/wp-json\/wp\/v2\/media?parent=59778"}],"wp:term":[{"taxonomy":"product_cat","embeddable":true,"href":"https:\/\/demoweb.info\/sexshop001\/wp-json\/wp\/v2\/product_cat?post=59778"},{"taxonomy":"product_tag","embeddable":true,"href":"https:\/\/demoweb.info\/sexshop001\/wp-json\/wp\/v2\/product_tag?post=59778"}],"curies":[{"name":"wp","href":"https:\/\/api.w.org\/{rel}","templated":true}]}}