{"id":59749,"date":"2022-01-22T17:53:44","date_gmt":"2022-01-22T16:53:44","guid":{"rendered":"https:\/\/demoweb.info\/sexshop001\/producto\/cyberskin-5-cm-xtra-funda-de-pene-negro\/"},"modified":"2022-01-22T17:54:05","modified_gmt":"2022-01-22T16:54:05","slug":"cyberskin-5-cm-xtra-funda-de-pene-negro","status":"publish","type":"product","link":"https:\/\/demoweb.info\/sexshop001\/producto\/cyberskin-5-cm-xtra-funda-de-pene-negro\/","title":{"rendered":"CYBERSKIN 5 CM XTRA FUNDA DE PENE NEGRO"},"content":{"rendered":"<p><strong>CYBERSKIN 3 INCH XTRA THICK UNCUT TRANSFORMER PENIS EXTENSIO BLACK<\/strong><\/p>\n<p>Esculpida con incre\u00edbles detalles realistas, esta extensi\u00f3n de pene te brinda m\u00e1s poder para trabajar cuando juegas con un compa\u00f1ero. Hecha de un material realistico que se encaja de forma c\u00f3moda. <\/p>\n<p>Cumple emocionantes fantas\u00edas cuando deslizas tu eje en la funda y tu escroto en la correa. Una vez que se asegure esta manga de extensi\u00f3n, tendr\u00e1s m\u00e1s longitud y circunferencia para jugar.<\/p>\n<p>Medidas: 27,8 x 11,2 cm<\/p><\/p>\n","protected":false},"excerpt":{"rendered":"<p>CYBERSKIN 3 INCH XTRA THICK UNCUT TRANSFORMER PENIS EXTENSIO BLACK Esculpida con incre\u00edbles detalles realistas, esta extensi\u00f3n de pene te<\/p>\n","protected":false},"featured_media":59750,"comment_status":"open","ping_status":"open","template":"","meta":[],"product_cat":[543],"product_tag":[1132,932],"class_list":["post-59749","product","type-product","status-publish","has-post-thumbnail","hentry","product_cat-fundas","product_tag-cyberskin","product_tag-topco-sales"],"bundled_by":[],"bundle_stock_status":"instock","bundle_stock_quantity":2,"bundle_virtual":false,"bundle_layout":"","bundle_add_to_cart_form_location":"","bundle_editable_in_cart":false,"bundle_sold_individually_context":"","bundle_item_grouping":"","bundle_min_size":"","bundle_max_size":"","bundled_items":[],"yoast_head":"<!-- This site is optimized with the Yoast SEO plugin v20.6 - https:\/\/yoast.com\/wordpress\/plugins\/seo\/ -->\n<title>CYBERSKIN 5 CM XTRA FUNDA DE PENE NEGRO - Tienda Er\u00f3tica<\/title>\n<meta name=\"robots\" content=\"noindex, follow, max-snippet:-1, max-image-preview:large, max-video-preview:-1\" \/>\n<meta property=\"og:locale\" content=\"es_ES\" \/>\n<meta property=\"og:type\" content=\"article\" \/>\n<meta property=\"og:title\" content=\"CYBERSKIN 5 CM XTRA FUNDA DE PENE NEGRO - Tienda Er\u00f3tica\" \/>\n<meta property=\"og:description\" content=\"CYBERSKIN 3 INCH XTRA THICK UNCUT TRANSFORMER PENIS EXTENSIO BLACK Esculpida con incre\u00edbles detalles realistas, esta extensi\u00f3n de pene te\" \/>\n<meta property=\"og:url\" content=\"https:\/\/demoweb.info\/sexshop001\/producto\/cyberskin-5-cm-xtra-funda-de-pene-negro\/\" \/>\n<meta property=\"og:site_name\" content=\"Tienda Er\u00f3tica\" \/>\n<meta property=\"article:modified_time\" content=\"2022-01-22T16:54:05+00:00\" \/>\n<meta property=\"og:image\" content=\"https:\/\/demoweb.info\/sexshop001\/wp-content\/uploads\/2022\/01\/CYBERSKIN-5-CM-XTRA-FUNDA-DE-PENE-NEGRO.jpg\" \/>\n\t<meta property=\"og:image:width\" content=\"550\" \/>\n\t<meta property=\"og:image:height\" content=\"550\" \/>\n\t<meta property=\"og:image:type\" content=\"image\/jpeg\" \/>\n<meta name=\"twitter:card\" content=\"summary_large_image\" \/>\n<script type=\"application\/ld+json\" class=\"yoast-schema-graph\">{\"@context\":\"https:\/\/schema.org\",\"@graph\":[{\"@type\":\"WebPage\",\"@id\":\"https:\/\/demoweb.info\/sexshop001\/producto\/cyberskin-5-cm-xtra-funda-de-pene-negro\/\",\"url\":\"https:\/\/demoweb.info\/sexshop001\/producto\/cyberskin-5-cm-xtra-funda-de-pene-negro\/\",\"name\":\"CYBERSKIN 5 CM XTRA FUNDA DE PENE NEGRO - Tienda Er\u00f3tica\",\"isPartOf\":{\"@id\":\"https:\/\/demoweb.info\/sexshop001\/#website\"},\"datePublished\":\"2022-01-22T16:53:44+00:00\",\"dateModified\":\"2022-01-22T16:54:05+00:00\",\"breadcrumb\":{\"@id\":\"https:\/\/demoweb.info\/sexshop001\/producto\/cyberskin-5-cm-xtra-funda-de-pene-negro\/#breadcrumb\"},\"inLanguage\":\"es\",\"potentialAction\":[{\"@type\":\"ReadAction\",\"target\":[\"https:\/\/demoweb.info\/sexshop001\/producto\/cyberskin-5-cm-xtra-funda-de-pene-negro\/\"]}]},{\"@type\":\"BreadcrumbList\",\"@id\":\"https:\/\/demoweb.info\/sexshop001\/producto\/cyberskin-5-cm-xtra-funda-de-pene-negro\/#breadcrumb\",\"itemListElement\":[{\"@type\":\"ListItem\",\"position\":1,\"name\":\"Portada\",\"item\":\"https:\/\/demoweb.info\/sexshop001\/\"},{\"@type\":\"ListItem\",\"position\":2,\"name\":\"Tienda\",\"item\":\"https:\/\/demoweb.info\/sexshop001\/tienda\/\"},{\"@type\":\"ListItem\",\"position\":3,\"name\":\"CYBERSKIN 5 CM XTRA FUNDA DE PENE NEGRO\"}]},{\"@type\":\"WebSite\",\"@id\":\"https:\/\/demoweb.info\/sexshop001\/#website\",\"url\":\"https:\/\/demoweb.info\/sexshop001\/\",\"name\":\"Tienda Er\u00f3tica\",\"description\":\"DEMOWEB SL\",\"potentialAction\":[{\"@type\":\"SearchAction\",\"target\":{\"@type\":\"EntryPoint\",\"urlTemplate\":\"https:\/\/demoweb.info\/sexshop001\/?s={search_term_string}\"},\"query-input\":\"required name=search_term_string\"}],\"inLanguage\":\"es\"}]}<\/script>\n<!-- \/ Yoast SEO plugin. -->","yoast_head_json":{"title":"CYBERSKIN 5 CM XTRA FUNDA DE PENE NEGRO - Tienda Er\u00f3tica","robots":{"index":"noindex","follow":"follow","max-snippet":"max-snippet:-1","max-image-preview":"max-image-preview:large","max-video-preview":"max-video-preview:-1"},"og_locale":"es_ES","og_type":"article","og_title":"CYBERSKIN 5 CM XTRA FUNDA DE PENE NEGRO - Tienda Er\u00f3tica","og_description":"CYBERSKIN 3 INCH XTRA THICK UNCUT TRANSFORMER PENIS EXTENSIO BLACK Esculpida con incre\u00edbles detalles realistas, esta extensi\u00f3n de pene te","og_url":"https:\/\/demoweb.info\/sexshop001\/producto\/cyberskin-5-cm-xtra-funda-de-pene-negro\/","og_site_name":"Tienda Er\u00f3tica","article_modified_time":"2022-01-22T16:54:05+00:00","og_image":[{"width":550,"height":550,"url":"https:\/\/demoweb.info\/sexshop001\/wp-content\/uploads\/2022\/01\/CYBERSKIN-5-CM-XTRA-FUNDA-DE-PENE-NEGRO.jpg","type":"image\/jpeg"}],"twitter_card":"summary_large_image","schema":{"@context":"https:\/\/schema.org","@graph":[{"@type":"WebPage","@id":"https:\/\/demoweb.info\/sexshop001\/producto\/cyberskin-5-cm-xtra-funda-de-pene-negro\/","url":"https:\/\/demoweb.info\/sexshop001\/producto\/cyberskin-5-cm-xtra-funda-de-pene-negro\/","name":"CYBERSKIN 5 CM XTRA FUNDA DE PENE NEGRO - Tienda Er\u00f3tica","isPartOf":{"@id":"https:\/\/demoweb.info\/sexshop001\/#website"},"datePublished":"2022-01-22T16:53:44+00:00","dateModified":"2022-01-22T16:54:05+00:00","breadcrumb":{"@id":"https:\/\/demoweb.info\/sexshop001\/producto\/cyberskin-5-cm-xtra-funda-de-pene-negro\/#breadcrumb"},"inLanguage":"es","potentialAction":[{"@type":"ReadAction","target":["https:\/\/demoweb.info\/sexshop001\/producto\/cyberskin-5-cm-xtra-funda-de-pene-negro\/"]}]},{"@type":"BreadcrumbList","@id":"https:\/\/demoweb.info\/sexshop001\/producto\/cyberskin-5-cm-xtra-funda-de-pene-negro\/#breadcrumb","itemListElement":[{"@type":"ListItem","position":1,"name":"Portada","item":"https:\/\/demoweb.info\/sexshop001\/"},{"@type":"ListItem","position":2,"name":"Tienda","item":"https:\/\/demoweb.info\/sexshop001\/tienda\/"},{"@type":"ListItem","position":3,"name":"CYBERSKIN 5 CM XTRA FUNDA DE PENE NEGRO"}]},{"@type":"WebSite","@id":"https:\/\/demoweb.info\/sexshop001\/#website","url":"https:\/\/demoweb.info\/sexshop001\/","name":"Tienda Er\u00f3tica","description":"DEMOWEB SL","potentialAction":[{"@type":"SearchAction","target":{"@type":"EntryPoint","urlTemplate":"https:\/\/demoweb.info\/sexshop001\/?s={search_term_string}"},"query-input":"required name=search_term_string"}],"inLanguage":"es"}]}},"_links":{"self":[{"href":"https:\/\/demoweb.info\/sexshop001\/wp-json\/wp\/v3\/product\/59749","targetHints":{"allow":["GET"]}}],"collection":[{"href":"https:\/\/demoweb.info\/sexshop001\/wp-json\/wp\/v3\/product"}],"about":[{"href":"https:\/\/demoweb.info\/sexshop001\/wp-json\/wp\/v2\/types\/product"}],"replies":[{"embeddable":true,"href":"https:\/\/demoweb.info\/sexshop001\/wp-json\/wp\/v2\/comments?post=59749"}],"wp:featuredmedia":[{"embeddable":true,"href":"https:\/\/demoweb.info\/sexshop001\/wp-json\/wp\/v2\/media\/59750"}],"wp:attachment":[{"href":"https:\/\/demoweb.info\/sexshop001\/wp-json\/wp\/v2\/media?parent=59749"}],"wp:term":[{"taxonomy":"product_cat","embeddable":true,"href":"https:\/\/demoweb.info\/sexshop001\/wp-json\/wp\/v2\/product_cat?post=59749"},{"taxonomy":"product_tag","embeddable":true,"href":"https:\/\/demoweb.info\/sexshop001\/wp-json\/wp\/v2\/product_tag?post=59749"}],"curies":[{"name":"wp","href":"https:\/\/api.w.org\/{rel}","templated":true}]}}