{"id":59746,"date":"2022-01-22T17:53:44","date_gmt":"2022-01-22T16:53:44","guid":{"rendered":"https:\/\/demoweb.info\/sexshop001\/producto\/cyberskin-10-cm-xtra-funda-de-pene-con-vibracion\/"},"modified":"2022-01-22T17:54:03","modified_gmt":"2022-01-22T16:54:03","slug":"cyberskin-10-cm-xtra-funda-de-pene-con-vibracion","status":"publish","type":"product","link":"https:\/\/demoweb.info\/sexshop001\/producto\/cyberskin-10-cm-xtra-funda-de-pene-con-vibracion\/","title":{"rendered":"CYBERSKIN 10 CM XTRA FUNDA DE PENE CON VIBRACION"},"content":{"rendered":"<p><strong>CIBERSKIN 4 INCH XTRA THICK VIBRATING TRANSFORMER PENIS EXTENSIO<\/strong><\/p>\n<p>Esculpida con incre\u00edbles detalles realistas, esta extensi\u00f3n de pene te brinda m\u00e1s poder para trabajar cuando juegas con un compa\u00f1ero. Hecha de un material realistico que se encaja de forma c\u00f3moda. <\/p>\n<p>Cumple emocionantes fantas\u00edas cuando deslizas tu eje en la funda y tu escroto en la correa. Una vez que se asegure esta manga de extensi\u00f3n, tendr\u00e1s m\u00e1s longitud y circunferencia para jugar.<\/p>\n<p>Medidas: 27,8 x 11,1 cm<br \/>\nTipo de pilas: AG10<\/p>\n","protected":false},"excerpt":{"rendered":"<p>CIBERSKIN 4 INCH XTRA THICK VIBRATING TRANSFORMER PENIS EXTENSIO Esculpida con incre\u00edbles detalles realistas, esta extensi\u00f3n de pene te brinda<\/p>\n","protected":false},"featured_media":59747,"comment_status":"open","ping_status":"open","template":"","meta":[],"product_cat":[544],"product_tag":[1132,932],"class_list":["post-59746","product","type-product","status-publish","has-post-thumbnail","hentry","product_cat-con-vibrador-fundas","product_tag-cyberskin","product_tag-topco-sales"],"bundled_by":[],"bundle_stock_status":"instock","bundle_stock_quantity":1,"bundle_virtual":false,"bundle_layout":"","bundle_add_to_cart_form_location":"","bundle_editable_in_cart":false,"bundle_sold_individually_context":"","bundle_item_grouping":"","bundle_min_size":"","bundle_max_size":"","bundled_items":[],"yoast_head":"<!-- This site is optimized with the Yoast SEO plugin v20.6 - https:\/\/yoast.com\/wordpress\/plugins\/seo\/ -->\n<title>CYBERSKIN 10 CM XTRA FUNDA DE PENE CON VIBRACION - Tienda Er\u00f3tica<\/title>\n<meta name=\"robots\" content=\"noindex, follow, max-snippet:-1, max-image-preview:large, max-video-preview:-1\" \/>\n<meta property=\"og:locale\" content=\"es_ES\" \/>\n<meta property=\"og:type\" content=\"article\" \/>\n<meta property=\"og:title\" content=\"CYBERSKIN 10 CM XTRA FUNDA DE PENE CON VIBRACION - Tienda Er\u00f3tica\" \/>\n<meta property=\"og:description\" content=\"CIBERSKIN 4 INCH XTRA THICK VIBRATING TRANSFORMER PENIS EXTENSIO Esculpida con incre\u00edbles detalles realistas, esta extensi\u00f3n de pene te brinda\" \/>\n<meta property=\"og:url\" content=\"https:\/\/demoweb.info\/sexshop001\/producto\/cyberskin-10-cm-xtra-funda-de-pene-con-vibracion\/\" \/>\n<meta property=\"og:site_name\" content=\"Tienda Er\u00f3tica\" \/>\n<meta property=\"article:modified_time\" content=\"2022-01-22T16:54:03+00:00\" \/>\n<meta property=\"og:image\" content=\"https:\/\/demoweb.info\/sexshop001\/wp-content\/uploads\/2022\/01\/CYBERSKIN-10-CM-XTRA-FUNDA-DE-PENE-CON-VIBRACION.jpg\" \/>\n\t<meta property=\"og:image:width\" content=\"550\" \/>\n\t<meta property=\"og:image:height\" content=\"550\" \/>\n\t<meta property=\"og:image:type\" content=\"image\/jpeg\" \/>\n<meta name=\"twitter:card\" content=\"summary_large_image\" \/>\n<script type=\"application\/ld+json\" class=\"yoast-schema-graph\">{\"@context\":\"https:\/\/schema.org\",\"@graph\":[{\"@type\":\"WebPage\",\"@id\":\"https:\/\/demoweb.info\/sexshop001\/producto\/cyberskin-10-cm-xtra-funda-de-pene-con-vibracion\/\",\"url\":\"https:\/\/demoweb.info\/sexshop001\/producto\/cyberskin-10-cm-xtra-funda-de-pene-con-vibracion\/\",\"name\":\"CYBERSKIN 10 CM XTRA FUNDA DE PENE CON VIBRACION - Tienda Er\u00f3tica\",\"isPartOf\":{\"@id\":\"https:\/\/demoweb.info\/sexshop001\/#website\"},\"datePublished\":\"2022-01-22T16:53:44+00:00\",\"dateModified\":\"2022-01-22T16:54:03+00:00\",\"breadcrumb\":{\"@id\":\"https:\/\/demoweb.info\/sexshop001\/producto\/cyberskin-10-cm-xtra-funda-de-pene-con-vibracion\/#breadcrumb\"},\"inLanguage\":\"es\",\"potentialAction\":[{\"@type\":\"ReadAction\",\"target\":[\"https:\/\/demoweb.info\/sexshop001\/producto\/cyberskin-10-cm-xtra-funda-de-pene-con-vibracion\/\"]}]},{\"@type\":\"BreadcrumbList\",\"@id\":\"https:\/\/demoweb.info\/sexshop001\/producto\/cyberskin-10-cm-xtra-funda-de-pene-con-vibracion\/#breadcrumb\",\"itemListElement\":[{\"@type\":\"ListItem\",\"position\":1,\"name\":\"Portada\",\"item\":\"https:\/\/demoweb.info\/sexshop001\/\"},{\"@type\":\"ListItem\",\"position\":2,\"name\":\"Tienda\",\"item\":\"https:\/\/demoweb.info\/sexshop001\/tienda\/\"},{\"@type\":\"ListItem\",\"position\":3,\"name\":\"CYBERSKIN 10 CM XTRA FUNDA DE PENE CON VIBRACION\"}]},{\"@type\":\"WebSite\",\"@id\":\"https:\/\/demoweb.info\/sexshop001\/#website\",\"url\":\"https:\/\/demoweb.info\/sexshop001\/\",\"name\":\"Tienda Er\u00f3tica\",\"description\":\"DEMOWEB SL\",\"potentialAction\":[{\"@type\":\"SearchAction\",\"target\":{\"@type\":\"EntryPoint\",\"urlTemplate\":\"https:\/\/demoweb.info\/sexshop001\/?s={search_term_string}\"},\"query-input\":\"required name=search_term_string\"}],\"inLanguage\":\"es\"}]}<\/script>\n<!-- \/ Yoast SEO plugin. -->","yoast_head_json":{"title":"CYBERSKIN 10 CM XTRA FUNDA DE PENE CON VIBRACION - Tienda Er\u00f3tica","robots":{"index":"noindex","follow":"follow","max-snippet":"max-snippet:-1","max-image-preview":"max-image-preview:large","max-video-preview":"max-video-preview:-1"},"og_locale":"es_ES","og_type":"article","og_title":"CYBERSKIN 10 CM XTRA FUNDA DE PENE CON VIBRACION - Tienda Er\u00f3tica","og_description":"CIBERSKIN 4 INCH XTRA THICK VIBRATING TRANSFORMER PENIS EXTENSIO Esculpida con incre\u00edbles detalles realistas, esta extensi\u00f3n de pene te brinda","og_url":"https:\/\/demoweb.info\/sexshop001\/producto\/cyberskin-10-cm-xtra-funda-de-pene-con-vibracion\/","og_site_name":"Tienda Er\u00f3tica","article_modified_time":"2022-01-22T16:54:03+00:00","og_image":[{"width":550,"height":550,"url":"https:\/\/demoweb.info\/sexshop001\/wp-content\/uploads\/2022\/01\/CYBERSKIN-10-CM-XTRA-FUNDA-DE-PENE-CON-VIBRACION.jpg","type":"image\/jpeg"}],"twitter_card":"summary_large_image","schema":{"@context":"https:\/\/schema.org","@graph":[{"@type":"WebPage","@id":"https:\/\/demoweb.info\/sexshop001\/producto\/cyberskin-10-cm-xtra-funda-de-pene-con-vibracion\/","url":"https:\/\/demoweb.info\/sexshop001\/producto\/cyberskin-10-cm-xtra-funda-de-pene-con-vibracion\/","name":"CYBERSKIN 10 CM XTRA FUNDA DE PENE CON VIBRACION - Tienda Er\u00f3tica","isPartOf":{"@id":"https:\/\/demoweb.info\/sexshop001\/#website"},"datePublished":"2022-01-22T16:53:44+00:00","dateModified":"2022-01-22T16:54:03+00:00","breadcrumb":{"@id":"https:\/\/demoweb.info\/sexshop001\/producto\/cyberskin-10-cm-xtra-funda-de-pene-con-vibracion\/#breadcrumb"},"inLanguage":"es","potentialAction":[{"@type":"ReadAction","target":["https:\/\/demoweb.info\/sexshop001\/producto\/cyberskin-10-cm-xtra-funda-de-pene-con-vibracion\/"]}]},{"@type":"BreadcrumbList","@id":"https:\/\/demoweb.info\/sexshop001\/producto\/cyberskin-10-cm-xtra-funda-de-pene-con-vibracion\/#breadcrumb","itemListElement":[{"@type":"ListItem","position":1,"name":"Portada","item":"https:\/\/demoweb.info\/sexshop001\/"},{"@type":"ListItem","position":2,"name":"Tienda","item":"https:\/\/demoweb.info\/sexshop001\/tienda\/"},{"@type":"ListItem","position":3,"name":"CYBERSKIN 10 CM XTRA FUNDA DE PENE CON VIBRACION"}]},{"@type":"WebSite","@id":"https:\/\/demoweb.info\/sexshop001\/#website","url":"https:\/\/demoweb.info\/sexshop001\/","name":"Tienda Er\u00f3tica","description":"DEMOWEB SL","potentialAction":[{"@type":"SearchAction","target":{"@type":"EntryPoint","urlTemplate":"https:\/\/demoweb.info\/sexshop001\/?s={search_term_string}"},"query-input":"required name=search_term_string"}],"inLanguage":"es"}]}},"_links":{"self":[{"href":"https:\/\/demoweb.info\/sexshop001\/wp-json\/wp\/v3\/product\/59746","targetHints":{"allow":["GET"]}}],"collection":[{"href":"https:\/\/demoweb.info\/sexshop001\/wp-json\/wp\/v3\/product"}],"about":[{"href":"https:\/\/demoweb.info\/sexshop001\/wp-json\/wp\/v2\/types\/product"}],"replies":[{"embeddable":true,"href":"https:\/\/demoweb.info\/sexshop001\/wp-json\/wp\/v2\/comments?post=59746"}],"wp:featuredmedia":[{"embeddable":true,"href":"https:\/\/demoweb.info\/sexshop001\/wp-json\/wp\/v2\/media\/59747"}],"wp:attachment":[{"href":"https:\/\/demoweb.info\/sexshop001\/wp-json\/wp\/v2\/media?parent=59746"}],"wp:term":[{"taxonomy":"product_cat","embeddable":true,"href":"https:\/\/demoweb.info\/sexshop001\/wp-json\/wp\/v2\/product_cat?post=59746"},{"taxonomy":"product_tag","embeddable":true,"href":"https:\/\/demoweb.info\/sexshop001\/wp-json\/wp\/v2\/product_tag?post=59746"}],"curies":[{"name":"wp","href":"https:\/\/api.w.org\/{rel}","templated":true}]}}