{"id":59736,"date":"2022-01-22T17:53:44","date_gmt":"2022-01-22T16:53:44","guid":{"rendered":"https:\/\/demoweb.info\/sexshop001\/producto\/aplicador-anal-de-lubricante\/"},"modified":"2022-01-22T17:53:56","modified_gmt":"2022-01-22T16:53:56","slug":"aplicador-anal-de-lubricante","status":"publish","type":"product","link":"https:\/\/demoweb.info\/sexshop001\/producto\/aplicador-anal-de-lubricante\/","title":{"rendered":"APLICADOR ANAL DE LUBRICANTE"},"content":{"rendered":"<p><strong>ANAL ROSEBUD VACUUM WITH BEADED ROD <\/strong><\/p>\n<p>Infla el agujero con un accesorio de bombeo que lo penetra con una varilla abombada y lisa. Simplemente rell\u00e9nalo con el lubricante que elijas, conecta la manguera y la bomba compatibles y empieza a apretar para aumentar la presi\u00f3n en el cilindro.<\/p>\n<p>Las texturas acanaladas que contin\u00faan a lo largo de la barra agregar\u00e1n una estimulaci\u00f3n adicional a medida que aumenta el tama\u00f1o y la sensibilidad del orificio.<\/p>\n<p>Este material libre de ftalatos no es poroso, es duradero y se limpia a fondo con jab\u00f3n suave y agua tibia.<\/p>\n<p>Caracter\u00edsticas:<\/p>\n<p>Dimensiones del producto: 6.75 x 7.62 cm<br \/>\nPeso del producto: 208 gr<br \/>\nDi\u00e1metro interno:  6.6 cm<br \/>\nLongitud insertable: 8.9 cm<br \/>\nA prueba de salpicaduras  <br \/>\nMateriales:  Acr\u00edlico\n <\/p>\n","protected":false},"excerpt":{"rendered":"<p>ANAL ROSEBUD VACUUM WITH BEADED ROD Infla el agujero con un accesorio de bombeo que lo penetra con una varilla<\/p>\n","protected":false},"featured_media":59737,"comment_status":"open","ping_status":"open","template":"","meta":[],"product_cat":[329],"product_tag":[501,274],"class_list":["post-59736","product","type-product","status-publish","has-post-thumbnail","hentry","product_cat-limpieza-y-conserv","product_tag-tom-of-finland","product_tag-xr-brands"],"bundled_by":[],"bundle_stock_status":"instock","bundle_stock_quantity":1,"bundle_virtual":false,"bundle_layout":"","bundle_add_to_cart_form_location":"","bundle_editable_in_cart":false,"bundle_sold_individually_context":"","bundle_item_grouping":"","bundle_min_size":"","bundle_max_size":"","bundled_items":[],"yoast_head":"<!-- This site is optimized with the Yoast SEO plugin v20.6 - https:\/\/yoast.com\/wordpress\/plugins\/seo\/ -->\n<title>APLICADOR ANAL DE LUBRICANTE - Tienda Er\u00f3tica<\/title>\n<meta name=\"robots\" content=\"noindex, follow, max-snippet:-1, max-image-preview:large, max-video-preview:-1\" \/>\n<meta property=\"og:locale\" content=\"es_ES\" \/>\n<meta property=\"og:type\" content=\"article\" \/>\n<meta property=\"og:title\" content=\"APLICADOR ANAL DE LUBRICANTE - Tienda Er\u00f3tica\" \/>\n<meta property=\"og:description\" content=\"ANAL ROSEBUD VACUUM WITH BEADED ROD Infla el agujero con un accesorio de bombeo que lo penetra con una varilla\" \/>\n<meta property=\"og:url\" content=\"https:\/\/demoweb.info\/sexshop001\/producto\/aplicador-anal-de-lubricante\/\" \/>\n<meta property=\"og:site_name\" content=\"Tienda Er\u00f3tica\" \/>\n<meta property=\"article:modified_time\" content=\"2022-01-22T16:53:56+00:00\" \/>\n<meta property=\"og:image\" content=\"https:\/\/demoweb.info\/sexshop001\/wp-content\/uploads\/2022\/01\/APLICADOR-ANAL-DE-LUBRICANTE.jpg\" \/>\n\t<meta property=\"og:image:width\" content=\"550\" \/>\n\t<meta property=\"og:image:height\" content=\"550\" \/>\n\t<meta property=\"og:image:type\" content=\"image\/jpeg\" \/>\n<meta name=\"twitter:card\" content=\"summary_large_image\" \/>\n<meta name=\"twitter:label1\" content=\"Tiempo de lectura\" \/>\n\t<meta name=\"twitter:data1\" content=\"1 minuto\" \/>\n<script type=\"application\/ld+json\" class=\"yoast-schema-graph\">{\"@context\":\"https:\/\/schema.org\",\"@graph\":[{\"@type\":\"WebPage\",\"@id\":\"https:\/\/demoweb.info\/sexshop001\/producto\/aplicador-anal-de-lubricante\/\",\"url\":\"https:\/\/demoweb.info\/sexshop001\/producto\/aplicador-anal-de-lubricante\/\",\"name\":\"APLICADOR ANAL DE LUBRICANTE - Tienda Er\u00f3tica\",\"isPartOf\":{\"@id\":\"https:\/\/demoweb.info\/sexshop001\/#website\"},\"datePublished\":\"2022-01-22T16:53:44+00:00\",\"dateModified\":\"2022-01-22T16:53:56+00:00\",\"breadcrumb\":{\"@id\":\"https:\/\/demoweb.info\/sexshop001\/producto\/aplicador-anal-de-lubricante\/#breadcrumb\"},\"inLanguage\":\"es\",\"potentialAction\":[{\"@type\":\"ReadAction\",\"target\":[\"https:\/\/demoweb.info\/sexshop001\/producto\/aplicador-anal-de-lubricante\/\"]}]},{\"@type\":\"BreadcrumbList\",\"@id\":\"https:\/\/demoweb.info\/sexshop001\/producto\/aplicador-anal-de-lubricante\/#breadcrumb\",\"itemListElement\":[{\"@type\":\"ListItem\",\"position\":1,\"name\":\"Portada\",\"item\":\"https:\/\/demoweb.info\/sexshop001\/\"},{\"@type\":\"ListItem\",\"position\":2,\"name\":\"Tienda\",\"item\":\"https:\/\/demoweb.info\/sexshop001\/tienda\/\"},{\"@type\":\"ListItem\",\"position\":3,\"name\":\"APLICADOR ANAL DE LUBRICANTE\"}]},{\"@type\":\"WebSite\",\"@id\":\"https:\/\/demoweb.info\/sexshop001\/#website\",\"url\":\"https:\/\/demoweb.info\/sexshop001\/\",\"name\":\"Tienda Er\u00f3tica\",\"description\":\"DEMOWEB SL\",\"potentialAction\":[{\"@type\":\"SearchAction\",\"target\":{\"@type\":\"EntryPoint\",\"urlTemplate\":\"https:\/\/demoweb.info\/sexshop001\/?s={search_term_string}\"},\"query-input\":\"required name=search_term_string\"}],\"inLanguage\":\"es\"}]}<\/script>\n<!-- \/ Yoast SEO plugin. -->","yoast_head_json":{"title":"APLICADOR ANAL DE LUBRICANTE - Tienda Er\u00f3tica","robots":{"index":"noindex","follow":"follow","max-snippet":"max-snippet:-1","max-image-preview":"max-image-preview:large","max-video-preview":"max-video-preview:-1"},"og_locale":"es_ES","og_type":"article","og_title":"APLICADOR ANAL DE LUBRICANTE - Tienda Er\u00f3tica","og_description":"ANAL ROSEBUD VACUUM WITH BEADED ROD Infla el agujero con un accesorio de bombeo que lo penetra con una varilla","og_url":"https:\/\/demoweb.info\/sexshop001\/producto\/aplicador-anal-de-lubricante\/","og_site_name":"Tienda Er\u00f3tica","article_modified_time":"2022-01-22T16:53:56+00:00","og_image":[{"width":550,"height":550,"url":"https:\/\/demoweb.info\/sexshop001\/wp-content\/uploads\/2022\/01\/APLICADOR-ANAL-DE-LUBRICANTE.jpg","type":"image\/jpeg"}],"twitter_card":"summary_large_image","twitter_misc":{"Tiempo de lectura":"1 minuto"},"schema":{"@context":"https:\/\/schema.org","@graph":[{"@type":"WebPage","@id":"https:\/\/demoweb.info\/sexshop001\/producto\/aplicador-anal-de-lubricante\/","url":"https:\/\/demoweb.info\/sexshop001\/producto\/aplicador-anal-de-lubricante\/","name":"APLICADOR ANAL DE LUBRICANTE - Tienda Er\u00f3tica","isPartOf":{"@id":"https:\/\/demoweb.info\/sexshop001\/#website"},"datePublished":"2022-01-22T16:53:44+00:00","dateModified":"2022-01-22T16:53:56+00:00","breadcrumb":{"@id":"https:\/\/demoweb.info\/sexshop001\/producto\/aplicador-anal-de-lubricante\/#breadcrumb"},"inLanguage":"es","potentialAction":[{"@type":"ReadAction","target":["https:\/\/demoweb.info\/sexshop001\/producto\/aplicador-anal-de-lubricante\/"]}]},{"@type":"BreadcrumbList","@id":"https:\/\/demoweb.info\/sexshop001\/producto\/aplicador-anal-de-lubricante\/#breadcrumb","itemListElement":[{"@type":"ListItem","position":1,"name":"Portada","item":"https:\/\/demoweb.info\/sexshop001\/"},{"@type":"ListItem","position":2,"name":"Tienda","item":"https:\/\/demoweb.info\/sexshop001\/tienda\/"},{"@type":"ListItem","position":3,"name":"APLICADOR ANAL DE LUBRICANTE"}]},{"@type":"WebSite","@id":"https:\/\/demoweb.info\/sexshop001\/#website","url":"https:\/\/demoweb.info\/sexshop001\/","name":"Tienda Er\u00f3tica","description":"DEMOWEB SL","potentialAction":[{"@type":"SearchAction","target":{"@type":"EntryPoint","urlTemplate":"https:\/\/demoweb.info\/sexshop001\/?s={search_term_string}"},"query-input":"required name=search_term_string"}],"inLanguage":"es"}]}},"_links":{"self":[{"href":"https:\/\/demoweb.info\/sexshop001\/wp-json\/wp\/v3\/product\/59736","targetHints":{"allow":["GET"]}}],"collection":[{"href":"https:\/\/demoweb.info\/sexshop001\/wp-json\/wp\/v3\/product"}],"about":[{"href":"https:\/\/demoweb.info\/sexshop001\/wp-json\/wp\/v2\/types\/product"}],"replies":[{"embeddable":true,"href":"https:\/\/demoweb.info\/sexshop001\/wp-json\/wp\/v2\/comments?post=59736"}],"wp:featuredmedia":[{"embeddable":true,"href":"https:\/\/demoweb.info\/sexshop001\/wp-json\/wp\/v2\/media\/59737"}],"wp:attachment":[{"href":"https:\/\/demoweb.info\/sexshop001\/wp-json\/wp\/v2\/media?parent=59736"}],"wp:term":[{"taxonomy":"product_cat","embeddable":true,"href":"https:\/\/demoweb.info\/sexshop001\/wp-json\/wp\/v2\/product_cat?post=59736"},{"taxonomy":"product_tag","embeddable":true,"href":"https:\/\/demoweb.info\/sexshop001\/wp-json\/wp\/v2\/product_tag?post=59736"}],"curies":[{"name":"wp","href":"https:\/\/api.w.org\/{rel}","templated":true}]}}