{"id":59718,"date":"2022-01-22T17:53:44","date_gmt":"2022-01-22T16:53:44","guid":{"rendered":"https:\/\/demoweb.info\/sexshop001\/producto\/plug-anal-mediano-con-gema-negro\/"},"modified":"2022-01-22T17:53:44","modified_gmt":"2022-01-22T16:53:44","slug":"plug-anal-mediano-con-gema-negro","status":"publish","type":"product","link":"https:\/\/demoweb.info\/sexshop001\/producto\/plug-anal-mediano-con-gema-negro\/","title":{"rendered":"PLUG ANAL MEDIANO CON GEMA &#8211; NEGRO"},"content":{"rendered":"<p><strong>BLACK ROSE BUTT PLUG &#8211; MEDIUM <\/strong><\/p>\n<p>Enciende tu deseo de juego anal decadente con este hermoso tap\u00f3n Booty Sparks.<\/p>\n<p>Con un acabado met\u00e1lico suave en aluminio liviano, presenta una forma c\u00f3nica cl\u00e1sica y una bonita joya en la base.<\/p>\n<p>El eje delgado evitar\u00e1 que se salga de su lugar incluso durante un juego vigoroso. Querr\u00e1s mostrar tu nuevo bot\u00edn brillante mientras te inclinas y te burlas de tu amante.<\/p>\n<p>La aleaci\u00f3n de aluminio libre de n\u00edquel est\u00e1 bien ponderada y es sensible a la temperatura para la sensaci\u00f3n perfecta.<\/p>\n<p>Cuando finaliza el juego, el material no poroso se limpia f\u00e1cilmente sin albergar ninguna bacteria da\u00f1ina.<\/p>\n<p><em>\u00a1Haz que el bot\u00edn brille!<\/em><\/p>\n<ul>\n<li>Dimensiones del producto: 8,89  x 3,3 cm<\/li>\n<li>Longitud insertable: 6,4 cm<\/li>\n<\/ul>\n","protected":false},"excerpt":{"rendered":"<p>BLACK ROSE BUTT PLUG &#8211; MEDIUM Enciende tu deseo de juego anal decadente con este hermoso tap\u00f3n Booty Sparks. Con<\/p>\n","protected":false},"featured_media":59719,"comment_status":"open","ping_status":"open","template":"","meta":[],"product_cat":[464],"product_tag":[465,274],"class_list":["post-59718","product","type-product","status-publish","has-post-thumbnail","hentry","product_cat-metal-plugs","product_tag-booty-sparks","product_tag-xr-brands"],"bundled_by":[],"bundle_stock_status":"instock","bundle_stock_quantity":1,"bundle_virtual":false,"bundle_layout":"","bundle_add_to_cart_form_location":"","bundle_editable_in_cart":false,"bundle_sold_individually_context":"","bundle_item_grouping":"","bundle_min_size":"","bundle_max_size":"","bundled_items":[],"yoast_head":"<!-- This site is optimized with the Yoast SEO plugin v20.6 - https:\/\/yoast.com\/wordpress\/plugins\/seo\/ -->\n<title>PLUG ANAL MEDIANO CON GEMA - NEGRO - Tienda Er\u00f3tica<\/title>\n<meta name=\"robots\" content=\"noindex, follow, max-snippet:-1, max-image-preview:large, max-video-preview:-1\" \/>\n<meta property=\"og:locale\" content=\"es_ES\" \/>\n<meta property=\"og:type\" content=\"article\" \/>\n<meta property=\"og:title\" content=\"PLUG ANAL MEDIANO CON GEMA - NEGRO - Tienda Er\u00f3tica\" \/>\n<meta property=\"og:description\" content=\"BLACK ROSE BUTT PLUG &#8211; MEDIUM Enciende tu deseo de juego anal decadente con este hermoso tap\u00f3n Booty Sparks. Con\" \/>\n<meta property=\"og:url\" content=\"https:\/\/demoweb.info\/sexshop001\/producto\/plug-anal-mediano-con-gema-negro\/\" \/>\n<meta property=\"og:site_name\" content=\"Tienda Er\u00f3tica\" \/>\n<meta property=\"og:image\" content=\"https:\/\/demoweb.info\/sexshop001\/wp-content\/uploads\/2022\/01\/PLUG-ANAL-MEDIANO-CON-GEMA-NEGRO.jpg\" \/>\n\t<meta property=\"og:image:width\" content=\"550\" \/>\n\t<meta property=\"og:image:height\" content=\"550\" \/>\n\t<meta property=\"og:image:type\" content=\"image\/jpeg\" \/>\n<meta name=\"twitter:card\" content=\"summary_large_image\" \/>\n<meta name=\"twitter:label1\" content=\"Tiempo de lectura\" \/>\n\t<meta name=\"twitter:data1\" content=\"1 minuto\" \/>\n<script type=\"application\/ld+json\" class=\"yoast-schema-graph\">{\"@context\":\"https:\/\/schema.org\",\"@graph\":[{\"@type\":\"WebPage\",\"@id\":\"https:\/\/demoweb.info\/sexshop001\/producto\/plug-anal-mediano-con-gema-negro\/\",\"url\":\"https:\/\/demoweb.info\/sexshop001\/producto\/plug-anal-mediano-con-gema-negro\/\",\"name\":\"PLUG ANAL MEDIANO CON GEMA - NEGRO - Tienda Er\u00f3tica\",\"isPartOf\":{\"@id\":\"https:\/\/demoweb.info\/sexshop001\/#website\"},\"datePublished\":\"2022-01-22T16:53:44+00:00\",\"dateModified\":\"2022-01-22T16:53:44+00:00\",\"breadcrumb\":{\"@id\":\"https:\/\/demoweb.info\/sexshop001\/producto\/plug-anal-mediano-con-gema-negro\/#breadcrumb\"},\"inLanguage\":\"es\",\"potentialAction\":[{\"@type\":\"ReadAction\",\"target\":[\"https:\/\/demoweb.info\/sexshop001\/producto\/plug-anal-mediano-con-gema-negro\/\"]}]},{\"@type\":\"BreadcrumbList\",\"@id\":\"https:\/\/demoweb.info\/sexshop001\/producto\/plug-anal-mediano-con-gema-negro\/#breadcrumb\",\"itemListElement\":[{\"@type\":\"ListItem\",\"position\":1,\"name\":\"Portada\",\"item\":\"https:\/\/demoweb.info\/sexshop001\/\"},{\"@type\":\"ListItem\",\"position\":2,\"name\":\"Tienda\",\"item\":\"https:\/\/demoweb.info\/sexshop001\/tienda\/\"},{\"@type\":\"ListItem\",\"position\":3,\"name\":\"PLUG ANAL MEDIANO CON GEMA &#8211; NEGRO\"}]},{\"@type\":\"WebSite\",\"@id\":\"https:\/\/demoweb.info\/sexshop001\/#website\",\"url\":\"https:\/\/demoweb.info\/sexshop001\/\",\"name\":\"Tienda Er\u00f3tica\",\"description\":\"DEMOWEB SL\",\"potentialAction\":[{\"@type\":\"SearchAction\",\"target\":{\"@type\":\"EntryPoint\",\"urlTemplate\":\"https:\/\/demoweb.info\/sexshop001\/?s={search_term_string}\"},\"query-input\":\"required name=search_term_string\"}],\"inLanguage\":\"es\"}]}<\/script>\n<!-- \/ Yoast SEO plugin. -->","yoast_head_json":{"title":"PLUG ANAL MEDIANO CON GEMA - NEGRO - Tienda Er\u00f3tica","robots":{"index":"noindex","follow":"follow","max-snippet":"max-snippet:-1","max-image-preview":"max-image-preview:large","max-video-preview":"max-video-preview:-1"},"og_locale":"es_ES","og_type":"article","og_title":"PLUG ANAL MEDIANO CON GEMA - NEGRO - Tienda Er\u00f3tica","og_description":"BLACK ROSE BUTT PLUG &#8211; MEDIUM Enciende tu deseo de juego anal decadente con este hermoso tap\u00f3n Booty Sparks. Con","og_url":"https:\/\/demoweb.info\/sexshop001\/producto\/plug-anal-mediano-con-gema-negro\/","og_site_name":"Tienda Er\u00f3tica","og_image":[{"width":550,"height":550,"url":"https:\/\/demoweb.info\/sexshop001\/wp-content\/uploads\/2022\/01\/PLUG-ANAL-MEDIANO-CON-GEMA-NEGRO.jpg","type":"image\/jpeg"}],"twitter_card":"summary_large_image","twitter_misc":{"Tiempo de lectura":"1 minuto"},"schema":{"@context":"https:\/\/schema.org","@graph":[{"@type":"WebPage","@id":"https:\/\/demoweb.info\/sexshop001\/producto\/plug-anal-mediano-con-gema-negro\/","url":"https:\/\/demoweb.info\/sexshop001\/producto\/plug-anal-mediano-con-gema-negro\/","name":"PLUG ANAL MEDIANO CON GEMA - NEGRO - Tienda Er\u00f3tica","isPartOf":{"@id":"https:\/\/demoweb.info\/sexshop001\/#website"},"datePublished":"2022-01-22T16:53:44+00:00","dateModified":"2022-01-22T16:53:44+00:00","breadcrumb":{"@id":"https:\/\/demoweb.info\/sexshop001\/producto\/plug-anal-mediano-con-gema-negro\/#breadcrumb"},"inLanguage":"es","potentialAction":[{"@type":"ReadAction","target":["https:\/\/demoweb.info\/sexshop001\/producto\/plug-anal-mediano-con-gema-negro\/"]}]},{"@type":"BreadcrumbList","@id":"https:\/\/demoweb.info\/sexshop001\/producto\/plug-anal-mediano-con-gema-negro\/#breadcrumb","itemListElement":[{"@type":"ListItem","position":1,"name":"Portada","item":"https:\/\/demoweb.info\/sexshop001\/"},{"@type":"ListItem","position":2,"name":"Tienda","item":"https:\/\/demoweb.info\/sexshop001\/tienda\/"},{"@type":"ListItem","position":3,"name":"PLUG ANAL MEDIANO CON GEMA &#8211; NEGRO"}]},{"@type":"WebSite","@id":"https:\/\/demoweb.info\/sexshop001\/#website","url":"https:\/\/demoweb.info\/sexshop001\/","name":"Tienda Er\u00f3tica","description":"DEMOWEB SL","potentialAction":[{"@type":"SearchAction","target":{"@type":"EntryPoint","urlTemplate":"https:\/\/demoweb.info\/sexshop001\/?s={search_term_string}"},"query-input":"required name=search_term_string"}],"inLanguage":"es"}]}},"_links":{"self":[{"href":"https:\/\/demoweb.info\/sexshop001\/wp-json\/wp\/v3\/product\/59718","targetHints":{"allow":["GET"]}}],"collection":[{"href":"https:\/\/demoweb.info\/sexshop001\/wp-json\/wp\/v3\/product"}],"about":[{"href":"https:\/\/demoweb.info\/sexshop001\/wp-json\/wp\/v2\/types\/product"}],"replies":[{"embeddable":true,"href":"https:\/\/demoweb.info\/sexshop001\/wp-json\/wp\/v2\/comments?post=59718"}],"wp:featuredmedia":[{"embeddable":true,"href":"https:\/\/demoweb.info\/sexshop001\/wp-json\/wp\/v2\/media\/59719"}],"wp:attachment":[{"href":"https:\/\/demoweb.info\/sexshop001\/wp-json\/wp\/v2\/media?parent=59718"}],"wp:term":[{"taxonomy":"product_cat","embeddable":true,"href":"https:\/\/demoweb.info\/sexshop001\/wp-json\/wp\/v2\/product_cat?post=59718"},{"taxonomy":"product_tag","embeddable":true,"href":"https:\/\/demoweb.info\/sexshop001\/wp-json\/wp\/v2\/product_tag?post=59718"}],"curies":[{"name":"wp","href":"https:\/\/api.w.org\/{rel}","templated":true}]}}