{"id":59678,"date":"2022-01-22T17:53:15","date_gmt":"2022-01-22T16:53:15","guid":{"rendered":"https:\/\/demoweb.info\/sexshop001\/producto\/beaded-hose-dildo-58x10cm-negro\/"},"modified":"2022-01-22T17:53:15","modified_gmt":"2022-01-22T16:53:15","slug":"beaded-hose-dildo-58x10cm-negro","status":"publish","type":"product","link":"https:\/\/demoweb.info\/sexshop001\/producto\/beaded-hose-dildo-58x10cm-negro\/","title":{"rendered":"BEADED HOSE DILDO 58X10CM &#8211; NEGRO"},"content":{"rendered":"<p><strong>19 GRADUATED BEADED HOSE &#8211; BLACK <\/strong><\/p>\n<p>Las ocho bolas anales m\u00e1s grandes que jam\u00e1s encontrar\u00e1s, \u00a1estas ocho bombillas lisas presentan un desaf\u00edo diferente a cualquier otro!<\/p>\n<p>\u00bfInteresado en el estiramiento anal? Incluso un principiante puede usar esta herramienta flexible, con un punto de partida peque\u00f1o y c\u00f3nico y aumentos graduales de tama\u00f1o.<\/p>\n<p>Los n\u00fameros en negrita en cada bola redonda permiten saber d\u00f3nde te encuentras en tu progreso.<\/p>\n<p>Aspira la base a una superficie dura y plana para uso individual o con un compa\u00f1ero. El material elegante y sin ftalatos es compatible con lubricantes a base de agua y silicona y se limpia despu\u00e9s de usarlo con un jab\u00f3n suave y agua tibia.<\/p>\n<p>Caracter\u00edsticas:<\/p>\n<ul>\n<li>Medidas: 58,42 x 10,16 cm<\/li>\n<li>Peso: 1235 gramos<\/li>\n<li>Longitud insertable: 47,5 cm<\/li>\n<li>Resistente al agua.<\/li>\n<li>Material: PVC<\/li>\n<\/ul>\n","protected":false},"excerpt":{"rendered":"<p>19 GRADUATED BEADED HOSE &#8211; BLACK Las ocho bolas anales m\u00e1s grandes que jam\u00e1s encontrar\u00e1s, \u00a1estas ocho bombillas lisas presentan<\/p>\n","protected":false},"featured_media":59679,"comment_status":"open","ping_status":"open","template":"","meta":[],"product_cat":[440],"product_tag":[1559,274],"class_list":["post-59678","product","type-product","status-publish","has-post-thumbnail","hentry","product_cat-anales","product_tag-hosed","product_tag-xr-brands"],"bundled_by":[],"bundle_stock_status":"outofstock","bundle_stock_quantity":0,"bundle_virtual":false,"bundle_layout":"","bundle_add_to_cart_form_location":"","bundle_editable_in_cart":false,"bundle_sold_individually_context":"","bundle_item_grouping":"","bundle_min_size":"","bundle_max_size":"","bundled_items":[],"yoast_head":"<!-- This site is optimized with the Yoast SEO plugin v20.6 - https:\/\/yoast.com\/wordpress\/plugins\/seo\/ -->\n<title>BEADED HOSE DILDO 58X10CM - NEGRO - Tienda Er\u00f3tica<\/title>\n<meta name=\"robots\" content=\"noindex, follow, max-snippet:-1, max-image-preview:large, max-video-preview:-1\" \/>\n<meta property=\"og:locale\" content=\"es_ES\" \/>\n<meta property=\"og:type\" content=\"article\" \/>\n<meta property=\"og:title\" content=\"BEADED HOSE DILDO 58X10CM - NEGRO - Tienda Er\u00f3tica\" \/>\n<meta property=\"og:description\" content=\"19 GRADUATED BEADED HOSE &#8211; BLACK Las ocho bolas anales m\u00e1s grandes que jam\u00e1s encontrar\u00e1s, \u00a1estas ocho bombillas lisas presentan\" \/>\n<meta property=\"og:url\" content=\"https:\/\/demoweb.info\/sexshop001\/producto\/beaded-hose-dildo-58x10cm-negro\/\" \/>\n<meta property=\"og:site_name\" content=\"Tienda Er\u00f3tica\" \/>\n<meta property=\"og:image\" content=\"https:\/\/demoweb.info\/sexshop001\/wp-content\/uploads\/2022\/01\/BEADED-HOSE-DILDO-58X10CM-NEGRO.jpg\" \/>\n\t<meta property=\"og:image:width\" content=\"550\" \/>\n\t<meta property=\"og:image:height\" content=\"550\" \/>\n\t<meta property=\"og:image:type\" content=\"image\/jpeg\" \/>\n<meta name=\"twitter:card\" content=\"summary_large_image\" \/>\n<meta name=\"twitter:label1\" content=\"Tiempo de lectura\" \/>\n\t<meta name=\"twitter:data1\" content=\"1 minuto\" \/>\n<script type=\"application\/ld+json\" class=\"yoast-schema-graph\">{\"@context\":\"https:\/\/schema.org\",\"@graph\":[{\"@type\":\"WebPage\",\"@id\":\"https:\/\/demoweb.info\/sexshop001\/producto\/beaded-hose-dildo-58x10cm-negro\/\",\"url\":\"https:\/\/demoweb.info\/sexshop001\/producto\/beaded-hose-dildo-58x10cm-negro\/\",\"name\":\"BEADED HOSE DILDO 58X10CM - NEGRO - Tienda Er\u00f3tica\",\"isPartOf\":{\"@id\":\"https:\/\/demoweb.info\/sexshop001\/#website\"},\"datePublished\":\"2022-01-22T16:53:15+00:00\",\"dateModified\":\"2022-01-22T16:53:15+00:00\",\"breadcrumb\":{\"@id\":\"https:\/\/demoweb.info\/sexshop001\/producto\/beaded-hose-dildo-58x10cm-negro\/#breadcrumb\"},\"inLanguage\":\"es\",\"potentialAction\":[{\"@type\":\"ReadAction\",\"target\":[\"https:\/\/demoweb.info\/sexshop001\/producto\/beaded-hose-dildo-58x10cm-negro\/\"]}]},{\"@type\":\"BreadcrumbList\",\"@id\":\"https:\/\/demoweb.info\/sexshop001\/producto\/beaded-hose-dildo-58x10cm-negro\/#breadcrumb\",\"itemListElement\":[{\"@type\":\"ListItem\",\"position\":1,\"name\":\"Portada\",\"item\":\"https:\/\/demoweb.info\/sexshop001\/\"},{\"@type\":\"ListItem\",\"position\":2,\"name\":\"Tienda\",\"item\":\"https:\/\/demoweb.info\/sexshop001\/tienda\/\"},{\"@type\":\"ListItem\",\"position\":3,\"name\":\"BEADED HOSE DILDO 58X10CM &#8211; NEGRO\"}]},{\"@type\":\"WebSite\",\"@id\":\"https:\/\/demoweb.info\/sexshop001\/#website\",\"url\":\"https:\/\/demoweb.info\/sexshop001\/\",\"name\":\"Tienda Er\u00f3tica\",\"description\":\"DEMOWEB SL\",\"potentialAction\":[{\"@type\":\"SearchAction\",\"target\":{\"@type\":\"EntryPoint\",\"urlTemplate\":\"https:\/\/demoweb.info\/sexshop001\/?s={search_term_string}\"},\"query-input\":\"required name=search_term_string\"}],\"inLanguage\":\"es\"}]}<\/script>\n<!-- \/ Yoast SEO plugin. -->","yoast_head_json":{"title":"BEADED HOSE DILDO 58X10CM - NEGRO - Tienda Er\u00f3tica","robots":{"index":"noindex","follow":"follow","max-snippet":"max-snippet:-1","max-image-preview":"max-image-preview:large","max-video-preview":"max-video-preview:-1"},"og_locale":"es_ES","og_type":"article","og_title":"BEADED HOSE DILDO 58X10CM - NEGRO - Tienda Er\u00f3tica","og_description":"19 GRADUATED BEADED HOSE &#8211; BLACK Las ocho bolas anales m\u00e1s grandes que jam\u00e1s encontrar\u00e1s, \u00a1estas ocho bombillas lisas presentan","og_url":"https:\/\/demoweb.info\/sexshop001\/producto\/beaded-hose-dildo-58x10cm-negro\/","og_site_name":"Tienda Er\u00f3tica","og_image":[{"width":550,"height":550,"url":"https:\/\/demoweb.info\/sexshop001\/wp-content\/uploads\/2022\/01\/BEADED-HOSE-DILDO-58X10CM-NEGRO.jpg","type":"image\/jpeg"}],"twitter_card":"summary_large_image","twitter_misc":{"Tiempo de lectura":"1 minuto"},"schema":{"@context":"https:\/\/schema.org","@graph":[{"@type":"WebPage","@id":"https:\/\/demoweb.info\/sexshop001\/producto\/beaded-hose-dildo-58x10cm-negro\/","url":"https:\/\/demoweb.info\/sexshop001\/producto\/beaded-hose-dildo-58x10cm-negro\/","name":"BEADED HOSE DILDO 58X10CM - NEGRO - Tienda Er\u00f3tica","isPartOf":{"@id":"https:\/\/demoweb.info\/sexshop001\/#website"},"datePublished":"2022-01-22T16:53:15+00:00","dateModified":"2022-01-22T16:53:15+00:00","breadcrumb":{"@id":"https:\/\/demoweb.info\/sexshop001\/producto\/beaded-hose-dildo-58x10cm-negro\/#breadcrumb"},"inLanguage":"es","potentialAction":[{"@type":"ReadAction","target":["https:\/\/demoweb.info\/sexshop001\/producto\/beaded-hose-dildo-58x10cm-negro\/"]}]},{"@type":"BreadcrumbList","@id":"https:\/\/demoweb.info\/sexshop001\/producto\/beaded-hose-dildo-58x10cm-negro\/#breadcrumb","itemListElement":[{"@type":"ListItem","position":1,"name":"Portada","item":"https:\/\/demoweb.info\/sexshop001\/"},{"@type":"ListItem","position":2,"name":"Tienda","item":"https:\/\/demoweb.info\/sexshop001\/tienda\/"},{"@type":"ListItem","position":3,"name":"BEADED HOSE DILDO 58X10CM &#8211; NEGRO"}]},{"@type":"WebSite","@id":"https:\/\/demoweb.info\/sexshop001\/#website","url":"https:\/\/demoweb.info\/sexshop001\/","name":"Tienda Er\u00f3tica","description":"DEMOWEB SL","potentialAction":[{"@type":"SearchAction","target":{"@type":"EntryPoint","urlTemplate":"https:\/\/demoweb.info\/sexshop001\/?s={search_term_string}"},"query-input":"required name=search_term_string"}],"inLanguage":"es"}]}},"_links":{"self":[{"href":"https:\/\/demoweb.info\/sexshop001\/wp-json\/wp\/v3\/product\/59678","targetHints":{"allow":["GET"]}}],"collection":[{"href":"https:\/\/demoweb.info\/sexshop001\/wp-json\/wp\/v3\/product"}],"about":[{"href":"https:\/\/demoweb.info\/sexshop001\/wp-json\/wp\/v2\/types\/product"}],"replies":[{"embeddable":true,"href":"https:\/\/demoweb.info\/sexshop001\/wp-json\/wp\/v2\/comments?post=59678"}],"wp:featuredmedia":[{"embeddable":true,"href":"https:\/\/demoweb.info\/sexshop001\/wp-json\/wp\/v2\/media\/59679"}],"wp:attachment":[{"href":"https:\/\/demoweb.info\/sexshop001\/wp-json\/wp\/v2\/media?parent=59678"}],"wp:term":[{"taxonomy":"product_cat","embeddable":true,"href":"https:\/\/demoweb.info\/sexshop001\/wp-json\/wp\/v2\/product_cat?post=59678"},{"taxonomy":"product_tag","embeddable":true,"href":"https:\/\/demoweb.info\/sexshop001\/wp-json\/wp\/v2\/product_tag?post=59678"}],"curies":[{"name":"wp","href":"https:\/\/api.w.org\/{rel}","templated":true}]}}