{"id":59658,"date":"2022-01-22T17:52:45","date_gmt":"2022-01-22T16:52:45","guid":{"rendered":"https:\/\/demoweb.info\/sexshop001\/producto\/acople-para-maquina-saddle-and-saddle-deluxe-sex-machine-de-lovebotz\/"},"modified":"2022-01-22T17:52:57","modified_gmt":"2022-01-22T16:52:57","slug":"acople-para-maquina-saddle-and-saddle-deluxe-sex-machine-de-lovebotz","status":"publish","type":"product","link":"https:\/\/demoweb.info\/sexshop001\/producto\/acople-para-maquina-saddle-and-saddle-deluxe-sex-machine-de-lovebotz\/","title":{"rendered":"ACOPLE PARA M\u00c1QUINA SADDLE AND SADDLE DELUXE SEX MACHINE DE LOVEBOTZ"},"content":{"rendered":"<p><strong>G-SPOT ATTACHMENT FOR SADDLE SEX MACHINE <\/strong><\/p>\n<p>Este dildo curvo de punto G se adapta f\u00e1cilmente a tu m\u00e1quina Sex Machine de Lovebotz.<\/p>\n<p>La forma curva del brazo insertable te brinda un incre\u00edble masaje interno, mientras que el estimulador de cl\u00edtoris con nudos acaricia su punto caliente.<\/p>\n<p>El material es suave, liso y f\u00e1cil de limpiar. Ahora puedes obtener a\u00fan m\u00e1s placer y versatilidad de tu m\u00e1quina sexual favorita con el accesorio G-Spot.<\/p>\n<p>\u00a1Pon la G en el orGasmo!<\/p>\n<ul>\n<li>Dimensiones del producto: 11,43 x 3,3 cm<\/li>\n<li>Longitud insertable: 11,4 cm<\/li>\n<li>Materiales: TPE<\/li>\n<\/ul>\n<p>M\u00c1QUINA NO INCLUIDA.<\/p>\n","protected":false},"excerpt":{"rendered":"<p>G-SPOT ATTACHMENT FOR SADDLE SEX MACHINE Este dildo curvo de punto G se adapta f\u00e1cilmente a tu m\u00e1quina Sex Machine<\/p>\n","protected":false},"featured_media":59659,"comment_status":"open","ping_status":"open","template":"","meta":[],"product_cat":[1009],"product_tag":[778,274],"class_list":["post-59658","product","type-product","status-publish","has-post-thumbnail","hentry","product_cat-accesorios-maquinas-del-amor","product_tag-lovebotz","product_tag-xr-brands"],"bundled_by":[],"bundle_stock_status":"instock","bundle_stock_quantity":2,"bundle_virtual":false,"bundle_layout":"","bundle_add_to_cart_form_location":"","bundle_editable_in_cart":false,"bundle_sold_individually_context":"","bundle_item_grouping":"","bundle_min_size":"","bundle_max_size":"","bundled_items":[],"yoast_head":"<!-- This site is optimized with the Yoast SEO plugin v20.6 - https:\/\/yoast.com\/wordpress\/plugins\/seo\/ -->\n<title>ACOPLE PARA M\u00c1QUINA SADDLE AND SADDLE DELUXE SEX MACHINE DE LOVEBOTZ - Tienda Er\u00f3tica<\/title>\n<meta name=\"robots\" content=\"noindex, follow, max-snippet:-1, max-image-preview:large, max-video-preview:-1\" \/>\n<meta property=\"og:locale\" content=\"es_ES\" \/>\n<meta property=\"og:type\" content=\"article\" \/>\n<meta property=\"og:title\" content=\"ACOPLE PARA M\u00c1QUINA SADDLE AND SADDLE DELUXE SEX MACHINE DE LOVEBOTZ - Tienda Er\u00f3tica\" \/>\n<meta property=\"og:description\" content=\"G-SPOT ATTACHMENT FOR SADDLE SEX MACHINE Este dildo curvo de punto G se adapta f\u00e1cilmente a tu m\u00e1quina Sex Machine\" \/>\n<meta property=\"og:url\" content=\"https:\/\/demoweb.info\/sexshop001\/producto\/acople-para-maquina-saddle-and-saddle-deluxe-sex-machine-de-lovebotz\/\" \/>\n<meta property=\"og:site_name\" content=\"Tienda Er\u00f3tica\" \/>\n<meta property=\"article:modified_time\" content=\"2022-01-22T16:52:57+00:00\" \/>\n<meta property=\"og:image\" content=\"https:\/\/demoweb.info\/sexshop001\/wp-content\/uploads\/2022\/01\/ACOPLE-PARA-MAQUINA-SADDLE-AND-SADDLE-DELUXE-SEX-MACHINE-DE-LOVEBOTZ.jpg\" \/>\n\t<meta property=\"og:image:width\" content=\"550\" \/>\n\t<meta property=\"og:image:height\" content=\"550\" \/>\n\t<meta property=\"og:image:type\" content=\"image\/jpeg\" \/>\n<meta name=\"twitter:card\" content=\"summary_large_image\" \/>\n<meta name=\"twitter:label1\" content=\"Tiempo de lectura\" \/>\n\t<meta name=\"twitter:data1\" content=\"1 minuto\" \/>\n<script type=\"application\/ld+json\" class=\"yoast-schema-graph\">{\"@context\":\"https:\/\/schema.org\",\"@graph\":[{\"@type\":\"WebPage\",\"@id\":\"https:\/\/demoweb.info\/sexshop001\/producto\/acople-para-maquina-saddle-and-saddle-deluxe-sex-machine-de-lovebotz\/\",\"url\":\"https:\/\/demoweb.info\/sexshop001\/producto\/acople-para-maquina-saddle-and-saddle-deluxe-sex-machine-de-lovebotz\/\",\"name\":\"ACOPLE PARA M\u00c1QUINA SADDLE AND SADDLE DELUXE SEX MACHINE DE LOVEBOTZ - Tienda Er\u00f3tica\",\"isPartOf\":{\"@id\":\"https:\/\/demoweb.info\/sexshop001\/#website\"},\"datePublished\":\"2022-01-22T16:52:45+00:00\",\"dateModified\":\"2022-01-22T16:52:57+00:00\",\"breadcrumb\":{\"@id\":\"https:\/\/demoweb.info\/sexshop001\/producto\/acople-para-maquina-saddle-and-saddle-deluxe-sex-machine-de-lovebotz\/#breadcrumb\"},\"inLanguage\":\"es\",\"potentialAction\":[{\"@type\":\"ReadAction\",\"target\":[\"https:\/\/demoweb.info\/sexshop001\/producto\/acople-para-maquina-saddle-and-saddle-deluxe-sex-machine-de-lovebotz\/\"]}]},{\"@type\":\"BreadcrumbList\",\"@id\":\"https:\/\/demoweb.info\/sexshop001\/producto\/acople-para-maquina-saddle-and-saddle-deluxe-sex-machine-de-lovebotz\/#breadcrumb\",\"itemListElement\":[{\"@type\":\"ListItem\",\"position\":1,\"name\":\"Portada\",\"item\":\"https:\/\/demoweb.info\/sexshop001\/\"},{\"@type\":\"ListItem\",\"position\":2,\"name\":\"Tienda\",\"item\":\"https:\/\/demoweb.info\/sexshop001\/tienda\/\"},{\"@type\":\"ListItem\",\"position\":3,\"name\":\"ACOPLE PARA M\u00c1QUINA SADDLE AND SADDLE DELUXE SEX MACHINE DE LOVEBOTZ\"}]},{\"@type\":\"WebSite\",\"@id\":\"https:\/\/demoweb.info\/sexshop001\/#website\",\"url\":\"https:\/\/demoweb.info\/sexshop001\/\",\"name\":\"Tienda Er\u00f3tica\",\"description\":\"DEMOWEB SL\",\"potentialAction\":[{\"@type\":\"SearchAction\",\"target\":{\"@type\":\"EntryPoint\",\"urlTemplate\":\"https:\/\/demoweb.info\/sexshop001\/?s={search_term_string}\"},\"query-input\":\"required name=search_term_string\"}],\"inLanguage\":\"es\"}]}<\/script>\n<!-- \/ Yoast SEO plugin. -->","yoast_head_json":{"title":"ACOPLE PARA M\u00c1QUINA SADDLE AND SADDLE DELUXE SEX MACHINE DE LOVEBOTZ - Tienda Er\u00f3tica","robots":{"index":"noindex","follow":"follow","max-snippet":"max-snippet:-1","max-image-preview":"max-image-preview:large","max-video-preview":"max-video-preview:-1"},"og_locale":"es_ES","og_type":"article","og_title":"ACOPLE PARA M\u00c1QUINA SADDLE AND SADDLE DELUXE SEX MACHINE DE LOVEBOTZ - Tienda Er\u00f3tica","og_description":"G-SPOT ATTACHMENT FOR SADDLE SEX MACHINE Este dildo curvo de punto G se adapta f\u00e1cilmente a tu m\u00e1quina Sex Machine","og_url":"https:\/\/demoweb.info\/sexshop001\/producto\/acople-para-maquina-saddle-and-saddle-deluxe-sex-machine-de-lovebotz\/","og_site_name":"Tienda Er\u00f3tica","article_modified_time":"2022-01-22T16:52:57+00:00","og_image":[{"width":550,"height":550,"url":"https:\/\/demoweb.info\/sexshop001\/wp-content\/uploads\/2022\/01\/ACOPLE-PARA-MAQUINA-SADDLE-AND-SADDLE-DELUXE-SEX-MACHINE-DE-LOVEBOTZ.jpg","type":"image\/jpeg"}],"twitter_card":"summary_large_image","twitter_misc":{"Tiempo de lectura":"1 minuto"},"schema":{"@context":"https:\/\/schema.org","@graph":[{"@type":"WebPage","@id":"https:\/\/demoweb.info\/sexshop001\/producto\/acople-para-maquina-saddle-and-saddle-deluxe-sex-machine-de-lovebotz\/","url":"https:\/\/demoweb.info\/sexshop001\/producto\/acople-para-maquina-saddle-and-saddle-deluxe-sex-machine-de-lovebotz\/","name":"ACOPLE PARA M\u00c1QUINA SADDLE AND SADDLE DELUXE SEX MACHINE DE LOVEBOTZ - Tienda Er\u00f3tica","isPartOf":{"@id":"https:\/\/demoweb.info\/sexshop001\/#website"},"datePublished":"2022-01-22T16:52:45+00:00","dateModified":"2022-01-22T16:52:57+00:00","breadcrumb":{"@id":"https:\/\/demoweb.info\/sexshop001\/producto\/acople-para-maquina-saddle-and-saddle-deluxe-sex-machine-de-lovebotz\/#breadcrumb"},"inLanguage":"es","potentialAction":[{"@type":"ReadAction","target":["https:\/\/demoweb.info\/sexshop001\/producto\/acople-para-maquina-saddle-and-saddle-deluxe-sex-machine-de-lovebotz\/"]}]},{"@type":"BreadcrumbList","@id":"https:\/\/demoweb.info\/sexshop001\/producto\/acople-para-maquina-saddle-and-saddle-deluxe-sex-machine-de-lovebotz\/#breadcrumb","itemListElement":[{"@type":"ListItem","position":1,"name":"Portada","item":"https:\/\/demoweb.info\/sexshop001\/"},{"@type":"ListItem","position":2,"name":"Tienda","item":"https:\/\/demoweb.info\/sexshop001\/tienda\/"},{"@type":"ListItem","position":3,"name":"ACOPLE PARA M\u00c1QUINA SADDLE AND SADDLE DELUXE SEX MACHINE DE LOVEBOTZ"}]},{"@type":"WebSite","@id":"https:\/\/demoweb.info\/sexshop001\/#website","url":"https:\/\/demoweb.info\/sexshop001\/","name":"Tienda Er\u00f3tica","description":"DEMOWEB SL","potentialAction":[{"@type":"SearchAction","target":{"@type":"EntryPoint","urlTemplate":"https:\/\/demoweb.info\/sexshop001\/?s={search_term_string}"},"query-input":"required name=search_term_string"}],"inLanguage":"es"}]}},"_links":{"self":[{"href":"https:\/\/demoweb.info\/sexshop001\/wp-json\/wp\/v3\/product\/59658","targetHints":{"allow":["GET"]}}],"collection":[{"href":"https:\/\/demoweb.info\/sexshop001\/wp-json\/wp\/v3\/product"}],"about":[{"href":"https:\/\/demoweb.info\/sexshop001\/wp-json\/wp\/v2\/types\/product"}],"replies":[{"embeddable":true,"href":"https:\/\/demoweb.info\/sexshop001\/wp-json\/wp\/v2\/comments?post=59658"}],"wp:featuredmedia":[{"embeddable":true,"href":"https:\/\/demoweb.info\/sexshop001\/wp-json\/wp\/v2\/media\/59659"}],"wp:attachment":[{"href":"https:\/\/demoweb.info\/sexshop001\/wp-json\/wp\/v2\/media?parent=59658"}],"wp:term":[{"taxonomy":"product_cat","embeddable":true,"href":"https:\/\/demoweb.info\/sexshop001\/wp-json\/wp\/v2\/product_cat?post=59658"},{"taxonomy":"product_tag","embeddable":true,"href":"https:\/\/demoweb.info\/sexshop001\/wp-json\/wp\/v2\/product_tag?post=59658"}],"curies":[{"name":"wp","href":"https:\/\/api.w.org\/{rel}","templated":true}]}}