{"id":59653,"date":"2022-01-22T17:52:45","date_gmt":"2022-01-22T16:52:45","guid":{"rendered":"https:\/\/demoweb.info\/sexshop001\/producto\/arnes-con-pene-hueco-e-inflable-negro\/"},"modified":"2022-01-22T17:52:54","modified_gmt":"2022-01-22T16:52:54","slug":"arnes-con-pene-hueco-e-inflable-negro","status":"publish","type":"product","link":"https:\/\/demoweb.info\/sexshop001\/producto\/arnes-con-pene-hueco-e-inflable-negro\/","title":{"rendered":"ARN\u00c9S CON PENE HUECO E INFLABLE &#8211; NEGRO"},"content":{"rendered":"<p><strong>PUMPER INFLATABLE HOLLOW STRAP-ON<\/strong><\/p>\n<p>Hecho de una capa delgada de silicona flexible sobre un eje firme y hueco, este arn\u00e9s seguro y de estilo realista funciona con o sin erecci\u00f3n.<\/p>\n<p>Bombea la bombilla extra\u00edble f\u00e1cil de usar para agregar m\u00e1s y m\u00e1s grosor. Una banda el\u00e1stica corre entre tus test\u00edculos y a lo largo de la parte posterior de tus muslos, dejando el culo abierto para m\u00e1s opciones de juego.<\/p>\n<p>La gruesa cintura el\u00e1stica es lo suficientemente el\u00e1stica para adaptarse a la mayor\u00eda de los tama\u00f1os y formas del cuerpo para una mayor versatilidad y comodidad.<\/p>\n<p>El material no poroso y seguro para el cuerpo no contiene ftalatos y no albergar\u00e1 ninguna bacteria da\u00f1ina.<\/p>\n<p>Medidas: 17,8 x 4,45 cm<\/p>\n<p>Resistente al agua.<\/p>\n","protected":false},"excerpt":{"rendered":"<p>PUMPER INFLATABLE HOLLOW STRAP-ON Hecho de una capa delgada de silicona flexible sobre un eje firme y hueco, este arn\u00e9s<\/p>\n","protected":false},"featured_media":59654,"comment_status":"open","ping_status":"open","template":"","meta":[],"product_cat":[1593],"product_tag":[463,274],"class_list":["post-59653","product","type-product","status-publish","has-post-thumbnail","hentry","product_cat-hinchables-con-pene","product_tag-master-series","product_tag-xr-brands"],"bundled_by":[],"bundle_stock_status":"instock","bundle_stock_quantity":1,"bundle_virtual":false,"bundle_layout":"","bundle_add_to_cart_form_location":"","bundle_editable_in_cart":false,"bundle_sold_individually_context":"","bundle_item_grouping":"","bundle_min_size":"","bundle_max_size":"","bundled_items":[],"yoast_head":"<!-- This site is optimized with the Yoast SEO plugin v20.6 - https:\/\/yoast.com\/wordpress\/plugins\/seo\/ -->\n<title>ARN\u00c9S CON PENE HUECO E INFLABLE - NEGRO - Tienda Er\u00f3tica<\/title>\n<meta name=\"robots\" content=\"noindex, follow, max-snippet:-1, max-image-preview:large, max-video-preview:-1\" \/>\n<meta property=\"og:locale\" content=\"es_ES\" \/>\n<meta property=\"og:type\" content=\"article\" \/>\n<meta property=\"og:title\" content=\"ARN\u00c9S CON PENE HUECO E INFLABLE - NEGRO - Tienda Er\u00f3tica\" \/>\n<meta property=\"og:description\" content=\"PUMPER INFLATABLE HOLLOW STRAP-ON Hecho de una capa delgada de silicona flexible sobre un eje firme y hueco, este arn\u00e9s\" \/>\n<meta property=\"og:url\" content=\"https:\/\/demoweb.info\/sexshop001\/producto\/arnes-con-pene-hueco-e-inflable-negro\/\" \/>\n<meta property=\"og:site_name\" content=\"Tienda Er\u00f3tica\" \/>\n<meta property=\"article:modified_time\" content=\"2022-01-22T16:52:54+00:00\" \/>\n<meta property=\"og:image\" content=\"https:\/\/demoweb.info\/sexshop001\/wp-content\/uploads\/2022\/01\/ARNES-CON-PENE-HUECO-E-INFLABLE-NEGRO.jpg\" \/>\n\t<meta property=\"og:image:width\" content=\"550\" \/>\n\t<meta property=\"og:image:height\" content=\"550\" \/>\n\t<meta property=\"og:image:type\" content=\"image\/jpeg\" \/>\n<meta name=\"twitter:card\" content=\"summary_large_image\" \/>\n<meta name=\"twitter:label1\" content=\"Tiempo de lectura\" \/>\n\t<meta name=\"twitter:data1\" content=\"1 minuto\" \/>\n<script type=\"application\/ld+json\" class=\"yoast-schema-graph\">{\"@context\":\"https:\/\/schema.org\",\"@graph\":[{\"@type\":\"WebPage\",\"@id\":\"https:\/\/demoweb.info\/sexshop001\/producto\/arnes-con-pene-hueco-e-inflable-negro\/\",\"url\":\"https:\/\/demoweb.info\/sexshop001\/producto\/arnes-con-pene-hueco-e-inflable-negro\/\",\"name\":\"ARN\u00c9S CON PENE HUECO E INFLABLE - NEGRO - Tienda Er\u00f3tica\",\"isPartOf\":{\"@id\":\"https:\/\/demoweb.info\/sexshop001\/#website\"},\"datePublished\":\"2022-01-22T16:52:45+00:00\",\"dateModified\":\"2022-01-22T16:52:54+00:00\",\"breadcrumb\":{\"@id\":\"https:\/\/demoweb.info\/sexshop001\/producto\/arnes-con-pene-hueco-e-inflable-negro\/#breadcrumb\"},\"inLanguage\":\"es\",\"potentialAction\":[{\"@type\":\"ReadAction\",\"target\":[\"https:\/\/demoweb.info\/sexshop001\/producto\/arnes-con-pene-hueco-e-inflable-negro\/\"]}]},{\"@type\":\"BreadcrumbList\",\"@id\":\"https:\/\/demoweb.info\/sexshop001\/producto\/arnes-con-pene-hueco-e-inflable-negro\/#breadcrumb\",\"itemListElement\":[{\"@type\":\"ListItem\",\"position\":1,\"name\":\"Portada\",\"item\":\"https:\/\/demoweb.info\/sexshop001\/\"},{\"@type\":\"ListItem\",\"position\":2,\"name\":\"Tienda\",\"item\":\"https:\/\/demoweb.info\/sexshop001\/tienda\/\"},{\"@type\":\"ListItem\",\"position\":3,\"name\":\"ARN\u00c9S CON PENE HUECO E INFLABLE &#8211; NEGRO\"}]},{\"@type\":\"WebSite\",\"@id\":\"https:\/\/demoweb.info\/sexshop001\/#website\",\"url\":\"https:\/\/demoweb.info\/sexshop001\/\",\"name\":\"Tienda Er\u00f3tica\",\"description\":\"DEMOWEB SL\",\"potentialAction\":[{\"@type\":\"SearchAction\",\"target\":{\"@type\":\"EntryPoint\",\"urlTemplate\":\"https:\/\/demoweb.info\/sexshop001\/?s={search_term_string}\"},\"query-input\":\"required name=search_term_string\"}],\"inLanguage\":\"es\"}]}<\/script>\n<!-- \/ Yoast SEO plugin. -->","yoast_head_json":{"title":"ARN\u00c9S CON PENE HUECO E INFLABLE - NEGRO - Tienda Er\u00f3tica","robots":{"index":"noindex","follow":"follow","max-snippet":"max-snippet:-1","max-image-preview":"max-image-preview:large","max-video-preview":"max-video-preview:-1"},"og_locale":"es_ES","og_type":"article","og_title":"ARN\u00c9S CON PENE HUECO E INFLABLE - NEGRO - Tienda Er\u00f3tica","og_description":"PUMPER INFLATABLE HOLLOW STRAP-ON Hecho de una capa delgada de silicona flexible sobre un eje firme y hueco, este arn\u00e9s","og_url":"https:\/\/demoweb.info\/sexshop001\/producto\/arnes-con-pene-hueco-e-inflable-negro\/","og_site_name":"Tienda Er\u00f3tica","article_modified_time":"2022-01-22T16:52:54+00:00","og_image":[{"width":550,"height":550,"url":"https:\/\/demoweb.info\/sexshop001\/wp-content\/uploads\/2022\/01\/ARNES-CON-PENE-HUECO-E-INFLABLE-NEGRO.jpg","type":"image\/jpeg"}],"twitter_card":"summary_large_image","twitter_misc":{"Tiempo de lectura":"1 minuto"},"schema":{"@context":"https:\/\/schema.org","@graph":[{"@type":"WebPage","@id":"https:\/\/demoweb.info\/sexshop001\/producto\/arnes-con-pene-hueco-e-inflable-negro\/","url":"https:\/\/demoweb.info\/sexshop001\/producto\/arnes-con-pene-hueco-e-inflable-negro\/","name":"ARN\u00c9S CON PENE HUECO E INFLABLE - NEGRO - Tienda Er\u00f3tica","isPartOf":{"@id":"https:\/\/demoweb.info\/sexshop001\/#website"},"datePublished":"2022-01-22T16:52:45+00:00","dateModified":"2022-01-22T16:52:54+00:00","breadcrumb":{"@id":"https:\/\/demoweb.info\/sexshop001\/producto\/arnes-con-pene-hueco-e-inflable-negro\/#breadcrumb"},"inLanguage":"es","potentialAction":[{"@type":"ReadAction","target":["https:\/\/demoweb.info\/sexshop001\/producto\/arnes-con-pene-hueco-e-inflable-negro\/"]}]},{"@type":"BreadcrumbList","@id":"https:\/\/demoweb.info\/sexshop001\/producto\/arnes-con-pene-hueco-e-inflable-negro\/#breadcrumb","itemListElement":[{"@type":"ListItem","position":1,"name":"Portada","item":"https:\/\/demoweb.info\/sexshop001\/"},{"@type":"ListItem","position":2,"name":"Tienda","item":"https:\/\/demoweb.info\/sexshop001\/tienda\/"},{"@type":"ListItem","position":3,"name":"ARN\u00c9S CON PENE HUECO E INFLABLE &#8211; NEGRO"}]},{"@type":"WebSite","@id":"https:\/\/demoweb.info\/sexshop001\/#website","url":"https:\/\/demoweb.info\/sexshop001\/","name":"Tienda Er\u00f3tica","description":"DEMOWEB SL","potentialAction":[{"@type":"SearchAction","target":{"@type":"EntryPoint","urlTemplate":"https:\/\/demoweb.info\/sexshop001\/?s={search_term_string}"},"query-input":"required name=search_term_string"}],"inLanguage":"es"}]}},"_links":{"self":[{"href":"https:\/\/demoweb.info\/sexshop001\/wp-json\/wp\/v3\/product\/59653","targetHints":{"allow":["GET"]}}],"collection":[{"href":"https:\/\/demoweb.info\/sexshop001\/wp-json\/wp\/v3\/product"}],"about":[{"href":"https:\/\/demoweb.info\/sexshop001\/wp-json\/wp\/v2\/types\/product"}],"replies":[{"embeddable":true,"href":"https:\/\/demoweb.info\/sexshop001\/wp-json\/wp\/v2\/comments?post=59653"}],"wp:featuredmedia":[{"embeddable":true,"href":"https:\/\/demoweb.info\/sexshop001\/wp-json\/wp\/v2\/media\/59654"}],"wp:attachment":[{"href":"https:\/\/demoweb.info\/sexshop001\/wp-json\/wp\/v2\/media?parent=59653"}],"wp:term":[{"taxonomy":"product_cat","embeddable":true,"href":"https:\/\/demoweb.info\/sexshop001\/wp-json\/wp\/v2\/product_cat?post=59653"},{"taxonomy":"product_tag","embeddable":true,"href":"https:\/\/demoweb.info\/sexshop001\/wp-json\/wp\/v2\/product_tag?post=59653"}],"curies":[{"name":"wp","href":"https:\/\/api.w.org\/{rel}","templated":true}]}}