{"id":59618,"date":"2022-01-22T17:52:26","date_gmt":"2022-01-22T16:52:26","guid":{"rendered":"https:\/\/demoweb.info\/sexshop001\/producto\/bathmate-vibe-bala-vibradora-cromo\/"},"modified":"2022-01-22T17:52:30","modified_gmt":"2022-01-22T16:52:30","slug":"bathmate-vibe-bala-vibradora-cromo","status":"publish","type":"product","link":"https:\/\/demoweb.info\/sexshop001\/producto\/bathmate-vibe-bala-vibradora-cromo\/","title":{"rendered":"BATHMATE VIBE BALA VIBRADORA &#8211; CROMO"},"content":{"rendered":"<p><strong>BATHMATE VIBE BULLET <\/strong><\/p>\n<p>Peque\u00f1o pero potente, el Bathmate Vibe tiene clasificaci\u00f3n IPX7, lo que significa que est\u00e1 garantizado al 100% a prueba de agua y le brinda al usuario la ventaja de combinar 2 terapias naturales: hidroterapia y terapia de vibraci\u00f3n.<\/p>\n<p>La combinaci\u00f3n de estas 2 terapias naturales hacen que Bathmate Vibe sea la elecci\u00f3n natural para una persona m\u00e1s saludable y feliz.<\/p>\n<p>Caracter\u00edsticas:<\/p>\n<ul>\n<li>Dimensiones del producto: 7,5 x 2,2 cm<\/li>\n<li>10 velocidades<\/li>\n<li>Pilas incluidas<\/li>\n<li>Resistente al agua<\/li>\n<li>Tiempo de recarga: 60 min<\/li>\n<li>Duraci\u00f3n de la bater\u00eda: 60 min<\/li>\n<\/ul>\n","protected":false},"excerpt":{"rendered":"<p>BATHMATE VIBE BULLET Peque\u00f1o pero potente, el Bathmate Vibe tiene clasificaci\u00f3n IPX7, lo que significa que est\u00e1 garantizado al 100%<\/p>\n","protected":false},"featured_media":59619,"comment_status":"open","ping_status":"open","template":"","meta":[],"product_cat":[313],"product_tag":[299],"class_list":["post-59618","product","type-product","status-publish","has-post-thumbnail","hentry","product_cat-balas-y-huevos","product_tag-bathmate"],"bundled_by":[],"bundle_stock_status":"instock","bundle_stock_quantity":3,"bundle_virtual":false,"bundle_layout":"","bundle_add_to_cart_form_location":"","bundle_editable_in_cart":false,"bundle_sold_individually_context":"","bundle_item_grouping":"","bundle_min_size":"","bundle_max_size":"","bundled_items":[],"yoast_head":"<!-- This site is optimized with the Yoast SEO plugin v20.6 - https:\/\/yoast.com\/wordpress\/plugins\/seo\/ -->\n<title>BATHMATE VIBE BALA VIBRADORA - CROMO - Tienda Er\u00f3tica<\/title>\n<meta name=\"robots\" content=\"noindex, follow, max-snippet:-1, max-image-preview:large, max-video-preview:-1\" \/>\n<meta property=\"og:locale\" content=\"es_ES\" \/>\n<meta property=\"og:type\" content=\"article\" \/>\n<meta property=\"og:title\" content=\"BATHMATE VIBE BALA VIBRADORA - CROMO - Tienda Er\u00f3tica\" \/>\n<meta property=\"og:description\" content=\"BATHMATE VIBE BULLET Peque\u00f1o pero potente, el Bathmate Vibe tiene clasificaci\u00f3n IPX7, lo que significa que est\u00e1 garantizado al 100%\" \/>\n<meta property=\"og:url\" content=\"https:\/\/demoweb.info\/sexshop001\/producto\/bathmate-vibe-bala-vibradora-cromo\/\" \/>\n<meta property=\"og:site_name\" content=\"Tienda Er\u00f3tica\" \/>\n<meta property=\"article:modified_time\" content=\"2022-01-22T16:52:30+00:00\" \/>\n<meta property=\"og:image\" content=\"https:\/\/demoweb.info\/sexshop001\/wp-content\/uploads\/2022\/01\/BATHMATE-VIBE-BALA-VIBRADORA-CROMO.jpg\" \/>\n\t<meta property=\"og:image:width\" content=\"550\" \/>\n\t<meta property=\"og:image:height\" content=\"550\" \/>\n\t<meta property=\"og:image:type\" content=\"image\/jpeg\" \/>\n<meta name=\"twitter:card\" content=\"summary_large_image\" \/>\n<script type=\"application\/ld+json\" class=\"yoast-schema-graph\">{\"@context\":\"https:\/\/schema.org\",\"@graph\":[{\"@type\":\"WebPage\",\"@id\":\"https:\/\/demoweb.info\/sexshop001\/producto\/bathmate-vibe-bala-vibradora-cromo\/\",\"url\":\"https:\/\/demoweb.info\/sexshop001\/producto\/bathmate-vibe-bala-vibradora-cromo\/\",\"name\":\"BATHMATE VIBE BALA VIBRADORA - CROMO - Tienda Er\u00f3tica\",\"isPartOf\":{\"@id\":\"https:\/\/demoweb.info\/sexshop001\/#website\"},\"datePublished\":\"2022-01-22T16:52:26+00:00\",\"dateModified\":\"2022-01-22T16:52:30+00:00\",\"breadcrumb\":{\"@id\":\"https:\/\/demoweb.info\/sexshop001\/producto\/bathmate-vibe-bala-vibradora-cromo\/#breadcrumb\"},\"inLanguage\":\"es\",\"potentialAction\":[{\"@type\":\"ReadAction\",\"target\":[\"https:\/\/demoweb.info\/sexshop001\/producto\/bathmate-vibe-bala-vibradora-cromo\/\"]}]},{\"@type\":\"BreadcrumbList\",\"@id\":\"https:\/\/demoweb.info\/sexshop001\/producto\/bathmate-vibe-bala-vibradora-cromo\/#breadcrumb\",\"itemListElement\":[{\"@type\":\"ListItem\",\"position\":1,\"name\":\"Portada\",\"item\":\"https:\/\/demoweb.info\/sexshop001\/\"},{\"@type\":\"ListItem\",\"position\":2,\"name\":\"Tienda\",\"item\":\"https:\/\/demoweb.info\/sexshop001\/tienda\/\"},{\"@type\":\"ListItem\",\"position\":3,\"name\":\"BATHMATE VIBE BALA VIBRADORA &#8211; CROMO\"}]},{\"@type\":\"WebSite\",\"@id\":\"https:\/\/demoweb.info\/sexshop001\/#website\",\"url\":\"https:\/\/demoweb.info\/sexshop001\/\",\"name\":\"Tienda Er\u00f3tica\",\"description\":\"DEMOWEB SL\",\"potentialAction\":[{\"@type\":\"SearchAction\",\"target\":{\"@type\":\"EntryPoint\",\"urlTemplate\":\"https:\/\/demoweb.info\/sexshop001\/?s={search_term_string}\"},\"query-input\":\"required name=search_term_string\"}],\"inLanguage\":\"es\"}]}<\/script>\n<!-- \/ Yoast SEO plugin. -->","yoast_head_json":{"title":"BATHMATE VIBE BALA VIBRADORA - CROMO - Tienda Er\u00f3tica","robots":{"index":"noindex","follow":"follow","max-snippet":"max-snippet:-1","max-image-preview":"max-image-preview:large","max-video-preview":"max-video-preview:-1"},"og_locale":"es_ES","og_type":"article","og_title":"BATHMATE VIBE BALA VIBRADORA - CROMO - Tienda Er\u00f3tica","og_description":"BATHMATE VIBE BULLET Peque\u00f1o pero potente, el Bathmate Vibe tiene clasificaci\u00f3n IPX7, lo que significa que est\u00e1 garantizado al 100%","og_url":"https:\/\/demoweb.info\/sexshop001\/producto\/bathmate-vibe-bala-vibradora-cromo\/","og_site_name":"Tienda Er\u00f3tica","article_modified_time":"2022-01-22T16:52:30+00:00","og_image":[{"width":550,"height":550,"url":"https:\/\/demoweb.info\/sexshop001\/wp-content\/uploads\/2022\/01\/BATHMATE-VIBE-BALA-VIBRADORA-CROMO.jpg","type":"image\/jpeg"}],"twitter_card":"summary_large_image","schema":{"@context":"https:\/\/schema.org","@graph":[{"@type":"WebPage","@id":"https:\/\/demoweb.info\/sexshop001\/producto\/bathmate-vibe-bala-vibradora-cromo\/","url":"https:\/\/demoweb.info\/sexshop001\/producto\/bathmate-vibe-bala-vibradora-cromo\/","name":"BATHMATE VIBE BALA VIBRADORA - CROMO - Tienda Er\u00f3tica","isPartOf":{"@id":"https:\/\/demoweb.info\/sexshop001\/#website"},"datePublished":"2022-01-22T16:52:26+00:00","dateModified":"2022-01-22T16:52:30+00:00","breadcrumb":{"@id":"https:\/\/demoweb.info\/sexshop001\/producto\/bathmate-vibe-bala-vibradora-cromo\/#breadcrumb"},"inLanguage":"es","potentialAction":[{"@type":"ReadAction","target":["https:\/\/demoweb.info\/sexshop001\/producto\/bathmate-vibe-bala-vibradora-cromo\/"]}]},{"@type":"BreadcrumbList","@id":"https:\/\/demoweb.info\/sexshop001\/producto\/bathmate-vibe-bala-vibradora-cromo\/#breadcrumb","itemListElement":[{"@type":"ListItem","position":1,"name":"Portada","item":"https:\/\/demoweb.info\/sexshop001\/"},{"@type":"ListItem","position":2,"name":"Tienda","item":"https:\/\/demoweb.info\/sexshop001\/tienda\/"},{"@type":"ListItem","position":3,"name":"BATHMATE VIBE BALA VIBRADORA &#8211; CROMO"}]},{"@type":"WebSite","@id":"https:\/\/demoweb.info\/sexshop001\/#website","url":"https:\/\/demoweb.info\/sexshop001\/","name":"Tienda Er\u00f3tica","description":"DEMOWEB SL","potentialAction":[{"@type":"SearchAction","target":{"@type":"EntryPoint","urlTemplate":"https:\/\/demoweb.info\/sexshop001\/?s={search_term_string}"},"query-input":"required name=search_term_string"}],"inLanguage":"es"}]}},"_links":{"self":[{"href":"https:\/\/demoweb.info\/sexshop001\/wp-json\/wp\/v3\/product\/59618","targetHints":{"allow":["GET"]}}],"collection":[{"href":"https:\/\/demoweb.info\/sexshop001\/wp-json\/wp\/v3\/product"}],"about":[{"href":"https:\/\/demoweb.info\/sexshop001\/wp-json\/wp\/v2\/types\/product"}],"replies":[{"embeddable":true,"href":"https:\/\/demoweb.info\/sexshop001\/wp-json\/wp\/v2\/comments?post=59618"}],"wp:featuredmedia":[{"embeddable":true,"href":"https:\/\/demoweb.info\/sexshop001\/wp-json\/wp\/v2\/media\/59619"}],"wp:attachment":[{"href":"https:\/\/demoweb.info\/sexshop001\/wp-json\/wp\/v2\/media?parent=59618"}],"wp:term":[{"taxonomy":"product_cat","embeddable":true,"href":"https:\/\/demoweb.info\/sexshop001\/wp-json\/wp\/v2\/product_cat?post=59618"},{"taxonomy":"product_tag","embeddable":true,"href":"https:\/\/demoweb.info\/sexshop001\/wp-json\/wp\/v2\/product_tag?post=59618"}],"curies":[{"name":"wp","href":"https:\/\/api.w.org\/{rel}","templated":true}]}}