{"id":59598,"date":"2022-01-22T17:52:12","date_gmt":"2022-01-22T16:52:12","guid":{"rendered":"https:\/\/demoweb.info\/sexshop001\/producto\/ouch-anal-relaxer-100ml\/"},"modified":"2022-01-22T17:52:17","modified_gmt":"2022-01-22T16:52:17","slug":"ouch-anal-relaxer-100ml","status":"publish","type":"product","link":"https:\/\/demoweb.info\/sexshop001\/producto\/ouch-anal-relaxer-100ml\/","title":{"rendered":"OUCH! ANAL RELAXER &#8211; 100ML"},"content":{"rendered":"<p><strong>OUCH! ANAL RELAXER &#8211; 100ML<\/strong><\/p>\n<p>El sexo anal puede ser una experiencia desalentadora para algunos, \u00a1pero no con Ouch! Anal Relaxer, la experiencia ahora gusta mucho m\u00e1s.<\/p>\n<p>Simplemente aplica bastante gel para una buena lubricaci\u00f3n y experimenta una sensaci\u00f3n de hormigueo que har\u00e1 que tu ano se relaje en muy poco tiempo. Anal Relaxer es adecuado para usar con preservativos de l\u00e1tex. Gu\u00e1rdalo en un lugar seco y oscuro. Mantenlo fuera del alcance de los ni\u00f1os.<\/p>\n<p>Contiene: 100 ml<\/p>\n","protected":false},"excerpt":{"rendered":"<p>OUCH! ANAL RELAXER &#8211; 100ML El sexo anal puede ser una experiencia desalentadora para algunos, \u00a1pero no con Ouch! Anal<\/p>\n","protected":false},"featured_media":59599,"comment_status":"open","ping_status":"open","template":"","meta":[],"product_cat":[265],"product_tag":[307,302],"class_list":["post-59598","product","type-product","status-publish","has-post-thumbnail","hentry","product_cat-base-agua-lubricantes","product_tag-ouch","product_tag-shots"],"bundled_by":[],"bundle_stock_status":"instock","bundle_stock_quantity":10,"bundle_virtual":false,"bundle_layout":"","bundle_add_to_cart_form_location":"","bundle_editable_in_cart":false,"bundle_sold_individually_context":"","bundle_item_grouping":"","bundle_min_size":"","bundle_max_size":"","bundled_items":[],"yoast_head":"<!-- This site is optimized with the Yoast SEO plugin v20.6 - https:\/\/yoast.com\/wordpress\/plugins\/seo\/ -->\n<title>OUCH! ANAL RELAXER - 100ML - Tienda Er\u00f3tica<\/title>\n<meta name=\"robots\" content=\"noindex, follow, max-snippet:-1, max-image-preview:large, max-video-preview:-1\" \/>\n<meta property=\"og:locale\" content=\"es_ES\" \/>\n<meta property=\"og:type\" content=\"article\" \/>\n<meta property=\"og:title\" content=\"OUCH! ANAL RELAXER - 100ML - Tienda Er\u00f3tica\" \/>\n<meta property=\"og:description\" content=\"OUCH! ANAL RELAXER &#8211; 100ML El sexo anal puede ser una experiencia desalentadora para algunos, \u00a1pero no con Ouch! Anal\" \/>\n<meta property=\"og:url\" content=\"https:\/\/demoweb.info\/sexshop001\/producto\/ouch-anal-relaxer-100ml\/\" \/>\n<meta property=\"og:site_name\" content=\"Tienda Er\u00f3tica\" \/>\n<meta property=\"article:modified_time\" content=\"2022-01-22T16:52:17+00:00\" \/>\n<meta property=\"og:image\" content=\"https:\/\/demoweb.info\/sexshop001\/wp-content\/uploads\/2022\/01\/OUCH-ANAL-RELAXER-100ML.jpg\" \/>\n\t<meta property=\"og:image:width\" content=\"550\" \/>\n\t<meta property=\"og:image:height\" content=\"550\" \/>\n\t<meta property=\"og:image:type\" content=\"image\/jpeg\" \/>\n<meta name=\"twitter:card\" content=\"summary_large_image\" \/>\n<script type=\"application\/ld+json\" class=\"yoast-schema-graph\">{\"@context\":\"https:\/\/schema.org\",\"@graph\":[{\"@type\":\"WebPage\",\"@id\":\"https:\/\/demoweb.info\/sexshop001\/producto\/ouch-anal-relaxer-100ml\/\",\"url\":\"https:\/\/demoweb.info\/sexshop001\/producto\/ouch-anal-relaxer-100ml\/\",\"name\":\"OUCH! ANAL RELAXER - 100ML - Tienda Er\u00f3tica\",\"isPartOf\":{\"@id\":\"https:\/\/demoweb.info\/sexshop001\/#website\"},\"datePublished\":\"2022-01-22T16:52:12+00:00\",\"dateModified\":\"2022-01-22T16:52:17+00:00\",\"breadcrumb\":{\"@id\":\"https:\/\/demoweb.info\/sexshop001\/producto\/ouch-anal-relaxer-100ml\/#breadcrumb\"},\"inLanguage\":\"es\",\"potentialAction\":[{\"@type\":\"ReadAction\",\"target\":[\"https:\/\/demoweb.info\/sexshop001\/producto\/ouch-anal-relaxer-100ml\/\"]}]},{\"@type\":\"BreadcrumbList\",\"@id\":\"https:\/\/demoweb.info\/sexshop001\/producto\/ouch-anal-relaxer-100ml\/#breadcrumb\",\"itemListElement\":[{\"@type\":\"ListItem\",\"position\":1,\"name\":\"Portada\",\"item\":\"https:\/\/demoweb.info\/sexshop001\/\"},{\"@type\":\"ListItem\",\"position\":2,\"name\":\"Tienda\",\"item\":\"https:\/\/demoweb.info\/sexshop001\/tienda\/\"},{\"@type\":\"ListItem\",\"position\":3,\"name\":\"OUCH! ANAL RELAXER &#8211; 100ML\"}]},{\"@type\":\"WebSite\",\"@id\":\"https:\/\/demoweb.info\/sexshop001\/#website\",\"url\":\"https:\/\/demoweb.info\/sexshop001\/\",\"name\":\"Tienda Er\u00f3tica\",\"description\":\"DEMOWEB SL\",\"potentialAction\":[{\"@type\":\"SearchAction\",\"target\":{\"@type\":\"EntryPoint\",\"urlTemplate\":\"https:\/\/demoweb.info\/sexshop001\/?s={search_term_string}\"},\"query-input\":\"required name=search_term_string\"}],\"inLanguage\":\"es\"}]}<\/script>\n<!-- \/ Yoast SEO plugin. -->","yoast_head_json":{"title":"OUCH! ANAL RELAXER - 100ML - Tienda Er\u00f3tica","robots":{"index":"noindex","follow":"follow","max-snippet":"max-snippet:-1","max-image-preview":"max-image-preview:large","max-video-preview":"max-video-preview:-1"},"og_locale":"es_ES","og_type":"article","og_title":"OUCH! ANAL RELAXER - 100ML - Tienda Er\u00f3tica","og_description":"OUCH! ANAL RELAXER &#8211; 100ML El sexo anal puede ser una experiencia desalentadora para algunos, \u00a1pero no con Ouch! Anal","og_url":"https:\/\/demoweb.info\/sexshop001\/producto\/ouch-anal-relaxer-100ml\/","og_site_name":"Tienda Er\u00f3tica","article_modified_time":"2022-01-22T16:52:17+00:00","og_image":[{"width":550,"height":550,"url":"https:\/\/demoweb.info\/sexshop001\/wp-content\/uploads\/2022\/01\/OUCH-ANAL-RELAXER-100ML.jpg","type":"image\/jpeg"}],"twitter_card":"summary_large_image","schema":{"@context":"https:\/\/schema.org","@graph":[{"@type":"WebPage","@id":"https:\/\/demoweb.info\/sexshop001\/producto\/ouch-anal-relaxer-100ml\/","url":"https:\/\/demoweb.info\/sexshop001\/producto\/ouch-anal-relaxer-100ml\/","name":"OUCH! ANAL RELAXER - 100ML - Tienda Er\u00f3tica","isPartOf":{"@id":"https:\/\/demoweb.info\/sexshop001\/#website"},"datePublished":"2022-01-22T16:52:12+00:00","dateModified":"2022-01-22T16:52:17+00:00","breadcrumb":{"@id":"https:\/\/demoweb.info\/sexshop001\/producto\/ouch-anal-relaxer-100ml\/#breadcrumb"},"inLanguage":"es","potentialAction":[{"@type":"ReadAction","target":["https:\/\/demoweb.info\/sexshop001\/producto\/ouch-anal-relaxer-100ml\/"]}]},{"@type":"BreadcrumbList","@id":"https:\/\/demoweb.info\/sexshop001\/producto\/ouch-anal-relaxer-100ml\/#breadcrumb","itemListElement":[{"@type":"ListItem","position":1,"name":"Portada","item":"https:\/\/demoweb.info\/sexshop001\/"},{"@type":"ListItem","position":2,"name":"Tienda","item":"https:\/\/demoweb.info\/sexshop001\/tienda\/"},{"@type":"ListItem","position":3,"name":"OUCH! ANAL RELAXER &#8211; 100ML"}]},{"@type":"WebSite","@id":"https:\/\/demoweb.info\/sexshop001\/#website","url":"https:\/\/demoweb.info\/sexshop001\/","name":"Tienda Er\u00f3tica","description":"DEMOWEB SL","potentialAction":[{"@type":"SearchAction","target":{"@type":"EntryPoint","urlTemplate":"https:\/\/demoweb.info\/sexshop001\/?s={search_term_string}"},"query-input":"required name=search_term_string"}],"inLanguage":"es"}]}},"_links":{"self":[{"href":"https:\/\/demoweb.info\/sexshop001\/wp-json\/wp\/v3\/product\/59598","targetHints":{"allow":["GET"]}}],"collection":[{"href":"https:\/\/demoweb.info\/sexshop001\/wp-json\/wp\/v3\/product"}],"about":[{"href":"https:\/\/demoweb.info\/sexshop001\/wp-json\/wp\/v2\/types\/product"}],"replies":[{"embeddable":true,"href":"https:\/\/demoweb.info\/sexshop001\/wp-json\/wp\/v2\/comments?post=59598"}],"wp:featuredmedia":[{"embeddable":true,"href":"https:\/\/demoweb.info\/sexshop001\/wp-json\/wp\/v2\/media\/59599"}],"wp:attachment":[{"href":"https:\/\/demoweb.info\/sexshop001\/wp-json\/wp\/v2\/media?parent=59598"}],"wp:term":[{"taxonomy":"product_cat","embeddable":true,"href":"https:\/\/demoweb.info\/sexshop001\/wp-json\/wp\/v2\/product_cat?post=59598"},{"taxonomy":"product_tag","embeddable":true,"href":"https:\/\/demoweb.info\/sexshop001\/wp-json\/wp\/v2\/product_tag?post=59598"}],"curies":[{"name":"wp","href":"https:\/\/api.w.org\/{rel}","templated":true}]}}