{"id":59559,"date":"2022-01-22T17:51:35","date_gmt":"2022-01-22T16:51:35","guid":{"rendered":"https:\/\/demoweb.info\/sexshop001\/producto\/e-stim-dispositivo-de-castidad-negro\/"},"modified":"2022-01-22T17:51:50","modified_gmt":"2022-01-22T16:51:50","slug":"e-stim-dispositivo-de-castidad-negro","status":"publish","type":"product","link":"https:\/\/demoweb.info\/sexshop001\/producto\/e-stim-dispositivo-de-castidad-negro\/","title":{"rendered":"E-STIM DISPOSITIVO DE CASTIDAD &#8211; NEGRO"},"content":{"rendered":"<p><strong>E-STIM COCKCAGE <\/strong><\/p>\n<p>Controla o deja que te controlen a otro nivel.<\/p>\n<p>Usar la ELECTROSHOCK COCK CAGE har\u00e1 que tus sesiones BDSM sea mucho m\u00e1s intensas. Esta jaula de castidad de policarbonato de alta calidad es la manera perfecta de confinar el pene de tu pareja y controlar su sexualidad.<\/p>\n<p>Es ligera, duradera e hipoalerg\u00e9nica, por lo que es ideal para un uso a largo plazo.<\/p>\n<p>Para adaptarse a diferentes tama\u00f1os y preferencias de hermeticidad, incluye 4 anillos diferentes. Adem\u00e1s de la cerradura de metal, las cerraduras de sujeci\u00f3n aseguran que no se dispare la alarma de detectores de metal en las fiestas, festivales y hasta en aeropuertos.<\/p>\n<p>ELECTROSHOCK COCK CAGE est\u00e1 equipada con una variedad de orificios de ventilaci\u00f3n y abertura para orinar y facilitar el acceso.<\/p>\n<p>ELECTROSHOCK COCK CAGE le da a quien tenga la llave el poder sobre tu gratificaci\u00f3n sexual.<\/p>\n<ul>\n<li>Medidas: 11,5 x 4,2 cm<\/li>\n<li>Di\u00e1metros de los anillos: 4,5 cm; 5 cm; 5,5 cm y 6 cm<\/li>\n<\/ul>\n","protected":false},"excerpt":{"rendered":"<p>E-STIM COCKCAGE Controla o deja que te controlen a otro nivel. Usar la ELECTROSHOCK COCK CAGE har\u00e1 que tus sesiones<\/p>\n","protected":false},"featured_media":59560,"comment_status":"open","ping_status":"open","template":"","meta":[],"product_cat":[305],"product_tag":[303,302],"class_list":["post-59559","product","type-product","status-publish","has-post-thumbnail","hentry","product_cat-castidad","product_tag-electroshock","product_tag-shots"],"bundled_by":[],"bundle_stock_status":"instock","bundle_stock_quantity":3,"bundle_virtual":false,"bundle_layout":"","bundle_add_to_cart_form_location":"","bundle_editable_in_cart":false,"bundle_sold_individually_context":"","bundle_item_grouping":"","bundle_min_size":"","bundle_max_size":"","bundled_items":[],"yoast_head":"<!-- This site is optimized with the Yoast SEO plugin v20.6 - https:\/\/yoast.com\/wordpress\/plugins\/seo\/ -->\n<title>E-STIM DISPOSITIVO DE CASTIDAD - NEGRO - Tienda Er\u00f3tica<\/title>\n<meta name=\"robots\" content=\"noindex, follow, max-snippet:-1, max-image-preview:large, max-video-preview:-1\" \/>\n<meta property=\"og:locale\" content=\"es_ES\" \/>\n<meta property=\"og:type\" content=\"article\" \/>\n<meta property=\"og:title\" content=\"E-STIM DISPOSITIVO DE CASTIDAD - NEGRO - Tienda Er\u00f3tica\" \/>\n<meta property=\"og:description\" content=\"E-STIM COCKCAGE Controla o deja que te controlen a otro nivel. Usar la ELECTROSHOCK COCK CAGE har\u00e1 que tus sesiones\" \/>\n<meta property=\"og:url\" content=\"https:\/\/demoweb.info\/sexshop001\/producto\/e-stim-dispositivo-de-castidad-negro\/\" \/>\n<meta property=\"og:site_name\" content=\"Tienda Er\u00f3tica\" \/>\n<meta property=\"article:modified_time\" content=\"2022-01-22T16:51:50+00:00\" \/>\n<meta property=\"og:image\" content=\"https:\/\/demoweb.info\/sexshop001\/wp-content\/uploads\/2022\/01\/E-STIM-DISPOSITIVO-DE-CASTIDAD-NEGRO.jpg\" \/>\n\t<meta property=\"og:image:width\" content=\"550\" \/>\n\t<meta property=\"og:image:height\" content=\"550\" \/>\n\t<meta property=\"og:image:type\" content=\"image\/jpeg\" \/>\n<meta name=\"twitter:card\" content=\"summary_large_image\" \/>\n<meta name=\"twitter:label1\" content=\"Tiempo de lectura\" \/>\n\t<meta name=\"twitter:data1\" content=\"1 minuto\" \/>\n<script type=\"application\/ld+json\" class=\"yoast-schema-graph\">{\"@context\":\"https:\/\/schema.org\",\"@graph\":[{\"@type\":\"WebPage\",\"@id\":\"https:\/\/demoweb.info\/sexshop001\/producto\/e-stim-dispositivo-de-castidad-negro\/\",\"url\":\"https:\/\/demoweb.info\/sexshop001\/producto\/e-stim-dispositivo-de-castidad-negro\/\",\"name\":\"E-STIM DISPOSITIVO DE CASTIDAD - NEGRO - Tienda Er\u00f3tica\",\"isPartOf\":{\"@id\":\"https:\/\/demoweb.info\/sexshop001\/#website\"},\"datePublished\":\"2022-01-22T16:51:35+00:00\",\"dateModified\":\"2022-01-22T16:51:50+00:00\",\"breadcrumb\":{\"@id\":\"https:\/\/demoweb.info\/sexshop001\/producto\/e-stim-dispositivo-de-castidad-negro\/#breadcrumb\"},\"inLanguage\":\"es\",\"potentialAction\":[{\"@type\":\"ReadAction\",\"target\":[\"https:\/\/demoweb.info\/sexshop001\/producto\/e-stim-dispositivo-de-castidad-negro\/\"]}]},{\"@type\":\"BreadcrumbList\",\"@id\":\"https:\/\/demoweb.info\/sexshop001\/producto\/e-stim-dispositivo-de-castidad-negro\/#breadcrumb\",\"itemListElement\":[{\"@type\":\"ListItem\",\"position\":1,\"name\":\"Portada\",\"item\":\"https:\/\/demoweb.info\/sexshop001\/\"},{\"@type\":\"ListItem\",\"position\":2,\"name\":\"Tienda\",\"item\":\"https:\/\/demoweb.info\/sexshop001\/tienda\/\"},{\"@type\":\"ListItem\",\"position\":3,\"name\":\"E-STIM DISPOSITIVO DE CASTIDAD &#8211; NEGRO\"}]},{\"@type\":\"WebSite\",\"@id\":\"https:\/\/demoweb.info\/sexshop001\/#website\",\"url\":\"https:\/\/demoweb.info\/sexshop001\/\",\"name\":\"Tienda Er\u00f3tica\",\"description\":\"DEMOWEB SL\",\"potentialAction\":[{\"@type\":\"SearchAction\",\"target\":{\"@type\":\"EntryPoint\",\"urlTemplate\":\"https:\/\/demoweb.info\/sexshop001\/?s={search_term_string}\"},\"query-input\":\"required name=search_term_string\"}],\"inLanguage\":\"es\"}]}<\/script>\n<!-- \/ Yoast SEO plugin. -->","yoast_head_json":{"title":"E-STIM DISPOSITIVO DE CASTIDAD - NEGRO - Tienda Er\u00f3tica","robots":{"index":"noindex","follow":"follow","max-snippet":"max-snippet:-1","max-image-preview":"max-image-preview:large","max-video-preview":"max-video-preview:-1"},"og_locale":"es_ES","og_type":"article","og_title":"E-STIM DISPOSITIVO DE CASTIDAD - NEGRO - Tienda Er\u00f3tica","og_description":"E-STIM COCKCAGE Controla o deja que te controlen a otro nivel. Usar la ELECTROSHOCK COCK CAGE har\u00e1 que tus sesiones","og_url":"https:\/\/demoweb.info\/sexshop001\/producto\/e-stim-dispositivo-de-castidad-negro\/","og_site_name":"Tienda Er\u00f3tica","article_modified_time":"2022-01-22T16:51:50+00:00","og_image":[{"width":550,"height":550,"url":"https:\/\/demoweb.info\/sexshop001\/wp-content\/uploads\/2022\/01\/E-STIM-DISPOSITIVO-DE-CASTIDAD-NEGRO.jpg","type":"image\/jpeg"}],"twitter_card":"summary_large_image","twitter_misc":{"Tiempo de lectura":"1 minuto"},"schema":{"@context":"https:\/\/schema.org","@graph":[{"@type":"WebPage","@id":"https:\/\/demoweb.info\/sexshop001\/producto\/e-stim-dispositivo-de-castidad-negro\/","url":"https:\/\/demoweb.info\/sexshop001\/producto\/e-stim-dispositivo-de-castidad-negro\/","name":"E-STIM DISPOSITIVO DE CASTIDAD - NEGRO - Tienda Er\u00f3tica","isPartOf":{"@id":"https:\/\/demoweb.info\/sexshop001\/#website"},"datePublished":"2022-01-22T16:51:35+00:00","dateModified":"2022-01-22T16:51:50+00:00","breadcrumb":{"@id":"https:\/\/demoweb.info\/sexshop001\/producto\/e-stim-dispositivo-de-castidad-negro\/#breadcrumb"},"inLanguage":"es","potentialAction":[{"@type":"ReadAction","target":["https:\/\/demoweb.info\/sexshop001\/producto\/e-stim-dispositivo-de-castidad-negro\/"]}]},{"@type":"BreadcrumbList","@id":"https:\/\/demoweb.info\/sexshop001\/producto\/e-stim-dispositivo-de-castidad-negro\/#breadcrumb","itemListElement":[{"@type":"ListItem","position":1,"name":"Portada","item":"https:\/\/demoweb.info\/sexshop001\/"},{"@type":"ListItem","position":2,"name":"Tienda","item":"https:\/\/demoweb.info\/sexshop001\/tienda\/"},{"@type":"ListItem","position":3,"name":"E-STIM DISPOSITIVO DE CASTIDAD &#8211; NEGRO"}]},{"@type":"WebSite","@id":"https:\/\/demoweb.info\/sexshop001\/#website","url":"https:\/\/demoweb.info\/sexshop001\/","name":"Tienda Er\u00f3tica","description":"DEMOWEB SL","potentialAction":[{"@type":"SearchAction","target":{"@type":"EntryPoint","urlTemplate":"https:\/\/demoweb.info\/sexshop001\/?s={search_term_string}"},"query-input":"required name=search_term_string"}],"inLanguage":"es"}]}},"_links":{"self":[{"href":"https:\/\/demoweb.info\/sexshop001\/wp-json\/wp\/v3\/product\/59559","targetHints":{"allow":["GET"]}}],"collection":[{"href":"https:\/\/demoweb.info\/sexshop001\/wp-json\/wp\/v3\/product"}],"about":[{"href":"https:\/\/demoweb.info\/sexshop001\/wp-json\/wp\/v2\/types\/product"}],"replies":[{"embeddable":true,"href":"https:\/\/demoweb.info\/sexshop001\/wp-json\/wp\/v2\/comments?post=59559"}],"wp:featuredmedia":[{"embeddable":true,"href":"https:\/\/demoweb.info\/sexshop001\/wp-json\/wp\/v2\/media\/59560"}],"wp:attachment":[{"href":"https:\/\/demoweb.info\/sexshop001\/wp-json\/wp\/v2\/media?parent=59559"}],"wp:term":[{"taxonomy":"product_cat","embeddable":true,"href":"https:\/\/demoweb.info\/sexshop001\/wp-json\/wp\/v2\/product_cat?post=59559"},{"taxonomy":"product_tag","embeddable":true,"href":"https:\/\/demoweb.info\/sexshop001\/wp-json\/wp\/v2\/product_tag?post=59559"}],"curies":[{"name":"wp","href":"https:\/\/api.w.org\/{rel}","templated":true}]}}