{"id":59524,"date":"2022-01-22T17:51:13","date_gmt":"2022-01-22T16:51:13","guid":{"rendered":"https:\/\/demoweb.info\/sexshop001\/producto\/shake-it-up-30gr-polvo-para-aceite-de-masaje\/"},"modified":"2022-01-22T17:51:27","modified_gmt":"2022-01-22T16:51:27","slug":"shake-it-up-30gr-polvo-para-aceite-de-masaje","status":"publish","type":"product","link":"https:\/\/demoweb.info\/sexshop001\/producto\/shake-it-up-30gr-polvo-para-aceite-de-masaje\/","title":{"rendered":"SHAKE IT UP 30GR &#8211; POLVO PARA ACEITE DE MASAJE"},"content":{"rendered":"<p><strong>SHAKE IT UP 30GR &#8211; POWDER SHAKER <\/strong><\/p>\n<p>Shake it up es un polvo \u00fanico, que despu\u00e9s de la adici\u00f3n de agua se puede utilizar como un gel de masaje \u00edntimo. Sin complicaciones.<\/p>\n<p>Shake it up es un gel de masaje que se puede crear en 4 pasos simples y se puede verter f\u00e1cilmente. El espesor y la cantidad del gel pueden ser decididos por el usuario, cuanto m\u00e1s agua, m\u00e1s fino es el gel. <\/p>\n<p>Cada sobre contiene 5 gramos de polvo que es bueno para 250 ml de gel.<\/p>\n<p><strong>C\u00f3mo funciona:<\/strong><\/p>\n<p>Utiliza dos cucharaditas de polvo (unos 5 gr) por cada 750 ml de agua. Mezcla bien el polvo con el agua hasta que est\u00e9 disuelto totalmente. Espera unos cinco minutos hasta que se espese como lubricante \u00edntimo. Aplica la cantidad de lubricante que desees sobre la parte del cuerpo que quieras y exti\u00e9ndelo sobre la piel.<\/p>\n<p>La f\u00f3rmula con base acuosa proporciona al producto una textura ligera y f\u00e1cil de extender, que es neutra para la piel. Este lubricante proporciona un tacto suave y agradable durante su uso. Una f\u00f3rmula con base acuosa como esta con el tiempo se absorbe en gran medida por el cuerpo, si es necesario se puede aplicar m\u00e1s lubricante durante su uso para garantizar un deslizamiento continuo y placentero. <\/p>\n<p>Este lubricante se puede limpiar f\u00e1cilmente con agua.<\/p>\n<p>Contiene 6 sobres de 5 gramos.<\/p><\/p>\n","protected":false},"excerpt":{"rendered":"<p>SHAKE IT UP 30GR &#8211; POWDER SHAKER Shake it up es un polvo \u00fanico, que despu\u00e9s de la adici\u00f3n de<\/p>\n","protected":false},"featured_media":59525,"comment_status":"open","ping_status":"open","template":"","meta":[],"product_cat":[268],"product_tag":[409,1591],"class_list":["post-59524","product","type-product","status-publish","has-post-thumbnail","hentry","product_cat-base-agua-lubricantes-aceites-y-lubricantes","product_tag-cobeco-pharma","product_tag-shake-it-up"],"bundled_by":[],"bundle_stock_status":"instock","bundle_stock_quantity":5,"bundle_virtual":false,"bundle_layout":"","bundle_add_to_cart_form_location":"","bundle_editable_in_cart":false,"bundle_sold_individually_context":"","bundle_item_grouping":"","bundle_min_size":"","bundle_max_size":"","bundled_items":[],"yoast_head":"<!-- This site is optimized with the Yoast SEO plugin v20.6 - https:\/\/yoast.com\/wordpress\/plugins\/seo\/ -->\n<title>SHAKE IT UP 30GR - POLVO PARA ACEITE DE MASAJE - Tienda Er\u00f3tica<\/title>\n<meta name=\"robots\" content=\"noindex, follow, max-snippet:-1, max-image-preview:large, max-video-preview:-1\" \/>\n<meta property=\"og:locale\" content=\"es_ES\" \/>\n<meta property=\"og:type\" content=\"article\" \/>\n<meta property=\"og:title\" content=\"SHAKE IT UP 30GR - POLVO PARA ACEITE DE MASAJE - Tienda Er\u00f3tica\" \/>\n<meta property=\"og:description\" content=\"SHAKE IT UP 30GR &#8211; POWDER SHAKER Shake it up es un polvo \u00fanico, que despu\u00e9s de la adici\u00f3n de\" \/>\n<meta property=\"og:url\" content=\"https:\/\/demoweb.info\/sexshop001\/producto\/shake-it-up-30gr-polvo-para-aceite-de-masaje\/\" \/>\n<meta property=\"og:site_name\" content=\"Tienda Er\u00f3tica\" \/>\n<meta property=\"article:modified_time\" content=\"2022-01-22T16:51:27+00:00\" \/>\n<meta property=\"og:image\" content=\"https:\/\/demoweb.info\/sexshop001\/wp-content\/uploads\/2022\/01\/SHAKE-IT-UP-30GR-POLVO-PARA-ACEITE-DE-MASAJE.jpg\" \/>\n\t<meta property=\"og:image:width\" content=\"550\" \/>\n\t<meta property=\"og:image:height\" content=\"550\" \/>\n\t<meta property=\"og:image:type\" content=\"image\/jpeg\" \/>\n<meta name=\"twitter:card\" content=\"summary_large_image\" \/>\n<meta name=\"twitter:label1\" content=\"Tiempo de lectura\" \/>\n\t<meta name=\"twitter:data1\" content=\"1 minuto\" \/>\n<script type=\"application\/ld+json\" class=\"yoast-schema-graph\">{\"@context\":\"https:\/\/schema.org\",\"@graph\":[{\"@type\":\"WebPage\",\"@id\":\"https:\/\/demoweb.info\/sexshop001\/producto\/shake-it-up-30gr-polvo-para-aceite-de-masaje\/\",\"url\":\"https:\/\/demoweb.info\/sexshop001\/producto\/shake-it-up-30gr-polvo-para-aceite-de-masaje\/\",\"name\":\"SHAKE IT UP 30GR - POLVO PARA ACEITE DE MASAJE - Tienda Er\u00f3tica\",\"isPartOf\":{\"@id\":\"https:\/\/demoweb.info\/sexshop001\/#website\"},\"datePublished\":\"2022-01-22T16:51:13+00:00\",\"dateModified\":\"2022-01-22T16:51:27+00:00\",\"breadcrumb\":{\"@id\":\"https:\/\/demoweb.info\/sexshop001\/producto\/shake-it-up-30gr-polvo-para-aceite-de-masaje\/#breadcrumb\"},\"inLanguage\":\"es\",\"potentialAction\":[{\"@type\":\"ReadAction\",\"target\":[\"https:\/\/demoweb.info\/sexshop001\/producto\/shake-it-up-30gr-polvo-para-aceite-de-masaje\/\"]}]},{\"@type\":\"BreadcrumbList\",\"@id\":\"https:\/\/demoweb.info\/sexshop001\/producto\/shake-it-up-30gr-polvo-para-aceite-de-masaje\/#breadcrumb\",\"itemListElement\":[{\"@type\":\"ListItem\",\"position\":1,\"name\":\"Portada\",\"item\":\"https:\/\/demoweb.info\/sexshop001\/\"},{\"@type\":\"ListItem\",\"position\":2,\"name\":\"Tienda\",\"item\":\"https:\/\/demoweb.info\/sexshop001\/tienda\/\"},{\"@type\":\"ListItem\",\"position\":3,\"name\":\"SHAKE IT UP 30GR &#8211; POLVO PARA ACEITE DE MASAJE\"}]},{\"@type\":\"WebSite\",\"@id\":\"https:\/\/demoweb.info\/sexshop001\/#website\",\"url\":\"https:\/\/demoweb.info\/sexshop001\/\",\"name\":\"Tienda Er\u00f3tica\",\"description\":\"DEMOWEB SL\",\"potentialAction\":[{\"@type\":\"SearchAction\",\"target\":{\"@type\":\"EntryPoint\",\"urlTemplate\":\"https:\/\/demoweb.info\/sexshop001\/?s={search_term_string}\"},\"query-input\":\"required name=search_term_string\"}],\"inLanguage\":\"es\"}]}<\/script>\n<!-- \/ Yoast SEO plugin. -->","yoast_head_json":{"title":"SHAKE IT UP 30GR - POLVO PARA ACEITE DE MASAJE - Tienda Er\u00f3tica","robots":{"index":"noindex","follow":"follow","max-snippet":"max-snippet:-1","max-image-preview":"max-image-preview:large","max-video-preview":"max-video-preview:-1"},"og_locale":"es_ES","og_type":"article","og_title":"SHAKE IT UP 30GR - POLVO PARA ACEITE DE MASAJE - Tienda Er\u00f3tica","og_description":"SHAKE IT UP 30GR &#8211; POWDER SHAKER Shake it up es un polvo \u00fanico, que despu\u00e9s de la adici\u00f3n de","og_url":"https:\/\/demoweb.info\/sexshop001\/producto\/shake-it-up-30gr-polvo-para-aceite-de-masaje\/","og_site_name":"Tienda Er\u00f3tica","article_modified_time":"2022-01-22T16:51:27+00:00","og_image":[{"width":550,"height":550,"url":"https:\/\/demoweb.info\/sexshop001\/wp-content\/uploads\/2022\/01\/SHAKE-IT-UP-30GR-POLVO-PARA-ACEITE-DE-MASAJE.jpg","type":"image\/jpeg"}],"twitter_card":"summary_large_image","twitter_misc":{"Tiempo de lectura":"1 minuto"},"schema":{"@context":"https:\/\/schema.org","@graph":[{"@type":"WebPage","@id":"https:\/\/demoweb.info\/sexshop001\/producto\/shake-it-up-30gr-polvo-para-aceite-de-masaje\/","url":"https:\/\/demoweb.info\/sexshop001\/producto\/shake-it-up-30gr-polvo-para-aceite-de-masaje\/","name":"SHAKE IT UP 30GR - POLVO PARA ACEITE DE MASAJE - Tienda Er\u00f3tica","isPartOf":{"@id":"https:\/\/demoweb.info\/sexshop001\/#website"},"datePublished":"2022-01-22T16:51:13+00:00","dateModified":"2022-01-22T16:51:27+00:00","breadcrumb":{"@id":"https:\/\/demoweb.info\/sexshop001\/producto\/shake-it-up-30gr-polvo-para-aceite-de-masaje\/#breadcrumb"},"inLanguage":"es","potentialAction":[{"@type":"ReadAction","target":["https:\/\/demoweb.info\/sexshop001\/producto\/shake-it-up-30gr-polvo-para-aceite-de-masaje\/"]}]},{"@type":"BreadcrumbList","@id":"https:\/\/demoweb.info\/sexshop001\/producto\/shake-it-up-30gr-polvo-para-aceite-de-masaje\/#breadcrumb","itemListElement":[{"@type":"ListItem","position":1,"name":"Portada","item":"https:\/\/demoweb.info\/sexshop001\/"},{"@type":"ListItem","position":2,"name":"Tienda","item":"https:\/\/demoweb.info\/sexshop001\/tienda\/"},{"@type":"ListItem","position":3,"name":"SHAKE IT UP 30GR &#8211; POLVO PARA ACEITE DE MASAJE"}]},{"@type":"WebSite","@id":"https:\/\/demoweb.info\/sexshop001\/#website","url":"https:\/\/demoweb.info\/sexshop001\/","name":"Tienda Er\u00f3tica","description":"DEMOWEB SL","potentialAction":[{"@type":"SearchAction","target":{"@type":"EntryPoint","urlTemplate":"https:\/\/demoweb.info\/sexshop001\/?s={search_term_string}"},"query-input":"required name=search_term_string"}],"inLanguage":"es"}]}},"_links":{"self":[{"href":"https:\/\/demoweb.info\/sexshop001\/wp-json\/wp\/v3\/product\/59524","targetHints":{"allow":["GET"]}}],"collection":[{"href":"https:\/\/demoweb.info\/sexshop001\/wp-json\/wp\/v3\/product"}],"about":[{"href":"https:\/\/demoweb.info\/sexshop001\/wp-json\/wp\/v2\/types\/product"}],"replies":[{"embeddable":true,"href":"https:\/\/demoweb.info\/sexshop001\/wp-json\/wp\/v2\/comments?post=59524"}],"wp:featuredmedia":[{"embeddable":true,"href":"https:\/\/demoweb.info\/sexshop001\/wp-json\/wp\/v2\/media\/59525"}],"wp:attachment":[{"href":"https:\/\/demoweb.info\/sexshop001\/wp-json\/wp\/v2\/media?parent=59524"}],"wp:term":[{"taxonomy":"product_cat","embeddable":true,"href":"https:\/\/demoweb.info\/sexshop001\/wp-json\/wp\/v2\/product_cat?post=59524"},{"taxonomy":"product_tag","embeddable":true,"href":"https:\/\/demoweb.info\/sexshop001\/wp-json\/wp\/v2\/product_tag?post=59524"}],"curies":[{"name":"wp","href":"https:\/\/api.w.org\/{rel}","templated":true}]}}