{"id":59449,"date":"2022-01-22T17:50:29","date_gmt":"2022-01-22T16:50:29","guid":{"rendered":"https:\/\/demoweb.info\/sexshop001\/producto\/satisfyer-men-vibration\/"},"modified":"2022-01-22T17:50:37","modified_gmt":"2022-01-22T16:50:37","slug":"satisfyer-men-vibration","status":"publish","type":"product","link":"https:\/\/demoweb.info\/sexshop001\/producto\/satisfyer-men-vibration\/","title":{"rendered":"SATISFYER MEN VIBRATION"},"content":{"rendered":"<p><strong>SATISFYER MEN VIBRATION<\/strong><\/p>\n<p>El dise\u00f1o masculino en elegante color negro convierte el masturbador en un discreto compa\u00f1ero de juegos para hombres modernos. Sus curvas ergon\u00f3micas se adaptan perfectamente a la mano, as\u00ed puedes controlar las teclas con el pulgar mientras la protuberancia inferior se ajusta a la palma de tu mano y los dedos se agarran a los huecos laterales. Gracias a su bater\u00eda recargable, no solo se porta bien contigo, sino que adem\u00e1s le hace un favor al medio ambiente. Si tu compa\u00f1ero sexual se queda sin fuerzas, solo tienes que recargarlo con el cable magn\u00e9tico USB incluido.<\/p>\n<p>ORGASMOS IMPRESIONANTES<\/p>\n<p>Con 14 programas de vibraci\u00f3n y una longitud de penetraci\u00f3n de 7 cm, la parte superior de tu sensible miembro viril disfrutar\u00e1 de una excitante aventura. Delicado y t\u00edmido, intenso y estimulante o un poco de todo: \u00bfc\u00f3mo lo quieres hoy? \u00a1Con 3 intensidades y 8 ritmos calientes, tuya es la decisi\u00f3n! Los potentes motores se encuentran en el extremo y en la protuberancia central del juguete, y los solapados patrones de vibraci\u00f3n de los programas r\u00edtmicos proporcionan una sensaci\u00f3n que recuerda al excitante sexo oral.<\/p>\n<p>Gracias a su amplia abertura, tambi\u00e9n puedes utilizar el Satisfyer Men Vibration aunque el pene no est\u00e9 erecto. Este elegante compa\u00f1ero es perfecto tanto para encender tu deseo como para disfrutar de un agradable masaje en el glande. Las dos protuberancias en el interior van estrechando el masturbador y generan un \u00abefecto escalera\u00bb. Puedes cabalgar las calientes olas utilizando un lubricante a base de agua o, simplemente, recostarte y disfrutar con los diferentes patrones de vibraci\u00f3n. El acabado impermeable (IPX7) del Satisfyer Men Vibration le convierte tambi\u00e9n en una excelente alternativa al pato de goma para la ba\u00f1era.<\/p><\/p>\n","protected":false},"excerpt":{"rendered":"<p>SATISFYER MEN VIBRATION El dise\u00f1o masculino en elegante color negro convierte el masturbador en un discreto compa\u00f1ero de juegos para<\/p>\n","protected":false},"featured_media":59450,"comment_status":"open","ping_status":"open","template":"","meta":[],"product_cat":[522],"product_tag":[614,442],"class_list":["post-59449","product","type-product","status-publish","has-post-thumbnail","hentry","product_cat-ellos","product_tag-men","product_tag-satisfyer"],"bundled_by":[],"bundle_stock_status":"instock","bundle_stock_quantity":25,"bundle_virtual":false,"bundle_layout":"","bundle_add_to_cart_form_location":"","bundle_editable_in_cart":false,"bundle_sold_individually_context":"","bundle_item_grouping":"","bundle_min_size":"","bundle_max_size":"","bundled_items":[],"yoast_head":"<!-- This site is optimized with the Yoast SEO plugin v20.6 - https:\/\/yoast.com\/wordpress\/plugins\/seo\/ -->\n<title>SATISFYER MEN VIBRATION - Tienda Er\u00f3tica<\/title>\n<meta name=\"robots\" content=\"noindex, follow, max-snippet:-1, max-image-preview:large, max-video-preview:-1\" \/>\n<meta property=\"og:locale\" content=\"es_ES\" \/>\n<meta property=\"og:type\" content=\"article\" \/>\n<meta property=\"og:title\" content=\"SATISFYER MEN VIBRATION - Tienda Er\u00f3tica\" \/>\n<meta property=\"og:description\" content=\"SATISFYER MEN VIBRATION El dise\u00f1o masculino en elegante color negro convierte el masturbador en un discreto compa\u00f1ero de juegos para\" \/>\n<meta property=\"og:url\" content=\"https:\/\/demoweb.info\/sexshop001\/producto\/satisfyer-men-vibration\/\" \/>\n<meta property=\"og:site_name\" content=\"Tienda Er\u00f3tica\" \/>\n<meta property=\"article:modified_time\" content=\"2022-01-22T16:50:37+00:00\" \/>\n<meta property=\"og:image\" content=\"https:\/\/demoweb.info\/sexshop001\/wp-content\/uploads\/2022\/01\/SATISFYER-MEN-VIBRATION.jpg\" \/>\n\t<meta property=\"og:image:width\" content=\"550\" \/>\n\t<meta property=\"og:image:height\" content=\"550\" \/>\n\t<meta property=\"og:image:type\" content=\"image\/jpeg\" \/>\n<meta name=\"twitter:card\" content=\"summary_large_image\" \/>\n<meta name=\"twitter:label1\" content=\"Tiempo de lectura\" \/>\n\t<meta name=\"twitter:data1\" content=\"2 minutos\" \/>\n<script type=\"application\/ld+json\" class=\"yoast-schema-graph\">{\"@context\":\"https:\/\/schema.org\",\"@graph\":[{\"@type\":\"WebPage\",\"@id\":\"https:\/\/demoweb.info\/sexshop001\/producto\/satisfyer-men-vibration\/\",\"url\":\"https:\/\/demoweb.info\/sexshop001\/producto\/satisfyer-men-vibration\/\",\"name\":\"SATISFYER MEN VIBRATION - Tienda Er\u00f3tica\",\"isPartOf\":{\"@id\":\"https:\/\/demoweb.info\/sexshop001\/#website\"},\"datePublished\":\"2022-01-22T16:50:29+00:00\",\"dateModified\":\"2022-01-22T16:50:37+00:00\",\"breadcrumb\":{\"@id\":\"https:\/\/demoweb.info\/sexshop001\/producto\/satisfyer-men-vibration\/#breadcrumb\"},\"inLanguage\":\"es\",\"potentialAction\":[{\"@type\":\"ReadAction\",\"target\":[\"https:\/\/demoweb.info\/sexshop001\/producto\/satisfyer-men-vibration\/\"]}]},{\"@type\":\"BreadcrumbList\",\"@id\":\"https:\/\/demoweb.info\/sexshop001\/producto\/satisfyer-men-vibration\/#breadcrumb\",\"itemListElement\":[{\"@type\":\"ListItem\",\"position\":1,\"name\":\"Portada\",\"item\":\"https:\/\/demoweb.info\/sexshop001\/\"},{\"@type\":\"ListItem\",\"position\":2,\"name\":\"Tienda\",\"item\":\"https:\/\/demoweb.info\/sexshop001\/tienda\/\"},{\"@type\":\"ListItem\",\"position\":3,\"name\":\"SATISFYER MEN VIBRATION\"}]},{\"@type\":\"WebSite\",\"@id\":\"https:\/\/demoweb.info\/sexshop001\/#website\",\"url\":\"https:\/\/demoweb.info\/sexshop001\/\",\"name\":\"Tienda Er\u00f3tica\",\"description\":\"DEMOWEB SL\",\"potentialAction\":[{\"@type\":\"SearchAction\",\"target\":{\"@type\":\"EntryPoint\",\"urlTemplate\":\"https:\/\/demoweb.info\/sexshop001\/?s={search_term_string}\"},\"query-input\":\"required name=search_term_string\"}],\"inLanguage\":\"es\"}]}<\/script>\n<!-- \/ Yoast SEO plugin. -->","yoast_head_json":{"title":"SATISFYER MEN VIBRATION - Tienda Er\u00f3tica","robots":{"index":"noindex","follow":"follow","max-snippet":"max-snippet:-1","max-image-preview":"max-image-preview:large","max-video-preview":"max-video-preview:-1"},"og_locale":"es_ES","og_type":"article","og_title":"SATISFYER MEN VIBRATION - Tienda Er\u00f3tica","og_description":"SATISFYER MEN VIBRATION El dise\u00f1o masculino en elegante color negro convierte el masturbador en un discreto compa\u00f1ero de juegos para","og_url":"https:\/\/demoweb.info\/sexshop001\/producto\/satisfyer-men-vibration\/","og_site_name":"Tienda Er\u00f3tica","article_modified_time":"2022-01-22T16:50:37+00:00","og_image":[{"width":550,"height":550,"url":"https:\/\/demoweb.info\/sexshop001\/wp-content\/uploads\/2022\/01\/SATISFYER-MEN-VIBRATION.jpg","type":"image\/jpeg"}],"twitter_card":"summary_large_image","twitter_misc":{"Tiempo de lectura":"2 minutos"},"schema":{"@context":"https:\/\/schema.org","@graph":[{"@type":"WebPage","@id":"https:\/\/demoweb.info\/sexshop001\/producto\/satisfyer-men-vibration\/","url":"https:\/\/demoweb.info\/sexshop001\/producto\/satisfyer-men-vibration\/","name":"SATISFYER MEN VIBRATION - Tienda Er\u00f3tica","isPartOf":{"@id":"https:\/\/demoweb.info\/sexshop001\/#website"},"datePublished":"2022-01-22T16:50:29+00:00","dateModified":"2022-01-22T16:50:37+00:00","breadcrumb":{"@id":"https:\/\/demoweb.info\/sexshop001\/producto\/satisfyer-men-vibration\/#breadcrumb"},"inLanguage":"es","potentialAction":[{"@type":"ReadAction","target":["https:\/\/demoweb.info\/sexshop001\/producto\/satisfyer-men-vibration\/"]}]},{"@type":"BreadcrumbList","@id":"https:\/\/demoweb.info\/sexshop001\/producto\/satisfyer-men-vibration\/#breadcrumb","itemListElement":[{"@type":"ListItem","position":1,"name":"Portada","item":"https:\/\/demoweb.info\/sexshop001\/"},{"@type":"ListItem","position":2,"name":"Tienda","item":"https:\/\/demoweb.info\/sexshop001\/tienda\/"},{"@type":"ListItem","position":3,"name":"SATISFYER MEN VIBRATION"}]},{"@type":"WebSite","@id":"https:\/\/demoweb.info\/sexshop001\/#website","url":"https:\/\/demoweb.info\/sexshop001\/","name":"Tienda Er\u00f3tica","description":"DEMOWEB SL","potentialAction":[{"@type":"SearchAction","target":{"@type":"EntryPoint","urlTemplate":"https:\/\/demoweb.info\/sexshop001\/?s={search_term_string}"},"query-input":"required name=search_term_string"}],"inLanguage":"es"}]}},"_links":{"self":[{"href":"https:\/\/demoweb.info\/sexshop001\/wp-json\/wp\/v3\/product\/59449","targetHints":{"allow":["GET"]}}],"collection":[{"href":"https:\/\/demoweb.info\/sexshop001\/wp-json\/wp\/v3\/product"}],"about":[{"href":"https:\/\/demoweb.info\/sexshop001\/wp-json\/wp\/v2\/types\/product"}],"replies":[{"embeddable":true,"href":"https:\/\/demoweb.info\/sexshop001\/wp-json\/wp\/v2\/comments?post=59449"}],"wp:featuredmedia":[{"embeddable":true,"href":"https:\/\/demoweb.info\/sexshop001\/wp-json\/wp\/v2\/media\/59450"}],"wp:attachment":[{"href":"https:\/\/demoweb.info\/sexshop001\/wp-json\/wp\/v2\/media?parent=59449"}],"wp:term":[{"taxonomy":"product_cat","embeddable":true,"href":"https:\/\/demoweb.info\/sexshop001\/wp-json\/wp\/v2\/product_cat?post=59449"},{"taxonomy":"product_tag","embeddable":true,"href":"https:\/\/demoweb.info\/sexshop001\/wp-json\/wp\/v2\/product_tag?post=59449"}],"curies":[{"name":"wp","href":"https:\/\/api.w.org\/{rel}","templated":true}]}}