{"id":59428,"date":"2022-01-22T17:50:04","date_gmt":"2022-01-22T16:50:04","guid":{"rendered":"https:\/\/demoweb.info\/sexshop001\/producto\/satisfyer-endless-love-azul\/"},"modified":"2022-01-22T17:50:22","modified_gmt":"2022-01-22T16:50:22","slug":"satisfyer-endless-love-azul","status":"publish","type":"product","link":"https:\/\/demoweb.info\/sexshop001\/producto\/satisfyer-endless-love-azul\/","title":{"rendered":"SATISFYER ENDLESS LOVE &#8211; AZUL"},"content":{"rendered":"<p><strong>SATISFYER ENDLESS LOVE<\/strong><\/p>\n<p><strong>Nueva edici\u00f3n 2020<\/strong><\/p>\n<p>El Multifun 1 os enamorar\u00e1, tanto en solitario como en compa\u00f1\u00eda, gracias a su especial forma, que permite su incorporaci\u00f3n en cualquier tipo de juego amoroso y alberga 3 potentes motores: mientras que uno de ellos se encarga de la parte superior, los otros dos transmiten sus buenas vibraciones por los extremos inferiores de sus brazos. As\u00ed que, no importa si es encima, debajo, dentro, fuera o en el medio: \u00a1este multitalento de color azul cielo os estimula justo donde quer\u00e9is en cada momento! Los dos motores inferiores se pueden controlar independientes del motor principal, de manera que las dos partes del vibrador ofrecen 10 excitantes programas de vibraci\u00f3n. Por lo tanto, con 2 botones pod\u00e9is crear hasta 100 combinaciones diferentes.<\/p>\n<p>En cuanto a versatilidad, este placentero compa\u00f1ero de silicona es pr\u00e1cticamente insuperable: su forma redondeada se adapta con flexibilidad, pero sin perder en firmeza. La superficie de silicona acaricia la piel con un acabado mate sedoso y, adem\u00e1s, tiene una suave estructura estriada en la parte inferior del voluminoso cabezal. Si coloc\u00e1is el juguete desde arriba rodeando el pene y los test\u00edculos de manera que el cabezal inclinado muestre la parte estriada hacia delante, estimular\u00e9is tanto las joyas de la corona de \u00e9l como el bot\u00f3n del amor de ella. Por supuesto, tambi\u00e9n pod\u00e9is girarlo hacia delante o hacia abajo. Las dos puntas permiten disfrutar de excitantes juegos previos y masajear los pezones, el cl\u00edtoris o los labios. \u00a1Multifun 1 tambi\u00e9n es ideal para explorar el punto G, el perineo masculino o su glande! En total ofrece m\u00e1s de 14 opciones de uso, incluso en la ba\u00f1era, ya que Multifun 1 es impermeable (IPX7). Si vuestro nuevo compa\u00f1ero de cama se queda sin fuerzas, solo ten\u00e9is que volver a recargarlo con el cable USB adjunto y \u00a1a seguir disfrutando!<\/p>\n<p><strong>Formato mejorado. <\/strong><\/p>\n<ul>\n<li><strong>Nueva edici\u00f3n 2020<\/strong><\/li>\n<li><strong>Con tecnolog\u00eda de vibraci\u00f3n MEJORADA<\/strong><\/li>\n<li><strong><strong>Nuevo embalaje acorde con la nueva imagen de la marca<\/strong><\/strong><\/li>\n<li><strong><strong><strong><strong>GARANT\u00cdA DE HIGIENE: Tendr\u00e1s 100% asegurado que eres la primera persona en abrir tu nuevo juguete.<\/strong><\/strong><\/strong><\/strong><\/li>\n<\/ul>\n","protected":false},"excerpt":{"rendered":"<p>SATISFYER ENDLESS LOVE Nueva edici\u00f3n 2020 El Multifun 1 os enamorar\u00e1, tanto en solitario como en compa\u00f1\u00eda, gracias a su<\/p>\n","protected":false},"featured_media":59429,"comment_status":"open","ping_status":"open","template":"","meta":[],"product_cat":[374],"product_tag":[1466,442],"class_list":["post-59428","product","type-product","status-publish","has-post-thumbnail","hentry","product_cat-para-parejas","product_tag-partner","product_tag-satisfyer"],"bundled_by":[],"bundle_stock_status":"instock","bundle_stock_quantity":25,"bundle_virtual":false,"bundle_layout":"","bundle_add_to_cart_form_location":"","bundle_editable_in_cart":false,"bundle_sold_individually_context":"","bundle_item_grouping":"","bundle_min_size":"","bundle_max_size":"","bundled_items":[],"yoast_head":"<!-- This site is optimized with the Yoast SEO plugin v20.6 - https:\/\/yoast.com\/wordpress\/plugins\/seo\/ -->\n<title>SATISFYER ENDLESS LOVE - AZUL - Tienda Er\u00f3tica<\/title>\n<meta name=\"robots\" content=\"noindex, follow, max-snippet:-1, max-image-preview:large, max-video-preview:-1\" \/>\n<meta property=\"og:locale\" content=\"es_ES\" \/>\n<meta property=\"og:type\" content=\"article\" \/>\n<meta property=\"og:title\" content=\"SATISFYER ENDLESS LOVE - AZUL - Tienda Er\u00f3tica\" \/>\n<meta property=\"og:description\" content=\"SATISFYER ENDLESS LOVE Nueva edici\u00f3n 2020 El Multifun 1 os enamorar\u00e1, tanto en solitario como en compa\u00f1\u00eda, gracias a su\" \/>\n<meta property=\"og:url\" content=\"https:\/\/demoweb.info\/sexshop001\/producto\/satisfyer-endless-love-azul\/\" \/>\n<meta property=\"og:site_name\" content=\"Tienda Er\u00f3tica\" \/>\n<meta property=\"article:modified_time\" content=\"2022-01-22T16:50:22+00:00\" \/>\n<meta property=\"og:image\" content=\"https:\/\/demoweb.info\/sexshop001\/wp-content\/uploads\/2022\/01\/SATISFYER-ENDLESS-LOVE-AZUL.jpg\" \/>\n\t<meta property=\"og:image:width\" content=\"550\" \/>\n\t<meta property=\"og:image:height\" content=\"550\" \/>\n\t<meta property=\"og:image:type\" content=\"image\/jpeg\" \/>\n<meta name=\"twitter:card\" content=\"summary_large_image\" \/>\n<meta name=\"twitter:label1\" content=\"Tiempo de lectura\" \/>\n\t<meta name=\"twitter:data1\" content=\"2 minutos\" \/>\n<script type=\"application\/ld+json\" class=\"yoast-schema-graph\">{\"@context\":\"https:\/\/schema.org\",\"@graph\":[{\"@type\":\"WebPage\",\"@id\":\"https:\/\/demoweb.info\/sexshop001\/producto\/satisfyer-endless-love-azul\/\",\"url\":\"https:\/\/demoweb.info\/sexshop001\/producto\/satisfyer-endless-love-azul\/\",\"name\":\"SATISFYER ENDLESS LOVE - AZUL - Tienda Er\u00f3tica\",\"isPartOf\":{\"@id\":\"https:\/\/demoweb.info\/sexshop001\/#website\"},\"datePublished\":\"2022-01-22T16:50:04+00:00\",\"dateModified\":\"2022-01-22T16:50:22+00:00\",\"breadcrumb\":{\"@id\":\"https:\/\/demoweb.info\/sexshop001\/producto\/satisfyer-endless-love-azul\/#breadcrumb\"},\"inLanguage\":\"es\",\"potentialAction\":[{\"@type\":\"ReadAction\",\"target\":[\"https:\/\/demoweb.info\/sexshop001\/producto\/satisfyer-endless-love-azul\/\"]}]},{\"@type\":\"BreadcrumbList\",\"@id\":\"https:\/\/demoweb.info\/sexshop001\/producto\/satisfyer-endless-love-azul\/#breadcrumb\",\"itemListElement\":[{\"@type\":\"ListItem\",\"position\":1,\"name\":\"Portada\",\"item\":\"https:\/\/demoweb.info\/sexshop001\/\"},{\"@type\":\"ListItem\",\"position\":2,\"name\":\"Tienda\",\"item\":\"https:\/\/demoweb.info\/sexshop001\/tienda\/\"},{\"@type\":\"ListItem\",\"position\":3,\"name\":\"SATISFYER ENDLESS LOVE &#8211; AZUL\"}]},{\"@type\":\"WebSite\",\"@id\":\"https:\/\/demoweb.info\/sexshop001\/#website\",\"url\":\"https:\/\/demoweb.info\/sexshop001\/\",\"name\":\"Tienda Er\u00f3tica\",\"description\":\"DEMOWEB SL\",\"potentialAction\":[{\"@type\":\"SearchAction\",\"target\":{\"@type\":\"EntryPoint\",\"urlTemplate\":\"https:\/\/demoweb.info\/sexshop001\/?s={search_term_string}\"},\"query-input\":\"required name=search_term_string\"}],\"inLanguage\":\"es\"}]}<\/script>\n<!-- \/ Yoast SEO plugin. -->","yoast_head_json":{"title":"SATISFYER ENDLESS LOVE - AZUL - Tienda Er\u00f3tica","robots":{"index":"noindex","follow":"follow","max-snippet":"max-snippet:-1","max-image-preview":"max-image-preview:large","max-video-preview":"max-video-preview:-1"},"og_locale":"es_ES","og_type":"article","og_title":"SATISFYER ENDLESS LOVE - AZUL - Tienda Er\u00f3tica","og_description":"SATISFYER ENDLESS LOVE Nueva edici\u00f3n 2020 El Multifun 1 os enamorar\u00e1, tanto en solitario como en compa\u00f1\u00eda, gracias a su","og_url":"https:\/\/demoweb.info\/sexshop001\/producto\/satisfyer-endless-love-azul\/","og_site_name":"Tienda Er\u00f3tica","article_modified_time":"2022-01-22T16:50:22+00:00","og_image":[{"width":550,"height":550,"url":"https:\/\/demoweb.info\/sexshop001\/wp-content\/uploads\/2022\/01\/SATISFYER-ENDLESS-LOVE-AZUL.jpg","type":"image\/jpeg"}],"twitter_card":"summary_large_image","twitter_misc":{"Tiempo de lectura":"2 minutos"},"schema":{"@context":"https:\/\/schema.org","@graph":[{"@type":"WebPage","@id":"https:\/\/demoweb.info\/sexshop001\/producto\/satisfyer-endless-love-azul\/","url":"https:\/\/demoweb.info\/sexshop001\/producto\/satisfyer-endless-love-azul\/","name":"SATISFYER ENDLESS LOVE - AZUL - Tienda Er\u00f3tica","isPartOf":{"@id":"https:\/\/demoweb.info\/sexshop001\/#website"},"datePublished":"2022-01-22T16:50:04+00:00","dateModified":"2022-01-22T16:50:22+00:00","breadcrumb":{"@id":"https:\/\/demoweb.info\/sexshop001\/producto\/satisfyer-endless-love-azul\/#breadcrumb"},"inLanguage":"es","potentialAction":[{"@type":"ReadAction","target":["https:\/\/demoweb.info\/sexshop001\/producto\/satisfyer-endless-love-azul\/"]}]},{"@type":"BreadcrumbList","@id":"https:\/\/demoweb.info\/sexshop001\/producto\/satisfyer-endless-love-azul\/#breadcrumb","itemListElement":[{"@type":"ListItem","position":1,"name":"Portada","item":"https:\/\/demoweb.info\/sexshop001\/"},{"@type":"ListItem","position":2,"name":"Tienda","item":"https:\/\/demoweb.info\/sexshop001\/tienda\/"},{"@type":"ListItem","position":3,"name":"SATISFYER ENDLESS LOVE &#8211; AZUL"}]},{"@type":"WebSite","@id":"https:\/\/demoweb.info\/sexshop001\/#website","url":"https:\/\/demoweb.info\/sexshop001\/","name":"Tienda Er\u00f3tica","description":"DEMOWEB SL","potentialAction":[{"@type":"SearchAction","target":{"@type":"EntryPoint","urlTemplate":"https:\/\/demoweb.info\/sexshop001\/?s={search_term_string}"},"query-input":"required name=search_term_string"}],"inLanguage":"es"}]}},"_links":{"self":[{"href":"https:\/\/demoweb.info\/sexshop001\/wp-json\/wp\/v3\/product\/59428","targetHints":{"allow":["GET"]}}],"collection":[{"href":"https:\/\/demoweb.info\/sexshop001\/wp-json\/wp\/v3\/product"}],"about":[{"href":"https:\/\/demoweb.info\/sexshop001\/wp-json\/wp\/v2\/types\/product"}],"replies":[{"embeddable":true,"href":"https:\/\/demoweb.info\/sexshop001\/wp-json\/wp\/v2\/comments?post=59428"}],"wp:featuredmedia":[{"embeddable":true,"href":"https:\/\/demoweb.info\/sexshop001\/wp-json\/wp\/v2\/media\/59429"}],"wp:attachment":[{"href":"https:\/\/demoweb.info\/sexshop001\/wp-json\/wp\/v2\/media?parent=59428"}],"wp:term":[{"taxonomy":"product_cat","embeddable":true,"href":"https:\/\/demoweb.info\/sexshop001\/wp-json\/wp\/v2\/product_cat?post=59428"},{"taxonomy":"product_tag","embeddable":true,"href":"https:\/\/demoweb.info\/sexshop001\/wp-json\/wp\/v2\/product_tag?post=59428"}],"curies":[{"name":"wp","href":"https:\/\/api.w.org\/{rel}","templated":true}]}}