{"id":59421,"date":"2022-01-22T17:50:04","date_gmt":"2022-01-22T16:50:04","guid":{"rendered":"https:\/\/demoweb.info\/sexshop001\/producto\/satisfyer-endless-joy-rosa\/"},"modified":"2022-01-22T17:50:17","modified_gmt":"2022-01-22T16:50:17","slug":"satisfyer-endless-joy-rosa","status":"publish","type":"product","link":"https:\/\/demoweb.info\/sexshop001\/producto\/satisfyer-endless-joy-rosa\/","title":{"rendered":"SATISFYER ENDLESS JOY &#8211; ROSA"},"content":{"rendered":"<p><strong>SATISFYER ENDLESS JOY<\/strong><\/p>\n<p><strong>Nueva edici\u00f3n 2020<\/strong><\/p>\n<p>DIVERSI\u00d3N EXTRA PARA PAREJAS<\/p>\n<p>M\u00e1s de 14 opciones para disfrutar el doble.<\/p>\n<p>3 MOTORES PARA TODOS LOS PUNTOS CALIENTES<\/p>\n<p>El Endless Joy enamorar\u00e1 a vuestra libido con su especial forma, que puede incorporarse a cualquier tipo de juego amoroso y alberga 3 potentes motores: mientras que uno de ellos se oculta en el voluminoso cuerpo principal superior, los otros dos, en cada uno de los extremos inferiores de los ondulados brazos, proporcionan excitantes vibraciones. As\u00ed que, no importa si es encima, debajo, dentro, fuera o en el medio: este multitalento de color rosa os estimula justo donde quer\u00e9is en cada momento. Los dos motores inferiores se pueden controlar independientes del cabezal superior, por lo que las dos partes del vibrador ofrecen 10 programas de vibraci\u00f3n diferentes. Por lo tanto, con 2 botones pod\u00e9is crear hasta 100 combinaciones diferentes.<\/p>\n<p>SO MANY WAYS TO COME!<\/p>\n<p>En cuanto a versatilidad, este placentero compa\u00f1ero de silicona es pr\u00e1cticamente insuperable: su forma curva se adapta con flexibilidad, pero sin perder en firmeza. La superficie de silicona acaricia la piel con un acabado mate sedoso y, adem\u00e1s, tiene una suave estructura granulada en la parte inferior del cabezal.<\/p>\n<p>&#8211; Para personas solteras y parejas<br \/>\n&#8211; 100 combinaciones vibratorias<br \/>\n&#8211; M\u00e1s de 14 opciones de uso<br \/>\n&#8211; Impermeable (IPX7). 3 motores<br \/>\n&#8211; Recargable, incl. cable USB de carga<\/p>\n<p>\u00bfT\u00fa y tu pareja disfrut\u00e1is explorando nuevos campos amorosos? Si es as\u00ed, este vibrador multifunci\u00f3n para parejas es justo lo que busc\u00e1is, porque compartir es disfrutar y los orgasmos simult\u00e1neos son los m\u00e1s bonitos. Multifun 2 est\u00e1 lleno de ideas sexis esperando a ser puestas en pr\u00e1ctica por vosotros en vuestros momentos de placer.<\/p>\n<p>MATERIAL<\/p>\n<p>La silicona hipoalerg\u00e9nica destaca por su tacto sedoso y su excelente capacidad de deslizamiento. Para que puedas disfrutar de tu nuevo amigo durante mucho tiempo, es recomendable que utilices un lubricante a base de agua en tus juegos m\u00e1s h\u00famedos. As\u00ed proteges el material y la superficie se mantiene sedosa. Puedes lavar tu juguete muy f\u00e1cilmente con agua y un jab\u00f3n suave. Para una higiene m\u00e1s minuciosa, utiliza tambi\u00e9n un limpiador desinfectante especial para juguetes sexuales como Toycleaner.<\/p>\n<p>Incluye:<\/p>\n<p>&#8211; Vibrador multifunci\u00f3n Endless Joy<br \/>\n&#8211; Cargador magn\u00e9tico<\/p>\n<p><strong>Nueva edici\u00f3n 2020<br \/>\nTecnolog\u00eda mejorada.<br \/>\nNuevo embalaje acorde con la nueva imagen de la marca<br \/>\nGARANT\u00cdA DE HIGIENE: Tendr\u00e1s 100% asegurado que eres la primera persona en abrir tu nuevo juguete.<\/strong><\/p>\n","protected":false},"excerpt":{"rendered":"<p>SATISFYER ENDLESS JOY Nueva edici\u00f3n 2020 DIVERSI\u00d3N EXTRA PARA PAREJAS M\u00e1s de 14 opciones para disfrutar el doble. 3 MOTORES<\/p>\n","protected":false},"featured_media":59422,"comment_status":"open","ping_status":"open","template":"","meta":[],"product_cat":[374],"product_tag":[1466,442],"class_list":["post-59421","product","type-product","status-publish","has-post-thumbnail","hentry","product_cat-para-parejas","product_tag-partner","product_tag-satisfyer"],"bundled_by":[],"bundle_stock_status":"instock","bundle_stock_quantity":25,"bundle_virtual":false,"bundle_layout":"","bundle_add_to_cart_form_location":"","bundle_editable_in_cart":false,"bundle_sold_individually_context":"","bundle_item_grouping":"","bundle_min_size":"","bundle_max_size":"","bundled_items":[],"yoast_head":"<!-- This site is optimized with the Yoast SEO plugin v20.6 - https:\/\/yoast.com\/wordpress\/plugins\/seo\/ -->\n<title>SATISFYER ENDLESS JOY - ROSA - Tienda Er\u00f3tica<\/title>\n<meta name=\"robots\" content=\"noindex, follow, max-snippet:-1, max-image-preview:large, max-video-preview:-1\" \/>\n<meta property=\"og:locale\" content=\"es_ES\" \/>\n<meta property=\"og:type\" content=\"article\" \/>\n<meta property=\"og:title\" content=\"SATISFYER ENDLESS JOY - ROSA - Tienda Er\u00f3tica\" \/>\n<meta property=\"og:description\" content=\"SATISFYER ENDLESS JOY Nueva edici\u00f3n 2020 DIVERSI\u00d3N EXTRA PARA PAREJAS M\u00e1s de 14 opciones para disfrutar el doble. 3 MOTORES\" \/>\n<meta property=\"og:url\" content=\"https:\/\/demoweb.info\/sexshop001\/producto\/satisfyer-endless-joy-rosa\/\" \/>\n<meta property=\"og:site_name\" content=\"Tienda Er\u00f3tica\" \/>\n<meta property=\"article:modified_time\" content=\"2022-01-22T16:50:17+00:00\" \/>\n<meta property=\"og:image\" content=\"https:\/\/demoweb.info\/sexshop001\/wp-content\/uploads\/2022\/01\/SATISFYER-ENDLESS-JOY-ROSA.jpg\" \/>\n\t<meta property=\"og:image:width\" content=\"550\" \/>\n\t<meta property=\"og:image:height\" content=\"550\" \/>\n\t<meta property=\"og:image:type\" content=\"image\/jpeg\" \/>\n<meta name=\"twitter:card\" content=\"summary_large_image\" \/>\n<meta name=\"twitter:label1\" content=\"Tiempo de lectura\" \/>\n\t<meta name=\"twitter:data1\" content=\"2 minutos\" \/>\n<script type=\"application\/ld+json\" class=\"yoast-schema-graph\">{\"@context\":\"https:\/\/schema.org\",\"@graph\":[{\"@type\":\"WebPage\",\"@id\":\"https:\/\/demoweb.info\/sexshop001\/producto\/satisfyer-endless-joy-rosa\/\",\"url\":\"https:\/\/demoweb.info\/sexshop001\/producto\/satisfyer-endless-joy-rosa\/\",\"name\":\"SATISFYER ENDLESS JOY - ROSA - Tienda Er\u00f3tica\",\"isPartOf\":{\"@id\":\"https:\/\/demoweb.info\/sexshop001\/#website\"},\"datePublished\":\"2022-01-22T16:50:04+00:00\",\"dateModified\":\"2022-01-22T16:50:17+00:00\",\"breadcrumb\":{\"@id\":\"https:\/\/demoweb.info\/sexshop001\/producto\/satisfyer-endless-joy-rosa\/#breadcrumb\"},\"inLanguage\":\"es\",\"potentialAction\":[{\"@type\":\"ReadAction\",\"target\":[\"https:\/\/demoweb.info\/sexshop001\/producto\/satisfyer-endless-joy-rosa\/\"]}]},{\"@type\":\"BreadcrumbList\",\"@id\":\"https:\/\/demoweb.info\/sexshop001\/producto\/satisfyer-endless-joy-rosa\/#breadcrumb\",\"itemListElement\":[{\"@type\":\"ListItem\",\"position\":1,\"name\":\"Portada\",\"item\":\"https:\/\/demoweb.info\/sexshop001\/\"},{\"@type\":\"ListItem\",\"position\":2,\"name\":\"Tienda\",\"item\":\"https:\/\/demoweb.info\/sexshop001\/tienda\/\"},{\"@type\":\"ListItem\",\"position\":3,\"name\":\"SATISFYER ENDLESS JOY &#8211; ROSA\"}]},{\"@type\":\"WebSite\",\"@id\":\"https:\/\/demoweb.info\/sexshop001\/#website\",\"url\":\"https:\/\/demoweb.info\/sexshop001\/\",\"name\":\"Tienda Er\u00f3tica\",\"description\":\"DEMOWEB SL\",\"potentialAction\":[{\"@type\":\"SearchAction\",\"target\":{\"@type\":\"EntryPoint\",\"urlTemplate\":\"https:\/\/demoweb.info\/sexshop001\/?s={search_term_string}\"},\"query-input\":\"required name=search_term_string\"}],\"inLanguage\":\"es\"}]}<\/script>\n<!-- \/ Yoast SEO plugin. -->","yoast_head_json":{"title":"SATISFYER ENDLESS JOY - ROSA - Tienda Er\u00f3tica","robots":{"index":"noindex","follow":"follow","max-snippet":"max-snippet:-1","max-image-preview":"max-image-preview:large","max-video-preview":"max-video-preview:-1"},"og_locale":"es_ES","og_type":"article","og_title":"SATISFYER ENDLESS JOY - ROSA - Tienda Er\u00f3tica","og_description":"SATISFYER ENDLESS JOY Nueva edici\u00f3n 2020 DIVERSI\u00d3N EXTRA PARA PAREJAS M\u00e1s de 14 opciones para disfrutar el doble. 3 MOTORES","og_url":"https:\/\/demoweb.info\/sexshop001\/producto\/satisfyer-endless-joy-rosa\/","og_site_name":"Tienda Er\u00f3tica","article_modified_time":"2022-01-22T16:50:17+00:00","og_image":[{"width":550,"height":550,"url":"https:\/\/demoweb.info\/sexshop001\/wp-content\/uploads\/2022\/01\/SATISFYER-ENDLESS-JOY-ROSA.jpg","type":"image\/jpeg"}],"twitter_card":"summary_large_image","twitter_misc":{"Tiempo de lectura":"2 minutos"},"schema":{"@context":"https:\/\/schema.org","@graph":[{"@type":"WebPage","@id":"https:\/\/demoweb.info\/sexshop001\/producto\/satisfyer-endless-joy-rosa\/","url":"https:\/\/demoweb.info\/sexshop001\/producto\/satisfyer-endless-joy-rosa\/","name":"SATISFYER ENDLESS JOY - ROSA - Tienda Er\u00f3tica","isPartOf":{"@id":"https:\/\/demoweb.info\/sexshop001\/#website"},"datePublished":"2022-01-22T16:50:04+00:00","dateModified":"2022-01-22T16:50:17+00:00","breadcrumb":{"@id":"https:\/\/demoweb.info\/sexshop001\/producto\/satisfyer-endless-joy-rosa\/#breadcrumb"},"inLanguage":"es","potentialAction":[{"@type":"ReadAction","target":["https:\/\/demoweb.info\/sexshop001\/producto\/satisfyer-endless-joy-rosa\/"]}]},{"@type":"BreadcrumbList","@id":"https:\/\/demoweb.info\/sexshop001\/producto\/satisfyer-endless-joy-rosa\/#breadcrumb","itemListElement":[{"@type":"ListItem","position":1,"name":"Portada","item":"https:\/\/demoweb.info\/sexshop001\/"},{"@type":"ListItem","position":2,"name":"Tienda","item":"https:\/\/demoweb.info\/sexshop001\/tienda\/"},{"@type":"ListItem","position":3,"name":"SATISFYER ENDLESS JOY &#8211; ROSA"}]},{"@type":"WebSite","@id":"https:\/\/demoweb.info\/sexshop001\/#website","url":"https:\/\/demoweb.info\/sexshop001\/","name":"Tienda Er\u00f3tica","description":"DEMOWEB SL","potentialAction":[{"@type":"SearchAction","target":{"@type":"EntryPoint","urlTemplate":"https:\/\/demoweb.info\/sexshop001\/?s={search_term_string}"},"query-input":"required name=search_term_string"}],"inLanguage":"es"}]}},"_links":{"self":[{"href":"https:\/\/demoweb.info\/sexshop001\/wp-json\/wp\/v3\/product\/59421","targetHints":{"allow":["GET"]}}],"collection":[{"href":"https:\/\/demoweb.info\/sexshop001\/wp-json\/wp\/v3\/product"}],"about":[{"href":"https:\/\/demoweb.info\/sexshop001\/wp-json\/wp\/v2\/types\/product"}],"replies":[{"embeddable":true,"href":"https:\/\/demoweb.info\/sexshop001\/wp-json\/wp\/v2\/comments?post=59421"}],"wp:featuredmedia":[{"embeddable":true,"href":"https:\/\/demoweb.info\/sexshop001\/wp-json\/wp\/v2\/media\/59422"}],"wp:attachment":[{"href":"https:\/\/demoweb.info\/sexshop001\/wp-json\/wp\/v2\/media?parent=59421"}],"wp:term":[{"taxonomy":"product_cat","embeddable":true,"href":"https:\/\/demoweb.info\/sexshop001\/wp-json\/wp\/v2\/product_cat?post=59421"},{"taxonomy":"product_tag","embeddable":true,"href":"https:\/\/demoweb.info\/sexshop001\/wp-json\/wp\/v2\/product_tag?post=59421"}],"curies":[{"name":"wp","href":"https:\/\/api.w.org\/{rel}","templated":true}]}}