{"id":59393,"date":"2022-01-22T17:49:41","date_gmt":"2022-01-22T16:49:41","guid":{"rendered":"https:\/\/demoweb.info\/sexshop001\/producto\/bathmate-hydroxtreme-11-transparente\/"},"modified":"2022-01-22T17:49:58","modified_gmt":"2022-01-22T16:49:58","slug":"bathmate-hydroxtreme-11-transparente","status":"publish","type":"product","link":"https:\/\/demoweb.info\/sexshop001\/producto\/bathmate-hydroxtreme-11-transparente\/","title":{"rendered":"BATHMATE HYDROXTREME 11 &#8211; TRANSPARENTE"},"content":{"rendered":"<p><strong>BATHMATE HYDROXTREME 11<\/strong><\/p>\n<p>Bathmate Hydromax Extreme es el \u00faltimo y m\u00e1s novedoso desarrollador de pene con tecnolog\u00eda hidr\u00e1ulica. Consigue unas poderosas erecciones de forma segura y sencilla, prolongando la duraci\u00f3n y dureza al mismo tiempo que desarrollas y agrandas tu pene.<\/p>\n<p>Ventajas y caracter\u00edsticas:<br \/>\n&#8211; Posici\u00f3n de duelo giratorio para m\u00e1ximo confort.<br \/>\n&#8211; Dise\u00f1ado para utilizar con anillos de placer Hydromax.<br \/>\n&#8211; Almohadilla ultra suave que asegura un sellado s\u00f3lido.<br \/>\n&#8211; Incre\u00edble efecto en el agua y fuera del agua.<br \/>\n&#8211; V\u00e1lvula para permitir ejercitar al pene mejor.<\/p>\n<p>Miles de hombres que ya han disfrutado de Bathmate se han sorprendido gratamente de los r\u00e1pidos resultados conseguidos.<br \/>\nCon el uso de Bathmate podemos obtener la longitud y grosor extra que siempre hemos querido.<\/p>\n<p>Quiz\u00e1s usted no sab\u00eda que podr\u00eda aumentar considerablemente el tama\u00f1o de su pene, en la comodidad y privacidad de su propio cuarto de ba\u00f1o con resultados asombrosos, en tan s\u00f3lo de 15 a 20 minutos por d\u00eda durante 6 semanas. \u00a1Con Bathmate conseguir\u00e1 un pene mucho m\u00e1s grueso, largo y saludable, d\u00e1ndole ganancias permanentes, que se pueden disfrutar para siempre!<br \/>\nMuchos hombres est\u00e1n usando este dispositivo ahora mismo, sentados en su ba\u00f1era o ducha&#8230; obteniendo resultados instant\u00e1neos, efectivos, y de r\u00e1pido progreso solo con Bathmate.<\/p>\n<p><strong>\u00bfC\u00f3mo se utiliza?<\/strong><br \/>\n1) Llenar la ba\u00f1era con agua.<br \/>\n2) Una vez que est\u00e9 en la ba\u00f1era, coloque el Bathmate bajo el agua hasta que se llene completamente. A continuaci\u00f3n se introduce el pene en el interior y se apoya sobre la base de la pelvis.<br \/>\n3) Empuje repetidas veces el Bathmate hacia usted. Esto hace funcionar el mecanismo de contracci\u00f3n hidr\u00e1ulico de la base de la bomba, creando el efecto de vac\u00edo. Usted comenzar\u00e1 a sentir que la presi\u00f3n aumenta. Conforme el agua es evacuada del interior a trav\u00e9s de la v\u00e1lvula superior, el pene se expande m\u00e1s y m\u00e1s.<br \/>\n4) Una vez que no puede bombear m\u00e1s, simplemente descanse durante cinco minutos. El vac\u00edo m\u00e1s \u00f3ptimo es cuando ya no puede expulsar m\u00e1s agua del interior de Bathmate.<br \/>\n5) Vuelva a repetir la operaci\u00f3n de bombeo cada cuatro o cinco minutos, descanse y repita la maniobra. Es necesario repetir esta operaci\u00f3n, ya que en cada ciclo de compresi\u00f3n, hay un momento en el que no se puede extraer m\u00e1s agua.<br \/>\n6) Si siente que la presi\u00f3n es demasiado fuerte, libere la v\u00e1lvula superior ligeramente. Recuerde hacerlo dentro del agua para evitar que entre aire. Despu\u00e9s de 15 o 20 minutos de uso, reduzca la presi\u00f3n presionando el liberador de presi\u00f3n en la parte superior de Bathmate. Luego p\u00f3ngase de pie y compruebe los resultados inmediatos. \u00a1No se decepcionar\u00e1!.<br \/>\n7) Se recomienda usar de 15 a 20 minutos por sesi\u00f3n, tres veces por semana para obtener mejores resultados.<\/p>\n<p><strong>Medidas:<\/strong><\/p>\n<ul>\n<li>Longitud insertable: 28 cm<\/li>\n<li>Di\u00e1metro: 4,5 cm<\/li>\n<\/ul>\n","protected":false},"excerpt":{"rendered":"<p>BATHMATE HYDROXTREME 11 Bathmate Hydromax Extreme es el \u00faltimo y m\u00e1s novedoso desarrollador de pene con tecnolog\u00eda hidr\u00e1ulica. Consigue unas<\/p>\n","protected":false},"featured_media":59394,"comment_status":"open","ping_status":"open","template":"","meta":[],"product_cat":[298],"product_tag":[299],"class_list":["post-59393","product","type-product","status-publish","has-post-thumbnail","hentry","product_cat-hidrobombas","product_tag-bathmate"],"bundled_by":[],"bundle_stock_status":"instock","bundle_stock_quantity":4,"bundle_virtual":false,"bundle_layout":"","bundle_add_to_cart_form_location":"","bundle_editable_in_cart":false,"bundle_sold_individually_context":"","bundle_item_grouping":"","bundle_min_size":"","bundle_max_size":"","bundled_items":[],"yoast_head":"<!-- This site is optimized with the Yoast SEO plugin v20.6 - https:\/\/yoast.com\/wordpress\/plugins\/seo\/ -->\n<title>BATHMATE HYDROXTREME 11 - TRANSPARENTE - Tienda Er\u00f3tica<\/title>\n<meta name=\"robots\" content=\"noindex, follow, max-snippet:-1, max-image-preview:large, max-video-preview:-1\" \/>\n<meta property=\"og:locale\" content=\"es_ES\" \/>\n<meta property=\"og:type\" content=\"article\" \/>\n<meta property=\"og:title\" content=\"BATHMATE HYDROXTREME 11 - TRANSPARENTE - Tienda Er\u00f3tica\" \/>\n<meta property=\"og:description\" content=\"BATHMATE HYDROXTREME 11 Bathmate Hydromax Extreme es el \u00faltimo y m\u00e1s novedoso desarrollador de pene con tecnolog\u00eda hidr\u00e1ulica. Consigue unas\" \/>\n<meta property=\"og:url\" content=\"https:\/\/demoweb.info\/sexshop001\/producto\/bathmate-hydroxtreme-11-transparente\/\" \/>\n<meta property=\"og:site_name\" content=\"Tienda Er\u00f3tica\" \/>\n<meta property=\"article:modified_time\" content=\"2022-01-22T16:49:58+00:00\" \/>\n<meta property=\"og:image\" content=\"https:\/\/demoweb.info\/sexshop001\/wp-content\/uploads\/2022\/01\/BATHMATE-HYDROXTREME-11-TRANSPARENTE.jpg\" \/>\n\t<meta property=\"og:image:width\" content=\"550\" \/>\n\t<meta property=\"og:image:height\" content=\"550\" \/>\n\t<meta property=\"og:image:type\" content=\"image\/jpeg\" \/>\n<meta name=\"twitter:card\" content=\"summary_large_image\" \/>\n<meta name=\"twitter:label1\" content=\"Tiempo de lectura\" \/>\n\t<meta name=\"twitter:data1\" content=\"3 minutos\" \/>\n<script type=\"application\/ld+json\" class=\"yoast-schema-graph\">{\"@context\":\"https:\/\/schema.org\",\"@graph\":[{\"@type\":\"WebPage\",\"@id\":\"https:\/\/demoweb.info\/sexshop001\/producto\/bathmate-hydroxtreme-11-transparente\/\",\"url\":\"https:\/\/demoweb.info\/sexshop001\/producto\/bathmate-hydroxtreme-11-transparente\/\",\"name\":\"BATHMATE HYDROXTREME 11 - TRANSPARENTE - Tienda Er\u00f3tica\",\"isPartOf\":{\"@id\":\"https:\/\/demoweb.info\/sexshop001\/#website\"},\"datePublished\":\"2022-01-22T16:49:41+00:00\",\"dateModified\":\"2022-01-22T16:49:58+00:00\",\"breadcrumb\":{\"@id\":\"https:\/\/demoweb.info\/sexshop001\/producto\/bathmate-hydroxtreme-11-transparente\/#breadcrumb\"},\"inLanguage\":\"es\",\"potentialAction\":[{\"@type\":\"ReadAction\",\"target\":[\"https:\/\/demoweb.info\/sexshop001\/producto\/bathmate-hydroxtreme-11-transparente\/\"]}]},{\"@type\":\"BreadcrumbList\",\"@id\":\"https:\/\/demoweb.info\/sexshop001\/producto\/bathmate-hydroxtreme-11-transparente\/#breadcrumb\",\"itemListElement\":[{\"@type\":\"ListItem\",\"position\":1,\"name\":\"Portada\",\"item\":\"https:\/\/demoweb.info\/sexshop001\/\"},{\"@type\":\"ListItem\",\"position\":2,\"name\":\"Tienda\",\"item\":\"https:\/\/demoweb.info\/sexshop001\/tienda\/\"},{\"@type\":\"ListItem\",\"position\":3,\"name\":\"BATHMATE HYDROXTREME 11 &#8211; TRANSPARENTE\"}]},{\"@type\":\"WebSite\",\"@id\":\"https:\/\/demoweb.info\/sexshop001\/#website\",\"url\":\"https:\/\/demoweb.info\/sexshop001\/\",\"name\":\"Tienda Er\u00f3tica\",\"description\":\"DEMOWEB SL\",\"potentialAction\":[{\"@type\":\"SearchAction\",\"target\":{\"@type\":\"EntryPoint\",\"urlTemplate\":\"https:\/\/demoweb.info\/sexshop001\/?s={search_term_string}\"},\"query-input\":\"required name=search_term_string\"}],\"inLanguage\":\"es\"}]}<\/script>\n<!-- \/ Yoast SEO plugin. -->","yoast_head_json":{"title":"BATHMATE HYDROXTREME 11 - TRANSPARENTE - Tienda Er\u00f3tica","robots":{"index":"noindex","follow":"follow","max-snippet":"max-snippet:-1","max-image-preview":"max-image-preview:large","max-video-preview":"max-video-preview:-1"},"og_locale":"es_ES","og_type":"article","og_title":"BATHMATE HYDROXTREME 11 - TRANSPARENTE - Tienda Er\u00f3tica","og_description":"BATHMATE HYDROXTREME 11 Bathmate Hydromax Extreme es el \u00faltimo y m\u00e1s novedoso desarrollador de pene con tecnolog\u00eda hidr\u00e1ulica. Consigue unas","og_url":"https:\/\/demoweb.info\/sexshop001\/producto\/bathmate-hydroxtreme-11-transparente\/","og_site_name":"Tienda Er\u00f3tica","article_modified_time":"2022-01-22T16:49:58+00:00","og_image":[{"width":550,"height":550,"url":"https:\/\/demoweb.info\/sexshop001\/wp-content\/uploads\/2022\/01\/BATHMATE-HYDROXTREME-11-TRANSPARENTE.jpg","type":"image\/jpeg"}],"twitter_card":"summary_large_image","twitter_misc":{"Tiempo de lectura":"3 minutos"},"schema":{"@context":"https:\/\/schema.org","@graph":[{"@type":"WebPage","@id":"https:\/\/demoweb.info\/sexshop001\/producto\/bathmate-hydroxtreme-11-transparente\/","url":"https:\/\/demoweb.info\/sexshop001\/producto\/bathmate-hydroxtreme-11-transparente\/","name":"BATHMATE HYDROXTREME 11 - TRANSPARENTE - Tienda Er\u00f3tica","isPartOf":{"@id":"https:\/\/demoweb.info\/sexshop001\/#website"},"datePublished":"2022-01-22T16:49:41+00:00","dateModified":"2022-01-22T16:49:58+00:00","breadcrumb":{"@id":"https:\/\/demoweb.info\/sexshop001\/producto\/bathmate-hydroxtreme-11-transparente\/#breadcrumb"},"inLanguage":"es","potentialAction":[{"@type":"ReadAction","target":["https:\/\/demoweb.info\/sexshop001\/producto\/bathmate-hydroxtreme-11-transparente\/"]}]},{"@type":"BreadcrumbList","@id":"https:\/\/demoweb.info\/sexshop001\/producto\/bathmate-hydroxtreme-11-transparente\/#breadcrumb","itemListElement":[{"@type":"ListItem","position":1,"name":"Portada","item":"https:\/\/demoweb.info\/sexshop001\/"},{"@type":"ListItem","position":2,"name":"Tienda","item":"https:\/\/demoweb.info\/sexshop001\/tienda\/"},{"@type":"ListItem","position":3,"name":"BATHMATE HYDROXTREME 11 &#8211; TRANSPARENTE"}]},{"@type":"WebSite","@id":"https:\/\/demoweb.info\/sexshop001\/#website","url":"https:\/\/demoweb.info\/sexshop001\/","name":"Tienda Er\u00f3tica","description":"DEMOWEB SL","potentialAction":[{"@type":"SearchAction","target":{"@type":"EntryPoint","urlTemplate":"https:\/\/demoweb.info\/sexshop001\/?s={search_term_string}"},"query-input":"required name=search_term_string"}],"inLanguage":"es"}]}},"_links":{"self":[{"href":"https:\/\/demoweb.info\/sexshop001\/wp-json\/wp\/v3\/product\/59393","targetHints":{"allow":["GET"]}}],"collection":[{"href":"https:\/\/demoweb.info\/sexshop001\/wp-json\/wp\/v3\/product"}],"about":[{"href":"https:\/\/demoweb.info\/sexshop001\/wp-json\/wp\/v2\/types\/product"}],"replies":[{"embeddable":true,"href":"https:\/\/demoweb.info\/sexshop001\/wp-json\/wp\/v2\/comments?post=59393"}],"wp:featuredmedia":[{"embeddable":true,"href":"https:\/\/demoweb.info\/sexshop001\/wp-json\/wp\/v2\/media\/59394"}],"wp:attachment":[{"href":"https:\/\/demoweb.info\/sexshop001\/wp-json\/wp\/v2\/media?parent=59393"}],"wp:term":[{"taxonomy":"product_cat","embeddable":true,"href":"https:\/\/demoweb.info\/sexshop001\/wp-json\/wp\/v2\/product_cat?post=59393"},{"taxonomy":"product_tag","embeddable":true,"href":"https:\/\/demoweb.info\/sexshop001\/wp-json\/wp\/v2\/product_tag?post=59393"}],"curies":[{"name":"wp","href":"https:\/\/api.w.org\/{rel}","templated":true}]}}