{"id":59304,"date":"2022-01-22T17:48:45","date_gmt":"2022-01-22T16:48:45","guid":{"rendered":"https:\/\/demoweb.info\/sexshop001\/producto\/lavish-estimulador-dual-para-clitoris-negro\/"},"modified":"2022-01-22T17:48:52","modified_gmt":"2022-01-22T16:48:52","slug":"lavish-estimulador-dual-para-clitoris-negro","status":"publish","type":"product","link":"https:\/\/demoweb.info\/sexshop001\/producto\/lavish-estimulador-dual-para-clitoris-negro\/","title":{"rendered":"LAVISH ESTIMULADOR DUAL PARA CL\u00cdTORIS &#8211; NEGRO"},"content":{"rendered":"<p><strong>DUAL MOTOR CLITORAL STIMULATOR &#8211; LAVISH  <\/strong><\/p>\n<p>Este elegante juguete presenta dos motores s\u00faper potentes F1 de \u00faltima generaci\u00f3n. Estos motores 2 NG F1 vibran a una asombrosa velocidad de 10 500 rpm y 8500 RPM.<\/p>\n<p>Incluye 10 funciones de vibraci\u00f3n \u00fanicas. (7 patrones de vibraci\u00f3n, con 3 niveles de intensidad distintos).<\/p>\n<p> El LAVISH est\u00e1 certificado por la CE, fabricado de silicona 100 % sedosa de grado m\u00e9dico, resistente al agua (IP67) y es extremadamente silencioso a menos de 60 dB. Contiene una bater\u00eda recargable que cuando est\u00e1 completamente cargada con su cable USB magn\u00e9tico proporciona 60 minutos de tiempo de juego apasionado.<\/p>\n<p>Caracter\u00edsticas:<\/p>\n<ul>\n<li>Dimensiones del producto: 9,9 x 5,5 cm<\/li>\n<li>Peso del producto: 94 gr<\/li>\n<li>Di\u00e1metro del producto: 3,7 cm<\/li>\n<li>Rotaciones: 11000 RPM<\/li>\n<li>Tipos de velocidad: 7<\/li>\n<li>Nivel de ruido: 60 dB<\/li>\n<li>Recargable<\/li>\n<li>Tiempo de recarga: 120 min<\/li>\n<li>Vida de la recarga de las bater\u00edas: 60 min<\/li>\n<li>A prueba de agua<\/li>\n<li>Libre de ftalato<\/li>\n<li>Materiales: Silicona, ABS<\/li>\n<\/ul>\n","protected":false},"excerpt":{"rendered":"<p>DUAL MOTOR CLITORAL STIMULATOR &#8211; LAVISH Este elegante juguete presenta dos motores s\u00faper potentes F1 de \u00faltima generaci\u00f3n. Estos motores<\/p>\n","protected":false},"featured_media":59305,"comment_status":"open","ping_status":"open","template":"","meta":[],"product_cat":[370],"product_tag":[1590,302],"class_list":["post-59304","product","type-product","status-publish","has-post-thumbnail","hentry","product_cat-clitoris","product_tag-elegance","product_tag-shots"],"bundled_by":[],"bundle_stock_status":"instock","bundle_stock_quantity":2,"bundle_virtual":false,"bundle_layout":"","bundle_add_to_cart_form_location":"","bundle_editable_in_cart":false,"bundle_sold_individually_context":"","bundle_item_grouping":"","bundle_min_size":"","bundle_max_size":"","bundled_items":[],"yoast_head":"<!-- This site is optimized with the Yoast SEO plugin v20.6 - https:\/\/yoast.com\/wordpress\/plugins\/seo\/ -->\n<title>LAVISH ESTIMULADOR DUAL PARA CL\u00cdTORIS - NEGRO - Tienda Er\u00f3tica<\/title>\n<meta name=\"robots\" content=\"noindex, follow, max-snippet:-1, max-image-preview:large, max-video-preview:-1\" \/>\n<meta property=\"og:locale\" content=\"es_ES\" \/>\n<meta property=\"og:type\" content=\"article\" \/>\n<meta property=\"og:title\" content=\"LAVISH ESTIMULADOR DUAL PARA CL\u00cdTORIS - NEGRO - Tienda Er\u00f3tica\" \/>\n<meta property=\"og:description\" content=\"DUAL MOTOR CLITORAL STIMULATOR &#8211; LAVISH Este elegante juguete presenta dos motores s\u00faper potentes F1 de \u00faltima generaci\u00f3n. Estos motores\" \/>\n<meta property=\"og:url\" content=\"https:\/\/demoweb.info\/sexshop001\/producto\/lavish-estimulador-dual-para-clitoris-negro\/\" \/>\n<meta property=\"og:site_name\" content=\"Tienda Er\u00f3tica\" \/>\n<meta property=\"article:modified_time\" content=\"2022-01-22T16:48:52+00:00\" \/>\n<meta property=\"og:image\" content=\"https:\/\/demoweb.info\/sexshop001\/wp-content\/uploads\/2022\/01\/LAVISH-ESTIMULADOR-DUAL-PARA-CLITORIS-NEGRO.jpg\" \/>\n\t<meta property=\"og:image:width\" content=\"550\" \/>\n\t<meta property=\"og:image:height\" content=\"550\" \/>\n\t<meta property=\"og:image:type\" content=\"image\/jpeg\" \/>\n<meta name=\"twitter:card\" content=\"summary_large_image\" \/>\n<meta name=\"twitter:label1\" content=\"Tiempo de lectura\" \/>\n\t<meta name=\"twitter:data1\" content=\"1 minuto\" \/>\n<script type=\"application\/ld+json\" class=\"yoast-schema-graph\">{\"@context\":\"https:\/\/schema.org\",\"@graph\":[{\"@type\":\"WebPage\",\"@id\":\"https:\/\/demoweb.info\/sexshop001\/producto\/lavish-estimulador-dual-para-clitoris-negro\/\",\"url\":\"https:\/\/demoweb.info\/sexshop001\/producto\/lavish-estimulador-dual-para-clitoris-negro\/\",\"name\":\"LAVISH ESTIMULADOR DUAL PARA CL\u00cdTORIS - NEGRO - Tienda Er\u00f3tica\",\"isPartOf\":{\"@id\":\"https:\/\/demoweb.info\/sexshop001\/#website\"},\"datePublished\":\"2022-01-22T16:48:45+00:00\",\"dateModified\":\"2022-01-22T16:48:52+00:00\",\"breadcrumb\":{\"@id\":\"https:\/\/demoweb.info\/sexshop001\/producto\/lavish-estimulador-dual-para-clitoris-negro\/#breadcrumb\"},\"inLanguage\":\"es\",\"potentialAction\":[{\"@type\":\"ReadAction\",\"target\":[\"https:\/\/demoweb.info\/sexshop001\/producto\/lavish-estimulador-dual-para-clitoris-negro\/\"]}]},{\"@type\":\"BreadcrumbList\",\"@id\":\"https:\/\/demoweb.info\/sexshop001\/producto\/lavish-estimulador-dual-para-clitoris-negro\/#breadcrumb\",\"itemListElement\":[{\"@type\":\"ListItem\",\"position\":1,\"name\":\"Portada\",\"item\":\"https:\/\/demoweb.info\/sexshop001\/\"},{\"@type\":\"ListItem\",\"position\":2,\"name\":\"Tienda\",\"item\":\"https:\/\/demoweb.info\/sexshop001\/tienda\/\"},{\"@type\":\"ListItem\",\"position\":3,\"name\":\"LAVISH ESTIMULADOR DUAL PARA CL\u00cdTORIS &#8211; NEGRO\"}]},{\"@type\":\"WebSite\",\"@id\":\"https:\/\/demoweb.info\/sexshop001\/#website\",\"url\":\"https:\/\/demoweb.info\/sexshop001\/\",\"name\":\"Tienda Er\u00f3tica\",\"description\":\"DEMOWEB SL\",\"potentialAction\":[{\"@type\":\"SearchAction\",\"target\":{\"@type\":\"EntryPoint\",\"urlTemplate\":\"https:\/\/demoweb.info\/sexshop001\/?s={search_term_string}\"},\"query-input\":\"required name=search_term_string\"}],\"inLanguage\":\"es\"}]}<\/script>\n<!-- \/ Yoast SEO plugin. -->","yoast_head_json":{"title":"LAVISH ESTIMULADOR DUAL PARA CL\u00cdTORIS - NEGRO - Tienda Er\u00f3tica","robots":{"index":"noindex","follow":"follow","max-snippet":"max-snippet:-1","max-image-preview":"max-image-preview:large","max-video-preview":"max-video-preview:-1"},"og_locale":"es_ES","og_type":"article","og_title":"LAVISH ESTIMULADOR DUAL PARA CL\u00cdTORIS - NEGRO - Tienda Er\u00f3tica","og_description":"DUAL MOTOR CLITORAL STIMULATOR &#8211; LAVISH Este elegante juguete presenta dos motores s\u00faper potentes F1 de \u00faltima generaci\u00f3n. Estos motores","og_url":"https:\/\/demoweb.info\/sexshop001\/producto\/lavish-estimulador-dual-para-clitoris-negro\/","og_site_name":"Tienda Er\u00f3tica","article_modified_time":"2022-01-22T16:48:52+00:00","og_image":[{"width":550,"height":550,"url":"https:\/\/demoweb.info\/sexshop001\/wp-content\/uploads\/2022\/01\/LAVISH-ESTIMULADOR-DUAL-PARA-CLITORIS-NEGRO.jpg","type":"image\/jpeg"}],"twitter_card":"summary_large_image","twitter_misc":{"Tiempo de lectura":"1 minuto"},"schema":{"@context":"https:\/\/schema.org","@graph":[{"@type":"WebPage","@id":"https:\/\/demoweb.info\/sexshop001\/producto\/lavish-estimulador-dual-para-clitoris-negro\/","url":"https:\/\/demoweb.info\/sexshop001\/producto\/lavish-estimulador-dual-para-clitoris-negro\/","name":"LAVISH ESTIMULADOR DUAL PARA CL\u00cdTORIS - NEGRO - Tienda Er\u00f3tica","isPartOf":{"@id":"https:\/\/demoweb.info\/sexshop001\/#website"},"datePublished":"2022-01-22T16:48:45+00:00","dateModified":"2022-01-22T16:48:52+00:00","breadcrumb":{"@id":"https:\/\/demoweb.info\/sexshop001\/producto\/lavish-estimulador-dual-para-clitoris-negro\/#breadcrumb"},"inLanguage":"es","potentialAction":[{"@type":"ReadAction","target":["https:\/\/demoweb.info\/sexshop001\/producto\/lavish-estimulador-dual-para-clitoris-negro\/"]}]},{"@type":"BreadcrumbList","@id":"https:\/\/demoweb.info\/sexshop001\/producto\/lavish-estimulador-dual-para-clitoris-negro\/#breadcrumb","itemListElement":[{"@type":"ListItem","position":1,"name":"Portada","item":"https:\/\/demoweb.info\/sexshop001\/"},{"@type":"ListItem","position":2,"name":"Tienda","item":"https:\/\/demoweb.info\/sexshop001\/tienda\/"},{"@type":"ListItem","position":3,"name":"LAVISH ESTIMULADOR DUAL PARA CL\u00cdTORIS &#8211; NEGRO"}]},{"@type":"WebSite","@id":"https:\/\/demoweb.info\/sexshop001\/#website","url":"https:\/\/demoweb.info\/sexshop001\/","name":"Tienda Er\u00f3tica","description":"DEMOWEB SL","potentialAction":[{"@type":"SearchAction","target":{"@type":"EntryPoint","urlTemplate":"https:\/\/demoweb.info\/sexshop001\/?s={search_term_string}"},"query-input":"required name=search_term_string"}],"inLanguage":"es"}]}},"_links":{"self":[{"href":"https:\/\/demoweb.info\/sexshop001\/wp-json\/wp\/v3\/product\/59304","targetHints":{"allow":["GET"]}}],"collection":[{"href":"https:\/\/demoweb.info\/sexshop001\/wp-json\/wp\/v3\/product"}],"about":[{"href":"https:\/\/demoweb.info\/sexshop001\/wp-json\/wp\/v2\/types\/product"}],"replies":[{"embeddable":true,"href":"https:\/\/demoweb.info\/sexshop001\/wp-json\/wp\/v2\/comments?post=59304"}],"wp:featuredmedia":[{"embeddable":true,"href":"https:\/\/demoweb.info\/sexshop001\/wp-json\/wp\/v2\/media\/59305"}],"wp:attachment":[{"href":"https:\/\/demoweb.info\/sexshop001\/wp-json\/wp\/v2\/media?parent=59304"}],"wp:term":[{"taxonomy":"product_cat","embeddable":true,"href":"https:\/\/demoweb.info\/sexshop001\/wp-json\/wp\/v2\/product_cat?post=59304"},{"taxonomy":"product_tag","embeddable":true,"href":"https:\/\/demoweb.info\/sexshop001\/wp-json\/wp\/v2\/product_tag?post=59304"}],"curies":[{"name":"wp","href":"https:\/\/api.w.org\/{rel}","templated":true}]}}