{"id":59254,"date":"2022-01-22T17:48:13","date_gmt":"2022-01-22T16:48:13","guid":{"rendered":"https:\/\/demoweb.info\/sexshop001\/producto\/vibrador-heating-rabbit-opulent-negro\/"},"modified":"2022-01-22T17:48:13","modified_gmt":"2022-01-22T16:48:13","slug":"vibrador-heating-rabbit-opulent-negro","status":"publish","type":"product","link":"https:\/\/demoweb.info\/sexshop001\/producto\/vibrador-heating-rabbit-opulent-negro\/","title":{"rendered":"VIBRADOR HEATING RABBIT OPULENT &#8211; NEGRO"},"content":{"rendered":"<p><strong>HEATING RABBIT VIBRATOR &#8211; OPULENT <\/strong><\/p>\n<p>El elegante vibrador para el punto G cuenta con dos motores F1 turboalimentados que tienen un gran impacto. Uno ubicado en la punta y el otro como una extensi\u00f3n para dar a los dedos una estimulaci\u00f3n del cl\u00edtoris que te har\u00e1 retorcerte.  Estos motores F1 de nueva generaci\u00f3n vibran a una asombrosa velocidad de 7200 RPM y 14 000 RPM.<\/p>\n<p>OPULENT cuenta con 7 Patrones de Pasi\u00f3n Pulsante con 3 niveles de intensidad distintos. Este juguete sexy viene con una revolucionaria funci\u00f3n de calor, dejando que el juguete se caliente hasta 42 grados cent\u00edgrados para una sensaci\u00f3n realista que te dejar\u00e1 con un c\u00e1lido y feliz brillo corporal y una sonrisa de placer.<\/p>\n<p>El OPULENT est\u00e1 certificado por la CE, fabricado de silicona 100 % sedosa de grado m\u00e9dico, resistente al agua (IP67) y es extremadamente silencioso a menos de 60 dB. Contiene una bater\u00eda recargable que cuando est\u00e1 completamente cargada con su cable USB magn\u00e9tico proporciona 120 minutos de tiempo de juego apasionado (60 minutos con la funci\u00f3n de calentamiento encendida). \u00a1Solo haz clic y rec\u00e1rgalo!<\/p>\n<p>Caracter\u00edsticas:<\/p>\n<ul>\n<li>Dimensiones del producto: 20,3 x 5,3 cm<\/li>\n<li>Peso del producto: 194 gr<\/li>\n<li>Di\u00e1metro del producto: 3.5 cm<\/li>\n<li>Rotaciones: 7200 RPM<\/li>\n<li>Tipos de velocidad: 7<\/li>\n<li>Nivel de ruido: 60 dB<\/li>\n<li>Recargable<\/li>\n<li>Tiempo de recarga: 240 min<\/li>\n<li>Vida de la recarga de las bater\u00edas: 120 min<\/li>\n<li>A prueba de agua<\/li>\n<li>Libre de ftalato<\/li>\n<li>Materiales: Silicona, ABS<\/li>\n<\/ul>\n","protected":false},"excerpt":{"rendered":"<p>HEATING RABBIT VIBRATOR &#8211; OPULENT El elegante vibrador para el punto G cuenta con dos motores F1 turboalimentados que tienen<\/p>\n","protected":false},"featured_media":59255,"comment_status":"open","ping_status":"open","template":"","meta":[],"product_cat":[487],"product_tag":[1590,302],"class_list":["post-59254","product","type-product","status-publish","has-post-thumbnail","hentry","product_cat-con-calor","product_tag-elegance","product_tag-shots"],"bundled_by":[],"bundle_stock_status":"instock","bundle_stock_quantity":2,"bundle_virtual":false,"bundle_layout":"","bundle_add_to_cart_form_location":"","bundle_editable_in_cart":false,"bundle_sold_individually_context":"","bundle_item_grouping":"","bundle_min_size":"","bundle_max_size":"","bundled_items":[],"yoast_head":"<!-- This site is optimized with the Yoast SEO plugin v20.6 - https:\/\/yoast.com\/wordpress\/plugins\/seo\/ -->\n<title>VIBRADOR HEATING RABBIT OPULENT - NEGRO - Tienda Er\u00f3tica<\/title>\n<meta name=\"robots\" content=\"noindex, follow, max-snippet:-1, max-image-preview:large, max-video-preview:-1\" \/>\n<meta property=\"og:locale\" content=\"es_ES\" \/>\n<meta property=\"og:type\" content=\"article\" \/>\n<meta property=\"og:title\" content=\"VIBRADOR HEATING RABBIT OPULENT - NEGRO - Tienda Er\u00f3tica\" \/>\n<meta property=\"og:description\" content=\"HEATING RABBIT VIBRATOR &#8211; OPULENT El elegante vibrador para el punto G cuenta con dos motores F1 turboalimentados que tienen\" \/>\n<meta property=\"og:url\" content=\"https:\/\/demoweb.info\/sexshop001\/producto\/vibrador-heating-rabbit-opulent-negro\/\" \/>\n<meta property=\"og:site_name\" content=\"Tienda Er\u00f3tica\" \/>\n<meta property=\"og:image\" content=\"https:\/\/demoweb.info\/sexshop001\/wp-content\/uploads\/2022\/01\/VIBRADOR-HEATING-RABBIT-OPULENT-NEGRO.jpg\" \/>\n\t<meta property=\"og:image:width\" content=\"550\" \/>\n\t<meta property=\"og:image:height\" content=\"550\" \/>\n\t<meta property=\"og:image:type\" content=\"image\/jpeg\" \/>\n<meta name=\"twitter:card\" content=\"summary_large_image\" \/>\n<meta name=\"twitter:label1\" content=\"Tiempo de lectura\" \/>\n\t<meta name=\"twitter:data1\" content=\"1 minuto\" \/>\n<script type=\"application\/ld+json\" class=\"yoast-schema-graph\">{\"@context\":\"https:\/\/schema.org\",\"@graph\":[{\"@type\":\"WebPage\",\"@id\":\"https:\/\/demoweb.info\/sexshop001\/producto\/vibrador-heating-rabbit-opulent-negro\/\",\"url\":\"https:\/\/demoweb.info\/sexshop001\/producto\/vibrador-heating-rabbit-opulent-negro\/\",\"name\":\"VIBRADOR HEATING RABBIT OPULENT - NEGRO - Tienda Er\u00f3tica\",\"isPartOf\":{\"@id\":\"https:\/\/demoweb.info\/sexshop001\/#website\"},\"datePublished\":\"2022-01-22T16:48:13+00:00\",\"dateModified\":\"2022-01-22T16:48:13+00:00\",\"breadcrumb\":{\"@id\":\"https:\/\/demoweb.info\/sexshop001\/producto\/vibrador-heating-rabbit-opulent-negro\/#breadcrumb\"},\"inLanguage\":\"es\",\"potentialAction\":[{\"@type\":\"ReadAction\",\"target\":[\"https:\/\/demoweb.info\/sexshop001\/producto\/vibrador-heating-rabbit-opulent-negro\/\"]}]},{\"@type\":\"BreadcrumbList\",\"@id\":\"https:\/\/demoweb.info\/sexshop001\/producto\/vibrador-heating-rabbit-opulent-negro\/#breadcrumb\",\"itemListElement\":[{\"@type\":\"ListItem\",\"position\":1,\"name\":\"Portada\",\"item\":\"https:\/\/demoweb.info\/sexshop001\/\"},{\"@type\":\"ListItem\",\"position\":2,\"name\":\"Tienda\",\"item\":\"https:\/\/demoweb.info\/sexshop001\/tienda\/\"},{\"@type\":\"ListItem\",\"position\":3,\"name\":\"VIBRADOR HEATING RABBIT OPULENT &#8211; NEGRO\"}]},{\"@type\":\"WebSite\",\"@id\":\"https:\/\/demoweb.info\/sexshop001\/#website\",\"url\":\"https:\/\/demoweb.info\/sexshop001\/\",\"name\":\"Tienda Er\u00f3tica\",\"description\":\"DEMOWEB SL\",\"potentialAction\":[{\"@type\":\"SearchAction\",\"target\":{\"@type\":\"EntryPoint\",\"urlTemplate\":\"https:\/\/demoweb.info\/sexshop001\/?s={search_term_string}\"},\"query-input\":\"required name=search_term_string\"}],\"inLanguage\":\"es\"}]}<\/script>\n<!-- \/ Yoast SEO plugin. -->","yoast_head_json":{"title":"VIBRADOR HEATING RABBIT OPULENT - NEGRO - Tienda Er\u00f3tica","robots":{"index":"noindex","follow":"follow","max-snippet":"max-snippet:-1","max-image-preview":"max-image-preview:large","max-video-preview":"max-video-preview:-1"},"og_locale":"es_ES","og_type":"article","og_title":"VIBRADOR HEATING RABBIT OPULENT - NEGRO - Tienda Er\u00f3tica","og_description":"HEATING RABBIT VIBRATOR &#8211; OPULENT El elegante vibrador para el punto G cuenta con dos motores F1 turboalimentados que tienen","og_url":"https:\/\/demoweb.info\/sexshop001\/producto\/vibrador-heating-rabbit-opulent-negro\/","og_site_name":"Tienda Er\u00f3tica","og_image":[{"width":550,"height":550,"url":"https:\/\/demoweb.info\/sexshop001\/wp-content\/uploads\/2022\/01\/VIBRADOR-HEATING-RABBIT-OPULENT-NEGRO.jpg","type":"image\/jpeg"}],"twitter_card":"summary_large_image","twitter_misc":{"Tiempo de lectura":"1 minuto"},"schema":{"@context":"https:\/\/schema.org","@graph":[{"@type":"WebPage","@id":"https:\/\/demoweb.info\/sexshop001\/producto\/vibrador-heating-rabbit-opulent-negro\/","url":"https:\/\/demoweb.info\/sexshop001\/producto\/vibrador-heating-rabbit-opulent-negro\/","name":"VIBRADOR HEATING RABBIT OPULENT - NEGRO - Tienda Er\u00f3tica","isPartOf":{"@id":"https:\/\/demoweb.info\/sexshop001\/#website"},"datePublished":"2022-01-22T16:48:13+00:00","dateModified":"2022-01-22T16:48:13+00:00","breadcrumb":{"@id":"https:\/\/demoweb.info\/sexshop001\/producto\/vibrador-heating-rabbit-opulent-negro\/#breadcrumb"},"inLanguage":"es","potentialAction":[{"@type":"ReadAction","target":["https:\/\/demoweb.info\/sexshop001\/producto\/vibrador-heating-rabbit-opulent-negro\/"]}]},{"@type":"BreadcrumbList","@id":"https:\/\/demoweb.info\/sexshop001\/producto\/vibrador-heating-rabbit-opulent-negro\/#breadcrumb","itemListElement":[{"@type":"ListItem","position":1,"name":"Portada","item":"https:\/\/demoweb.info\/sexshop001\/"},{"@type":"ListItem","position":2,"name":"Tienda","item":"https:\/\/demoweb.info\/sexshop001\/tienda\/"},{"@type":"ListItem","position":3,"name":"VIBRADOR HEATING RABBIT OPULENT &#8211; NEGRO"}]},{"@type":"WebSite","@id":"https:\/\/demoweb.info\/sexshop001\/#website","url":"https:\/\/demoweb.info\/sexshop001\/","name":"Tienda Er\u00f3tica","description":"DEMOWEB SL","potentialAction":[{"@type":"SearchAction","target":{"@type":"EntryPoint","urlTemplate":"https:\/\/demoweb.info\/sexshop001\/?s={search_term_string}"},"query-input":"required name=search_term_string"}],"inLanguage":"es"}]}},"_links":{"self":[{"href":"https:\/\/demoweb.info\/sexshop001\/wp-json\/wp\/v3\/product\/59254","targetHints":{"allow":["GET"]}}],"collection":[{"href":"https:\/\/demoweb.info\/sexshop001\/wp-json\/wp\/v3\/product"}],"about":[{"href":"https:\/\/demoweb.info\/sexshop001\/wp-json\/wp\/v2\/types\/product"}],"replies":[{"embeddable":true,"href":"https:\/\/demoweb.info\/sexshop001\/wp-json\/wp\/v2\/comments?post=59254"}],"wp:featuredmedia":[{"embeddable":true,"href":"https:\/\/demoweb.info\/sexshop001\/wp-json\/wp\/v2\/media\/59255"}],"wp:attachment":[{"href":"https:\/\/demoweb.info\/sexshop001\/wp-json\/wp\/v2\/media?parent=59254"}],"wp:term":[{"taxonomy":"product_cat","embeddable":true,"href":"https:\/\/demoweb.info\/sexshop001\/wp-json\/wp\/v2\/product_cat?post=59254"},{"taxonomy":"product_tag","embeddable":true,"href":"https:\/\/demoweb.info\/sexshop001\/wp-json\/wp\/v2\/product_tag?post=59254"}],"curies":[{"name":"wp","href":"https:\/\/api.w.org\/{rel}","templated":true}]}}