{"id":59239,"date":"2022-01-22T17:47:45","date_gmt":"2022-01-22T16:47:45","guid":{"rendered":"https:\/\/demoweb.info\/sexshop001\/producto\/vibrador-heating-posh-negro\/"},"modified":"2022-01-22T17:48:02","modified_gmt":"2022-01-22T16:48:02","slug":"vibrador-heating-posh-negro","status":"publish","type":"product","link":"https:\/\/demoweb.info\/sexshop001\/producto\/vibrador-heating-posh-negro\/","title":{"rendered":"VIBRADOR HEATING POSH &#8211; NEGRO"},"content":{"rendered":"<p><strong>HEATING VIBRATOR &#8211; POSH <\/strong><\/p>\n<p>Este elegante vibrador incluye un motor de nueva generaci\u00f3n F1 s\u00faperpotente que vibra a unas impresionantes 7200 RPM.<\/p>\n<p>Incluye 10 funciones de vibraci\u00f3n \u00fanicas (7 patrones de vibraci\u00f3n, con 3 niveles de intensidad distintos) que te proporcionar\u00e1n un orgasmo de esos que parece que est\u00e9 temblando la tierra, como toda mujer se merece.<\/p>\n<p>Este juguete sexy viene con una revolucionaria funci\u00f3n de calor, dejando que el juguete se caliente hasta 42 grados cent\u00edgrados para una sensaci\u00f3n realista e intensa que te dejar\u00e1 con un c\u00e1lido y feliz brillo corporal.<\/p>\n<p>El POSH est\u00e1 certificado por la CE, fabricado de silicona 100% sedosa de grado m\u00e9dico, resistente al agua (IP67) y es extremadamente silencioso a menos de 60 dB.<\/p>\n<p>Contiene una bater\u00eda recargable que cuando est\u00e1 completamente cargada con su cable USB magn\u00e9tico proporciona 120 minutos de tiempo de juego apasionado (60 minutos con la funci\u00f3n de calentamiento encendida). \u00a1Solo haz clic y rec\u00e1rgalo!<\/p>\n<p>Caracter\u00edsticas:<\/p>\n<ul>\n<li>Dimensiones del producto: 20 x 4.4 cm<\/li>\n<li>Peso del producto: 172 gr<\/li>\n<li>Di\u00e1metro del producto: 3.5 cm<\/li>\n<li>Rotaciones: 7200 RPM<\/li>\n<li>Tipos de velocidad: 7<\/li>\n<li>Nivel de ruido: 60 dB<\/li>\n<li>Recargable    <\/li>\n<li>Tiempo de recarga: 240 min<\/li>\n<li>Vida de la recarga de las bater\u00edas: 120 min<\/li>\n<li>A prueba de agua    <\/li>\n<li>Libre de ftalato    <\/li>\n<li>Materiales: Silicona, ABS<\/li>\n<\/ul>\n","protected":false},"excerpt":{"rendered":"<p>HEATING VIBRATOR &#8211; POSH Este elegante vibrador incluye un motor de nueva generaci\u00f3n F1 s\u00faperpotente que vibra a unas impresionantes<\/p>\n","protected":false},"featured_media":59240,"comment_status":"open","ping_status":"open","template":"","meta":[],"product_cat":[487],"product_tag":[1590,302],"class_list":["post-59239","product","type-product","status-publish","has-post-thumbnail","hentry","product_cat-con-calor","product_tag-elegance","product_tag-shots"],"bundled_by":[],"bundle_stock_status":"instock","bundle_stock_quantity":1,"bundle_virtual":false,"bundle_layout":"","bundle_add_to_cart_form_location":"","bundle_editable_in_cart":false,"bundle_sold_individually_context":"","bundle_item_grouping":"","bundle_min_size":"","bundle_max_size":"","bundled_items":[],"yoast_head":"<!-- This site is optimized with the Yoast SEO plugin v20.6 - https:\/\/yoast.com\/wordpress\/plugins\/seo\/ -->\n<title>VIBRADOR HEATING POSH - NEGRO - Tienda Er\u00f3tica<\/title>\n<meta name=\"robots\" content=\"noindex, follow, max-snippet:-1, max-image-preview:large, max-video-preview:-1\" \/>\n<meta property=\"og:locale\" content=\"es_ES\" \/>\n<meta property=\"og:type\" content=\"article\" \/>\n<meta property=\"og:title\" content=\"VIBRADOR HEATING POSH - NEGRO - Tienda Er\u00f3tica\" \/>\n<meta property=\"og:description\" content=\"HEATING VIBRATOR &#8211; POSH Este elegante vibrador incluye un motor de nueva generaci\u00f3n F1 s\u00faperpotente que vibra a unas impresionantes\" \/>\n<meta property=\"og:url\" content=\"https:\/\/demoweb.info\/sexshop001\/producto\/vibrador-heating-posh-negro\/\" \/>\n<meta property=\"og:site_name\" content=\"Tienda Er\u00f3tica\" \/>\n<meta property=\"article:modified_time\" content=\"2022-01-22T16:48:02+00:00\" \/>\n<meta property=\"og:image\" content=\"https:\/\/demoweb.info\/sexshop001\/wp-content\/uploads\/2022\/01\/VIBRADOR-HEATING-POSH-NEGRO.jpg\" \/>\n\t<meta property=\"og:image:width\" content=\"550\" \/>\n\t<meta property=\"og:image:height\" content=\"550\" \/>\n\t<meta property=\"og:image:type\" content=\"image\/jpeg\" \/>\n<meta name=\"twitter:card\" content=\"summary_large_image\" \/>\n<meta name=\"twitter:label1\" content=\"Tiempo de lectura\" \/>\n\t<meta name=\"twitter:data1\" content=\"1 minuto\" \/>\n<script type=\"application\/ld+json\" class=\"yoast-schema-graph\">{\"@context\":\"https:\/\/schema.org\",\"@graph\":[{\"@type\":\"WebPage\",\"@id\":\"https:\/\/demoweb.info\/sexshop001\/producto\/vibrador-heating-posh-negro\/\",\"url\":\"https:\/\/demoweb.info\/sexshop001\/producto\/vibrador-heating-posh-negro\/\",\"name\":\"VIBRADOR HEATING POSH - NEGRO - Tienda Er\u00f3tica\",\"isPartOf\":{\"@id\":\"https:\/\/demoweb.info\/sexshop001\/#website\"},\"datePublished\":\"2022-01-22T16:47:45+00:00\",\"dateModified\":\"2022-01-22T16:48:02+00:00\",\"breadcrumb\":{\"@id\":\"https:\/\/demoweb.info\/sexshop001\/producto\/vibrador-heating-posh-negro\/#breadcrumb\"},\"inLanguage\":\"es\",\"potentialAction\":[{\"@type\":\"ReadAction\",\"target\":[\"https:\/\/demoweb.info\/sexshop001\/producto\/vibrador-heating-posh-negro\/\"]}]},{\"@type\":\"BreadcrumbList\",\"@id\":\"https:\/\/demoweb.info\/sexshop001\/producto\/vibrador-heating-posh-negro\/#breadcrumb\",\"itemListElement\":[{\"@type\":\"ListItem\",\"position\":1,\"name\":\"Portada\",\"item\":\"https:\/\/demoweb.info\/sexshop001\/\"},{\"@type\":\"ListItem\",\"position\":2,\"name\":\"Tienda\",\"item\":\"https:\/\/demoweb.info\/sexshop001\/tienda\/\"},{\"@type\":\"ListItem\",\"position\":3,\"name\":\"VIBRADOR HEATING POSH &#8211; NEGRO\"}]},{\"@type\":\"WebSite\",\"@id\":\"https:\/\/demoweb.info\/sexshop001\/#website\",\"url\":\"https:\/\/demoweb.info\/sexshop001\/\",\"name\":\"Tienda Er\u00f3tica\",\"description\":\"DEMOWEB SL\",\"potentialAction\":[{\"@type\":\"SearchAction\",\"target\":{\"@type\":\"EntryPoint\",\"urlTemplate\":\"https:\/\/demoweb.info\/sexshop001\/?s={search_term_string}\"},\"query-input\":\"required name=search_term_string\"}],\"inLanguage\":\"es\"}]}<\/script>\n<!-- \/ Yoast SEO plugin. -->","yoast_head_json":{"title":"VIBRADOR HEATING POSH - NEGRO - Tienda Er\u00f3tica","robots":{"index":"noindex","follow":"follow","max-snippet":"max-snippet:-1","max-image-preview":"max-image-preview:large","max-video-preview":"max-video-preview:-1"},"og_locale":"es_ES","og_type":"article","og_title":"VIBRADOR HEATING POSH - NEGRO - Tienda Er\u00f3tica","og_description":"HEATING VIBRATOR &#8211; POSH Este elegante vibrador incluye un motor de nueva generaci\u00f3n F1 s\u00faperpotente que vibra a unas impresionantes","og_url":"https:\/\/demoweb.info\/sexshop001\/producto\/vibrador-heating-posh-negro\/","og_site_name":"Tienda Er\u00f3tica","article_modified_time":"2022-01-22T16:48:02+00:00","og_image":[{"width":550,"height":550,"url":"https:\/\/demoweb.info\/sexshop001\/wp-content\/uploads\/2022\/01\/VIBRADOR-HEATING-POSH-NEGRO.jpg","type":"image\/jpeg"}],"twitter_card":"summary_large_image","twitter_misc":{"Tiempo de lectura":"1 minuto"},"schema":{"@context":"https:\/\/schema.org","@graph":[{"@type":"WebPage","@id":"https:\/\/demoweb.info\/sexshop001\/producto\/vibrador-heating-posh-negro\/","url":"https:\/\/demoweb.info\/sexshop001\/producto\/vibrador-heating-posh-negro\/","name":"VIBRADOR HEATING POSH - NEGRO - Tienda Er\u00f3tica","isPartOf":{"@id":"https:\/\/demoweb.info\/sexshop001\/#website"},"datePublished":"2022-01-22T16:47:45+00:00","dateModified":"2022-01-22T16:48:02+00:00","breadcrumb":{"@id":"https:\/\/demoweb.info\/sexshop001\/producto\/vibrador-heating-posh-negro\/#breadcrumb"},"inLanguage":"es","potentialAction":[{"@type":"ReadAction","target":["https:\/\/demoweb.info\/sexshop001\/producto\/vibrador-heating-posh-negro\/"]}]},{"@type":"BreadcrumbList","@id":"https:\/\/demoweb.info\/sexshop001\/producto\/vibrador-heating-posh-negro\/#breadcrumb","itemListElement":[{"@type":"ListItem","position":1,"name":"Portada","item":"https:\/\/demoweb.info\/sexshop001\/"},{"@type":"ListItem","position":2,"name":"Tienda","item":"https:\/\/demoweb.info\/sexshop001\/tienda\/"},{"@type":"ListItem","position":3,"name":"VIBRADOR HEATING POSH &#8211; NEGRO"}]},{"@type":"WebSite","@id":"https:\/\/demoweb.info\/sexshop001\/#website","url":"https:\/\/demoweb.info\/sexshop001\/","name":"Tienda Er\u00f3tica","description":"DEMOWEB SL","potentialAction":[{"@type":"SearchAction","target":{"@type":"EntryPoint","urlTemplate":"https:\/\/demoweb.info\/sexshop001\/?s={search_term_string}"},"query-input":"required name=search_term_string"}],"inLanguage":"es"}]}},"_links":{"self":[{"href":"https:\/\/demoweb.info\/sexshop001\/wp-json\/wp\/v3\/product\/59239","targetHints":{"allow":["GET"]}}],"collection":[{"href":"https:\/\/demoweb.info\/sexshop001\/wp-json\/wp\/v3\/product"}],"about":[{"href":"https:\/\/demoweb.info\/sexshop001\/wp-json\/wp\/v2\/types\/product"}],"replies":[{"embeddable":true,"href":"https:\/\/demoweb.info\/sexshop001\/wp-json\/wp\/v2\/comments?post=59239"}],"wp:featuredmedia":[{"embeddable":true,"href":"https:\/\/demoweb.info\/sexshop001\/wp-json\/wp\/v2\/media\/59240"}],"wp:attachment":[{"href":"https:\/\/demoweb.info\/sexshop001\/wp-json\/wp\/v2\/media?parent=59239"}],"wp:term":[{"taxonomy":"product_cat","embeddable":true,"href":"https:\/\/demoweb.info\/sexshop001\/wp-json\/wp\/v2\/product_cat?post=59239"},{"taxonomy":"product_tag","embeddable":true,"href":"https:\/\/demoweb.info\/sexshop001\/wp-json\/wp\/v2\/product_tag?post=59239"}],"curies":[{"name":"wp","href":"https:\/\/api.w.org\/{rel}","templated":true}]}}