{"id":59229,"date":"2022-01-22T17:47:45","date_gmt":"2022-01-22T16:47:45","guid":{"rendered":"https:\/\/demoweb.info\/sexshop001\/producto\/loveline-estimulador-del-clitoris-luscious-verde\/"},"modified":"2022-01-22T17:47:55","modified_gmt":"2022-01-22T16:47:55","slug":"loveline-estimulador-del-clitoris-luscious-verde","status":"publish","type":"product","link":"https:\/\/demoweb.info\/sexshop001\/producto\/loveline-estimulador-del-clitoris-luscious-verde\/","title":{"rendered":"LOVELINE ESTIMULADOR DEL CLITORIS LUSCIOUS VERDE"},"content":{"rendered":"<p><strong>CLITORAL STIMULATOR LUSCIOUS GREEN<\/strong><\/p>\n<p>Las 3 incre\u00edbles puntas estimulantes de este mini masajeador, vibran ofreciendo 7500 revoluciones por minuto. Dan vueltas a trav\u00e9s de sus 3 increibles puntos de vibraci\u00f3n. Este juguete para el cl\u00edtoris es ideal para tus sesiones a solas o intensas con tu pareja.<\/p>\n<p>Esta fabricado 100 % en silicona ultra suave de categor\u00eda m\u00e9dica y contiene una base termopl\u00e1stica integrada libre de ABS y tambi\u00e9n un bot\u00f3n de encendido.<\/p>\n<p>Caracter\u00edsticas<br \/>\n&#8211; Fabrica 100% silicona de categor\u00eda m\u00e9dica.<br \/>\n&#8211; Base termopl\u00e1stica integrada libre de ABS.<br \/>\n&#8211; 10 funciones de vibraci\u00f3n.<br \/>\n&#8211; Bater\u00eda recargable, bater\u00eda USB.<br \/>\n&#8211; Libre de ftalatos.<br \/>\n&#8211; Recarga completa en 120 min.<br \/>\n&#8211; Vida de carga 100 min.<br \/>\n&#8211; Dimensiones 9,4 x 5 cm<\/p>\n","protected":false},"excerpt":{"rendered":"<p>CLITORAL STIMULATOR LUSCIOUS GREEN Las 3 incre\u00edbles puntas estimulantes de este mini masajeador, vibran ofreciendo 7500 revoluciones por minuto. Dan<\/p>\n","protected":false},"featured_media":59230,"comment_status":"open","ping_status":"open","template":"","meta":[],"product_cat":[370],"product_tag":[1399,302],"class_list":["post-59229","product","type-product","status-publish","has-post-thumbnail","hentry","product_cat-clitoris","product_tag-loveline","product_tag-shots"],"bundled_by":[],"bundle_stock_status":"instock","bundle_stock_quantity":1,"bundle_virtual":false,"bundle_layout":"","bundle_add_to_cart_form_location":"","bundle_editable_in_cart":false,"bundle_sold_individually_context":"","bundle_item_grouping":"","bundle_min_size":"","bundle_max_size":"","bundled_items":[],"yoast_head":"<!-- This site is optimized with the Yoast SEO plugin v20.6 - https:\/\/yoast.com\/wordpress\/plugins\/seo\/ -->\n<title>LOVELINE ESTIMULADOR DEL CLITORIS LUSCIOUS VERDE - Tienda Er\u00f3tica<\/title>\n<meta name=\"robots\" content=\"noindex, follow, max-snippet:-1, max-image-preview:large, max-video-preview:-1\" \/>\n<meta property=\"og:locale\" content=\"es_ES\" \/>\n<meta property=\"og:type\" content=\"article\" \/>\n<meta property=\"og:title\" content=\"LOVELINE ESTIMULADOR DEL CLITORIS LUSCIOUS VERDE - Tienda Er\u00f3tica\" \/>\n<meta property=\"og:description\" content=\"CLITORAL STIMULATOR LUSCIOUS GREEN Las 3 incre\u00edbles puntas estimulantes de este mini masajeador, vibran ofreciendo 7500 revoluciones por minuto. Dan\" \/>\n<meta property=\"og:url\" content=\"https:\/\/demoweb.info\/sexshop001\/producto\/loveline-estimulador-del-clitoris-luscious-verde\/\" \/>\n<meta property=\"og:site_name\" content=\"Tienda Er\u00f3tica\" \/>\n<meta property=\"article:modified_time\" content=\"2022-01-22T16:47:55+00:00\" \/>\n<meta property=\"og:image\" content=\"https:\/\/demoweb.info\/sexshop001\/wp-content\/uploads\/2022\/01\/LOVELINE-ESTIMULADOR-DEL-CLITORIS-LUSCIOUS-VERDE.jpg\" \/>\n\t<meta property=\"og:image:width\" content=\"550\" \/>\n\t<meta property=\"og:image:height\" content=\"550\" \/>\n\t<meta property=\"og:image:type\" content=\"image\/jpeg\" \/>\n<meta name=\"twitter:card\" content=\"summary_large_image\" \/>\n<meta name=\"twitter:label1\" content=\"Tiempo de lectura\" \/>\n\t<meta name=\"twitter:data1\" content=\"1 minuto\" \/>\n<script type=\"application\/ld+json\" class=\"yoast-schema-graph\">{\"@context\":\"https:\/\/schema.org\",\"@graph\":[{\"@type\":\"WebPage\",\"@id\":\"https:\/\/demoweb.info\/sexshop001\/producto\/loveline-estimulador-del-clitoris-luscious-verde\/\",\"url\":\"https:\/\/demoweb.info\/sexshop001\/producto\/loveline-estimulador-del-clitoris-luscious-verde\/\",\"name\":\"LOVELINE ESTIMULADOR DEL CLITORIS LUSCIOUS VERDE - Tienda Er\u00f3tica\",\"isPartOf\":{\"@id\":\"https:\/\/demoweb.info\/sexshop001\/#website\"},\"datePublished\":\"2022-01-22T16:47:45+00:00\",\"dateModified\":\"2022-01-22T16:47:55+00:00\",\"breadcrumb\":{\"@id\":\"https:\/\/demoweb.info\/sexshop001\/producto\/loveline-estimulador-del-clitoris-luscious-verde\/#breadcrumb\"},\"inLanguage\":\"es\",\"potentialAction\":[{\"@type\":\"ReadAction\",\"target\":[\"https:\/\/demoweb.info\/sexshop001\/producto\/loveline-estimulador-del-clitoris-luscious-verde\/\"]}]},{\"@type\":\"BreadcrumbList\",\"@id\":\"https:\/\/demoweb.info\/sexshop001\/producto\/loveline-estimulador-del-clitoris-luscious-verde\/#breadcrumb\",\"itemListElement\":[{\"@type\":\"ListItem\",\"position\":1,\"name\":\"Portada\",\"item\":\"https:\/\/demoweb.info\/sexshop001\/\"},{\"@type\":\"ListItem\",\"position\":2,\"name\":\"Tienda\",\"item\":\"https:\/\/demoweb.info\/sexshop001\/tienda\/\"},{\"@type\":\"ListItem\",\"position\":3,\"name\":\"LOVELINE ESTIMULADOR DEL CLITORIS LUSCIOUS VERDE\"}]},{\"@type\":\"WebSite\",\"@id\":\"https:\/\/demoweb.info\/sexshop001\/#website\",\"url\":\"https:\/\/demoweb.info\/sexshop001\/\",\"name\":\"Tienda Er\u00f3tica\",\"description\":\"DEMOWEB SL\",\"potentialAction\":[{\"@type\":\"SearchAction\",\"target\":{\"@type\":\"EntryPoint\",\"urlTemplate\":\"https:\/\/demoweb.info\/sexshop001\/?s={search_term_string}\"},\"query-input\":\"required name=search_term_string\"}],\"inLanguage\":\"es\"}]}<\/script>\n<!-- \/ Yoast SEO plugin. -->","yoast_head_json":{"title":"LOVELINE ESTIMULADOR DEL CLITORIS LUSCIOUS VERDE - Tienda Er\u00f3tica","robots":{"index":"noindex","follow":"follow","max-snippet":"max-snippet:-1","max-image-preview":"max-image-preview:large","max-video-preview":"max-video-preview:-1"},"og_locale":"es_ES","og_type":"article","og_title":"LOVELINE ESTIMULADOR DEL CLITORIS LUSCIOUS VERDE - Tienda Er\u00f3tica","og_description":"CLITORAL STIMULATOR LUSCIOUS GREEN Las 3 incre\u00edbles puntas estimulantes de este mini masajeador, vibran ofreciendo 7500 revoluciones por minuto. Dan","og_url":"https:\/\/demoweb.info\/sexshop001\/producto\/loveline-estimulador-del-clitoris-luscious-verde\/","og_site_name":"Tienda Er\u00f3tica","article_modified_time":"2022-01-22T16:47:55+00:00","og_image":[{"width":550,"height":550,"url":"https:\/\/demoweb.info\/sexshop001\/wp-content\/uploads\/2022\/01\/LOVELINE-ESTIMULADOR-DEL-CLITORIS-LUSCIOUS-VERDE.jpg","type":"image\/jpeg"}],"twitter_card":"summary_large_image","twitter_misc":{"Tiempo de lectura":"1 minuto"},"schema":{"@context":"https:\/\/schema.org","@graph":[{"@type":"WebPage","@id":"https:\/\/demoweb.info\/sexshop001\/producto\/loveline-estimulador-del-clitoris-luscious-verde\/","url":"https:\/\/demoweb.info\/sexshop001\/producto\/loveline-estimulador-del-clitoris-luscious-verde\/","name":"LOVELINE ESTIMULADOR DEL CLITORIS LUSCIOUS VERDE - Tienda Er\u00f3tica","isPartOf":{"@id":"https:\/\/demoweb.info\/sexshop001\/#website"},"datePublished":"2022-01-22T16:47:45+00:00","dateModified":"2022-01-22T16:47:55+00:00","breadcrumb":{"@id":"https:\/\/demoweb.info\/sexshop001\/producto\/loveline-estimulador-del-clitoris-luscious-verde\/#breadcrumb"},"inLanguage":"es","potentialAction":[{"@type":"ReadAction","target":["https:\/\/demoweb.info\/sexshop001\/producto\/loveline-estimulador-del-clitoris-luscious-verde\/"]}]},{"@type":"BreadcrumbList","@id":"https:\/\/demoweb.info\/sexshop001\/producto\/loveline-estimulador-del-clitoris-luscious-verde\/#breadcrumb","itemListElement":[{"@type":"ListItem","position":1,"name":"Portada","item":"https:\/\/demoweb.info\/sexshop001\/"},{"@type":"ListItem","position":2,"name":"Tienda","item":"https:\/\/demoweb.info\/sexshop001\/tienda\/"},{"@type":"ListItem","position":3,"name":"LOVELINE ESTIMULADOR DEL CLITORIS LUSCIOUS VERDE"}]},{"@type":"WebSite","@id":"https:\/\/demoweb.info\/sexshop001\/#website","url":"https:\/\/demoweb.info\/sexshop001\/","name":"Tienda Er\u00f3tica","description":"DEMOWEB SL","potentialAction":[{"@type":"SearchAction","target":{"@type":"EntryPoint","urlTemplate":"https:\/\/demoweb.info\/sexshop001\/?s={search_term_string}"},"query-input":"required name=search_term_string"}],"inLanguage":"es"}]}},"_links":{"self":[{"href":"https:\/\/demoweb.info\/sexshop001\/wp-json\/wp\/v3\/product\/59229","targetHints":{"allow":["GET"]}}],"collection":[{"href":"https:\/\/demoweb.info\/sexshop001\/wp-json\/wp\/v3\/product"}],"about":[{"href":"https:\/\/demoweb.info\/sexshop001\/wp-json\/wp\/v2\/types\/product"}],"replies":[{"embeddable":true,"href":"https:\/\/demoweb.info\/sexshop001\/wp-json\/wp\/v2\/comments?post=59229"}],"wp:featuredmedia":[{"embeddable":true,"href":"https:\/\/demoweb.info\/sexshop001\/wp-json\/wp\/v2\/media\/59230"}],"wp:attachment":[{"href":"https:\/\/demoweb.info\/sexshop001\/wp-json\/wp\/v2\/media?parent=59229"}],"wp:term":[{"taxonomy":"product_cat","embeddable":true,"href":"https:\/\/demoweb.info\/sexshop001\/wp-json\/wp\/v2\/product_cat?post=59229"},{"taxonomy":"product_tag","embeddable":true,"href":"https:\/\/demoweb.info\/sexshop001\/wp-json\/wp\/v2\/product_tag?post=59229"}],"curies":[{"name":"wp","href":"https:\/\/api.w.org\/{rel}","templated":true}]}}