{"id":59154,"date":"2022-01-22T17:46:47","date_gmt":"2022-01-22T16:46:47","guid":{"rendered":"https:\/\/demoweb.info\/sexshop001\/producto\/leon-vibrador-silicona-control-remoto-morado\/"},"modified":"2022-01-22T17:47:00","modified_gmt":"2022-01-22T16:47:00","slug":"leon-vibrador-silicona-control-remoto-morado","status":"publish","type":"product","link":"https:\/\/demoweb.info\/sexshop001\/producto\/leon-vibrador-silicona-control-remoto-morado\/","title":{"rendered":"LEON VIBRADOR SILICONA CONTROL REMOTO &#8211; MORADO"},"content":{"rendered":"<p><strong>WIRELESS REMOTE VIBRATOR &#8211; LEON <\/strong><\/p>\n<p>El LEON viene con un modo de vibraci\u00f3n de 10 velocidades que hace que la punta vibre y gire a un ritmo asombroso (pero de poco ruido) a 10000 rpm. Y adem\u00e1s de todo, este rompecorazones tiene un control remoto para divertirse con las manos libre o para el juego en pareja, permitiendo que otra persona tome el control de la situaci\u00f3n.<\/p>\n<p>El LEON est\u00e1 hecho de silicona suave de alta calidad y sumergible para un gran placer en el ba\u00f1o. El cable USB que incluye recargar\u00e1 el juguete en 60 minutos, lo que te da un tiempo de juego perfecto de 120 minutos.<\/p>\n<p>Este nuevo y emocionante juguete est\u00e1 disponible en rosa, morado y negro.<\/p>\n<ul>\n<li>Medidas: 10,2 x 8,1 cm<\/li>\n<\/ul>\n","protected":false},"excerpt":{"rendered":"<p>WIRELESS REMOTE VIBRATOR &#8211; LEON El LEON viene con un modo de vibraci\u00f3n de 10 velocidades que hace que la<\/p>\n","protected":false},"featured_media":59155,"comment_status":"open","ping_status":"open","template":"","meta":[],"product_cat":[340],"product_tag":[302,321],"class_list":["post-59154","product","type-product","status-publish","has-post-thumbnail","hentry","product_cat-silicona-dildos","product_tag-shots","product_tag-simplicity"],"bundled_by":[],"bundle_stock_status":"instock","bundle_stock_quantity":1,"bundle_virtual":false,"bundle_layout":"","bundle_add_to_cart_form_location":"","bundle_editable_in_cart":false,"bundle_sold_individually_context":"","bundle_item_grouping":"","bundle_min_size":"","bundle_max_size":"","bundled_items":[],"yoast_head":"<!-- This site is optimized with the Yoast SEO plugin v20.6 - https:\/\/yoast.com\/wordpress\/plugins\/seo\/ -->\n<title>LEON VIBRADOR SILICONA CONTROL REMOTO - MORADO - Tienda Er\u00f3tica<\/title>\n<meta name=\"robots\" content=\"noindex, follow, max-snippet:-1, max-image-preview:large, max-video-preview:-1\" \/>\n<meta property=\"og:locale\" content=\"es_ES\" \/>\n<meta property=\"og:type\" content=\"article\" \/>\n<meta property=\"og:title\" content=\"LEON VIBRADOR SILICONA CONTROL REMOTO - MORADO - Tienda Er\u00f3tica\" \/>\n<meta property=\"og:description\" content=\"WIRELESS REMOTE VIBRATOR &#8211; LEON El LEON viene con un modo de vibraci\u00f3n de 10 velocidades que hace que la\" \/>\n<meta property=\"og:url\" content=\"https:\/\/demoweb.info\/sexshop001\/producto\/leon-vibrador-silicona-control-remoto-morado\/\" \/>\n<meta property=\"og:site_name\" content=\"Tienda Er\u00f3tica\" \/>\n<meta property=\"article:modified_time\" content=\"2022-01-22T16:47:00+00:00\" \/>\n<meta property=\"og:image\" content=\"https:\/\/demoweb.info\/sexshop001\/wp-content\/uploads\/2022\/01\/LEON-VIBRADOR-SILICONA-CONTROL-REMOTO-MORADO.jpg\" \/>\n\t<meta property=\"og:image:width\" content=\"550\" \/>\n\t<meta property=\"og:image:height\" content=\"550\" \/>\n\t<meta property=\"og:image:type\" content=\"image\/jpeg\" \/>\n<meta name=\"twitter:card\" content=\"summary_large_image\" \/>\n<meta name=\"twitter:label1\" content=\"Tiempo de lectura\" \/>\n\t<meta name=\"twitter:data1\" content=\"1 minuto\" \/>\n<script type=\"application\/ld+json\" class=\"yoast-schema-graph\">{\"@context\":\"https:\/\/schema.org\",\"@graph\":[{\"@type\":\"WebPage\",\"@id\":\"https:\/\/demoweb.info\/sexshop001\/producto\/leon-vibrador-silicona-control-remoto-morado\/\",\"url\":\"https:\/\/demoweb.info\/sexshop001\/producto\/leon-vibrador-silicona-control-remoto-morado\/\",\"name\":\"LEON VIBRADOR SILICONA CONTROL REMOTO - MORADO - Tienda Er\u00f3tica\",\"isPartOf\":{\"@id\":\"https:\/\/demoweb.info\/sexshop001\/#website\"},\"datePublished\":\"2022-01-22T16:46:47+00:00\",\"dateModified\":\"2022-01-22T16:47:00+00:00\",\"breadcrumb\":{\"@id\":\"https:\/\/demoweb.info\/sexshop001\/producto\/leon-vibrador-silicona-control-remoto-morado\/#breadcrumb\"},\"inLanguage\":\"es\",\"potentialAction\":[{\"@type\":\"ReadAction\",\"target\":[\"https:\/\/demoweb.info\/sexshop001\/producto\/leon-vibrador-silicona-control-remoto-morado\/\"]}]},{\"@type\":\"BreadcrumbList\",\"@id\":\"https:\/\/demoweb.info\/sexshop001\/producto\/leon-vibrador-silicona-control-remoto-morado\/#breadcrumb\",\"itemListElement\":[{\"@type\":\"ListItem\",\"position\":1,\"name\":\"Portada\",\"item\":\"https:\/\/demoweb.info\/sexshop001\/\"},{\"@type\":\"ListItem\",\"position\":2,\"name\":\"Tienda\",\"item\":\"https:\/\/demoweb.info\/sexshop001\/tienda\/\"},{\"@type\":\"ListItem\",\"position\":3,\"name\":\"LEON VIBRADOR SILICONA CONTROL REMOTO &#8211; MORADO\"}]},{\"@type\":\"WebSite\",\"@id\":\"https:\/\/demoweb.info\/sexshop001\/#website\",\"url\":\"https:\/\/demoweb.info\/sexshop001\/\",\"name\":\"Tienda Er\u00f3tica\",\"description\":\"DEMOWEB SL\",\"potentialAction\":[{\"@type\":\"SearchAction\",\"target\":{\"@type\":\"EntryPoint\",\"urlTemplate\":\"https:\/\/demoweb.info\/sexshop001\/?s={search_term_string}\"},\"query-input\":\"required name=search_term_string\"}],\"inLanguage\":\"es\"}]}<\/script>\n<!-- \/ Yoast SEO plugin. -->","yoast_head_json":{"title":"LEON VIBRADOR SILICONA CONTROL REMOTO - MORADO - Tienda Er\u00f3tica","robots":{"index":"noindex","follow":"follow","max-snippet":"max-snippet:-1","max-image-preview":"max-image-preview:large","max-video-preview":"max-video-preview:-1"},"og_locale":"es_ES","og_type":"article","og_title":"LEON VIBRADOR SILICONA CONTROL REMOTO - MORADO - Tienda Er\u00f3tica","og_description":"WIRELESS REMOTE VIBRATOR &#8211; LEON El LEON viene con un modo de vibraci\u00f3n de 10 velocidades que hace que la","og_url":"https:\/\/demoweb.info\/sexshop001\/producto\/leon-vibrador-silicona-control-remoto-morado\/","og_site_name":"Tienda Er\u00f3tica","article_modified_time":"2022-01-22T16:47:00+00:00","og_image":[{"width":550,"height":550,"url":"https:\/\/demoweb.info\/sexshop001\/wp-content\/uploads\/2022\/01\/LEON-VIBRADOR-SILICONA-CONTROL-REMOTO-MORADO.jpg","type":"image\/jpeg"}],"twitter_card":"summary_large_image","twitter_misc":{"Tiempo de lectura":"1 minuto"},"schema":{"@context":"https:\/\/schema.org","@graph":[{"@type":"WebPage","@id":"https:\/\/demoweb.info\/sexshop001\/producto\/leon-vibrador-silicona-control-remoto-morado\/","url":"https:\/\/demoweb.info\/sexshop001\/producto\/leon-vibrador-silicona-control-remoto-morado\/","name":"LEON VIBRADOR SILICONA CONTROL REMOTO - MORADO - Tienda Er\u00f3tica","isPartOf":{"@id":"https:\/\/demoweb.info\/sexshop001\/#website"},"datePublished":"2022-01-22T16:46:47+00:00","dateModified":"2022-01-22T16:47:00+00:00","breadcrumb":{"@id":"https:\/\/demoweb.info\/sexshop001\/producto\/leon-vibrador-silicona-control-remoto-morado\/#breadcrumb"},"inLanguage":"es","potentialAction":[{"@type":"ReadAction","target":["https:\/\/demoweb.info\/sexshop001\/producto\/leon-vibrador-silicona-control-remoto-morado\/"]}]},{"@type":"BreadcrumbList","@id":"https:\/\/demoweb.info\/sexshop001\/producto\/leon-vibrador-silicona-control-remoto-morado\/#breadcrumb","itemListElement":[{"@type":"ListItem","position":1,"name":"Portada","item":"https:\/\/demoweb.info\/sexshop001\/"},{"@type":"ListItem","position":2,"name":"Tienda","item":"https:\/\/demoweb.info\/sexshop001\/tienda\/"},{"@type":"ListItem","position":3,"name":"LEON VIBRADOR SILICONA CONTROL REMOTO &#8211; MORADO"}]},{"@type":"WebSite","@id":"https:\/\/demoweb.info\/sexshop001\/#website","url":"https:\/\/demoweb.info\/sexshop001\/","name":"Tienda Er\u00f3tica","description":"DEMOWEB SL","potentialAction":[{"@type":"SearchAction","target":{"@type":"EntryPoint","urlTemplate":"https:\/\/demoweb.info\/sexshop001\/?s={search_term_string}"},"query-input":"required name=search_term_string"}],"inLanguage":"es"}]}},"_links":{"self":[{"href":"https:\/\/demoweb.info\/sexshop001\/wp-json\/wp\/v3\/product\/59154","targetHints":{"allow":["GET"]}}],"collection":[{"href":"https:\/\/demoweb.info\/sexshop001\/wp-json\/wp\/v3\/product"}],"about":[{"href":"https:\/\/demoweb.info\/sexshop001\/wp-json\/wp\/v2\/types\/product"}],"replies":[{"embeddable":true,"href":"https:\/\/demoweb.info\/sexshop001\/wp-json\/wp\/v2\/comments?post=59154"}],"wp:featuredmedia":[{"embeddable":true,"href":"https:\/\/demoweb.info\/sexshop001\/wp-json\/wp\/v2\/media\/59155"}],"wp:attachment":[{"href":"https:\/\/demoweb.info\/sexshop001\/wp-json\/wp\/v2\/media?parent=59154"}],"wp:term":[{"taxonomy":"product_cat","embeddable":true,"href":"https:\/\/demoweb.info\/sexshop001\/wp-json\/wp\/v2\/product_cat?post=59154"},{"taxonomy":"product_tag","embeddable":true,"href":"https:\/\/demoweb.info\/sexshop001\/wp-json\/wp\/v2\/product_tag?post=59154"}],"curies":[{"name":"wp","href":"https:\/\/api.w.org\/{rel}","templated":true}]}}