{"id":59070,"date":"2022-01-22T17:45:34","date_gmt":"2022-01-22T16:45:34","guid":{"rendered":"https:\/\/demoweb.info\/sexshop001\/producto\/cb-anillo\/"},"modified":"2022-01-22T17:45:55","modified_gmt":"2022-01-22T16:45:55","slug":"cb-anillo","status":"publish","type":"product","link":"https:\/\/demoweb.info\/sexshop001\/producto\/cb-anillo\/","title":{"rendered":"C&#038;B ANILLO"},"content":{"rendered":"<p><strong>C&#038;B RING <\/strong><\/p>\n<p>El anillo de pene y test\u00edculos es una combinaci\u00f3n que te har\u00e1 experimentar un inmenso placer.<\/p>\n<p>Este anillo se divide en dos partes. La primera parte requiere que el hombre coloque su pene y test\u00edculos a trav\u00e9s del anillo. Esto se usa como un anillo de gallo regular. El segundo anillo se sujeta al primero, encerrando la base del pene y los test\u00edculos en un hermoso acero inoxidable.<\/p>\n<ul>\n<li>Di\u00e1metro: 6,2 cm.<\/li>\n<li>Di\u00e1metro interior del C-Ring: 4,5 cm.<\/li>\n<li>Di\u00e1metro interior del P-Hole: 3,5 cm.<\/li>\n<li>Di\u00e1metro interior del anillo para test\u00edculos: 3,2 cm.<\/li>\n<li>Ancho: 4,5 cm<\/li>\n<li>Peso: 500 gramos.<\/li>\n<li>Material: Acero inoxidable<\/li>\n<\/ul>\n","protected":false},"excerpt":{"rendered":"<p>C&#038;B RING El anillo de pene y test\u00edculos es una combinaci\u00f3n que te har\u00e1 experimentar un inmenso placer. Este anillo<\/p>\n","protected":false},"featured_media":59071,"comment_status":"open","ping_status":"open","template":"","meta":[],"product_cat":[286],"product_tag":[283],"class_list":["post-59070","product","type-product","status-publish","has-post-thumbnail","hentry","product_cat-metal","product_tag-triune"],"bundled_by":[],"bundle_stock_status":"instock","bundle_stock_quantity":2,"bundle_virtual":false,"bundle_layout":"","bundle_add_to_cart_form_location":"","bundle_editable_in_cart":false,"bundle_sold_individually_context":"","bundle_item_grouping":"","bundle_min_size":"","bundle_max_size":"","bundled_items":[],"yoast_head":"<!-- This site is optimized with the Yoast SEO plugin v20.6 - https:\/\/yoast.com\/wordpress\/plugins\/seo\/ -->\n<title>C&amp;B ANILLO - Tienda Er\u00f3tica<\/title>\n<meta name=\"robots\" content=\"noindex, follow, max-snippet:-1, max-image-preview:large, max-video-preview:-1\" \/>\n<meta property=\"og:locale\" content=\"es_ES\" \/>\n<meta property=\"og:type\" content=\"article\" \/>\n<meta property=\"og:title\" content=\"C&amp;B ANILLO - Tienda Er\u00f3tica\" \/>\n<meta property=\"og:description\" content=\"C&#038;B RING El anillo de pene y test\u00edculos es una combinaci\u00f3n que te har\u00e1 experimentar un inmenso placer. Este anillo\" \/>\n<meta property=\"og:url\" content=\"https:\/\/demoweb.info\/sexshop001\/producto\/cb-anillo\/\" \/>\n<meta property=\"og:site_name\" content=\"Tienda Er\u00f3tica\" \/>\n<meta property=\"article:modified_time\" content=\"2022-01-22T16:45:55+00:00\" \/>\n<meta property=\"og:image\" content=\"https:\/\/demoweb.info\/sexshop001\/wp-content\/uploads\/2022\/01\/CB-ANILLO.jpg\" \/>\n\t<meta property=\"og:image:width\" content=\"550\" \/>\n\t<meta property=\"og:image:height\" content=\"550\" \/>\n\t<meta property=\"og:image:type\" content=\"image\/jpeg\" \/>\n<meta name=\"twitter:card\" content=\"summary_large_image\" \/>\n<meta name=\"twitter:label1\" content=\"Tiempo de lectura\" \/>\n\t<meta name=\"twitter:data1\" content=\"1 minuto\" \/>\n<script type=\"application\/ld+json\" class=\"yoast-schema-graph\">{\"@context\":\"https:\/\/schema.org\",\"@graph\":[{\"@type\":\"WebPage\",\"@id\":\"https:\/\/demoweb.info\/sexshop001\/producto\/cb-anillo\/\",\"url\":\"https:\/\/demoweb.info\/sexshop001\/producto\/cb-anillo\/\",\"name\":\"C&B ANILLO - Tienda Er\u00f3tica\",\"isPartOf\":{\"@id\":\"https:\/\/demoweb.info\/sexshop001\/#website\"},\"datePublished\":\"2022-01-22T16:45:34+00:00\",\"dateModified\":\"2022-01-22T16:45:55+00:00\",\"breadcrumb\":{\"@id\":\"https:\/\/demoweb.info\/sexshop001\/producto\/cb-anillo\/#breadcrumb\"},\"inLanguage\":\"es\",\"potentialAction\":[{\"@type\":\"ReadAction\",\"target\":[\"https:\/\/demoweb.info\/sexshop001\/producto\/cb-anillo\/\"]}]},{\"@type\":\"BreadcrumbList\",\"@id\":\"https:\/\/demoweb.info\/sexshop001\/producto\/cb-anillo\/#breadcrumb\",\"itemListElement\":[{\"@type\":\"ListItem\",\"position\":1,\"name\":\"Portada\",\"item\":\"https:\/\/demoweb.info\/sexshop001\/\"},{\"@type\":\"ListItem\",\"position\":2,\"name\":\"Tienda\",\"item\":\"https:\/\/demoweb.info\/sexshop001\/tienda\/\"},{\"@type\":\"ListItem\",\"position\":3,\"name\":\"C&#038;B ANILLO\"}]},{\"@type\":\"WebSite\",\"@id\":\"https:\/\/demoweb.info\/sexshop001\/#website\",\"url\":\"https:\/\/demoweb.info\/sexshop001\/\",\"name\":\"Tienda Er\u00f3tica\",\"description\":\"DEMOWEB SL\",\"potentialAction\":[{\"@type\":\"SearchAction\",\"target\":{\"@type\":\"EntryPoint\",\"urlTemplate\":\"https:\/\/demoweb.info\/sexshop001\/?s={search_term_string}\"},\"query-input\":\"required name=search_term_string\"}],\"inLanguage\":\"es\"}]}<\/script>\n<!-- \/ Yoast SEO plugin. -->","yoast_head_json":{"title":"C&B ANILLO - Tienda Er\u00f3tica","robots":{"index":"noindex","follow":"follow","max-snippet":"max-snippet:-1","max-image-preview":"max-image-preview:large","max-video-preview":"max-video-preview:-1"},"og_locale":"es_ES","og_type":"article","og_title":"C&B ANILLO - Tienda Er\u00f3tica","og_description":"C&#038;B RING El anillo de pene y test\u00edculos es una combinaci\u00f3n que te har\u00e1 experimentar un inmenso placer. Este anillo","og_url":"https:\/\/demoweb.info\/sexshop001\/producto\/cb-anillo\/","og_site_name":"Tienda Er\u00f3tica","article_modified_time":"2022-01-22T16:45:55+00:00","og_image":[{"width":550,"height":550,"url":"https:\/\/demoweb.info\/sexshop001\/wp-content\/uploads\/2022\/01\/CB-ANILLO.jpg","type":"image\/jpeg"}],"twitter_card":"summary_large_image","twitter_misc":{"Tiempo de lectura":"1 minuto"},"schema":{"@context":"https:\/\/schema.org","@graph":[{"@type":"WebPage","@id":"https:\/\/demoweb.info\/sexshop001\/producto\/cb-anillo\/","url":"https:\/\/demoweb.info\/sexshop001\/producto\/cb-anillo\/","name":"C&B ANILLO - Tienda Er\u00f3tica","isPartOf":{"@id":"https:\/\/demoweb.info\/sexshop001\/#website"},"datePublished":"2022-01-22T16:45:34+00:00","dateModified":"2022-01-22T16:45:55+00:00","breadcrumb":{"@id":"https:\/\/demoweb.info\/sexshop001\/producto\/cb-anillo\/#breadcrumb"},"inLanguage":"es","potentialAction":[{"@type":"ReadAction","target":["https:\/\/demoweb.info\/sexshop001\/producto\/cb-anillo\/"]}]},{"@type":"BreadcrumbList","@id":"https:\/\/demoweb.info\/sexshop001\/producto\/cb-anillo\/#breadcrumb","itemListElement":[{"@type":"ListItem","position":1,"name":"Portada","item":"https:\/\/demoweb.info\/sexshop001\/"},{"@type":"ListItem","position":2,"name":"Tienda","item":"https:\/\/demoweb.info\/sexshop001\/tienda\/"},{"@type":"ListItem","position":3,"name":"C&#038;B ANILLO"}]},{"@type":"WebSite","@id":"https:\/\/demoweb.info\/sexshop001\/#website","url":"https:\/\/demoweb.info\/sexshop001\/","name":"Tienda Er\u00f3tica","description":"DEMOWEB SL","potentialAction":[{"@type":"SearchAction","target":{"@type":"EntryPoint","urlTemplate":"https:\/\/demoweb.info\/sexshop001\/?s={search_term_string}"},"query-input":"required name=search_term_string"}],"inLanguage":"es"}]}},"_links":{"self":[{"href":"https:\/\/demoweb.info\/sexshop001\/wp-json\/wp\/v3\/product\/59070","targetHints":{"allow":["GET"]}}],"collection":[{"href":"https:\/\/demoweb.info\/sexshop001\/wp-json\/wp\/v3\/product"}],"about":[{"href":"https:\/\/demoweb.info\/sexshop001\/wp-json\/wp\/v2\/types\/product"}],"replies":[{"embeddable":true,"href":"https:\/\/demoweb.info\/sexshop001\/wp-json\/wp\/v2\/comments?post=59070"}],"wp:featuredmedia":[{"embeddable":true,"href":"https:\/\/demoweb.info\/sexshop001\/wp-json\/wp\/v2\/media\/59071"}],"wp:attachment":[{"href":"https:\/\/demoweb.info\/sexshop001\/wp-json\/wp\/v2\/media?parent=59070"}],"wp:term":[{"taxonomy":"product_cat","embeddable":true,"href":"https:\/\/demoweb.info\/sexshop001\/wp-json\/wp\/v2\/product_cat?post=59070"},{"taxonomy":"product_tag","embeddable":true,"href":"https:\/\/demoweb.info\/sexshop001\/wp-json\/wp\/v2\/product_tag?post=59070"}],"curies":[{"name":"wp","href":"https:\/\/api.w.org\/{rel}","templated":true}]}}