{"id":59052,"date":"2022-01-22T17:45:34","date_gmt":"2022-01-22T16:45:34","guid":{"rendered":"https:\/\/demoweb.info\/sexshop001\/producto\/dip-stick-ribeteado-8x240mm\/"},"modified":"2022-01-22T17:45:40","modified_gmt":"2022-01-22T16:45:40","slug":"dip-stick-ribeteado-8x240mm","status":"publish","type":"product","link":"https:\/\/demoweb.info\/sexshop001\/producto\/dip-stick-ribeteado-8x240mm\/","title":{"rendered":"DIP STICK RIBETEADO 8X240MM"},"content":{"rendered":"<p><strong>DIP STICK RIBBED <\/strong><\/p>\n<p>Esta forma de juego es una de las m\u00e1s er\u00f3ticamente cargada y poderosa para un hombre. Las sondas uretrales normalmente son suaves y f\u00e1ciles de deslizar hacia adentro y hacia afuera, mientras que estas varillas tienen costillas para crear una sensaci\u00f3n intensa de estimulaci\u00f3n que es realmente indescriptible.<\/p>\n<p>Caracter\u00edsticas:<br \/>\n&#8211; Longitud: 24 cm<br \/>\n&#8211; Longitud Insertable: 17 cm<br \/>\n&#8211; Di\u00e1metro: 0,8 cm<br \/>\n&#8211; Material: Acero Inox.<\/p>\n","protected":false},"excerpt":{"rendered":"<p>DIP STICK RIBBED Esta forma de juego es una de las m\u00e1s er\u00f3ticamente cargada y poderosa para un hombre. Las<\/p>\n","protected":false},"featured_media":59053,"comment_status":"open","ping_status":"open","template":"","meta":[],"product_cat":[290],"product_tag":[283],"class_list":["post-59052","product","type-product","status-publish","has-post-thumbnail","hentry","product_cat-penis-plug","product_tag-triune"],"bundled_by":[],"bundle_stock_status":"outofstock","bundle_stock_quantity":0,"bundle_virtual":false,"bundle_layout":"","bundle_add_to_cart_form_location":"","bundle_editable_in_cart":false,"bundle_sold_individually_context":"","bundle_item_grouping":"","bundle_min_size":"","bundle_max_size":"","bundled_items":[],"yoast_head":"<!-- This site is optimized with the Yoast SEO plugin v20.6 - https:\/\/yoast.com\/wordpress\/plugins\/seo\/ -->\n<title>DIP STICK RIBETEADO 8X240MM - Tienda Er\u00f3tica<\/title>\n<meta name=\"robots\" content=\"noindex, follow, max-snippet:-1, max-image-preview:large, max-video-preview:-1\" \/>\n<meta property=\"og:locale\" content=\"es_ES\" \/>\n<meta property=\"og:type\" content=\"article\" \/>\n<meta property=\"og:title\" content=\"DIP STICK RIBETEADO 8X240MM - Tienda Er\u00f3tica\" \/>\n<meta property=\"og:description\" content=\"DIP STICK RIBBED Esta forma de juego es una de las m\u00e1s er\u00f3ticamente cargada y poderosa para un hombre. Las\" \/>\n<meta property=\"og:url\" content=\"https:\/\/demoweb.info\/sexshop001\/producto\/dip-stick-ribeteado-8x240mm\/\" \/>\n<meta property=\"og:site_name\" content=\"Tienda Er\u00f3tica\" \/>\n<meta property=\"article:modified_time\" content=\"2022-01-22T16:45:40+00:00\" \/>\n<meta property=\"og:image\" content=\"https:\/\/demoweb.info\/sexshop001\/wp-content\/uploads\/2022\/01\/DIP-STICK-RIBETEADO-8X240MM.jpg\" \/>\n\t<meta property=\"og:image:width\" content=\"550\" \/>\n\t<meta property=\"og:image:height\" content=\"550\" \/>\n\t<meta property=\"og:image:type\" content=\"image\/jpeg\" \/>\n<meta name=\"twitter:card\" content=\"summary_large_image\" \/>\n<script type=\"application\/ld+json\" class=\"yoast-schema-graph\">{\"@context\":\"https:\/\/schema.org\",\"@graph\":[{\"@type\":\"WebPage\",\"@id\":\"https:\/\/demoweb.info\/sexshop001\/producto\/dip-stick-ribeteado-8x240mm\/\",\"url\":\"https:\/\/demoweb.info\/sexshop001\/producto\/dip-stick-ribeteado-8x240mm\/\",\"name\":\"DIP STICK RIBETEADO 8X240MM - Tienda Er\u00f3tica\",\"isPartOf\":{\"@id\":\"https:\/\/demoweb.info\/sexshop001\/#website\"},\"datePublished\":\"2022-01-22T16:45:34+00:00\",\"dateModified\":\"2022-01-22T16:45:40+00:00\",\"breadcrumb\":{\"@id\":\"https:\/\/demoweb.info\/sexshop001\/producto\/dip-stick-ribeteado-8x240mm\/#breadcrumb\"},\"inLanguage\":\"es\",\"potentialAction\":[{\"@type\":\"ReadAction\",\"target\":[\"https:\/\/demoweb.info\/sexshop001\/producto\/dip-stick-ribeteado-8x240mm\/\"]}]},{\"@type\":\"BreadcrumbList\",\"@id\":\"https:\/\/demoweb.info\/sexshop001\/producto\/dip-stick-ribeteado-8x240mm\/#breadcrumb\",\"itemListElement\":[{\"@type\":\"ListItem\",\"position\":1,\"name\":\"Portada\",\"item\":\"https:\/\/demoweb.info\/sexshop001\/\"},{\"@type\":\"ListItem\",\"position\":2,\"name\":\"Tienda\",\"item\":\"https:\/\/demoweb.info\/sexshop001\/tienda\/\"},{\"@type\":\"ListItem\",\"position\":3,\"name\":\"DIP STICK RIBETEADO 8X240MM\"}]},{\"@type\":\"WebSite\",\"@id\":\"https:\/\/demoweb.info\/sexshop001\/#website\",\"url\":\"https:\/\/demoweb.info\/sexshop001\/\",\"name\":\"Tienda Er\u00f3tica\",\"description\":\"DEMOWEB SL\",\"potentialAction\":[{\"@type\":\"SearchAction\",\"target\":{\"@type\":\"EntryPoint\",\"urlTemplate\":\"https:\/\/demoweb.info\/sexshop001\/?s={search_term_string}\"},\"query-input\":\"required name=search_term_string\"}],\"inLanguage\":\"es\"}]}<\/script>\n<!-- \/ Yoast SEO plugin. -->","yoast_head_json":{"title":"DIP STICK RIBETEADO 8X240MM - Tienda Er\u00f3tica","robots":{"index":"noindex","follow":"follow","max-snippet":"max-snippet:-1","max-image-preview":"max-image-preview:large","max-video-preview":"max-video-preview:-1"},"og_locale":"es_ES","og_type":"article","og_title":"DIP STICK RIBETEADO 8X240MM - Tienda Er\u00f3tica","og_description":"DIP STICK RIBBED Esta forma de juego es una de las m\u00e1s er\u00f3ticamente cargada y poderosa para un hombre. Las","og_url":"https:\/\/demoweb.info\/sexshop001\/producto\/dip-stick-ribeteado-8x240mm\/","og_site_name":"Tienda Er\u00f3tica","article_modified_time":"2022-01-22T16:45:40+00:00","og_image":[{"width":550,"height":550,"url":"https:\/\/demoweb.info\/sexshop001\/wp-content\/uploads\/2022\/01\/DIP-STICK-RIBETEADO-8X240MM.jpg","type":"image\/jpeg"}],"twitter_card":"summary_large_image","schema":{"@context":"https:\/\/schema.org","@graph":[{"@type":"WebPage","@id":"https:\/\/demoweb.info\/sexshop001\/producto\/dip-stick-ribeteado-8x240mm\/","url":"https:\/\/demoweb.info\/sexshop001\/producto\/dip-stick-ribeteado-8x240mm\/","name":"DIP STICK RIBETEADO 8X240MM - Tienda Er\u00f3tica","isPartOf":{"@id":"https:\/\/demoweb.info\/sexshop001\/#website"},"datePublished":"2022-01-22T16:45:34+00:00","dateModified":"2022-01-22T16:45:40+00:00","breadcrumb":{"@id":"https:\/\/demoweb.info\/sexshop001\/producto\/dip-stick-ribeteado-8x240mm\/#breadcrumb"},"inLanguage":"es","potentialAction":[{"@type":"ReadAction","target":["https:\/\/demoweb.info\/sexshop001\/producto\/dip-stick-ribeteado-8x240mm\/"]}]},{"@type":"BreadcrumbList","@id":"https:\/\/demoweb.info\/sexshop001\/producto\/dip-stick-ribeteado-8x240mm\/#breadcrumb","itemListElement":[{"@type":"ListItem","position":1,"name":"Portada","item":"https:\/\/demoweb.info\/sexshop001\/"},{"@type":"ListItem","position":2,"name":"Tienda","item":"https:\/\/demoweb.info\/sexshop001\/tienda\/"},{"@type":"ListItem","position":3,"name":"DIP STICK RIBETEADO 8X240MM"}]},{"@type":"WebSite","@id":"https:\/\/demoweb.info\/sexshop001\/#website","url":"https:\/\/demoweb.info\/sexshop001\/","name":"Tienda Er\u00f3tica","description":"DEMOWEB SL","potentialAction":[{"@type":"SearchAction","target":{"@type":"EntryPoint","urlTemplate":"https:\/\/demoweb.info\/sexshop001\/?s={search_term_string}"},"query-input":"required name=search_term_string"}],"inLanguage":"es"}]}},"_links":{"self":[{"href":"https:\/\/demoweb.info\/sexshop001\/wp-json\/wp\/v3\/product\/59052","targetHints":{"allow":["GET"]}}],"collection":[{"href":"https:\/\/demoweb.info\/sexshop001\/wp-json\/wp\/v3\/product"}],"about":[{"href":"https:\/\/demoweb.info\/sexshop001\/wp-json\/wp\/v2\/types\/product"}],"replies":[{"embeddable":true,"href":"https:\/\/demoweb.info\/sexshop001\/wp-json\/wp\/v2\/comments?post=59052"}],"wp:featuredmedia":[{"embeddable":true,"href":"https:\/\/demoweb.info\/sexshop001\/wp-json\/wp\/v2\/media\/59053"}],"wp:attachment":[{"href":"https:\/\/demoweb.info\/sexshop001\/wp-json\/wp\/v2\/media?parent=59052"}],"wp:term":[{"taxonomy":"product_cat","embeddable":true,"href":"https:\/\/demoweb.info\/sexshop001\/wp-json\/wp\/v2\/product_cat?post=59052"},{"taxonomy":"product_tag","embeddable":true,"href":"https:\/\/demoweb.info\/sexshop001\/wp-json\/wp\/v2\/product_tag?post=59052"}],"curies":[{"name":"wp","href":"https:\/\/api.w.org\/{rel}","templated":true}]}}