{"id":59025,"date":"2022-01-22T17:45:14","date_gmt":"2022-01-22T16:45:14","guid":{"rendered":"https:\/\/demoweb.info\/sexshop001\/producto\/ouch-dildo-155cm-con-arnes-ajustable-negro\/"},"modified":"2022-01-22T17:45:20","modified_gmt":"2022-01-22T16:45:20","slug":"ouch-dildo-155cm-con-arnes-ajustable-negro","status":"publish","type":"product","link":"https:\/\/demoweb.info\/sexshop001\/producto\/ouch-dildo-155cm-con-arnes-ajustable-negro\/","title":{"rendered":"OUCH! DILDO 15,5CM CON ARN\u00c9S AJUSTABLE &#8211; NEGRO"},"content":{"rendered":"<p><strong>OUCH! ADJUSTABLE 6 STRAP-ON SET  <\/strong><\/p>\n<p>El juego de consolador y arn\u00e9s de correa viene con una longitud de 15,5 cent\u00edmetros, un consolador libre de ftalatos con una cabeza redondeada para una m\u00e1xima estimulaci\u00f3n del punto G o de la pr\u00f3stata.<\/p>\n<p>Un anillo robusto mantendr\u00e1 el consolador firmemente en su lugar, manteni\u00e9ndolo perfectamente posicionado para la satisfacci\u00f3n en conjunto.<\/p>\n<ul>\n<li>Longitud total: 15,5 cm<\/li>\n<li>Longitud insertable: 14,8 cm<\/li>\n<li>Di\u00e1metro: 6,6 cm<\/li>\n<li>Material: PVC, Neopreno y Nylon<\/li>\n<\/ul>\n","protected":false},"excerpt":{"rendered":"<p>OUCH! ADJUSTABLE 6 STRAP-ON SET El juego de consolador y arn\u00e9s de correa viene con una longitud de 15,5 cent\u00edmetros,<\/p>\n","protected":false},"featured_media":59026,"comment_status":"open","ping_status":"open","template":"","meta":[],"product_cat":[559],"product_tag":[307,302],"class_list":["post-59025","product","type-product","status-publish","has-post-thumbnail","hentry","product_cat-con-dildo","product_tag-ouch","product_tag-shots"],"bundled_by":[],"bundle_stock_status":"instock","bundle_stock_quantity":1,"bundle_virtual":false,"bundle_layout":"","bundle_add_to_cart_form_location":"","bundle_editable_in_cart":false,"bundle_sold_individually_context":"","bundle_item_grouping":"","bundle_min_size":"","bundle_max_size":"","bundled_items":[],"yoast_head":"<!-- This site is optimized with the Yoast SEO plugin v20.6 - https:\/\/yoast.com\/wordpress\/plugins\/seo\/ -->\n<title>OUCH! DILDO 15,5CM CON ARN\u00c9S AJUSTABLE - NEGRO - Tienda Er\u00f3tica<\/title>\n<meta name=\"robots\" content=\"noindex, follow, max-snippet:-1, max-image-preview:large, max-video-preview:-1\" \/>\n<meta property=\"og:locale\" content=\"es_ES\" \/>\n<meta property=\"og:type\" content=\"article\" \/>\n<meta property=\"og:title\" content=\"OUCH! DILDO 15,5CM CON ARN\u00c9S AJUSTABLE - NEGRO - Tienda Er\u00f3tica\" \/>\n<meta property=\"og:description\" content=\"OUCH! ADJUSTABLE 6 STRAP-ON SET El juego de consolador y arn\u00e9s de correa viene con una longitud de 15,5 cent\u00edmetros,\" \/>\n<meta property=\"og:url\" content=\"https:\/\/demoweb.info\/sexshop001\/producto\/ouch-dildo-155cm-con-arnes-ajustable-negro\/\" \/>\n<meta property=\"og:site_name\" content=\"Tienda Er\u00f3tica\" \/>\n<meta property=\"article:modified_time\" content=\"2022-01-22T16:45:20+00:00\" \/>\n<meta property=\"og:image\" content=\"https:\/\/demoweb.info\/sexshop001\/wp-content\/uploads\/2022\/01\/OUCH-DILDO-155CM-CON-ARNES-AJUSTABLE-NEGRO.jpg\" \/>\n\t<meta property=\"og:image:width\" content=\"550\" \/>\n\t<meta property=\"og:image:height\" content=\"550\" \/>\n\t<meta property=\"og:image:type\" content=\"image\/jpeg\" \/>\n<meta name=\"twitter:card\" content=\"summary_large_image\" \/>\n<script type=\"application\/ld+json\" class=\"yoast-schema-graph\">{\"@context\":\"https:\/\/schema.org\",\"@graph\":[{\"@type\":\"WebPage\",\"@id\":\"https:\/\/demoweb.info\/sexshop001\/producto\/ouch-dildo-155cm-con-arnes-ajustable-negro\/\",\"url\":\"https:\/\/demoweb.info\/sexshop001\/producto\/ouch-dildo-155cm-con-arnes-ajustable-negro\/\",\"name\":\"OUCH! DILDO 15,5CM CON ARN\u00c9S AJUSTABLE - NEGRO - Tienda Er\u00f3tica\",\"isPartOf\":{\"@id\":\"https:\/\/demoweb.info\/sexshop001\/#website\"},\"datePublished\":\"2022-01-22T16:45:14+00:00\",\"dateModified\":\"2022-01-22T16:45:20+00:00\",\"breadcrumb\":{\"@id\":\"https:\/\/demoweb.info\/sexshop001\/producto\/ouch-dildo-155cm-con-arnes-ajustable-negro\/#breadcrumb\"},\"inLanguage\":\"es\",\"potentialAction\":[{\"@type\":\"ReadAction\",\"target\":[\"https:\/\/demoweb.info\/sexshop001\/producto\/ouch-dildo-155cm-con-arnes-ajustable-negro\/\"]}]},{\"@type\":\"BreadcrumbList\",\"@id\":\"https:\/\/demoweb.info\/sexshop001\/producto\/ouch-dildo-155cm-con-arnes-ajustable-negro\/#breadcrumb\",\"itemListElement\":[{\"@type\":\"ListItem\",\"position\":1,\"name\":\"Portada\",\"item\":\"https:\/\/demoweb.info\/sexshop001\/\"},{\"@type\":\"ListItem\",\"position\":2,\"name\":\"Tienda\",\"item\":\"https:\/\/demoweb.info\/sexshop001\/tienda\/\"},{\"@type\":\"ListItem\",\"position\":3,\"name\":\"OUCH! DILDO 15,5CM CON ARN\u00c9S AJUSTABLE &#8211; NEGRO\"}]},{\"@type\":\"WebSite\",\"@id\":\"https:\/\/demoweb.info\/sexshop001\/#website\",\"url\":\"https:\/\/demoweb.info\/sexshop001\/\",\"name\":\"Tienda Er\u00f3tica\",\"description\":\"DEMOWEB SL\",\"potentialAction\":[{\"@type\":\"SearchAction\",\"target\":{\"@type\":\"EntryPoint\",\"urlTemplate\":\"https:\/\/demoweb.info\/sexshop001\/?s={search_term_string}\"},\"query-input\":\"required name=search_term_string\"}],\"inLanguage\":\"es\"}]}<\/script>\n<!-- \/ Yoast SEO plugin. -->","yoast_head_json":{"title":"OUCH! DILDO 15,5CM CON ARN\u00c9S AJUSTABLE - NEGRO - Tienda Er\u00f3tica","robots":{"index":"noindex","follow":"follow","max-snippet":"max-snippet:-1","max-image-preview":"max-image-preview:large","max-video-preview":"max-video-preview:-1"},"og_locale":"es_ES","og_type":"article","og_title":"OUCH! DILDO 15,5CM CON ARN\u00c9S AJUSTABLE - NEGRO - Tienda Er\u00f3tica","og_description":"OUCH! ADJUSTABLE 6 STRAP-ON SET El juego de consolador y arn\u00e9s de correa viene con una longitud de 15,5 cent\u00edmetros,","og_url":"https:\/\/demoweb.info\/sexshop001\/producto\/ouch-dildo-155cm-con-arnes-ajustable-negro\/","og_site_name":"Tienda Er\u00f3tica","article_modified_time":"2022-01-22T16:45:20+00:00","og_image":[{"width":550,"height":550,"url":"https:\/\/demoweb.info\/sexshop001\/wp-content\/uploads\/2022\/01\/OUCH-DILDO-155CM-CON-ARNES-AJUSTABLE-NEGRO.jpg","type":"image\/jpeg"}],"twitter_card":"summary_large_image","schema":{"@context":"https:\/\/schema.org","@graph":[{"@type":"WebPage","@id":"https:\/\/demoweb.info\/sexshop001\/producto\/ouch-dildo-155cm-con-arnes-ajustable-negro\/","url":"https:\/\/demoweb.info\/sexshop001\/producto\/ouch-dildo-155cm-con-arnes-ajustable-negro\/","name":"OUCH! DILDO 15,5CM CON ARN\u00c9S AJUSTABLE - NEGRO - Tienda Er\u00f3tica","isPartOf":{"@id":"https:\/\/demoweb.info\/sexshop001\/#website"},"datePublished":"2022-01-22T16:45:14+00:00","dateModified":"2022-01-22T16:45:20+00:00","breadcrumb":{"@id":"https:\/\/demoweb.info\/sexshop001\/producto\/ouch-dildo-155cm-con-arnes-ajustable-negro\/#breadcrumb"},"inLanguage":"es","potentialAction":[{"@type":"ReadAction","target":["https:\/\/demoweb.info\/sexshop001\/producto\/ouch-dildo-155cm-con-arnes-ajustable-negro\/"]}]},{"@type":"BreadcrumbList","@id":"https:\/\/demoweb.info\/sexshop001\/producto\/ouch-dildo-155cm-con-arnes-ajustable-negro\/#breadcrumb","itemListElement":[{"@type":"ListItem","position":1,"name":"Portada","item":"https:\/\/demoweb.info\/sexshop001\/"},{"@type":"ListItem","position":2,"name":"Tienda","item":"https:\/\/demoweb.info\/sexshop001\/tienda\/"},{"@type":"ListItem","position":3,"name":"OUCH! DILDO 15,5CM CON ARN\u00c9S AJUSTABLE &#8211; NEGRO"}]},{"@type":"WebSite","@id":"https:\/\/demoweb.info\/sexshop001\/#website","url":"https:\/\/demoweb.info\/sexshop001\/","name":"Tienda Er\u00f3tica","description":"DEMOWEB SL","potentialAction":[{"@type":"SearchAction","target":{"@type":"EntryPoint","urlTemplate":"https:\/\/demoweb.info\/sexshop001\/?s={search_term_string}"},"query-input":"required name=search_term_string"}],"inLanguage":"es"}]}},"_links":{"self":[{"href":"https:\/\/demoweb.info\/sexshop001\/wp-json\/wp\/v3\/product\/59025","targetHints":{"allow":["GET"]}}],"collection":[{"href":"https:\/\/demoweb.info\/sexshop001\/wp-json\/wp\/v3\/product"}],"about":[{"href":"https:\/\/demoweb.info\/sexshop001\/wp-json\/wp\/v2\/types\/product"}],"replies":[{"embeddable":true,"href":"https:\/\/demoweb.info\/sexshop001\/wp-json\/wp\/v2\/comments?post=59025"}],"wp:featuredmedia":[{"embeddable":true,"href":"https:\/\/demoweb.info\/sexshop001\/wp-json\/wp\/v2\/media\/59026"}],"wp:attachment":[{"href":"https:\/\/demoweb.info\/sexshop001\/wp-json\/wp\/v2\/media?parent=59025"}],"wp:term":[{"taxonomy":"product_cat","embeddable":true,"href":"https:\/\/demoweb.info\/sexshop001\/wp-json\/wp\/v2\/product_cat?post=59025"},{"taxonomy":"product_tag","embeddable":true,"href":"https:\/\/demoweb.info\/sexshop001\/wp-json\/wp\/v2\/product_tag?post=59025"}],"curies":[{"name":"wp","href":"https:\/\/api.w.org\/{rel}","templated":true}]}}