{"id":58775,"date":"2022-01-22T17:41:47","date_gmt":"2022-01-22T16:41:47","guid":{"rendered":"https:\/\/demoweb.info\/sexshop001\/producto\/pave-marylin-vibrador-rampante-de-silicona\/"},"modified":"2022-01-22T17:42:19","modified_gmt":"2022-01-22T16:42:19","slug":"pave-marylin-vibrador-rampante-de-silicona","status":"publish","type":"product","link":"https:\/\/demoweb.info\/sexshop001\/producto\/pave-marylin-vibrador-rampante-de-silicona\/","title":{"rendered":"PAVE MARYLIN &#8211; VIBRADOR RAMPANTE DE SILICONA"},"content":{"rendered":"<p><strong>PAVE MARYLIN<\/strong><\/p>\n<p>Pave Marilyn es un masajeador con forma de conejito de doble motor con deslumbrantes adornos de cristal, cuerpo flexible y 35 configuraciones de vibraci\u00f3n sensacional para una experiencia de placer verdaderamente \u00fanica.<\/p>\n<p>La punta del estimulador contorneada y el eje sensual son perfectos para acariciar puntos dulces internos y externos. Con una superficie ultra suave y un cuerpo flexible, el estimulador curvo y el masajeador est\u00e1n cubiertos con una silicona de acabado satinado de primera calidad.<\/p>\n<p>Este vibrador suave y sedoso incluye 7 funciones de vibraci\u00f3n y 5 velocidades independientes para cada funci\u00f3n para la estimulaci\u00f3n hecha solo para ti.<\/p>\n<p>Los botones de control de f\u00e1cil toque permiten pasar sin esfuerzo a trav\u00e9s de cada funci\u00f3n de vibraci\u00f3n, mientras aumenta o disminuye la intensidad de la funci\u00f3n. Ya sea que est\u00e9s tomando un ba\u00f1o con un amante o participando en una sesi\u00f3n individual, disfrutar\u00e1s de hasta 2 horas de vibraci\u00f3n impermeable.<\/p>\n<p>Recarga el placer y vuelve al tiempo de juego en solo 2 horas con el cable de carga por USB . El vibrador de lujo hipoalerg\u00e9nico est\u00e1 hecho de silicona satinada con adornos de cristal de cristal.<\/p>\n<p>Medidas:<\/p>\n<ul>\n<li>Masajeador: 12,75 x 3,75 cm<\/li>\n<li>Estimulador: 5 x 2,5 cm<\/li>\n<li>Totales de vibrador: 18,5 x 7 cm<\/li>\n<\/ul>\n","protected":false},"excerpt":{"rendered":"<p>PAVE MARYLIN Pave Marilyn es un masajeador con forma de conejito de doble motor con deslumbrantes adornos de cristal, cuerpo<\/p>\n","protected":false},"featured_media":58776,"comment_status":"open","ping_status":"open","template":"","meta":[],"product_cat":[434],"product_tag":[728,992],"class_list":["post-58775","product","type-product","status-publish","has-post-thumbnail","hentry","product_cat-doble-estimulacion-vibradores-juguetes-xxx","product_tag-jopen","product_tag-pave"],"bundled_by":[],"bundle_stock_status":"instock","bundle_stock_quantity":1,"bundle_virtual":false,"bundle_layout":"","bundle_add_to_cart_form_location":"","bundle_editable_in_cart":false,"bundle_sold_individually_context":"","bundle_item_grouping":"","bundle_min_size":"","bundle_max_size":"","bundled_items":[],"yoast_head":"<!-- This site is optimized with the Yoast SEO plugin v20.6 - https:\/\/yoast.com\/wordpress\/plugins\/seo\/ -->\n<title>PAVE MARYLIN - VIBRADOR RAMPANTE DE SILICONA - Tienda Er\u00f3tica<\/title>\n<meta name=\"robots\" content=\"noindex, follow, max-snippet:-1, max-image-preview:large, max-video-preview:-1\" \/>\n<meta property=\"og:locale\" content=\"es_ES\" \/>\n<meta property=\"og:type\" content=\"article\" \/>\n<meta property=\"og:title\" content=\"PAVE MARYLIN - VIBRADOR RAMPANTE DE SILICONA - Tienda Er\u00f3tica\" \/>\n<meta property=\"og:description\" content=\"PAVE MARYLIN Pave Marilyn es un masajeador con forma de conejito de doble motor con deslumbrantes adornos de cristal, cuerpo\" \/>\n<meta property=\"og:url\" content=\"https:\/\/demoweb.info\/sexshop001\/producto\/pave-marylin-vibrador-rampante-de-silicona\/\" \/>\n<meta property=\"og:site_name\" content=\"Tienda Er\u00f3tica\" \/>\n<meta property=\"article:modified_time\" content=\"2022-01-22T16:42:19+00:00\" \/>\n<meta property=\"og:image\" content=\"https:\/\/demoweb.info\/sexshop001\/wp-content\/uploads\/2022\/01\/PAVE-MARYLIN-VIBRADOR-RAMPANTE-DE-SILICONA.jpg\" \/>\n\t<meta property=\"og:image:width\" content=\"550\" \/>\n\t<meta property=\"og:image:height\" content=\"550\" \/>\n\t<meta property=\"og:image:type\" content=\"image\/jpeg\" \/>\n<meta name=\"twitter:card\" content=\"summary_large_image\" \/>\n<meta name=\"twitter:label1\" content=\"Tiempo de lectura\" \/>\n\t<meta name=\"twitter:data1\" content=\"1 minuto\" \/>\n<script type=\"application\/ld+json\" class=\"yoast-schema-graph\">{\"@context\":\"https:\/\/schema.org\",\"@graph\":[{\"@type\":\"WebPage\",\"@id\":\"https:\/\/demoweb.info\/sexshop001\/producto\/pave-marylin-vibrador-rampante-de-silicona\/\",\"url\":\"https:\/\/demoweb.info\/sexshop001\/producto\/pave-marylin-vibrador-rampante-de-silicona\/\",\"name\":\"PAVE MARYLIN - VIBRADOR RAMPANTE DE SILICONA - Tienda Er\u00f3tica\",\"isPartOf\":{\"@id\":\"https:\/\/demoweb.info\/sexshop001\/#website\"},\"datePublished\":\"2022-01-22T16:41:47+00:00\",\"dateModified\":\"2022-01-22T16:42:19+00:00\",\"breadcrumb\":{\"@id\":\"https:\/\/demoweb.info\/sexshop001\/producto\/pave-marylin-vibrador-rampante-de-silicona\/#breadcrumb\"},\"inLanguage\":\"es\",\"potentialAction\":[{\"@type\":\"ReadAction\",\"target\":[\"https:\/\/demoweb.info\/sexshop001\/producto\/pave-marylin-vibrador-rampante-de-silicona\/\"]}]},{\"@type\":\"BreadcrumbList\",\"@id\":\"https:\/\/demoweb.info\/sexshop001\/producto\/pave-marylin-vibrador-rampante-de-silicona\/#breadcrumb\",\"itemListElement\":[{\"@type\":\"ListItem\",\"position\":1,\"name\":\"Portada\",\"item\":\"https:\/\/demoweb.info\/sexshop001\/\"},{\"@type\":\"ListItem\",\"position\":2,\"name\":\"Tienda\",\"item\":\"https:\/\/demoweb.info\/sexshop001\/tienda\/\"},{\"@type\":\"ListItem\",\"position\":3,\"name\":\"PAVE MARYLIN &#8211; VIBRADOR RAMPANTE DE SILICONA\"}]},{\"@type\":\"WebSite\",\"@id\":\"https:\/\/demoweb.info\/sexshop001\/#website\",\"url\":\"https:\/\/demoweb.info\/sexshop001\/\",\"name\":\"Tienda Er\u00f3tica\",\"description\":\"DEMOWEB SL\",\"potentialAction\":[{\"@type\":\"SearchAction\",\"target\":{\"@type\":\"EntryPoint\",\"urlTemplate\":\"https:\/\/demoweb.info\/sexshop001\/?s={search_term_string}\"},\"query-input\":\"required name=search_term_string\"}],\"inLanguage\":\"es\"}]}<\/script>\n<!-- \/ Yoast SEO plugin. -->","yoast_head_json":{"title":"PAVE MARYLIN - VIBRADOR RAMPANTE DE SILICONA - Tienda Er\u00f3tica","robots":{"index":"noindex","follow":"follow","max-snippet":"max-snippet:-1","max-image-preview":"max-image-preview:large","max-video-preview":"max-video-preview:-1"},"og_locale":"es_ES","og_type":"article","og_title":"PAVE MARYLIN - VIBRADOR RAMPANTE DE SILICONA - Tienda Er\u00f3tica","og_description":"PAVE MARYLIN Pave Marilyn es un masajeador con forma de conejito de doble motor con deslumbrantes adornos de cristal, cuerpo","og_url":"https:\/\/demoweb.info\/sexshop001\/producto\/pave-marylin-vibrador-rampante-de-silicona\/","og_site_name":"Tienda Er\u00f3tica","article_modified_time":"2022-01-22T16:42:19+00:00","og_image":[{"width":550,"height":550,"url":"https:\/\/demoweb.info\/sexshop001\/wp-content\/uploads\/2022\/01\/PAVE-MARYLIN-VIBRADOR-RAMPANTE-DE-SILICONA.jpg","type":"image\/jpeg"}],"twitter_card":"summary_large_image","twitter_misc":{"Tiempo de lectura":"1 minuto"},"schema":{"@context":"https:\/\/schema.org","@graph":[{"@type":"WebPage","@id":"https:\/\/demoweb.info\/sexshop001\/producto\/pave-marylin-vibrador-rampante-de-silicona\/","url":"https:\/\/demoweb.info\/sexshop001\/producto\/pave-marylin-vibrador-rampante-de-silicona\/","name":"PAVE MARYLIN - VIBRADOR RAMPANTE DE SILICONA - Tienda Er\u00f3tica","isPartOf":{"@id":"https:\/\/demoweb.info\/sexshop001\/#website"},"datePublished":"2022-01-22T16:41:47+00:00","dateModified":"2022-01-22T16:42:19+00:00","breadcrumb":{"@id":"https:\/\/demoweb.info\/sexshop001\/producto\/pave-marylin-vibrador-rampante-de-silicona\/#breadcrumb"},"inLanguage":"es","potentialAction":[{"@type":"ReadAction","target":["https:\/\/demoweb.info\/sexshop001\/producto\/pave-marylin-vibrador-rampante-de-silicona\/"]}]},{"@type":"BreadcrumbList","@id":"https:\/\/demoweb.info\/sexshop001\/producto\/pave-marylin-vibrador-rampante-de-silicona\/#breadcrumb","itemListElement":[{"@type":"ListItem","position":1,"name":"Portada","item":"https:\/\/demoweb.info\/sexshop001\/"},{"@type":"ListItem","position":2,"name":"Tienda","item":"https:\/\/demoweb.info\/sexshop001\/tienda\/"},{"@type":"ListItem","position":3,"name":"PAVE MARYLIN &#8211; VIBRADOR RAMPANTE DE SILICONA"}]},{"@type":"WebSite","@id":"https:\/\/demoweb.info\/sexshop001\/#website","url":"https:\/\/demoweb.info\/sexshop001\/","name":"Tienda Er\u00f3tica","description":"DEMOWEB SL","potentialAction":[{"@type":"SearchAction","target":{"@type":"EntryPoint","urlTemplate":"https:\/\/demoweb.info\/sexshop001\/?s={search_term_string}"},"query-input":"required name=search_term_string"}],"inLanguage":"es"}]}},"_links":{"self":[{"href":"https:\/\/demoweb.info\/sexshop001\/wp-json\/wp\/v3\/product\/58775","targetHints":{"allow":["GET"]}}],"collection":[{"href":"https:\/\/demoweb.info\/sexshop001\/wp-json\/wp\/v3\/product"}],"about":[{"href":"https:\/\/demoweb.info\/sexshop001\/wp-json\/wp\/v2\/types\/product"}],"replies":[{"embeddable":true,"href":"https:\/\/demoweb.info\/sexshop001\/wp-json\/wp\/v2\/comments?post=58775"}],"wp:featuredmedia":[{"embeddable":true,"href":"https:\/\/demoweb.info\/sexshop001\/wp-json\/wp\/v2\/media\/58776"}],"wp:attachment":[{"href":"https:\/\/demoweb.info\/sexshop001\/wp-json\/wp\/v2\/media?parent=58775"}],"wp:term":[{"taxonomy":"product_cat","embeddable":true,"href":"https:\/\/demoweb.info\/sexshop001\/wp-json\/wp\/v2\/product_cat?post=58775"},{"taxonomy":"product_tag","embeddable":true,"href":"https:\/\/demoweb.info\/sexshop001\/wp-json\/wp\/v2\/product_tag?post=58775"}],"curies":[{"name":"wp","href":"https:\/\/api.w.org\/{rel}","templated":true}]}}