{"id":58736,"date":"2022-01-22T17:41:47","date_gmt":"2022-01-22T16:41:47","guid":{"rendered":"https:\/\/demoweb.info\/sexshop001\/producto\/e-stim-petite-vibrador-de-silicona\/"},"modified":"2022-01-22T17:41:52","modified_gmt":"2022-01-22T16:41:52","slug":"e-stim-petite-vibrador-de-silicona","status":"publish","type":"product","link":"https:\/\/demoweb.info\/sexshop001\/producto\/e-stim-petite-vibrador-de-silicona\/","title":{"rendered":"E-STIM PETITE VIBRADOR DE SILICONA"},"content":{"rendered":"<p><strong>E-STIM PETITE WAND<\/strong><\/p>\n<p>La colecci\u00f3n Impulse E-stimulation est\u00e1 aqu\u00ed para energizarse con el Intimate E-Stimulator Petite Wand.<\/p>\n<p>Este elegante masajeador incluye 5 funciones de electroestimulaci\u00f3n y 7 funciones de vibraci\u00f3n para aumentar el placer con cada uso.<\/p>\n<p>La tecnolog\u00eda de electroestimulaci\u00f3n utiliza pulsos el\u00e9ctricos para fortalecer y tonificar autom\u00e1ticamente los m\u00fasculos del piso p\u00e9lvico responsables de los orgasmos intensos. Las almohadillas electroestimuladas de aleaci\u00f3n de zinc colocadas estrat\u00e9gicamente pulsan suavemente para intensificar la sensaci\u00f3n y el cl\u00edmax.<\/p>\n<p>Adopta la estimulaci\u00f3n de todo el cuerpo con las 7 funciones de este vibrador sedoso y las 5 funciones de E-stim controladas de forma independiente.<\/p>\n<p>El elegante panel de control de 3 botones te permite disfrutar de un control sin frustraciones.<\/p>\n<p>El masajeador flexible est\u00e1 hecho de una silicona higi\u00e9nicamente superior. Este material seguro para el cuerpo no tiene fragancia y no contiene ftalatos para mantener felices y saludables los lugares m\u00e1s sensibles.<\/p>\n<p>Recargable con USB.<\/p>\n<p>Resistente al agua.<\/p>\n<p>Medidas: <\/p>\n<ul>\n<li>Totales: 18,5 x 3,75 cm<\/li>\n<li>Insertables: 12,75 x 2,5 cm<\/li>\n<\/ul>\n","protected":false},"excerpt":{"rendered":"<p>E-STIM PETITE WAND La colecci\u00f3n Impulse E-stimulation est\u00e1 aqu\u00ed para energizarse con el Intimate E-Stimulator Petite Wand. Este elegante masajeador<\/p>\n","protected":false},"featured_media":58737,"comment_status":"open","ping_status":"open","template":"","meta":[],"product_cat":[315],"product_tag":[660,1588],"class_list":["post-58736","product","type-product","status-publish","has-post-thumbnail","hentry","product_cat-silicona-vibradores-juguetes-xxx","product_tag-calexotics","product_tag-impulse"],"bundled_by":[],"bundle_stock_status":"instock","bundle_stock_quantity":1,"bundle_virtual":false,"bundle_layout":"","bundle_add_to_cart_form_location":"","bundle_editable_in_cart":false,"bundle_sold_individually_context":"","bundle_item_grouping":"","bundle_min_size":"","bundle_max_size":"","bundled_items":[],"yoast_head":"<!-- This site is optimized with the Yoast SEO plugin v20.6 - https:\/\/yoast.com\/wordpress\/plugins\/seo\/ -->\n<title>E-STIM PETITE VIBRADOR DE SILICONA - Tienda Er\u00f3tica<\/title>\n<meta name=\"robots\" content=\"noindex, follow, max-snippet:-1, max-image-preview:large, max-video-preview:-1\" \/>\n<meta property=\"og:locale\" content=\"es_ES\" \/>\n<meta property=\"og:type\" content=\"article\" \/>\n<meta property=\"og:title\" content=\"E-STIM PETITE VIBRADOR DE SILICONA - Tienda Er\u00f3tica\" \/>\n<meta property=\"og:description\" content=\"E-STIM PETITE WAND La colecci\u00f3n Impulse E-stimulation est\u00e1 aqu\u00ed para energizarse con el Intimate E-Stimulator Petite Wand. Este elegante masajeador\" \/>\n<meta property=\"og:url\" content=\"https:\/\/demoweb.info\/sexshop001\/producto\/e-stim-petite-vibrador-de-silicona\/\" \/>\n<meta property=\"og:site_name\" content=\"Tienda Er\u00f3tica\" \/>\n<meta property=\"article:modified_time\" content=\"2022-01-22T16:41:52+00:00\" \/>\n<meta property=\"og:image\" content=\"https:\/\/demoweb.info\/sexshop001\/wp-content\/uploads\/2022\/01\/E-STIM-PETITE-VIBRADOR-DE-SILICONA.jpg\" \/>\n\t<meta property=\"og:image:width\" content=\"550\" \/>\n\t<meta property=\"og:image:height\" content=\"550\" \/>\n\t<meta property=\"og:image:type\" content=\"image\/jpeg\" \/>\n<meta name=\"twitter:card\" content=\"summary_large_image\" \/>\n<meta name=\"twitter:label1\" content=\"Tiempo de lectura\" \/>\n\t<meta name=\"twitter:data1\" content=\"1 minuto\" \/>\n<script type=\"application\/ld+json\" class=\"yoast-schema-graph\">{\"@context\":\"https:\/\/schema.org\",\"@graph\":[{\"@type\":\"WebPage\",\"@id\":\"https:\/\/demoweb.info\/sexshop001\/producto\/e-stim-petite-vibrador-de-silicona\/\",\"url\":\"https:\/\/demoweb.info\/sexshop001\/producto\/e-stim-petite-vibrador-de-silicona\/\",\"name\":\"E-STIM PETITE VIBRADOR DE SILICONA - Tienda Er\u00f3tica\",\"isPartOf\":{\"@id\":\"https:\/\/demoweb.info\/sexshop001\/#website\"},\"datePublished\":\"2022-01-22T16:41:47+00:00\",\"dateModified\":\"2022-01-22T16:41:52+00:00\",\"breadcrumb\":{\"@id\":\"https:\/\/demoweb.info\/sexshop001\/producto\/e-stim-petite-vibrador-de-silicona\/#breadcrumb\"},\"inLanguage\":\"es\",\"potentialAction\":[{\"@type\":\"ReadAction\",\"target\":[\"https:\/\/demoweb.info\/sexshop001\/producto\/e-stim-petite-vibrador-de-silicona\/\"]}]},{\"@type\":\"BreadcrumbList\",\"@id\":\"https:\/\/demoweb.info\/sexshop001\/producto\/e-stim-petite-vibrador-de-silicona\/#breadcrumb\",\"itemListElement\":[{\"@type\":\"ListItem\",\"position\":1,\"name\":\"Portada\",\"item\":\"https:\/\/demoweb.info\/sexshop001\/\"},{\"@type\":\"ListItem\",\"position\":2,\"name\":\"Tienda\",\"item\":\"https:\/\/demoweb.info\/sexshop001\/tienda\/\"},{\"@type\":\"ListItem\",\"position\":3,\"name\":\"E-STIM PETITE VIBRADOR DE SILICONA\"}]},{\"@type\":\"WebSite\",\"@id\":\"https:\/\/demoweb.info\/sexshop001\/#website\",\"url\":\"https:\/\/demoweb.info\/sexshop001\/\",\"name\":\"Tienda Er\u00f3tica\",\"description\":\"DEMOWEB SL\",\"potentialAction\":[{\"@type\":\"SearchAction\",\"target\":{\"@type\":\"EntryPoint\",\"urlTemplate\":\"https:\/\/demoweb.info\/sexshop001\/?s={search_term_string}\"},\"query-input\":\"required name=search_term_string\"}],\"inLanguage\":\"es\"}]}<\/script>\n<!-- \/ Yoast SEO plugin. -->","yoast_head_json":{"title":"E-STIM PETITE VIBRADOR DE SILICONA - Tienda Er\u00f3tica","robots":{"index":"noindex","follow":"follow","max-snippet":"max-snippet:-1","max-image-preview":"max-image-preview:large","max-video-preview":"max-video-preview:-1"},"og_locale":"es_ES","og_type":"article","og_title":"E-STIM PETITE VIBRADOR DE SILICONA - Tienda Er\u00f3tica","og_description":"E-STIM PETITE WAND La colecci\u00f3n Impulse E-stimulation est\u00e1 aqu\u00ed para energizarse con el Intimate E-Stimulator Petite Wand. Este elegante masajeador","og_url":"https:\/\/demoweb.info\/sexshop001\/producto\/e-stim-petite-vibrador-de-silicona\/","og_site_name":"Tienda Er\u00f3tica","article_modified_time":"2022-01-22T16:41:52+00:00","og_image":[{"width":550,"height":550,"url":"https:\/\/demoweb.info\/sexshop001\/wp-content\/uploads\/2022\/01\/E-STIM-PETITE-VIBRADOR-DE-SILICONA.jpg","type":"image\/jpeg"}],"twitter_card":"summary_large_image","twitter_misc":{"Tiempo de lectura":"1 minuto"},"schema":{"@context":"https:\/\/schema.org","@graph":[{"@type":"WebPage","@id":"https:\/\/demoweb.info\/sexshop001\/producto\/e-stim-petite-vibrador-de-silicona\/","url":"https:\/\/demoweb.info\/sexshop001\/producto\/e-stim-petite-vibrador-de-silicona\/","name":"E-STIM PETITE VIBRADOR DE SILICONA - Tienda Er\u00f3tica","isPartOf":{"@id":"https:\/\/demoweb.info\/sexshop001\/#website"},"datePublished":"2022-01-22T16:41:47+00:00","dateModified":"2022-01-22T16:41:52+00:00","breadcrumb":{"@id":"https:\/\/demoweb.info\/sexshop001\/producto\/e-stim-petite-vibrador-de-silicona\/#breadcrumb"},"inLanguage":"es","potentialAction":[{"@type":"ReadAction","target":["https:\/\/demoweb.info\/sexshop001\/producto\/e-stim-petite-vibrador-de-silicona\/"]}]},{"@type":"BreadcrumbList","@id":"https:\/\/demoweb.info\/sexshop001\/producto\/e-stim-petite-vibrador-de-silicona\/#breadcrumb","itemListElement":[{"@type":"ListItem","position":1,"name":"Portada","item":"https:\/\/demoweb.info\/sexshop001\/"},{"@type":"ListItem","position":2,"name":"Tienda","item":"https:\/\/demoweb.info\/sexshop001\/tienda\/"},{"@type":"ListItem","position":3,"name":"E-STIM PETITE VIBRADOR DE SILICONA"}]},{"@type":"WebSite","@id":"https:\/\/demoweb.info\/sexshop001\/#website","url":"https:\/\/demoweb.info\/sexshop001\/","name":"Tienda Er\u00f3tica","description":"DEMOWEB SL","potentialAction":[{"@type":"SearchAction","target":{"@type":"EntryPoint","urlTemplate":"https:\/\/demoweb.info\/sexshop001\/?s={search_term_string}"},"query-input":"required name=search_term_string"}],"inLanguage":"es"}]}},"_links":{"self":[{"href":"https:\/\/demoweb.info\/sexshop001\/wp-json\/wp\/v3\/product\/58736","targetHints":{"allow":["GET"]}}],"collection":[{"href":"https:\/\/demoweb.info\/sexshop001\/wp-json\/wp\/v3\/product"}],"about":[{"href":"https:\/\/demoweb.info\/sexshop001\/wp-json\/wp\/v2\/types\/product"}],"replies":[{"embeddable":true,"href":"https:\/\/demoweb.info\/sexshop001\/wp-json\/wp\/v2\/comments?post=58736"}],"wp:featuredmedia":[{"embeddable":true,"href":"https:\/\/demoweb.info\/sexshop001\/wp-json\/wp\/v2\/media\/58737"}],"wp:attachment":[{"href":"https:\/\/demoweb.info\/sexshop001\/wp-json\/wp\/v2\/media?parent=58736"}],"wp:term":[{"taxonomy":"product_cat","embeddable":true,"href":"https:\/\/demoweb.info\/sexshop001\/wp-json\/wp\/v2\/product_cat?post=58736"},{"taxonomy":"product_tag","embeddable":true,"href":"https:\/\/demoweb.info\/sexshop001\/wp-json\/wp\/v2\/product_tag?post=58736"}],"curies":[{"name":"wp","href":"https:\/\/api.w.org\/{rel}","templated":true}]}}