{"id":58729,"date":"2022-01-22T17:41:47","date_gmt":"2022-01-22T16:41:47","guid":{"rendered":"https:\/\/demoweb.info\/sexshop001\/producto\/e-stim-bala-kegel-con-vibracion\/"},"modified":"2022-01-22T17:41:47","modified_gmt":"2022-01-22T16:41:47","slug":"e-stim-bala-kegel-con-vibracion","status":"publish","type":"product","link":"https:\/\/demoweb.info\/sexshop001\/producto\/e-stim-bala-kegel-con-vibracion\/","title":{"rendered":"E-STIM BALA KEGEL CON VIBRACI\u00d3N"},"content":{"rendered":"<p><strong>E-STIM REMOTE KEGEL EXERCISER<\/strong><\/p>\n<p>Impulse Intimate E-Stimulator Remote Kegel Exercizer utiliza las almohadillas estimuladoras de aleaci\u00f3n de zinc para tonificar y fortalecer autom\u00e1ticamente los m\u00fasculos p\u00e9lvicos responsables de la excitaci\u00f3n y el cl\u00edmax.<\/p>\n<p>Tiene 7 funciones de vibraci\u00f3n, 5 almohadillas electroestimulantes y un cable de recuperaci\u00f3n flexible.<\/p>\n<p>Tonifica, fortalece y aprieta los m\u00fasculos del piso p\u00e9lvico mientras tu o tu amante us\u00e1is un control remoto pr\u00e1ctico para recorrer las potentes sensaciones desde una distancia de hasta 10 metros.<\/p>\n<p>La tecnolog\u00eda de electroestimulaci\u00f3n utiliza pulsos el\u00e9ctricos para fortalecer y tonificar autom\u00e1ticamente los m\u00fasculos del suelo p\u00e9lvico responsables de los orgasmos intensos. Las almohadillas electroestimuladas de aleaci\u00f3n de zinc colocadas estrat\u00e9gicamente pulsan suavemente para intensificar la sensaci\u00f3n y el cl\u00edmax.<\/p>\n<p>Adopta la estimulaci\u00f3n de todo el cuerpo con las 7 funciones de este vibrador sedoso y las 5 funciones de E-stim controladas de forma independiente.<\/p>\n<p>El elegante panel de control de 3 botones te permite disfrutar de un control sin frustraciones.<\/p>\n<p>Recargable con USB.<\/p>\n<p>Resistente al agua.<\/p>\n<p>Medidas: 7,25 x 3,25 cm<\/p>\n","protected":false},"excerpt":{"rendered":"<p>E-STIM REMOTE KEGEL EXERCISER Impulse Intimate E-Stimulator Remote Kegel Exercizer utiliza las almohadillas estimuladoras de aleaci\u00f3n de zinc para tonificar<\/p>\n","protected":false},"featured_media":58730,"comment_status":"open","ping_status":"open","template":"","meta":[],"product_cat":[322],"product_tag":[660,1588],"class_list":["post-58729","product","type-product","status-publish","has-post-thumbnail","hentry","product_cat-con-mando","product_tag-calexotics","product_tag-impulse"],"bundled_by":[],"bundle_stock_status":"outofstock","bundle_stock_quantity":0,"bundle_virtual":false,"bundle_layout":"","bundle_add_to_cart_form_location":"","bundle_editable_in_cart":false,"bundle_sold_individually_context":"","bundle_item_grouping":"","bundle_min_size":"","bundle_max_size":"","bundled_items":[],"yoast_head":"<!-- This site is optimized with the Yoast SEO plugin v20.6 - https:\/\/yoast.com\/wordpress\/plugins\/seo\/ -->\n<title>E-STIM BALA KEGEL CON VIBRACI\u00d3N - Tienda Er\u00f3tica<\/title>\n<meta name=\"robots\" content=\"noindex, follow, max-snippet:-1, max-image-preview:large, max-video-preview:-1\" \/>\n<meta property=\"og:locale\" content=\"es_ES\" \/>\n<meta property=\"og:type\" content=\"article\" \/>\n<meta property=\"og:title\" content=\"E-STIM BALA KEGEL CON VIBRACI\u00d3N - Tienda Er\u00f3tica\" \/>\n<meta property=\"og:description\" content=\"E-STIM REMOTE KEGEL EXERCISER Impulse Intimate E-Stimulator Remote Kegel Exercizer utiliza las almohadillas estimuladoras de aleaci\u00f3n de zinc para tonificar\" \/>\n<meta property=\"og:url\" content=\"https:\/\/demoweb.info\/sexshop001\/producto\/e-stim-bala-kegel-con-vibracion\/\" \/>\n<meta property=\"og:site_name\" content=\"Tienda Er\u00f3tica\" \/>\n<meta property=\"og:image\" content=\"https:\/\/demoweb.info\/sexshop001\/wp-content\/uploads\/2022\/01\/E-STIM-BALA-KEGEL-CON-VIBRACION.jpg\" \/>\n\t<meta property=\"og:image:width\" content=\"550\" \/>\n\t<meta property=\"og:image:height\" content=\"550\" \/>\n\t<meta property=\"og:image:type\" content=\"image\/jpeg\" \/>\n<meta name=\"twitter:card\" content=\"summary_large_image\" \/>\n<meta name=\"twitter:label1\" content=\"Tiempo de lectura\" \/>\n\t<meta name=\"twitter:data1\" content=\"1 minuto\" \/>\n<script type=\"application\/ld+json\" class=\"yoast-schema-graph\">{\"@context\":\"https:\/\/schema.org\",\"@graph\":[{\"@type\":\"WebPage\",\"@id\":\"https:\/\/demoweb.info\/sexshop001\/producto\/e-stim-bala-kegel-con-vibracion\/\",\"url\":\"https:\/\/demoweb.info\/sexshop001\/producto\/e-stim-bala-kegel-con-vibracion\/\",\"name\":\"E-STIM BALA KEGEL CON VIBRACI\u00d3N - Tienda Er\u00f3tica\",\"isPartOf\":{\"@id\":\"https:\/\/demoweb.info\/sexshop001\/#website\"},\"datePublished\":\"2022-01-22T16:41:47+00:00\",\"dateModified\":\"2022-01-22T16:41:47+00:00\",\"breadcrumb\":{\"@id\":\"https:\/\/demoweb.info\/sexshop001\/producto\/e-stim-bala-kegel-con-vibracion\/#breadcrumb\"},\"inLanguage\":\"es\",\"potentialAction\":[{\"@type\":\"ReadAction\",\"target\":[\"https:\/\/demoweb.info\/sexshop001\/producto\/e-stim-bala-kegel-con-vibracion\/\"]}]},{\"@type\":\"BreadcrumbList\",\"@id\":\"https:\/\/demoweb.info\/sexshop001\/producto\/e-stim-bala-kegel-con-vibracion\/#breadcrumb\",\"itemListElement\":[{\"@type\":\"ListItem\",\"position\":1,\"name\":\"Portada\",\"item\":\"https:\/\/demoweb.info\/sexshop001\/\"},{\"@type\":\"ListItem\",\"position\":2,\"name\":\"Tienda\",\"item\":\"https:\/\/demoweb.info\/sexshop001\/tienda\/\"},{\"@type\":\"ListItem\",\"position\":3,\"name\":\"E-STIM BALA KEGEL CON VIBRACI\u00d3N\"}]},{\"@type\":\"WebSite\",\"@id\":\"https:\/\/demoweb.info\/sexshop001\/#website\",\"url\":\"https:\/\/demoweb.info\/sexshop001\/\",\"name\":\"Tienda Er\u00f3tica\",\"description\":\"DEMOWEB SL\",\"potentialAction\":[{\"@type\":\"SearchAction\",\"target\":{\"@type\":\"EntryPoint\",\"urlTemplate\":\"https:\/\/demoweb.info\/sexshop001\/?s={search_term_string}\"},\"query-input\":\"required name=search_term_string\"}],\"inLanguage\":\"es\"}]}<\/script>\n<!-- \/ Yoast SEO plugin. -->","yoast_head_json":{"title":"E-STIM BALA KEGEL CON VIBRACI\u00d3N - Tienda Er\u00f3tica","robots":{"index":"noindex","follow":"follow","max-snippet":"max-snippet:-1","max-image-preview":"max-image-preview:large","max-video-preview":"max-video-preview:-1"},"og_locale":"es_ES","og_type":"article","og_title":"E-STIM BALA KEGEL CON VIBRACI\u00d3N - Tienda Er\u00f3tica","og_description":"E-STIM REMOTE KEGEL EXERCISER Impulse Intimate E-Stimulator Remote Kegel Exercizer utiliza las almohadillas estimuladoras de aleaci\u00f3n de zinc para tonificar","og_url":"https:\/\/demoweb.info\/sexshop001\/producto\/e-stim-bala-kegel-con-vibracion\/","og_site_name":"Tienda Er\u00f3tica","og_image":[{"width":550,"height":550,"url":"https:\/\/demoweb.info\/sexshop001\/wp-content\/uploads\/2022\/01\/E-STIM-BALA-KEGEL-CON-VIBRACION.jpg","type":"image\/jpeg"}],"twitter_card":"summary_large_image","twitter_misc":{"Tiempo de lectura":"1 minuto"},"schema":{"@context":"https:\/\/schema.org","@graph":[{"@type":"WebPage","@id":"https:\/\/demoweb.info\/sexshop001\/producto\/e-stim-bala-kegel-con-vibracion\/","url":"https:\/\/demoweb.info\/sexshop001\/producto\/e-stim-bala-kegel-con-vibracion\/","name":"E-STIM BALA KEGEL CON VIBRACI\u00d3N - Tienda Er\u00f3tica","isPartOf":{"@id":"https:\/\/demoweb.info\/sexshop001\/#website"},"datePublished":"2022-01-22T16:41:47+00:00","dateModified":"2022-01-22T16:41:47+00:00","breadcrumb":{"@id":"https:\/\/demoweb.info\/sexshop001\/producto\/e-stim-bala-kegel-con-vibracion\/#breadcrumb"},"inLanguage":"es","potentialAction":[{"@type":"ReadAction","target":["https:\/\/demoweb.info\/sexshop001\/producto\/e-stim-bala-kegel-con-vibracion\/"]}]},{"@type":"BreadcrumbList","@id":"https:\/\/demoweb.info\/sexshop001\/producto\/e-stim-bala-kegel-con-vibracion\/#breadcrumb","itemListElement":[{"@type":"ListItem","position":1,"name":"Portada","item":"https:\/\/demoweb.info\/sexshop001\/"},{"@type":"ListItem","position":2,"name":"Tienda","item":"https:\/\/demoweb.info\/sexshop001\/tienda\/"},{"@type":"ListItem","position":3,"name":"E-STIM BALA KEGEL CON VIBRACI\u00d3N"}]},{"@type":"WebSite","@id":"https:\/\/demoweb.info\/sexshop001\/#website","url":"https:\/\/demoweb.info\/sexshop001\/","name":"Tienda Er\u00f3tica","description":"DEMOWEB SL","potentialAction":[{"@type":"SearchAction","target":{"@type":"EntryPoint","urlTemplate":"https:\/\/demoweb.info\/sexshop001\/?s={search_term_string}"},"query-input":"required name=search_term_string"}],"inLanguage":"es"}]}},"_links":{"self":[{"href":"https:\/\/demoweb.info\/sexshop001\/wp-json\/wp\/v3\/product\/58729","targetHints":{"allow":["GET"]}}],"collection":[{"href":"https:\/\/demoweb.info\/sexshop001\/wp-json\/wp\/v3\/product"}],"about":[{"href":"https:\/\/demoweb.info\/sexshop001\/wp-json\/wp\/v2\/types\/product"}],"replies":[{"embeddable":true,"href":"https:\/\/demoweb.info\/sexshop001\/wp-json\/wp\/v2\/comments?post=58729"}],"wp:featuredmedia":[{"embeddable":true,"href":"https:\/\/demoweb.info\/sexshop001\/wp-json\/wp\/v2\/media\/58730"}],"wp:attachment":[{"href":"https:\/\/demoweb.info\/sexshop001\/wp-json\/wp\/v2\/media?parent=58729"}],"wp:term":[{"taxonomy":"product_cat","embeddable":true,"href":"https:\/\/demoweb.info\/sexshop001\/wp-json\/wp\/v2\/product_cat?post=58729"},{"taxonomy":"product_tag","embeddable":true,"href":"https:\/\/demoweb.info\/sexshop001\/wp-json\/wp\/v2\/product_tag?post=58729"}],"curies":[{"name":"wp","href":"https:\/\/api.w.org\/{rel}","templated":true}]}}