{"id":58710,"date":"2022-01-22T17:41:19","date_gmt":"2022-01-22T16:41:19","guid":{"rendered":"https:\/\/demoweb.info\/sexshop001\/producto\/pad-kit-juego-de-electroestimulacion-blanco\/"},"modified":"2022-01-22T17:41:31","modified_gmt":"2022-01-22T16:41:31","slug":"pad-kit-juego-de-electroestimulacion-blanco","status":"publish","type":"product","link":"https:\/\/demoweb.info\/sexshop001\/producto\/pad-kit-juego-de-electroestimulacion-blanco\/","title":{"rendered":"PAD KIT JUEGO DE ELECTROESTIMULACI\u00d3N &#8211; BLANCO"},"content":{"rendered":"<p><strong>PAD KIT <\/strong><\/p>\n<p>Este excitante set consiste de 6 almohadillas y 1 controlador con 2 cables. Viene en 3 diferentes formas: cuadrada, ovalada y fantas\u00eda.<\/p>\n<p>Asegura estas almohadillas de uso \u00fanico al cuerpo y con\u00e9ctelas con los dos cables al controlador para obtener emocionantes resultados. Un cable tiene 2 puntos de conexi\u00f3n y el otro 4 para poder conectar todas las 6 almohadillas al mismo tiempo.<\/p>\n<p>S\u00f3lo aseg\u00farate de que ambos cables est\u00e9n conectados y hagan contacto simult\u00e1neamente para obtener un efecto completo.<\/p>\n","protected":false},"excerpt":{"rendered":"<p>PAD KIT Este excitante set consiste de 6 almohadillas y 1 controlador con 2 cables. Viene en 3 diferentes formas:<\/p>\n","protected":false},"featured_media":58711,"comment_status":"open","ping_status":"open","template":"","meta":[],"product_cat":[492],"product_tag":[303,302],"class_list":["post-58710","product","type-product","status-publish","has-post-thumbnail","hentry","product_cat-electroestimulacion","product_tag-electroshock","product_tag-shots"],"bundled_by":[],"bundle_stock_status":"instock","bundle_stock_quantity":3,"bundle_virtual":false,"bundle_layout":"","bundle_add_to_cart_form_location":"","bundle_editable_in_cart":false,"bundle_sold_individually_context":"","bundle_item_grouping":"","bundle_min_size":"","bundle_max_size":"","bundled_items":[],"yoast_head":"<!-- This site is optimized with the Yoast SEO plugin v20.6 - https:\/\/yoast.com\/wordpress\/plugins\/seo\/ -->\n<title>PAD KIT JUEGO DE ELECTROESTIMULACI\u00d3N - BLANCO - Tienda Er\u00f3tica<\/title>\n<meta name=\"robots\" content=\"noindex, follow, max-snippet:-1, max-image-preview:large, max-video-preview:-1\" \/>\n<meta property=\"og:locale\" content=\"es_ES\" \/>\n<meta property=\"og:type\" content=\"article\" \/>\n<meta property=\"og:title\" content=\"PAD KIT JUEGO DE ELECTROESTIMULACI\u00d3N - BLANCO - Tienda Er\u00f3tica\" \/>\n<meta property=\"og:description\" content=\"PAD KIT Este excitante set consiste de 6 almohadillas y 1 controlador con 2 cables. Viene en 3 diferentes formas:\" \/>\n<meta property=\"og:url\" content=\"https:\/\/demoweb.info\/sexshop001\/producto\/pad-kit-juego-de-electroestimulacion-blanco\/\" \/>\n<meta property=\"og:site_name\" content=\"Tienda Er\u00f3tica\" \/>\n<meta property=\"article:modified_time\" content=\"2022-01-22T16:41:31+00:00\" \/>\n<meta property=\"og:image\" content=\"https:\/\/demoweb.info\/sexshop001\/wp-content\/uploads\/2022\/01\/PAD-KIT-JUEGO-DE-ELECTROESTIMULACION-BLANCO.jpg\" \/>\n\t<meta property=\"og:image:width\" content=\"550\" \/>\n\t<meta property=\"og:image:height\" content=\"550\" \/>\n\t<meta property=\"og:image:type\" content=\"image\/jpeg\" \/>\n<meta name=\"twitter:card\" content=\"summary_large_image\" \/>\n<script type=\"application\/ld+json\" class=\"yoast-schema-graph\">{\"@context\":\"https:\/\/schema.org\",\"@graph\":[{\"@type\":\"WebPage\",\"@id\":\"https:\/\/demoweb.info\/sexshop001\/producto\/pad-kit-juego-de-electroestimulacion-blanco\/\",\"url\":\"https:\/\/demoweb.info\/sexshop001\/producto\/pad-kit-juego-de-electroestimulacion-blanco\/\",\"name\":\"PAD KIT JUEGO DE ELECTROESTIMULACI\u00d3N - BLANCO - Tienda Er\u00f3tica\",\"isPartOf\":{\"@id\":\"https:\/\/demoweb.info\/sexshop001\/#website\"},\"datePublished\":\"2022-01-22T16:41:19+00:00\",\"dateModified\":\"2022-01-22T16:41:31+00:00\",\"breadcrumb\":{\"@id\":\"https:\/\/demoweb.info\/sexshop001\/producto\/pad-kit-juego-de-electroestimulacion-blanco\/#breadcrumb\"},\"inLanguage\":\"es\",\"potentialAction\":[{\"@type\":\"ReadAction\",\"target\":[\"https:\/\/demoweb.info\/sexshop001\/producto\/pad-kit-juego-de-electroestimulacion-blanco\/\"]}]},{\"@type\":\"BreadcrumbList\",\"@id\":\"https:\/\/demoweb.info\/sexshop001\/producto\/pad-kit-juego-de-electroestimulacion-blanco\/#breadcrumb\",\"itemListElement\":[{\"@type\":\"ListItem\",\"position\":1,\"name\":\"Portada\",\"item\":\"https:\/\/demoweb.info\/sexshop001\/\"},{\"@type\":\"ListItem\",\"position\":2,\"name\":\"Tienda\",\"item\":\"https:\/\/demoweb.info\/sexshop001\/tienda\/\"},{\"@type\":\"ListItem\",\"position\":3,\"name\":\"PAD KIT JUEGO DE ELECTROESTIMULACI\u00d3N &#8211; BLANCO\"}]},{\"@type\":\"WebSite\",\"@id\":\"https:\/\/demoweb.info\/sexshop001\/#website\",\"url\":\"https:\/\/demoweb.info\/sexshop001\/\",\"name\":\"Tienda Er\u00f3tica\",\"description\":\"DEMOWEB SL\",\"potentialAction\":[{\"@type\":\"SearchAction\",\"target\":{\"@type\":\"EntryPoint\",\"urlTemplate\":\"https:\/\/demoweb.info\/sexshop001\/?s={search_term_string}\"},\"query-input\":\"required name=search_term_string\"}],\"inLanguage\":\"es\"}]}<\/script>\n<!-- \/ Yoast SEO plugin. -->","yoast_head_json":{"title":"PAD KIT JUEGO DE ELECTROESTIMULACI\u00d3N - BLANCO - Tienda Er\u00f3tica","robots":{"index":"noindex","follow":"follow","max-snippet":"max-snippet:-1","max-image-preview":"max-image-preview:large","max-video-preview":"max-video-preview:-1"},"og_locale":"es_ES","og_type":"article","og_title":"PAD KIT JUEGO DE ELECTROESTIMULACI\u00d3N - BLANCO - Tienda Er\u00f3tica","og_description":"PAD KIT Este excitante set consiste de 6 almohadillas y 1 controlador con 2 cables. Viene en 3 diferentes formas:","og_url":"https:\/\/demoweb.info\/sexshop001\/producto\/pad-kit-juego-de-electroestimulacion-blanco\/","og_site_name":"Tienda Er\u00f3tica","article_modified_time":"2022-01-22T16:41:31+00:00","og_image":[{"width":550,"height":550,"url":"https:\/\/demoweb.info\/sexshop001\/wp-content\/uploads\/2022\/01\/PAD-KIT-JUEGO-DE-ELECTROESTIMULACION-BLANCO.jpg","type":"image\/jpeg"}],"twitter_card":"summary_large_image","schema":{"@context":"https:\/\/schema.org","@graph":[{"@type":"WebPage","@id":"https:\/\/demoweb.info\/sexshop001\/producto\/pad-kit-juego-de-electroestimulacion-blanco\/","url":"https:\/\/demoweb.info\/sexshop001\/producto\/pad-kit-juego-de-electroestimulacion-blanco\/","name":"PAD KIT JUEGO DE ELECTROESTIMULACI\u00d3N - BLANCO - Tienda Er\u00f3tica","isPartOf":{"@id":"https:\/\/demoweb.info\/sexshop001\/#website"},"datePublished":"2022-01-22T16:41:19+00:00","dateModified":"2022-01-22T16:41:31+00:00","breadcrumb":{"@id":"https:\/\/demoweb.info\/sexshop001\/producto\/pad-kit-juego-de-electroestimulacion-blanco\/#breadcrumb"},"inLanguage":"es","potentialAction":[{"@type":"ReadAction","target":["https:\/\/demoweb.info\/sexshop001\/producto\/pad-kit-juego-de-electroestimulacion-blanco\/"]}]},{"@type":"BreadcrumbList","@id":"https:\/\/demoweb.info\/sexshop001\/producto\/pad-kit-juego-de-electroestimulacion-blanco\/#breadcrumb","itemListElement":[{"@type":"ListItem","position":1,"name":"Portada","item":"https:\/\/demoweb.info\/sexshop001\/"},{"@type":"ListItem","position":2,"name":"Tienda","item":"https:\/\/demoweb.info\/sexshop001\/tienda\/"},{"@type":"ListItem","position":3,"name":"PAD KIT JUEGO DE ELECTROESTIMULACI\u00d3N &#8211; BLANCO"}]},{"@type":"WebSite","@id":"https:\/\/demoweb.info\/sexshop001\/#website","url":"https:\/\/demoweb.info\/sexshop001\/","name":"Tienda Er\u00f3tica","description":"DEMOWEB SL","potentialAction":[{"@type":"SearchAction","target":{"@type":"EntryPoint","urlTemplate":"https:\/\/demoweb.info\/sexshop001\/?s={search_term_string}"},"query-input":"required name=search_term_string"}],"inLanguage":"es"}]}},"_links":{"self":[{"href":"https:\/\/demoweb.info\/sexshop001\/wp-json\/wp\/v3\/product\/58710","targetHints":{"allow":["GET"]}}],"collection":[{"href":"https:\/\/demoweb.info\/sexshop001\/wp-json\/wp\/v3\/product"}],"about":[{"href":"https:\/\/demoweb.info\/sexshop001\/wp-json\/wp\/v2\/types\/product"}],"replies":[{"embeddable":true,"href":"https:\/\/demoweb.info\/sexshop001\/wp-json\/wp\/v2\/comments?post=58710"}],"wp:featuredmedia":[{"embeddable":true,"href":"https:\/\/demoweb.info\/sexshop001\/wp-json\/wp\/v2\/media\/58711"}],"wp:attachment":[{"href":"https:\/\/demoweb.info\/sexshop001\/wp-json\/wp\/v2\/media?parent=58710"}],"wp:term":[{"taxonomy":"product_cat","embeddable":true,"href":"https:\/\/demoweb.info\/sexshop001\/wp-json\/wp\/v2\/product_cat?post=58710"},{"taxonomy":"product_tag","embeddable":true,"href":"https:\/\/demoweb.info\/sexshop001\/wp-json\/wp\/v2\/product_tag?post=58710"}],"curies":[{"name":"wp","href":"https:\/\/api.w.org\/{rel}","templated":true}]}}