{"id":58655,"date":"2022-01-22T17:40:45","date_gmt":"2022-01-22T16:40:45","guid":{"rendered":"https:\/\/demoweb.info\/sexshop001\/producto\/ben-way-bolas-chinas-medianas-blancas-34-gr\/"},"modified":"2022-01-22T17:40:45","modified_gmt":"2022-01-22T16:40:45","slug":"ben-way-bolas-chinas-medianas-blancas-34-gr","status":"publish","type":"product","link":"https:\/\/demoweb.info\/sexshop001\/producto\/ben-way-bolas-chinas-medianas-blancas-34-gr\/","title":{"rendered":"BEN WAY BOLAS CHINAS MEDIANAS BLANCAS 34 GR"},"content":{"rendered":"<p><strong>BEN WA MEDIUM WHITE 34 GR <\/strong><\/p>\n<p>Estas bonitas bolas Ben Wa pueden utilizarse para aumentar la fuerza de las paredes del suelo p\u00e9lvico. Tambi\u00e9n crean una suave estimulaci\u00f3n con el uso. Coloca las bolas bajo un chorro de agua tibia o fr\u00eda y su material premium de borosilicato se calentar\u00e1 o enfriar\u00e1 para una temperatura de uso m\u00e1s excitante.<\/p>\n<p>Peso: 34 gr<\/p>\n","protected":false},"excerpt":{"rendered":"<p>BEN WA MEDIUM WHITE 34 GR Estas bonitas bolas Ben Wa pueden utilizarse para aumentar la fuerza de las paredes<\/p>\n","protected":false},"featured_media":58656,"comment_status":"open","ping_status":"open","template":"","meta":[],"product_cat":[931],"product_tag":[1515,302],"class_list":["post-58655","product","type-product","status-publish","has-post-thumbnail","hentry","product_cat-cristal-bolas-y-huevos","product_tag-chrystalino","product_tag-shots"],"bundled_by":[],"bundle_stock_status":"instock","bundle_stock_quantity":1,"bundle_virtual":false,"bundle_layout":"","bundle_add_to_cart_form_location":"","bundle_editable_in_cart":false,"bundle_sold_individually_context":"","bundle_item_grouping":"","bundle_min_size":"","bundle_max_size":"","bundled_items":[],"yoast_head":"<!-- This site is optimized with the Yoast SEO plugin v20.6 - https:\/\/yoast.com\/wordpress\/plugins\/seo\/ -->\n<title>BEN WAY BOLAS CHINAS MEDIANAS BLANCAS 34 GR - Tienda Er\u00f3tica<\/title>\n<meta name=\"robots\" content=\"noindex, follow, max-snippet:-1, max-image-preview:large, max-video-preview:-1\" \/>\n<meta property=\"og:locale\" content=\"es_ES\" \/>\n<meta property=\"og:type\" content=\"article\" \/>\n<meta property=\"og:title\" content=\"BEN WAY BOLAS CHINAS MEDIANAS BLANCAS 34 GR - Tienda Er\u00f3tica\" \/>\n<meta property=\"og:description\" content=\"BEN WA MEDIUM WHITE 34 GR Estas bonitas bolas Ben Wa pueden utilizarse para aumentar la fuerza de las paredes\" \/>\n<meta property=\"og:url\" content=\"https:\/\/demoweb.info\/sexshop001\/producto\/ben-way-bolas-chinas-medianas-blancas-34-gr\/\" \/>\n<meta property=\"og:site_name\" content=\"Tienda Er\u00f3tica\" \/>\n<meta property=\"og:image\" content=\"https:\/\/demoweb.info\/sexshop001\/wp-content\/uploads\/2022\/01\/BEN-WAY-BOLAS-CHINAS-MEDIANAS-BLANCAS-34-GR.jpg\" \/>\n\t<meta property=\"og:image:width\" content=\"550\" \/>\n\t<meta property=\"og:image:height\" content=\"550\" \/>\n\t<meta property=\"og:image:type\" content=\"image\/jpeg\" \/>\n<meta name=\"twitter:card\" content=\"summary_large_image\" \/>\n<script type=\"application\/ld+json\" class=\"yoast-schema-graph\">{\"@context\":\"https:\/\/schema.org\",\"@graph\":[{\"@type\":\"WebPage\",\"@id\":\"https:\/\/demoweb.info\/sexshop001\/producto\/ben-way-bolas-chinas-medianas-blancas-34-gr\/\",\"url\":\"https:\/\/demoweb.info\/sexshop001\/producto\/ben-way-bolas-chinas-medianas-blancas-34-gr\/\",\"name\":\"BEN WAY BOLAS CHINAS MEDIANAS BLANCAS 34 GR - Tienda Er\u00f3tica\",\"isPartOf\":{\"@id\":\"https:\/\/demoweb.info\/sexshop001\/#website\"},\"datePublished\":\"2022-01-22T16:40:45+00:00\",\"dateModified\":\"2022-01-22T16:40:45+00:00\",\"breadcrumb\":{\"@id\":\"https:\/\/demoweb.info\/sexshop001\/producto\/ben-way-bolas-chinas-medianas-blancas-34-gr\/#breadcrumb\"},\"inLanguage\":\"es\",\"potentialAction\":[{\"@type\":\"ReadAction\",\"target\":[\"https:\/\/demoweb.info\/sexshop001\/producto\/ben-way-bolas-chinas-medianas-blancas-34-gr\/\"]}]},{\"@type\":\"BreadcrumbList\",\"@id\":\"https:\/\/demoweb.info\/sexshop001\/producto\/ben-way-bolas-chinas-medianas-blancas-34-gr\/#breadcrumb\",\"itemListElement\":[{\"@type\":\"ListItem\",\"position\":1,\"name\":\"Portada\",\"item\":\"https:\/\/demoweb.info\/sexshop001\/\"},{\"@type\":\"ListItem\",\"position\":2,\"name\":\"Tienda\",\"item\":\"https:\/\/demoweb.info\/sexshop001\/tienda\/\"},{\"@type\":\"ListItem\",\"position\":3,\"name\":\"BEN WAY BOLAS CHINAS MEDIANAS BLANCAS 34 GR\"}]},{\"@type\":\"WebSite\",\"@id\":\"https:\/\/demoweb.info\/sexshop001\/#website\",\"url\":\"https:\/\/demoweb.info\/sexshop001\/\",\"name\":\"Tienda Er\u00f3tica\",\"description\":\"DEMOWEB SL\",\"potentialAction\":[{\"@type\":\"SearchAction\",\"target\":{\"@type\":\"EntryPoint\",\"urlTemplate\":\"https:\/\/demoweb.info\/sexshop001\/?s={search_term_string}\"},\"query-input\":\"required name=search_term_string\"}],\"inLanguage\":\"es\"}]}<\/script>\n<!-- \/ Yoast SEO plugin. -->","yoast_head_json":{"title":"BEN WAY BOLAS CHINAS MEDIANAS BLANCAS 34 GR - Tienda Er\u00f3tica","robots":{"index":"noindex","follow":"follow","max-snippet":"max-snippet:-1","max-image-preview":"max-image-preview:large","max-video-preview":"max-video-preview:-1"},"og_locale":"es_ES","og_type":"article","og_title":"BEN WAY BOLAS CHINAS MEDIANAS BLANCAS 34 GR - Tienda Er\u00f3tica","og_description":"BEN WA MEDIUM WHITE 34 GR Estas bonitas bolas Ben Wa pueden utilizarse para aumentar la fuerza de las paredes","og_url":"https:\/\/demoweb.info\/sexshop001\/producto\/ben-way-bolas-chinas-medianas-blancas-34-gr\/","og_site_name":"Tienda Er\u00f3tica","og_image":[{"width":550,"height":550,"url":"https:\/\/demoweb.info\/sexshop001\/wp-content\/uploads\/2022\/01\/BEN-WAY-BOLAS-CHINAS-MEDIANAS-BLANCAS-34-GR.jpg","type":"image\/jpeg"}],"twitter_card":"summary_large_image","schema":{"@context":"https:\/\/schema.org","@graph":[{"@type":"WebPage","@id":"https:\/\/demoweb.info\/sexshop001\/producto\/ben-way-bolas-chinas-medianas-blancas-34-gr\/","url":"https:\/\/demoweb.info\/sexshop001\/producto\/ben-way-bolas-chinas-medianas-blancas-34-gr\/","name":"BEN WAY BOLAS CHINAS MEDIANAS BLANCAS 34 GR - Tienda Er\u00f3tica","isPartOf":{"@id":"https:\/\/demoweb.info\/sexshop001\/#website"},"datePublished":"2022-01-22T16:40:45+00:00","dateModified":"2022-01-22T16:40:45+00:00","breadcrumb":{"@id":"https:\/\/demoweb.info\/sexshop001\/producto\/ben-way-bolas-chinas-medianas-blancas-34-gr\/#breadcrumb"},"inLanguage":"es","potentialAction":[{"@type":"ReadAction","target":["https:\/\/demoweb.info\/sexshop001\/producto\/ben-way-bolas-chinas-medianas-blancas-34-gr\/"]}]},{"@type":"BreadcrumbList","@id":"https:\/\/demoweb.info\/sexshop001\/producto\/ben-way-bolas-chinas-medianas-blancas-34-gr\/#breadcrumb","itemListElement":[{"@type":"ListItem","position":1,"name":"Portada","item":"https:\/\/demoweb.info\/sexshop001\/"},{"@type":"ListItem","position":2,"name":"Tienda","item":"https:\/\/demoweb.info\/sexshop001\/tienda\/"},{"@type":"ListItem","position":3,"name":"BEN WAY BOLAS CHINAS MEDIANAS BLANCAS 34 GR"}]},{"@type":"WebSite","@id":"https:\/\/demoweb.info\/sexshop001\/#website","url":"https:\/\/demoweb.info\/sexshop001\/","name":"Tienda Er\u00f3tica","description":"DEMOWEB SL","potentialAction":[{"@type":"SearchAction","target":{"@type":"EntryPoint","urlTemplate":"https:\/\/demoweb.info\/sexshop001\/?s={search_term_string}"},"query-input":"required name=search_term_string"}],"inLanguage":"es"}]}},"_links":{"self":[{"href":"https:\/\/demoweb.info\/sexshop001\/wp-json\/wp\/v3\/product\/58655","targetHints":{"allow":["GET"]}}],"collection":[{"href":"https:\/\/demoweb.info\/sexshop001\/wp-json\/wp\/v3\/product"}],"about":[{"href":"https:\/\/demoweb.info\/sexshop001\/wp-json\/wp\/v2\/types\/product"}],"replies":[{"embeddable":true,"href":"https:\/\/demoweb.info\/sexshop001\/wp-json\/wp\/v2\/comments?post=58655"}],"wp:featuredmedia":[{"embeddable":true,"href":"https:\/\/demoweb.info\/sexshop001\/wp-json\/wp\/v2\/media\/58656"}],"wp:attachment":[{"href":"https:\/\/demoweb.info\/sexshop001\/wp-json\/wp\/v2\/media?parent=58655"}],"wp:term":[{"taxonomy":"product_cat","embeddable":true,"href":"https:\/\/demoweb.info\/sexshop001\/wp-json\/wp\/v2\/product_cat?post=58655"},{"taxonomy":"product_tag","embeddable":true,"href":"https:\/\/demoweb.info\/sexshop001\/wp-json\/wp\/v2\/product_tag?post=58655"}],"curies":[{"name":"wp","href":"https:\/\/api.w.org\/{rel}","templated":true}]}}