{"id":58640,"date":"2022-01-22T17:40:19","date_gmt":"2022-01-22T16:40:19","guid":{"rendered":"https:\/\/demoweb.info\/sexshop001\/producto\/g-rider-dildo-de-cristal-azul\/"},"modified":"2022-01-22T17:40:32","modified_gmt":"2022-01-22T16:40:32","slug":"g-rider-dildo-de-cristal-azul","status":"publish","type":"product","link":"https:\/\/demoweb.info\/sexshop001\/producto\/g-rider-dildo-de-cristal-azul\/","title":{"rendered":"G-RIDER DILDO DE CRISTAL AZUL"},"content":{"rendered":"<p><strong>G-RIDER BLUE<\/strong><\/p>\n<p>La forma \u00fanica de esta varita &#39;doubler&#39; magistralmente elaborada a mano ha sido dise\u00f1ada para uso tanto vaginal como anal.<\/p>\n<p>Sit\u00faa la varita bajo una corriente de agua tibia o fr\u00eda y el material de borosilicato de alta calidad se calentar\u00e1 o enfriar\u00e1 a la temperatura perfecta para jugar.<\/p>\n<p>Esta preciosa varita es del todo segura, no se rompe ni es porosa y te dar\u00e1 placer \u00fanico.<\/p>\n<p>Medidas del producto 18,3 x 4,1 cm (parte m\u00e1s ancha)\n <\/p><\/p>\n","protected":false},"excerpt":{"rendered":"<p>G-RIDER BLUE La forma \u00fanica de esta varita &#39;doubler&#39; magistralmente elaborada a mano ha sido dise\u00f1ada para uso tanto vaginal<\/p>\n","protected":false},"featured_media":58641,"comment_status":"open","ping_status":"open","template":"","meta":[],"product_cat":[669],"product_tag":[1515,302],"class_list":["post-58640","product","type-product","status-publish","has-post-thumbnail","hentry","product_cat-cristal-dildos","product_tag-chrystalino","product_tag-shots"],"bundled_by":[],"bundle_stock_status":"outofstock","bundle_stock_quantity":0,"bundle_virtual":false,"bundle_layout":"","bundle_add_to_cart_form_location":"","bundle_editable_in_cart":false,"bundle_sold_individually_context":"","bundle_item_grouping":"","bundle_min_size":"","bundle_max_size":"","bundled_items":[],"yoast_head":"<!-- This site is optimized with the Yoast SEO plugin v20.6 - https:\/\/yoast.com\/wordpress\/plugins\/seo\/ -->\n<title>G-RIDER DILDO DE CRISTAL AZUL - Tienda Er\u00f3tica<\/title>\n<meta name=\"robots\" content=\"noindex, follow, max-snippet:-1, max-image-preview:large, max-video-preview:-1\" \/>\n<meta property=\"og:locale\" content=\"es_ES\" \/>\n<meta property=\"og:type\" content=\"article\" \/>\n<meta property=\"og:title\" content=\"G-RIDER DILDO DE CRISTAL AZUL - Tienda Er\u00f3tica\" \/>\n<meta property=\"og:description\" content=\"G-RIDER BLUE La forma \u00fanica de esta varita &#039;doubler&#039; magistralmente elaborada a mano ha sido dise\u00f1ada para uso tanto vaginal\" \/>\n<meta property=\"og:url\" content=\"https:\/\/demoweb.info\/sexshop001\/producto\/g-rider-dildo-de-cristal-azul\/\" \/>\n<meta property=\"og:site_name\" content=\"Tienda Er\u00f3tica\" \/>\n<meta property=\"article:modified_time\" content=\"2022-01-22T16:40:32+00:00\" \/>\n<meta property=\"og:image\" content=\"https:\/\/demoweb.info\/sexshop001\/wp-content\/uploads\/2022\/01\/G-RIDER-DILDO-DE-CRISTAL-AZUL.jpg\" \/>\n\t<meta property=\"og:image:width\" content=\"550\" \/>\n\t<meta property=\"og:image:height\" content=\"550\" \/>\n\t<meta property=\"og:image:type\" content=\"image\/jpeg\" \/>\n<meta name=\"twitter:card\" content=\"summary_large_image\" \/>\n<script type=\"application\/ld+json\" class=\"yoast-schema-graph\">{\"@context\":\"https:\/\/schema.org\",\"@graph\":[{\"@type\":\"WebPage\",\"@id\":\"https:\/\/demoweb.info\/sexshop001\/producto\/g-rider-dildo-de-cristal-azul\/\",\"url\":\"https:\/\/demoweb.info\/sexshop001\/producto\/g-rider-dildo-de-cristal-azul\/\",\"name\":\"G-RIDER DILDO DE CRISTAL AZUL - Tienda Er\u00f3tica\",\"isPartOf\":{\"@id\":\"https:\/\/demoweb.info\/sexshop001\/#website\"},\"datePublished\":\"2022-01-22T16:40:19+00:00\",\"dateModified\":\"2022-01-22T16:40:32+00:00\",\"breadcrumb\":{\"@id\":\"https:\/\/demoweb.info\/sexshop001\/producto\/g-rider-dildo-de-cristal-azul\/#breadcrumb\"},\"inLanguage\":\"es\",\"potentialAction\":[{\"@type\":\"ReadAction\",\"target\":[\"https:\/\/demoweb.info\/sexshop001\/producto\/g-rider-dildo-de-cristal-azul\/\"]}]},{\"@type\":\"BreadcrumbList\",\"@id\":\"https:\/\/demoweb.info\/sexshop001\/producto\/g-rider-dildo-de-cristal-azul\/#breadcrumb\",\"itemListElement\":[{\"@type\":\"ListItem\",\"position\":1,\"name\":\"Portada\",\"item\":\"https:\/\/demoweb.info\/sexshop001\/\"},{\"@type\":\"ListItem\",\"position\":2,\"name\":\"Tienda\",\"item\":\"https:\/\/demoweb.info\/sexshop001\/tienda\/\"},{\"@type\":\"ListItem\",\"position\":3,\"name\":\"G-RIDER DILDO DE CRISTAL AZUL\"}]},{\"@type\":\"WebSite\",\"@id\":\"https:\/\/demoweb.info\/sexshop001\/#website\",\"url\":\"https:\/\/demoweb.info\/sexshop001\/\",\"name\":\"Tienda Er\u00f3tica\",\"description\":\"DEMOWEB SL\",\"potentialAction\":[{\"@type\":\"SearchAction\",\"target\":{\"@type\":\"EntryPoint\",\"urlTemplate\":\"https:\/\/demoweb.info\/sexshop001\/?s={search_term_string}\"},\"query-input\":\"required name=search_term_string\"}],\"inLanguage\":\"es\"}]}<\/script>\n<!-- \/ Yoast SEO plugin. -->","yoast_head_json":{"title":"G-RIDER DILDO DE CRISTAL AZUL - Tienda Er\u00f3tica","robots":{"index":"noindex","follow":"follow","max-snippet":"max-snippet:-1","max-image-preview":"max-image-preview:large","max-video-preview":"max-video-preview:-1"},"og_locale":"es_ES","og_type":"article","og_title":"G-RIDER DILDO DE CRISTAL AZUL - Tienda Er\u00f3tica","og_description":"G-RIDER BLUE La forma \u00fanica de esta varita &#39;doubler&#39; magistralmente elaborada a mano ha sido dise\u00f1ada para uso tanto vaginal","og_url":"https:\/\/demoweb.info\/sexshop001\/producto\/g-rider-dildo-de-cristal-azul\/","og_site_name":"Tienda Er\u00f3tica","article_modified_time":"2022-01-22T16:40:32+00:00","og_image":[{"width":550,"height":550,"url":"https:\/\/demoweb.info\/sexshop001\/wp-content\/uploads\/2022\/01\/G-RIDER-DILDO-DE-CRISTAL-AZUL.jpg","type":"image\/jpeg"}],"twitter_card":"summary_large_image","schema":{"@context":"https:\/\/schema.org","@graph":[{"@type":"WebPage","@id":"https:\/\/demoweb.info\/sexshop001\/producto\/g-rider-dildo-de-cristal-azul\/","url":"https:\/\/demoweb.info\/sexshop001\/producto\/g-rider-dildo-de-cristal-azul\/","name":"G-RIDER DILDO DE CRISTAL AZUL - Tienda Er\u00f3tica","isPartOf":{"@id":"https:\/\/demoweb.info\/sexshop001\/#website"},"datePublished":"2022-01-22T16:40:19+00:00","dateModified":"2022-01-22T16:40:32+00:00","breadcrumb":{"@id":"https:\/\/demoweb.info\/sexshop001\/producto\/g-rider-dildo-de-cristal-azul\/#breadcrumb"},"inLanguage":"es","potentialAction":[{"@type":"ReadAction","target":["https:\/\/demoweb.info\/sexshop001\/producto\/g-rider-dildo-de-cristal-azul\/"]}]},{"@type":"BreadcrumbList","@id":"https:\/\/demoweb.info\/sexshop001\/producto\/g-rider-dildo-de-cristal-azul\/#breadcrumb","itemListElement":[{"@type":"ListItem","position":1,"name":"Portada","item":"https:\/\/demoweb.info\/sexshop001\/"},{"@type":"ListItem","position":2,"name":"Tienda","item":"https:\/\/demoweb.info\/sexshop001\/tienda\/"},{"@type":"ListItem","position":3,"name":"G-RIDER DILDO DE CRISTAL AZUL"}]},{"@type":"WebSite","@id":"https:\/\/demoweb.info\/sexshop001\/#website","url":"https:\/\/demoweb.info\/sexshop001\/","name":"Tienda Er\u00f3tica","description":"DEMOWEB SL","potentialAction":[{"@type":"SearchAction","target":{"@type":"EntryPoint","urlTemplate":"https:\/\/demoweb.info\/sexshop001\/?s={search_term_string}"},"query-input":"required name=search_term_string"}],"inLanguage":"es"}]}},"_links":{"self":[{"href":"https:\/\/demoweb.info\/sexshop001\/wp-json\/wp\/v3\/product\/58640","targetHints":{"allow":["GET"]}}],"collection":[{"href":"https:\/\/demoweb.info\/sexshop001\/wp-json\/wp\/v3\/product"}],"about":[{"href":"https:\/\/demoweb.info\/sexshop001\/wp-json\/wp\/v2\/types\/product"}],"replies":[{"embeddable":true,"href":"https:\/\/demoweb.info\/sexshop001\/wp-json\/wp\/v2\/comments?post=58640"}],"wp:featuredmedia":[{"embeddable":true,"href":"https:\/\/demoweb.info\/sexshop001\/wp-json\/wp\/v2\/media\/58641"}],"wp:attachment":[{"href":"https:\/\/demoweb.info\/sexshop001\/wp-json\/wp\/v2\/media?parent=58640"}],"wp:term":[{"taxonomy":"product_cat","embeddable":true,"href":"https:\/\/demoweb.info\/sexshop001\/wp-json\/wp\/v2\/product_cat?post=58640"},{"taxonomy":"product_tag","embeddable":true,"href":"https:\/\/demoweb.info\/sexshop001\/wp-json\/wp\/v2\/product_tag?post=58640"}],"curies":[{"name":"wp","href":"https:\/\/api.w.org\/{rel}","templated":true}]}}