{"id":58588,"date":"2022-01-22T17:39:34","date_gmt":"2022-01-22T16:39:34","guid":{"rendered":"https:\/\/demoweb.info\/sexshop001\/producto\/dirty-talk-interactive-mini-fuck-me-silly-con-voz\/"},"modified":"2022-01-22T17:39:48","modified_gmt":"2022-01-22T16:39:48","slug":"dirty-talk-interactive-mini-fuck-me-silly-con-voz","status":"publish","type":"product","link":"https:\/\/demoweb.info\/sexshop001\/producto\/dirty-talk-interactive-mini-fuck-me-silly-con-voz\/","title":{"rendered":"DIRTY TALK INTERACTIVE MINI FUCK ME SILLY &#8211; CON VOZ"},"content":{"rendered":"<p><strong>DIRTY TALK INTERACTIVE MINI FUCK ME SILLY<\/strong><\/p>\n<p>Presentamos la serie Dirty Talk de los masturbadores Fuck Me Silly, los primeros amigos interactivos de Pipedream Extreme Toyz. Hemos combinado un incre\u00edble stroker Fanta Flesh de 1,3kilos con una voz s\u00faper sexy y poderosas vibraciones, para una sobrecarga sensorial inolvidable. Una vez que tocas su piel real y escuchas su voz sexy, \u00a1no podr\u00e1s contenerte!<\/p>\n<p>Todos los Super-Strokers de la serie Dirty Talk cuentan con un altavoz de alta fidelidad recargable incorporado que ofrece un incre\u00edble material de <em>jack off <\/em>con el que puedes acariciar tu pene.<\/p>\n<p>Usando la exclusiva tecnolog\u00eda activada por movimiento, esta chica te dir\u00e1 lo bien que se siente y lo que ella quiere que le hagas cada vez que se mueve. \u00a1Cuanto m\u00e1s r\u00e1pido la golpees, m\u00e1s frecuente ella grita y gime!<\/p>\n<p>Pero no solo hace ruido, sino que ofrece vibraciones emocionantes cada vez que habla. Usando una micro bala poderosa emparejada con el sensor de movimiento interno, obtienes vibraciones simult\u00e1neas con cada palabra que pronuncia cada vez que la mueves.<\/p>\n<p>Dale una palmada en el culo y escucha lo mucho que lo disfruta. Ella te dice lo que quieres escuchar y no dejar\u00e1 de hablar hasta que dejes de jugar. Ella es toda tuya y siempre est\u00e1 lista para la diversi\u00f3n, entonces, \u00bfa qu\u00e9 est\u00e1s esperando?<\/p>\n<p>Hecho de la f\u00f3rmula patentada de Fanta Flash, los interiores s\u00faper suaves se sienten como si fueran reales, \u00a1solo que mejor! El material libre de l\u00e1tex y libre de ftalatos imita la apariencia de la piel real y envuelve suavemente cada cent\u00edmetro de tu barra de placer. Te encantar\u00e1 la calidez y las propiedades ultra realistas de la incre\u00edble Fanta Flesh, \u00a1pero lo que realmente te volver\u00e1 loco es su voz irresistible!<\/p>\n<p>Cuando hayas terminado con la diversi\u00f3n y est\u00e9s a punto de acabar, no te preocupes por nada.<\/p>\n<p>Para limpiar, enjuaga los orificios con agua tibia y limpiador de juguetes, s\u00e9calo bien y usa Revive en polvo para devolverle su suavidad original. La unidad de voz est\u00e1 protegida contra salpicaduras durante la limpieza, pero NO DEBE sumergirse bajo el agua.<\/p>\n<p>Caracter\u00edsticas:<\/p>\n<ul>\n<li>Medidas: 15,2 x 10 x 17 cm<\/li>\n<li>Longitud insertable: 11 cm<\/li>\n<li>Sin ftalatos.<\/li>\n<li>Recargable con USB.<\/li>\n<li>Material: TPR<\/li>\n<li>Incluye Limpiador y loci\u00f3n de juguetes.<\/li>\n<\/ul>\n","protected":false},"excerpt":{"rendered":"<p>DIRTY TALK INTERACTIVE MINI FUCK ME SILLY Presentamos la serie Dirty Talk de los masturbadores Fuck Me Silly, los primeros<\/p>\n","protected":false},"featured_media":58589,"comment_status":"open","ping_status":"open","template":"","meta":[],"product_cat":[560],"product_tag":[561,259],"class_list":["post-58588","product","type-product","status-publish","has-post-thumbnail","hentry","product_cat-vaginas-y-anos","product_tag-extreme-toyz","product_tag-pipedream"],"bundled_by":[],"bundle_stock_status":"instock","bundle_stock_quantity":4,"bundle_virtual":false,"bundle_layout":"","bundle_add_to_cart_form_location":"","bundle_editable_in_cart":false,"bundle_sold_individually_context":"","bundle_item_grouping":"","bundle_min_size":"","bundle_max_size":"","bundled_items":[],"yoast_head":"<!-- This site is optimized with the Yoast SEO plugin v20.6 - https:\/\/yoast.com\/wordpress\/plugins\/seo\/ -->\n<title>DIRTY TALK INTERACTIVE MINI FUCK ME SILLY - CON VOZ - Tienda Er\u00f3tica<\/title>\n<meta name=\"robots\" content=\"noindex, follow, max-snippet:-1, max-image-preview:large, max-video-preview:-1\" \/>\n<meta property=\"og:locale\" content=\"es_ES\" \/>\n<meta property=\"og:type\" content=\"article\" \/>\n<meta property=\"og:title\" content=\"DIRTY TALK INTERACTIVE MINI FUCK ME SILLY - CON VOZ - Tienda Er\u00f3tica\" \/>\n<meta property=\"og:description\" content=\"DIRTY TALK INTERACTIVE MINI FUCK ME SILLY Presentamos la serie Dirty Talk de los masturbadores Fuck Me Silly, los primeros\" \/>\n<meta property=\"og:url\" content=\"https:\/\/demoweb.info\/sexshop001\/producto\/dirty-talk-interactive-mini-fuck-me-silly-con-voz\/\" \/>\n<meta property=\"og:site_name\" content=\"Tienda Er\u00f3tica\" \/>\n<meta property=\"article:modified_time\" content=\"2022-01-22T16:39:48+00:00\" \/>\n<meta property=\"og:image\" content=\"https:\/\/demoweb.info\/sexshop001\/wp-content\/uploads\/2022\/01\/DIRTY-TALK-INTERACTIVE-MINI-FUCK-ME-SILLY-CON-VOZ.jpg\" \/>\n\t<meta property=\"og:image:width\" content=\"550\" \/>\n\t<meta property=\"og:image:height\" content=\"550\" \/>\n\t<meta property=\"og:image:type\" content=\"image\/jpeg\" \/>\n<meta name=\"twitter:card\" content=\"summary_large_image\" \/>\n<meta name=\"twitter:label1\" content=\"Tiempo de lectura\" \/>\n\t<meta name=\"twitter:data1\" content=\"2 minutos\" \/>\n<script type=\"application\/ld+json\" class=\"yoast-schema-graph\">{\"@context\":\"https:\/\/schema.org\",\"@graph\":[{\"@type\":\"WebPage\",\"@id\":\"https:\/\/demoweb.info\/sexshop001\/producto\/dirty-talk-interactive-mini-fuck-me-silly-con-voz\/\",\"url\":\"https:\/\/demoweb.info\/sexshop001\/producto\/dirty-talk-interactive-mini-fuck-me-silly-con-voz\/\",\"name\":\"DIRTY TALK INTERACTIVE MINI FUCK ME SILLY - CON VOZ - Tienda Er\u00f3tica\",\"isPartOf\":{\"@id\":\"https:\/\/demoweb.info\/sexshop001\/#website\"},\"datePublished\":\"2022-01-22T16:39:34+00:00\",\"dateModified\":\"2022-01-22T16:39:48+00:00\",\"breadcrumb\":{\"@id\":\"https:\/\/demoweb.info\/sexshop001\/producto\/dirty-talk-interactive-mini-fuck-me-silly-con-voz\/#breadcrumb\"},\"inLanguage\":\"es\",\"potentialAction\":[{\"@type\":\"ReadAction\",\"target\":[\"https:\/\/demoweb.info\/sexshop001\/producto\/dirty-talk-interactive-mini-fuck-me-silly-con-voz\/\"]}]},{\"@type\":\"BreadcrumbList\",\"@id\":\"https:\/\/demoweb.info\/sexshop001\/producto\/dirty-talk-interactive-mini-fuck-me-silly-con-voz\/#breadcrumb\",\"itemListElement\":[{\"@type\":\"ListItem\",\"position\":1,\"name\":\"Portada\",\"item\":\"https:\/\/demoweb.info\/sexshop001\/\"},{\"@type\":\"ListItem\",\"position\":2,\"name\":\"Tienda\",\"item\":\"https:\/\/demoweb.info\/sexshop001\/tienda\/\"},{\"@type\":\"ListItem\",\"position\":3,\"name\":\"DIRTY TALK INTERACTIVE MINI FUCK ME SILLY &#8211; CON VOZ\"}]},{\"@type\":\"WebSite\",\"@id\":\"https:\/\/demoweb.info\/sexshop001\/#website\",\"url\":\"https:\/\/demoweb.info\/sexshop001\/\",\"name\":\"Tienda Er\u00f3tica\",\"description\":\"DEMOWEB SL\",\"potentialAction\":[{\"@type\":\"SearchAction\",\"target\":{\"@type\":\"EntryPoint\",\"urlTemplate\":\"https:\/\/demoweb.info\/sexshop001\/?s={search_term_string}\"},\"query-input\":\"required name=search_term_string\"}],\"inLanguage\":\"es\"}]}<\/script>\n<!-- \/ Yoast SEO plugin. -->","yoast_head_json":{"title":"DIRTY TALK INTERACTIVE MINI FUCK ME SILLY - CON VOZ - Tienda Er\u00f3tica","robots":{"index":"noindex","follow":"follow","max-snippet":"max-snippet:-1","max-image-preview":"max-image-preview:large","max-video-preview":"max-video-preview:-1"},"og_locale":"es_ES","og_type":"article","og_title":"DIRTY TALK INTERACTIVE MINI FUCK ME SILLY - CON VOZ - Tienda Er\u00f3tica","og_description":"DIRTY TALK INTERACTIVE MINI FUCK ME SILLY Presentamos la serie Dirty Talk de los masturbadores Fuck Me Silly, los primeros","og_url":"https:\/\/demoweb.info\/sexshop001\/producto\/dirty-talk-interactive-mini-fuck-me-silly-con-voz\/","og_site_name":"Tienda Er\u00f3tica","article_modified_time":"2022-01-22T16:39:48+00:00","og_image":[{"width":550,"height":550,"url":"https:\/\/demoweb.info\/sexshop001\/wp-content\/uploads\/2022\/01\/DIRTY-TALK-INTERACTIVE-MINI-FUCK-ME-SILLY-CON-VOZ.jpg","type":"image\/jpeg"}],"twitter_card":"summary_large_image","twitter_misc":{"Tiempo de lectura":"2 minutos"},"schema":{"@context":"https:\/\/schema.org","@graph":[{"@type":"WebPage","@id":"https:\/\/demoweb.info\/sexshop001\/producto\/dirty-talk-interactive-mini-fuck-me-silly-con-voz\/","url":"https:\/\/demoweb.info\/sexshop001\/producto\/dirty-talk-interactive-mini-fuck-me-silly-con-voz\/","name":"DIRTY TALK INTERACTIVE MINI FUCK ME SILLY - CON VOZ - Tienda Er\u00f3tica","isPartOf":{"@id":"https:\/\/demoweb.info\/sexshop001\/#website"},"datePublished":"2022-01-22T16:39:34+00:00","dateModified":"2022-01-22T16:39:48+00:00","breadcrumb":{"@id":"https:\/\/demoweb.info\/sexshop001\/producto\/dirty-talk-interactive-mini-fuck-me-silly-con-voz\/#breadcrumb"},"inLanguage":"es","potentialAction":[{"@type":"ReadAction","target":["https:\/\/demoweb.info\/sexshop001\/producto\/dirty-talk-interactive-mini-fuck-me-silly-con-voz\/"]}]},{"@type":"BreadcrumbList","@id":"https:\/\/demoweb.info\/sexshop001\/producto\/dirty-talk-interactive-mini-fuck-me-silly-con-voz\/#breadcrumb","itemListElement":[{"@type":"ListItem","position":1,"name":"Portada","item":"https:\/\/demoweb.info\/sexshop001\/"},{"@type":"ListItem","position":2,"name":"Tienda","item":"https:\/\/demoweb.info\/sexshop001\/tienda\/"},{"@type":"ListItem","position":3,"name":"DIRTY TALK INTERACTIVE MINI FUCK ME SILLY &#8211; CON VOZ"}]},{"@type":"WebSite","@id":"https:\/\/demoweb.info\/sexshop001\/#website","url":"https:\/\/demoweb.info\/sexshop001\/","name":"Tienda Er\u00f3tica","description":"DEMOWEB SL","potentialAction":[{"@type":"SearchAction","target":{"@type":"EntryPoint","urlTemplate":"https:\/\/demoweb.info\/sexshop001\/?s={search_term_string}"},"query-input":"required name=search_term_string"}],"inLanguage":"es"}]}},"_links":{"self":[{"href":"https:\/\/demoweb.info\/sexshop001\/wp-json\/wp\/v3\/product\/58588","targetHints":{"allow":["GET"]}}],"collection":[{"href":"https:\/\/demoweb.info\/sexshop001\/wp-json\/wp\/v3\/product"}],"about":[{"href":"https:\/\/demoweb.info\/sexshop001\/wp-json\/wp\/v2\/types\/product"}],"replies":[{"embeddable":true,"href":"https:\/\/demoweb.info\/sexshop001\/wp-json\/wp\/v2\/comments?post=58588"}],"wp:featuredmedia":[{"embeddable":true,"href":"https:\/\/demoweb.info\/sexshop001\/wp-json\/wp\/v2\/media\/58589"}],"wp:attachment":[{"href":"https:\/\/demoweb.info\/sexshop001\/wp-json\/wp\/v2\/media?parent=58588"}],"wp:term":[{"taxonomy":"product_cat","embeddable":true,"href":"https:\/\/demoweb.info\/sexshop001\/wp-json\/wp\/v2\/product_cat?post=58588"},{"taxonomy":"product_tag","embeddable":true,"href":"https:\/\/demoweb.info\/sexshop001\/wp-json\/wp\/v2\/product_tag?post=58588"}],"curies":[{"name":"wp","href":"https:\/\/api.w.org\/{rel}","templated":true}]}}