{"id":58546,"date":"2022-01-22T17:39:19","date_gmt":"2022-01-22T16:39:19","guid":{"rendered":"https:\/\/demoweb.info\/sexshop001\/producto\/olivia-mini-masajeador-morado\/"},"modified":"2022-01-22T17:39:19","modified_gmt":"2022-01-22T16:39:19","slug":"olivia-mini-masajeador-morado","status":"publish","type":"product","link":"https:\/\/demoweb.info\/sexshop001\/producto\/olivia-mini-masajeador-morado\/","title":{"rendered":"OLIVIA MINI MASAJEADOR MORADO"},"content":{"rendered":"<p><strong>OLIVIA MINI MASSAGER<\/strong><\/p>\n<p>La Dra. Laura Berman es una investigadora sexual, educadora de relaciones y autora de gran \u00e9xito mundialmente reconocida. Ha ayudado a innumerables parejas a mejorar sus vidas sexuales y construir relaciones m\u00e1s s\u00f3lidas.<\/p>\n<p>Enciende el calor en el dormitorio, en el ba\u00f1o o en tus pr\u00f3ximas vacaciones sensuales con el kit de masajeador recargable Dr. Laura Berman\u00ae Olivia \u2122. El discreto estimulador te emocionar\u00e1 donde sea que lo lleves, con 3 vibraciones divertidas, 2 accesorios burlones y un cuello suave y flexible.<\/p>\n<p>Los lujosos cabezales de placer de silicona crean una experiencia verdaderamente personalizable. Elige entre las orejas de conejo revoloteando o la punta burlona y disfruta de tus fantas\u00edas m\u00e1s traviesas.<\/p>\n<p>Con el toque de un bot\u00f3n, la varita silenciosa aumenta sin esfuerzo la velocidad de vibraci\u00f3n; aplica el mini vibrador en los puntos dulces sensuales mientras que 3 intensas velocidades de vibraci\u00f3n te provocan y estimulan. Controla f\u00e1cilmente el placer puro con el \u00fanico bot\u00f3n. Mantenlo presionado durante 3 segundos para encender \/ apagar.<\/p>\n<p>El cuello flexible y los cabezales de silicona sedosa permiten brindar vibraciones intensas desde casi cualquier \u00e1ngulo.<\/p>\n<p>Recarga tu pasi\u00f3n en solo 50 minutos con el cable USB incluido.<\/p>\n<p>Tiempo de carga 50 minutos para poder disfrutar de hasta 160 minutos de placer continuo.<\/p>\n<p>Material: Silicona y pl\u00e1stico ABS.<\/p>\n<p>Resistente al agua y sin ftaltatos.<\/p>\n<p>Medidas: <\/p>\n<ul>\n<li>Cabezal conejito: 4,5 x 2,5 cm<\/li>\n<li>Cabeza del estimulador: 2,5 x 2 cm<\/li>\n<li>Cabezal punteado: 3,25 x 2,5 cm<\/li>\n<li>Medidas totales del estimulador: 10,25 x 2,5 cm<\/li>\n<\/ul>\n","protected":false},"excerpt":{"rendered":"<p>OLIVIA MINI MASSAGER La Dra. Laura Berman es una investigadora sexual, educadora de relaciones y autora de gran \u00e9xito mundialmente<\/p>\n","protected":false},"featured_media":58547,"comment_status":"open","ping_status":"open","template":"","meta":[],"product_cat":[370],"product_tag":[660,982],"class_list":["post-58546","product","type-product","status-publish","has-post-thumbnail","hentry","product_cat-clitoris","product_tag-calexotics","product_tag-dra-laura-berman"],"bundled_by":[],"bundle_stock_status":"outofstock","bundle_stock_quantity":0,"bundle_virtual":false,"bundle_layout":"","bundle_add_to_cart_form_location":"","bundle_editable_in_cart":false,"bundle_sold_individually_context":"","bundle_item_grouping":"","bundle_min_size":"","bundle_max_size":"","bundled_items":[],"yoast_head":"<!-- This site is optimized with the Yoast SEO plugin v20.6 - https:\/\/yoast.com\/wordpress\/plugins\/seo\/ -->\n<title>OLIVIA MINI MASAJEADOR MORADO - Tienda Er\u00f3tica<\/title>\n<meta name=\"robots\" content=\"noindex, follow, max-snippet:-1, max-image-preview:large, max-video-preview:-1\" \/>\n<meta property=\"og:locale\" content=\"es_ES\" \/>\n<meta property=\"og:type\" content=\"article\" \/>\n<meta property=\"og:title\" content=\"OLIVIA MINI MASAJEADOR MORADO - Tienda Er\u00f3tica\" \/>\n<meta property=\"og:description\" content=\"OLIVIA MINI MASSAGER La Dra. Laura Berman es una investigadora sexual, educadora de relaciones y autora de gran \u00e9xito mundialmente\" \/>\n<meta property=\"og:url\" content=\"https:\/\/demoweb.info\/sexshop001\/producto\/olivia-mini-masajeador-morado\/\" \/>\n<meta property=\"og:site_name\" content=\"Tienda Er\u00f3tica\" \/>\n<meta property=\"og:image\" content=\"https:\/\/demoweb.info\/sexshop001\/wp-content\/uploads\/2022\/01\/OLIVIA-MINI-MASAJEADOR-MORADO.jpg\" \/>\n\t<meta property=\"og:image:width\" content=\"550\" \/>\n\t<meta property=\"og:image:height\" content=\"550\" \/>\n\t<meta property=\"og:image:type\" content=\"image\/jpeg\" \/>\n<meta name=\"twitter:card\" content=\"summary_large_image\" \/>\n<meta name=\"twitter:label1\" content=\"Tiempo de lectura\" \/>\n\t<meta name=\"twitter:data1\" content=\"1 minuto\" \/>\n<script type=\"application\/ld+json\" class=\"yoast-schema-graph\">{\"@context\":\"https:\/\/schema.org\",\"@graph\":[{\"@type\":\"WebPage\",\"@id\":\"https:\/\/demoweb.info\/sexshop001\/producto\/olivia-mini-masajeador-morado\/\",\"url\":\"https:\/\/demoweb.info\/sexshop001\/producto\/olivia-mini-masajeador-morado\/\",\"name\":\"OLIVIA MINI MASAJEADOR MORADO - Tienda Er\u00f3tica\",\"isPartOf\":{\"@id\":\"https:\/\/demoweb.info\/sexshop001\/#website\"},\"datePublished\":\"2022-01-22T16:39:19+00:00\",\"dateModified\":\"2022-01-22T16:39:19+00:00\",\"breadcrumb\":{\"@id\":\"https:\/\/demoweb.info\/sexshop001\/producto\/olivia-mini-masajeador-morado\/#breadcrumb\"},\"inLanguage\":\"es\",\"potentialAction\":[{\"@type\":\"ReadAction\",\"target\":[\"https:\/\/demoweb.info\/sexshop001\/producto\/olivia-mini-masajeador-morado\/\"]}]},{\"@type\":\"BreadcrumbList\",\"@id\":\"https:\/\/demoweb.info\/sexshop001\/producto\/olivia-mini-masajeador-morado\/#breadcrumb\",\"itemListElement\":[{\"@type\":\"ListItem\",\"position\":1,\"name\":\"Portada\",\"item\":\"https:\/\/demoweb.info\/sexshop001\/\"},{\"@type\":\"ListItem\",\"position\":2,\"name\":\"Tienda\",\"item\":\"https:\/\/demoweb.info\/sexshop001\/tienda\/\"},{\"@type\":\"ListItem\",\"position\":3,\"name\":\"OLIVIA MINI MASAJEADOR MORADO\"}]},{\"@type\":\"WebSite\",\"@id\":\"https:\/\/demoweb.info\/sexshop001\/#website\",\"url\":\"https:\/\/demoweb.info\/sexshop001\/\",\"name\":\"Tienda Er\u00f3tica\",\"description\":\"DEMOWEB SL\",\"potentialAction\":[{\"@type\":\"SearchAction\",\"target\":{\"@type\":\"EntryPoint\",\"urlTemplate\":\"https:\/\/demoweb.info\/sexshop001\/?s={search_term_string}\"},\"query-input\":\"required name=search_term_string\"}],\"inLanguage\":\"es\"}]}<\/script>\n<!-- \/ Yoast SEO plugin. -->","yoast_head_json":{"title":"OLIVIA MINI MASAJEADOR MORADO - Tienda Er\u00f3tica","robots":{"index":"noindex","follow":"follow","max-snippet":"max-snippet:-1","max-image-preview":"max-image-preview:large","max-video-preview":"max-video-preview:-1"},"og_locale":"es_ES","og_type":"article","og_title":"OLIVIA MINI MASAJEADOR MORADO - Tienda Er\u00f3tica","og_description":"OLIVIA MINI MASSAGER La Dra. Laura Berman es una investigadora sexual, educadora de relaciones y autora de gran \u00e9xito mundialmente","og_url":"https:\/\/demoweb.info\/sexshop001\/producto\/olivia-mini-masajeador-morado\/","og_site_name":"Tienda Er\u00f3tica","og_image":[{"width":550,"height":550,"url":"https:\/\/demoweb.info\/sexshop001\/wp-content\/uploads\/2022\/01\/OLIVIA-MINI-MASAJEADOR-MORADO.jpg","type":"image\/jpeg"}],"twitter_card":"summary_large_image","twitter_misc":{"Tiempo de lectura":"1 minuto"},"schema":{"@context":"https:\/\/schema.org","@graph":[{"@type":"WebPage","@id":"https:\/\/demoweb.info\/sexshop001\/producto\/olivia-mini-masajeador-morado\/","url":"https:\/\/demoweb.info\/sexshop001\/producto\/olivia-mini-masajeador-morado\/","name":"OLIVIA MINI MASAJEADOR MORADO - Tienda Er\u00f3tica","isPartOf":{"@id":"https:\/\/demoweb.info\/sexshop001\/#website"},"datePublished":"2022-01-22T16:39:19+00:00","dateModified":"2022-01-22T16:39:19+00:00","breadcrumb":{"@id":"https:\/\/demoweb.info\/sexshop001\/producto\/olivia-mini-masajeador-morado\/#breadcrumb"},"inLanguage":"es","potentialAction":[{"@type":"ReadAction","target":["https:\/\/demoweb.info\/sexshop001\/producto\/olivia-mini-masajeador-morado\/"]}]},{"@type":"BreadcrumbList","@id":"https:\/\/demoweb.info\/sexshop001\/producto\/olivia-mini-masajeador-morado\/#breadcrumb","itemListElement":[{"@type":"ListItem","position":1,"name":"Portada","item":"https:\/\/demoweb.info\/sexshop001\/"},{"@type":"ListItem","position":2,"name":"Tienda","item":"https:\/\/demoweb.info\/sexshop001\/tienda\/"},{"@type":"ListItem","position":3,"name":"OLIVIA MINI MASAJEADOR MORADO"}]},{"@type":"WebSite","@id":"https:\/\/demoweb.info\/sexshop001\/#website","url":"https:\/\/demoweb.info\/sexshop001\/","name":"Tienda Er\u00f3tica","description":"DEMOWEB SL","potentialAction":[{"@type":"SearchAction","target":{"@type":"EntryPoint","urlTemplate":"https:\/\/demoweb.info\/sexshop001\/?s={search_term_string}"},"query-input":"required name=search_term_string"}],"inLanguage":"es"}]}},"_links":{"self":[{"href":"https:\/\/demoweb.info\/sexshop001\/wp-json\/wp\/v3\/product\/58546","targetHints":{"allow":["GET"]}}],"collection":[{"href":"https:\/\/demoweb.info\/sexshop001\/wp-json\/wp\/v3\/product"}],"about":[{"href":"https:\/\/demoweb.info\/sexshop001\/wp-json\/wp\/v2\/types\/product"}],"replies":[{"embeddable":true,"href":"https:\/\/demoweb.info\/sexshop001\/wp-json\/wp\/v2\/comments?post=58546"}],"wp:featuredmedia":[{"embeddable":true,"href":"https:\/\/demoweb.info\/sexshop001\/wp-json\/wp\/v2\/media\/58547"}],"wp:attachment":[{"href":"https:\/\/demoweb.info\/sexshop001\/wp-json\/wp\/v2\/media?parent=58546"}],"wp:term":[{"taxonomy":"product_cat","embeddable":true,"href":"https:\/\/demoweb.info\/sexshop001\/wp-json\/wp\/v2\/product_cat?post=58546"},{"taxonomy":"product_tag","embeddable":true,"href":"https:\/\/demoweb.info\/sexshop001\/wp-json\/wp\/v2\/product_tag?post=58546"}],"curies":[{"name":"wp","href":"https:\/\/api.w.org\/{rel}","templated":true}]}}