{"id":58542,"date":"2022-01-22T17:38:56","date_gmt":"2022-01-22T16:38:56","guid":{"rendered":"https:\/\/demoweb.info\/sexshop001\/producto\/stroke-it-masturbador-doble-boca-ano\/"},"modified":"2022-01-22T17:39:15","modified_gmt":"2022-01-22T16:39:15","slug":"stroke-it-masturbador-doble-boca-ano","status":"publish","type":"product","link":"https:\/\/demoweb.info\/sexshop001\/producto\/stroke-it-masturbador-doble-boca-ano\/","title":{"rendered":"STROKE IT MASTURBADOR DOBLE BOCA \/ ANO"},"content":{"rendered":"<p><strong>STROKE IT MOUTH\/ASS<\/strong><\/p>\n<p>Masturbador real\u00edstico de doble penetraci\u00f3n.<\/p>\n<p>CARACTERISTICAS:<br \/>\n&bull; M\u00e1s de 0,45 kg de placer.<br \/>\n&bull; Material PureSkin\u00ae ultra-realista.<br \/>\n&bull; C\u00e1mara texturizada anat\u00f3micamente correcta.<br \/>\n&bull; Entrada ultra apretada<br \/>\n&bull; Doble extremo para la acci\u00f3n de garganta profunda o puerta trasera.<\/p>\n<p>Material: TPR<\/p>\n<p>Medidas: 19 x 9 cm<\/p>\n","protected":false},"excerpt":{"rendered":"<p>STROKE IT MOUTH\/ASS Masturbador real\u00edstico de doble penetraci\u00f3n. CARACTERISTICAS: &bull; M\u00e1s de 0,45 kg de placer. &bull; Material PureSkin\u00ae ultra-realista.<\/p>\n","protected":false},"featured_media":58543,"comment_status":"open","ping_status":"open","template":"","meta":[],"product_cat":[687],"product_tag":[660,1583],"class_list":["post-58542","product","type-product","status-publish","has-post-thumbnail","hentry","product_cat-dobles-masturbadores","product_tag-calexotics","product_tag-stroke-it"],"bundled_by":[],"bundle_stock_status":"outofstock","bundle_stock_quantity":0,"bundle_virtual":false,"bundle_layout":"","bundle_add_to_cart_form_location":"","bundle_editable_in_cart":false,"bundle_sold_individually_context":"","bundle_item_grouping":"","bundle_min_size":"","bundle_max_size":"","bundled_items":[],"yoast_head":"<!-- This site is optimized with the Yoast SEO plugin v20.6 - https:\/\/yoast.com\/wordpress\/plugins\/seo\/ -->\n<title>STROKE IT MASTURBADOR DOBLE BOCA \/ ANO - Tienda Er\u00f3tica<\/title>\n<meta name=\"robots\" content=\"noindex, follow, max-snippet:-1, max-image-preview:large, max-video-preview:-1\" \/>\n<meta property=\"og:locale\" content=\"es_ES\" \/>\n<meta property=\"og:type\" content=\"article\" \/>\n<meta property=\"og:title\" content=\"STROKE IT MASTURBADOR DOBLE BOCA \/ ANO - Tienda Er\u00f3tica\" \/>\n<meta property=\"og:description\" content=\"STROKE IT MOUTH\/ASS Masturbador real\u00edstico de doble penetraci\u00f3n. CARACTERISTICAS: &bull; M\u00e1s de 0,45 kg de placer. &bull; Material PureSkin\u00ae ultra-realista.\" \/>\n<meta property=\"og:url\" content=\"https:\/\/demoweb.info\/sexshop001\/producto\/stroke-it-masturbador-doble-boca-ano\/\" \/>\n<meta property=\"og:site_name\" content=\"Tienda Er\u00f3tica\" \/>\n<meta property=\"article:modified_time\" content=\"2022-01-22T16:39:15+00:00\" \/>\n<meta property=\"og:image\" content=\"https:\/\/demoweb.info\/sexshop001\/wp-content\/uploads\/2022\/01\/STROKE-IT-MASTURBADOR-DOBLE-BOCA-ANO.jpg\" \/>\n\t<meta property=\"og:image:width\" content=\"550\" \/>\n\t<meta property=\"og:image:height\" content=\"550\" \/>\n\t<meta property=\"og:image:type\" content=\"image\/jpeg\" \/>\n<meta name=\"twitter:card\" content=\"summary_large_image\" \/>\n<script type=\"application\/ld+json\" class=\"yoast-schema-graph\">{\"@context\":\"https:\/\/schema.org\",\"@graph\":[{\"@type\":\"WebPage\",\"@id\":\"https:\/\/demoweb.info\/sexshop001\/producto\/stroke-it-masturbador-doble-boca-ano\/\",\"url\":\"https:\/\/demoweb.info\/sexshop001\/producto\/stroke-it-masturbador-doble-boca-ano\/\",\"name\":\"STROKE IT MASTURBADOR DOBLE BOCA \/ ANO - Tienda Er\u00f3tica\",\"isPartOf\":{\"@id\":\"https:\/\/demoweb.info\/sexshop001\/#website\"},\"datePublished\":\"2022-01-22T16:38:56+00:00\",\"dateModified\":\"2022-01-22T16:39:15+00:00\",\"breadcrumb\":{\"@id\":\"https:\/\/demoweb.info\/sexshop001\/producto\/stroke-it-masturbador-doble-boca-ano\/#breadcrumb\"},\"inLanguage\":\"es\",\"potentialAction\":[{\"@type\":\"ReadAction\",\"target\":[\"https:\/\/demoweb.info\/sexshop001\/producto\/stroke-it-masturbador-doble-boca-ano\/\"]}]},{\"@type\":\"BreadcrumbList\",\"@id\":\"https:\/\/demoweb.info\/sexshop001\/producto\/stroke-it-masturbador-doble-boca-ano\/#breadcrumb\",\"itemListElement\":[{\"@type\":\"ListItem\",\"position\":1,\"name\":\"Portada\",\"item\":\"https:\/\/demoweb.info\/sexshop001\/\"},{\"@type\":\"ListItem\",\"position\":2,\"name\":\"Tienda\",\"item\":\"https:\/\/demoweb.info\/sexshop001\/tienda\/\"},{\"@type\":\"ListItem\",\"position\":3,\"name\":\"STROKE IT MASTURBADOR DOBLE BOCA \/ ANO\"}]},{\"@type\":\"WebSite\",\"@id\":\"https:\/\/demoweb.info\/sexshop001\/#website\",\"url\":\"https:\/\/demoweb.info\/sexshop001\/\",\"name\":\"Tienda Er\u00f3tica\",\"description\":\"DEMOWEB SL\",\"potentialAction\":[{\"@type\":\"SearchAction\",\"target\":{\"@type\":\"EntryPoint\",\"urlTemplate\":\"https:\/\/demoweb.info\/sexshop001\/?s={search_term_string}\"},\"query-input\":\"required name=search_term_string\"}],\"inLanguage\":\"es\"}]}<\/script>\n<!-- \/ Yoast SEO plugin. -->","yoast_head_json":{"title":"STROKE IT MASTURBADOR DOBLE BOCA \/ ANO - Tienda Er\u00f3tica","robots":{"index":"noindex","follow":"follow","max-snippet":"max-snippet:-1","max-image-preview":"max-image-preview:large","max-video-preview":"max-video-preview:-1"},"og_locale":"es_ES","og_type":"article","og_title":"STROKE IT MASTURBADOR DOBLE BOCA \/ ANO - Tienda Er\u00f3tica","og_description":"STROKE IT MOUTH\/ASS Masturbador real\u00edstico de doble penetraci\u00f3n. CARACTERISTICAS: &bull; M\u00e1s de 0,45 kg de placer. &bull; Material PureSkin\u00ae ultra-realista.","og_url":"https:\/\/demoweb.info\/sexshop001\/producto\/stroke-it-masturbador-doble-boca-ano\/","og_site_name":"Tienda Er\u00f3tica","article_modified_time":"2022-01-22T16:39:15+00:00","og_image":[{"width":550,"height":550,"url":"https:\/\/demoweb.info\/sexshop001\/wp-content\/uploads\/2022\/01\/STROKE-IT-MASTURBADOR-DOBLE-BOCA-ANO.jpg","type":"image\/jpeg"}],"twitter_card":"summary_large_image","schema":{"@context":"https:\/\/schema.org","@graph":[{"@type":"WebPage","@id":"https:\/\/demoweb.info\/sexshop001\/producto\/stroke-it-masturbador-doble-boca-ano\/","url":"https:\/\/demoweb.info\/sexshop001\/producto\/stroke-it-masturbador-doble-boca-ano\/","name":"STROKE IT MASTURBADOR DOBLE BOCA \/ ANO - Tienda Er\u00f3tica","isPartOf":{"@id":"https:\/\/demoweb.info\/sexshop001\/#website"},"datePublished":"2022-01-22T16:38:56+00:00","dateModified":"2022-01-22T16:39:15+00:00","breadcrumb":{"@id":"https:\/\/demoweb.info\/sexshop001\/producto\/stroke-it-masturbador-doble-boca-ano\/#breadcrumb"},"inLanguage":"es","potentialAction":[{"@type":"ReadAction","target":["https:\/\/demoweb.info\/sexshop001\/producto\/stroke-it-masturbador-doble-boca-ano\/"]}]},{"@type":"BreadcrumbList","@id":"https:\/\/demoweb.info\/sexshop001\/producto\/stroke-it-masturbador-doble-boca-ano\/#breadcrumb","itemListElement":[{"@type":"ListItem","position":1,"name":"Portada","item":"https:\/\/demoweb.info\/sexshop001\/"},{"@type":"ListItem","position":2,"name":"Tienda","item":"https:\/\/demoweb.info\/sexshop001\/tienda\/"},{"@type":"ListItem","position":3,"name":"STROKE IT MASTURBADOR DOBLE BOCA \/ ANO"}]},{"@type":"WebSite","@id":"https:\/\/demoweb.info\/sexshop001\/#website","url":"https:\/\/demoweb.info\/sexshop001\/","name":"Tienda Er\u00f3tica","description":"DEMOWEB SL","potentialAction":[{"@type":"SearchAction","target":{"@type":"EntryPoint","urlTemplate":"https:\/\/demoweb.info\/sexshop001\/?s={search_term_string}"},"query-input":"required name=search_term_string"}],"inLanguage":"es"}]}},"_links":{"self":[{"href":"https:\/\/demoweb.info\/sexshop001\/wp-json\/wp\/v3\/product\/58542","targetHints":{"allow":["GET"]}}],"collection":[{"href":"https:\/\/demoweb.info\/sexshop001\/wp-json\/wp\/v3\/product"}],"about":[{"href":"https:\/\/demoweb.info\/sexshop001\/wp-json\/wp\/v2\/types\/product"}],"replies":[{"embeddable":true,"href":"https:\/\/demoweb.info\/sexshop001\/wp-json\/wp\/v2\/comments?post=58542"}],"wp:featuredmedia":[{"embeddable":true,"href":"https:\/\/demoweb.info\/sexshop001\/wp-json\/wp\/v2\/media\/58543"}],"wp:attachment":[{"href":"https:\/\/demoweb.info\/sexshop001\/wp-json\/wp\/v2\/media?parent=58542"}],"wp:term":[{"taxonomy":"product_cat","embeddable":true,"href":"https:\/\/demoweb.info\/sexshop001\/wp-json\/wp\/v2\/product_cat?post=58542"},{"taxonomy":"product_tag","embeddable":true,"href":"https:\/\/demoweb.info\/sexshop001\/wp-json\/wp\/v2\/product_tag?post=58542"}],"curies":[{"name":"wp","href":"https:\/\/api.w.org\/{rel}","templated":true}]}}