{"id":58498,"date":"2022-01-22T17:38:35","date_gmt":"2022-01-22T16:38:35","guid":{"rendered":"https:\/\/demoweb.info\/sexshop001\/producto\/satisfyer-double-plus-remote\/"},"modified":"2022-01-22T17:38:44","modified_gmt":"2022-01-22T16:38:44","slug":"satisfyer-double-plus-remote","status":"publish","type":"product","link":"https:\/\/demoweb.info\/sexshop001\/producto\/satisfyer-double-plus-remote\/","title":{"rendered":"SATISFYER DOUBLE PLUS REMOTE"},"content":{"rendered":"<p><strong>SATISFYER DOUBLE PLUS REMOTE<\/strong><\/p>\n<p><strong>Nueva edici\u00f3n 2020<\/strong><\/p>\n<p>A diferencia de Partner Toy, los dos motores de Partner Toy Plus Remote proporcionan a ambos miembros de la pareja mayor estimulaci\u00f3n y diversi\u00f3n. Adem\u00e1s, su gran di\u00e1metro aporta al hombre una sensaci\u00f3n m\u00e1s intensa durante el acto sexual.<\/p>\n<p><strong>DISFRUTANDO DE UN BA\u00d1O \u00abA TROIS\u00bb<\/strong><\/p>\n<p>Adem\u00e1s de las vibraciones, con las que tambi\u00e9n disfrutar\u00e1 tu pareja, el v\u00e1stago que te penetra descubrir\u00e1 en tu pareja una estrechez que le har\u00e1 disfrutar a\u00fan m\u00e1s. Pod\u00e9is disfrutar de esa estimulaci\u00f3n simult\u00e1nea donde se despierte el placer: La impermeabilidad del Partner Plus os permite que un ba\u00f1o c\u00e1lido se convierta en uno t\u00f3rrido. El acumulador integrado es muy pr\u00e1ctico: Pod\u00e9is recargar c\u00f3modamente el Partner Plus con el cable USB de carga integrado y mejorar vuestros retozones siempre que teng\u00e1is ganas de ello.<\/p>\n<p><strong>CONTROL REMOTO<\/strong><\/p>\n<p>Con el pr\u00e1ctico mando a distancia pod\u00e9is controlar la vibraci\u00f3n con comodidad y decidir qui\u00e9n puede tomar las decisiones. Para aventuras salvajes y preliminares excitantes la mujer tambi\u00e9n puede llevar el vibrador en la braguita y dejar que su compa\u00f1ero la excite.<\/p>\n<ul>\n<li>Con mando a distancia (funciona con una pila incluida)<\/li>\n<li>2 potentes motores<\/li>\n<li>Silicona antialerg\u00e9nica<\/li>\n<li>10 programas de vibraci\u00f3n<\/li>\n<li>Resistente al agua, recargable<\/li>\n<li><strong>Nueva edici\u00f3n 2020<\/strong><\/li>\n<li><strong><strong>Nuevo embalaje acorde con la nueva imagen de la marca<\/strong><\/strong><\/li>\n<li><strong><strong><strong><strong>GARANT\u00cdA DE HIGIENE: Tendr\u00e1s 100% asegurado que eres la primera persona en abrir tu nuevo juguete.<\/strong><\/strong><\/strong><\/strong><\/li>\n<\/ul>\n<p>El Partner Plus Remote mejora con sensualidad lo m\u00e1s bonito del mundo. 2 potentes motores llevan al \u00e9xtasis al pene, el cl\u00edtoris y la vagina reforzando vuestros juegos er\u00f3ticos con sensaciones \u00fanicas. La forma U adaptable de silicona flexible genera una estrechez adicional y presi\u00f3n directa sobre los puntos importantes. \u00a1Como desarrollo atrevido del Partner Plus este compa\u00f1ero de juegos tiene un mando a distancia, con el que pod\u00e9is variar vuestros juegos er\u00f3ticos!<\/p>\n<p><strong>MATERIAL<\/strong><\/p>\n<p>La silicona antialerg\u00e9nica posee un tacto muy agradable, y es el material ideal para pas\u00e1rselo en grande. Es muy higi\u00e9nico, y favorece el deslizamiento, sobre todo con la ayuda de lubricantes con base de agua, que convierten la experiencia en un placer \u00fanico. Tu juguete se puede limpiar f\u00e1cilmente con agua y un jab\u00f3n suave. Si deseas una higiene m\u00e1s exhaustiva, puedes utilizar un producto limpiador de dildos: basta con rociarlo un par de veces para que tu juguete quede perfectamente limpio.<\/p>\n","protected":false},"excerpt":{"rendered":"<p>SATISFYER DOUBLE PLUS REMOTE Nueva edici\u00f3n 2020 A diferencia de Partner Toy, los dos motores de Partner Toy Plus Remote<\/p>\n","protected":false},"featured_media":58499,"comment_status":"open","ping_status":"open","template":"","meta":[],"product_cat":[445],"product_tag":[1466,442],"class_list":["post-58498","product","type-product","status-publish","has-post-thumbnail","hentry","product_cat-para-parejas-vibradores-juguetes-xxx","product_tag-partner","product_tag-satisfyer"],"bundled_by":[],"bundle_stock_status":"instock","bundle_stock_quantity":25,"bundle_virtual":false,"bundle_layout":"","bundle_add_to_cart_form_location":"","bundle_editable_in_cart":false,"bundle_sold_individually_context":"","bundle_item_grouping":"","bundle_min_size":"","bundle_max_size":"","bundled_items":[],"yoast_head":"<!-- This site is optimized with the Yoast SEO plugin v20.6 - https:\/\/yoast.com\/wordpress\/plugins\/seo\/ -->\n<title>SATISFYER DOUBLE PLUS REMOTE - Tienda Er\u00f3tica<\/title>\n<meta name=\"robots\" content=\"noindex, follow, max-snippet:-1, max-image-preview:large, max-video-preview:-1\" \/>\n<meta property=\"og:locale\" content=\"es_ES\" \/>\n<meta property=\"og:type\" content=\"article\" \/>\n<meta property=\"og:title\" content=\"SATISFYER DOUBLE PLUS REMOTE - Tienda Er\u00f3tica\" \/>\n<meta property=\"og:description\" content=\"SATISFYER DOUBLE PLUS REMOTE Nueva edici\u00f3n 2020 A diferencia de Partner Toy, los dos motores de Partner Toy Plus Remote\" \/>\n<meta property=\"og:url\" content=\"https:\/\/demoweb.info\/sexshop001\/producto\/satisfyer-double-plus-remote\/\" \/>\n<meta property=\"og:site_name\" content=\"Tienda Er\u00f3tica\" \/>\n<meta property=\"article:modified_time\" content=\"2022-01-22T16:38:44+00:00\" \/>\n<meta property=\"og:image\" content=\"https:\/\/demoweb.info\/sexshop001\/wp-content\/uploads\/2022\/01\/SATISFYER-DOUBLE-PLUS-REMOTE.jpg\" \/>\n\t<meta property=\"og:image:width\" content=\"550\" \/>\n\t<meta property=\"og:image:height\" content=\"550\" \/>\n\t<meta property=\"og:image:type\" content=\"image\/jpeg\" \/>\n<meta name=\"twitter:card\" content=\"summary_large_image\" \/>\n<meta name=\"twitter:label1\" content=\"Tiempo de lectura\" \/>\n\t<meta name=\"twitter:data1\" content=\"2 minutos\" \/>\n<script type=\"application\/ld+json\" class=\"yoast-schema-graph\">{\"@context\":\"https:\/\/schema.org\",\"@graph\":[{\"@type\":\"WebPage\",\"@id\":\"https:\/\/demoweb.info\/sexshop001\/producto\/satisfyer-double-plus-remote\/\",\"url\":\"https:\/\/demoweb.info\/sexshop001\/producto\/satisfyer-double-plus-remote\/\",\"name\":\"SATISFYER DOUBLE PLUS REMOTE - Tienda Er\u00f3tica\",\"isPartOf\":{\"@id\":\"https:\/\/demoweb.info\/sexshop001\/#website\"},\"datePublished\":\"2022-01-22T16:38:35+00:00\",\"dateModified\":\"2022-01-22T16:38:44+00:00\",\"breadcrumb\":{\"@id\":\"https:\/\/demoweb.info\/sexshop001\/producto\/satisfyer-double-plus-remote\/#breadcrumb\"},\"inLanguage\":\"es\",\"potentialAction\":[{\"@type\":\"ReadAction\",\"target\":[\"https:\/\/demoweb.info\/sexshop001\/producto\/satisfyer-double-plus-remote\/\"]}]},{\"@type\":\"BreadcrumbList\",\"@id\":\"https:\/\/demoweb.info\/sexshop001\/producto\/satisfyer-double-plus-remote\/#breadcrumb\",\"itemListElement\":[{\"@type\":\"ListItem\",\"position\":1,\"name\":\"Portada\",\"item\":\"https:\/\/demoweb.info\/sexshop001\/\"},{\"@type\":\"ListItem\",\"position\":2,\"name\":\"Tienda\",\"item\":\"https:\/\/demoweb.info\/sexshop001\/tienda\/\"},{\"@type\":\"ListItem\",\"position\":3,\"name\":\"SATISFYER DOUBLE PLUS REMOTE\"}]},{\"@type\":\"WebSite\",\"@id\":\"https:\/\/demoweb.info\/sexshop001\/#website\",\"url\":\"https:\/\/demoweb.info\/sexshop001\/\",\"name\":\"Tienda Er\u00f3tica\",\"description\":\"DEMOWEB SL\",\"potentialAction\":[{\"@type\":\"SearchAction\",\"target\":{\"@type\":\"EntryPoint\",\"urlTemplate\":\"https:\/\/demoweb.info\/sexshop001\/?s={search_term_string}\"},\"query-input\":\"required name=search_term_string\"}],\"inLanguage\":\"es\"}]}<\/script>\n<!-- \/ Yoast SEO plugin. -->","yoast_head_json":{"title":"SATISFYER DOUBLE PLUS REMOTE - Tienda Er\u00f3tica","robots":{"index":"noindex","follow":"follow","max-snippet":"max-snippet:-1","max-image-preview":"max-image-preview:large","max-video-preview":"max-video-preview:-1"},"og_locale":"es_ES","og_type":"article","og_title":"SATISFYER DOUBLE PLUS REMOTE - Tienda Er\u00f3tica","og_description":"SATISFYER DOUBLE PLUS REMOTE Nueva edici\u00f3n 2020 A diferencia de Partner Toy, los dos motores de Partner Toy Plus Remote","og_url":"https:\/\/demoweb.info\/sexshop001\/producto\/satisfyer-double-plus-remote\/","og_site_name":"Tienda Er\u00f3tica","article_modified_time":"2022-01-22T16:38:44+00:00","og_image":[{"width":550,"height":550,"url":"https:\/\/demoweb.info\/sexshop001\/wp-content\/uploads\/2022\/01\/SATISFYER-DOUBLE-PLUS-REMOTE.jpg","type":"image\/jpeg"}],"twitter_card":"summary_large_image","twitter_misc":{"Tiempo de lectura":"2 minutos"},"schema":{"@context":"https:\/\/schema.org","@graph":[{"@type":"WebPage","@id":"https:\/\/demoweb.info\/sexshop001\/producto\/satisfyer-double-plus-remote\/","url":"https:\/\/demoweb.info\/sexshop001\/producto\/satisfyer-double-plus-remote\/","name":"SATISFYER DOUBLE PLUS REMOTE - Tienda Er\u00f3tica","isPartOf":{"@id":"https:\/\/demoweb.info\/sexshop001\/#website"},"datePublished":"2022-01-22T16:38:35+00:00","dateModified":"2022-01-22T16:38:44+00:00","breadcrumb":{"@id":"https:\/\/demoweb.info\/sexshop001\/producto\/satisfyer-double-plus-remote\/#breadcrumb"},"inLanguage":"es","potentialAction":[{"@type":"ReadAction","target":["https:\/\/demoweb.info\/sexshop001\/producto\/satisfyer-double-plus-remote\/"]}]},{"@type":"BreadcrumbList","@id":"https:\/\/demoweb.info\/sexshop001\/producto\/satisfyer-double-plus-remote\/#breadcrumb","itemListElement":[{"@type":"ListItem","position":1,"name":"Portada","item":"https:\/\/demoweb.info\/sexshop001\/"},{"@type":"ListItem","position":2,"name":"Tienda","item":"https:\/\/demoweb.info\/sexshop001\/tienda\/"},{"@type":"ListItem","position":3,"name":"SATISFYER DOUBLE PLUS REMOTE"}]},{"@type":"WebSite","@id":"https:\/\/demoweb.info\/sexshop001\/#website","url":"https:\/\/demoweb.info\/sexshop001\/","name":"Tienda Er\u00f3tica","description":"DEMOWEB SL","potentialAction":[{"@type":"SearchAction","target":{"@type":"EntryPoint","urlTemplate":"https:\/\/demoweb.info\/sexshop001\/?s={search_term_string}"},"query-input":"required name=search_term_string"}],"inLanguage":"es"}]}},"_links":{"self":[{"href":"https:\/\/demoweb.info\/sexshop001\/wp-json\/wp\/v3\/product\/58498","targetHints":{"allow":["GET"]}}],"collection":[{"href":"https:\/\/demoweb.info\/sexshop001\/wp-json\/wp\/v3\/product"}],"about":[{"href":"https:\/\/demoweb.info\/sexshop001\/wp-json\/wp\/v2\/types\/product"}],"replies":[{"embeddable":true,"href":"https:\/\/demoweb.info\/sexshop001\/wp-json\/wp\/v2\/comments?post=58498"}],"wp:featuredmedia":[{"embeddable":true,"href":"https:\/\/demoweb.info\/sexshop001\/wp-json\/wp\/v2\/media\/58499"}],"wp:attachment":[{"href":"https:\/\/demoweb.info\/sexshop001\/wp-json\/wp\/v2\/media?parent=58498"}],"wp:term":[{"taxonomy":"product_cat","embeddable":true,"href":"https:\/\/demoweb.info\/sexshop001\/wp-json\/wp\/v2\/product_cat?post=58498"},{"taxonomy":"product_tag","embeddable":true,"href":"https:\/\/demoweb.info\/sexshop001\/wp-json\/wp\/v2\/product_tag?post=58498"}],"curies":[{"name":"wp","href":"https:\/\/api.w.org\/{rel}","templated":true}]}}