{"id":58463,"date":"2022-01-22T17:38:17","date_gmt":"2022-01-22T16:38:17","guid":{"rendered":"https:\/\/demoweb.info\/sexshop001\/producto\/fuimos-canciones-canciones-y-recuerdos-1\/"},"modified":"2022-01-22T17:38:20","modified_gmt":"2022-01-22T16:38:20","slug":"fuimos-canciones-canciones-y-recuerdos-1","status":"publish","type":"product","link":"https:\/\/demoweb.info\/sexshop001\/producto\/fuimos-canciones-canciones-y-recuerdos-1\/","title":{"rendered":"FUIMOS CANCIONES (CANCIONES Y RECUERDOS 1)"},"content":{"rendered":"<p><strong>FUIMOS CANCIONES (CANCIONES Y RECUERDOS 1)<\/strong><\/p>\n<p>Macarena, Jimena y Adriana est\u00e1n a un paso de descubrir que preoucuparse de lo que los dem\u00e1s opinan puede malograr cualquier sue\u00f1o.Fuimos canciones es la novela de tres amigas con una historia impactante que provocar\u00e1 la carcajada en las lectoras, tres historias distintas, originales al m\u00e1s puro estilo Benavent.<\/p>\n<p>\u00bfQu\u00e9 sucede cuando ignoramos la opiniones de los otros y empezamos a amar libres de culpa, sin remordimientos?<\/p>\n<p>N\u00famero de p\u00e1ginas 544.<\/p>\n","protected":false},"excerpt":{"rendered":"<p>FUIMOS CANCIONES (CANCIONES Y RECUERDOS 1) Macarena, Jimena y Adriana est\u00e1n a un paso de descubrir que preoucuparse de lo<\/p>\n","protected":false},"featured_media":58464,"comment_status":"open","ping_status":"open","template":"","meta":[],"product_cat":[414],"product_tag":[415,1258],"class_list":["post-58463","product","type-product","status-publish","has-post-thumbnail","hentry","product_cat-libros","product_tag-random-house","product_tag-suma-de-letras"],"bundled_by":[],"bundle_stock_status":"instock","bundle_stock_quantity":3,"bundle_virtual":false,"bundle_layout":"","bundle_add_to_cart_form_location":"","bundle_editable_in_cart":false,"bundle_sold_individually_context":"","bundle_item_grouping":"","bundle_min_size":"","bundle_max_size":"","bundled_items":[],"yoast_head":"<!-- This site is optimized with the Yoast SEO plugin v20.6 - https:\/\/yoast.com\/wordpress\/plugins\/seo\/ -->\n<title>FUIMOS CANCIONES (CANCIONES Y RECUERDOS 1) - Tienda Er\u00f3tica<\/title>\n<meta name=\"robots\" content=\"noindex, follow, max-snippet:-1, max-image-preview:large, max-video-preview:-1\" \/>\n<meta property=\"og:locale\" content=\"es_ES\" \/>\n<meta property=\"og:type\" content=\"article\" \/>\n<meta property=\"og:title\" content=\"FUIMOS CANCIONES (CANCIONES Y RECUERDOS 1) - Tienda Er\u00f3tica\" \/>\n<meta property=\"og:description\" content=\"FUIMOS CANCIONES (CANCIONES Y RECUERDOS 1) Macarena, Jimena y Adriana est\u00e1n a un paso de descubrir que preoucuparse de lo\" \/>\n<meta property=\"og:url\" content=\"https:\/\/demoweb.info\/sexshop001\/producto\/fuimos-canciones-canciones-y-recuerdos-1\/\" \/>\n<meta property=\"og:site_name\" content=\"Tienda Er\u00f3tica\" \/>\n<meta property=\"article:modified_time\" content=\"2022-01-22T16:38:20+00:00\" \/>\n<meta property=\"og:image\" content=\"https:\/\/demoweb.info\/sexshop001\/wp-content\/uploads\/2022\/01\/FUIMOS-CANCIONES-CANCIONES-Y-RECUERDOS-1.jpg\" \/>\n\t<meta property=\"og:image:width\" content=\"550\" \/>\n\t<meta property=\"og:image:height\" content=\"550\" \/>\n\t<meta property=\"og:image:type\" content=\"image\/jpeg\" \/>\n<meta name=\"twitter:card\" content=\"summary_large_image\" \/>\n<script type=\"application\/ld+json\" class=\"yoast-schema-graph\">{\"@context\":\"https:\/\/schema.org\",\"@graph\":[{\"@type\":\"WebPage\",\"@id\":\"https:\/\/demoweb.info\/sexshop001\/producto\/fuimos-canciones-canciones-y-recuerdos-1\/\",\"url\":\"https:\/\/demoweb.info\/sexshop001\/producto\/fuimos-canciones-canciones-y-recuerdos-1\/\",\"name\":\"FUIMOS CANCIONES (CANCIONES Y RECUERDOS 1) - Tienda Er\u00f3tica\",\"isPartOf\":{\"@id\":\"https:\/\/demoweb.info\/sexshop001\/#website\"},\"datePublished\":\"2022-01-22T16:38:17+00:00\",\"dateModified\":\"2022-01-22T16:38:20+00:00\",\"breadcrumb\":{\"@id\":\"https:\/\/demoweb.info\/sexshop001\/producto\/fuimos-canciones-canciones-y-recuerdos-1\/#breadcrumb\"},\"inLanguage\":\"es\",\"potentialAction\":[{\"@type\":\"ReadAction\",\"target\":[\"https:\/\/demoweb.info\/sexshop001\/producto\/fuimos-canciones-canciones-y-recuerdos-1\/\"]}]},{\"@type\":\"BreadcrumbList\",\"@id\":\"https:\/\/demoweb.info\/sexshop001\/producto\/fuimos-canciones-canciones-y-recuerdos-1\/#breadcrumb\",\"itemListElement\":[{\"@type\":\"ListItem\",\"position\":1,\"name\":\"Portada\",\"item\":\"https:\/\/demoweb.info\/sexshop001\/\"},{\"@type\":\"ListItem\",\"position\":2,\"name\":\"Tienda\",\"item\":\"https:\/\/demoweb.info\/sexshop001\/tienda\/\"},{\"@type\":\"ListItem\",\"position\":3,\"name\":\"FUIMOS CANCIONES (CANCIONES Y RECUERDOS 1)\"}]},{\"@type\":\"WebSite\",\"@id\":\"https:\/\/demoweb.info\/sexshop001\/#website\",\"url\":\"https:\/\/demoweb.info\/sexshop001\/\",\"name\":\"Tienda Er\u00f3tica\",\"description\":\"DEMOWEB SL\",\"potentialAction\":[{\"@type\":\"SearchAction\",\"target\":{\"@type\":\"EntryPoint\",\"urlTemplate\":\"https:\/\/demoweb.info\/sexshop001\/?s={search_term_string}\"},\"query-input\":\"required name=search_term_string\"}],\"inLanguage\":\"es\"}]}<\/script>\n<!-- \/ Yoast SEO plugin. -->","yoast_head_json":{"title":"FUIMOS CANCIONES (CANCIONES Y RECUERDOS 1) - Tienda Er\u00f3tica","robots":{"index":"noindex","follow":"follow","max-snippet":"max-snippet:-1","max-image-preview":"max-image-preview:large","max-video-preview":"max-video-preview:-1"},"og_locale":"es_ES","og_type":"article","og_title":"FUIMOS CANCIONES (CANCIONES Y RECUERDOS 1) - Tienda Er\u00f3tica","og_description":"FUIMOS CANCIONES (CANCIONES Y RECUERDOS 1) Macarena, Jimena y Adriana est\u00e1n a un paso de descubrir que preoucuparse de lo","og_url":"https:\/\/demoweb.info\/sexshop001\/producto\/fuimos-canciones-canciones-y-recuerdos-1\/","og_site_name":"Tienda Er\u00f3tica","article_modified_time":"2022-01-22T16:38:20+00:00","og_image":[{"width":550,"height":550,"url":"https:\/\/demoweb.info\/sexshop001\/wp-content\/uploads\/2022\/01\/FUIMOS-CANCIONES-CANCIONES-Y-RECUERDOS-1.jpg","type":"image\/jpeg"}],"twitter_card":"summary_large_image","schema":{"@context":"https:\/\/schema.org","@graph":[{"@type":"WebPage","@id":"https:\/\/demoweb.info\/sexshop001\/producto\/fuimos-canciones-canciones-y-recuerdos-1\/","url":"https:\/\/demoweb.info\/sexshop001\/producto\/fuimos-canciones-canciones-y-recuerdos-1\/","name":"FUIMOS CANCIONES (CANCIONES Y RECUERDOS 1) - Tienda Er\u00f3tica","isPartOf":{"@id":"https:\/\/demoweb.info\/sexshop001\/#website"},"datePublished":"2022-01-22T16:38:17+00:00","dateModified":"2022-01-22T16:38:20+00:00","breadcrumb":{"@id":"https:\/\/demoweb.info\/sexshop001\/producto\/fuimos-canciones-canciones-y-recuerdos-1\/#breadcrumb"},"inLanguage":"es","potentialAction":[{"@type":"ReadAction","target":["https:\/\/demoweb.info\/sexshop001\/producto\/fuimos-canciones-canciones-y-recuerdos-1\/"]}]},{"@type":"BreadcrumbList","@id":"https:\/\/demoweb.info\/sexshop001\/producto\/fuimos-canciones-canciones-y-recuerdos-1\/#breadcrumb","itemListElement":[{"@type":"ListItem","position":1,"name":"Portada","item":"https:\/\/demoweb.info\/sexshop001\/"},{"@type":"ListItem","position":2,"name":"Tienda","item":"https:\/\/demoweb.info\/sexshop001\/tienda\/"},{"@type":"ListItem","position":3,"name":"FUIMOS CANCIONES (CANCIONES Y RECUERDOS 1)"}]},{"@type":"WebSite","@id":"https:\/\/demoweb.info\/sexshop001\/#website","url":"https:\/\/demoweb.info\/sexshop001\/","name":"Tienda Er\u00f3tica","description":"DEMOWEB SL","potentialAction":[{"@type":"SearchAction","target":{"@type":"EntryPoint","urlTemplate":"https:\/\/demoweb.info\/sexshop001\/?s={search_term_string}"},"query-input":"required name=search_term_string"}],"inLanguage":"es"}]}},"_links":{"self":[{"href":"https:\/\/demoweb.info\/sexshop001\/wp-json\/wp\/v3\/product\/58463","targetHints":{"allow":["GET"]}}],"collection":[{"href":"https:\/\/demoweb.info\/sexshop001\/wp-json\/wp\/v3\/product"}],"about":[{"href":"https:\/\/demoweb.info\/sexshop001\/wp-json\/wp\/v2\/types\/product"}],"replies":[{"embeddable":true,"href":"https:\/\/demoweb.info\/sexshop001\/wp-json\/wp\/v2\/comments?post=58463"}],"wp:featuredmedia":[{"embeddable":true,"href":"https:\/\/demoweb.info\/sexshop001\/wp-json\/wp\/v2\/media\/58464"}],"wp:attachment":[{"href":"https:\/\/demoweb.info\/sexshop001\/wp-json\/wp\/v2\/media?parent=58463"}],"wp:term":[{"taxonomy":"product_cat","embeddable":true,"href":"https:\/\/demoweb.info\/sexshop001\/wp-json\/wp\/v2\/product_cat?post=58463"},{"taxonomy":"product_tag","embeddable":true,"href":"https:\/\/demoweb.info\/sexshop001\/wp-json\/wp\/v2\/product_tag?post=58463"}],"curies":[{"name":"wp","href":"https:\/\/api.w.org\/{rel}","templated":true}]}}