{"id":58415,"date":"2022-01-22T17:37:31","date_gmt":"2022-01-22T16:37:31","guid":{"rendered":"https:\/\/demoweb.info\/sexshop001\/producto\/mega-ass-cleanser-limpiador-anal-negro\/"},"modified":"2022-01-22T17:37:44","modified_gmt":"2022-01-22T16:37:44","slug":"mega-ass-cleanser-limpiador-anal-negro","status":"publish","type":"product","link":"https:\/\/demoweb.info\/sexshop001\/producto\/mega-ass-cleanser-limpiador-anal-negro\/","title":{"rendered":"MEGA ASS CLEANSER &#8211; LIMPIADOR ANAL NEGRO"},"content":{"rendered":"<p><strong>MEGA ASS CLEANSER <\/strong><\/p>\n<p>El Colt\u00ae Mega Man Cleanser es el comienzo perfecto para el juego aventurero de puertas traseras. Cada kit de enema incluye una bombilla de compresi\u00f3n EZ y una punta de aplicador en espiral desmontable.<\/p>\n<p>La bombilla f\u00e1cil de usar te da un control total sobre el flujo de agua y la estimulaci\u00f3n, mientras que la punta del aplicador se burla para una sesi\u00f3n de limpieza profunda y estimulante. Esta sonda se adapta a cualquier nivel de experiencia, pero es ideal para anhelar un poco m\u00e1s de empuje en lalimpieza.<\/p>\n<p>Instrucciones de uso:<\/p>\n<p>Despu\u00e9s de elegir la punta de aplicaci\u00f3n, llena la bombilla con agua tibia sumergi\u00e9ndola en un recipiente o cuenco para que puedas controlar la cantidad de agua que contiene la bombilla. Cuando est\u00e9 llena, aplica lubricante en la punta y una vez que est\u00e9 completamente insertada, aprieta la perilla lentamente para dejar que fluya el agua. Hazlo suave y repite el proceso hasta que el agua salga clara.<\/p>\n<p>Material: PVC y ABS.<\/p>\n<p>Medidas:<\/p>\n<ul>\n<li>Bombilla: 9 x 15,25 cm<\/li>\n<li>Punta de aplicaci\u00f3n: 12,75 x 1,25 cm<\/li>\n<\/ul>\n","protected":false},"excerpt":{"rendered":"<p>MEGA ASS CLEANSER El Colt\u00ae Mega Man Cleanser es el comienzo perfecto para el juego aventurero de puertas traseras. Cada<\/p>\n","protected":false},"featured_media":58416,"comment_status":"open","ping_status":"open","template":"","meta":[],"product_cat":[558],"product_tag":[660,724],"class_list":["post-58415","product","type-product","status-publish","has-post-thumbnail","hentry","product_cat-enemas","product_tag-calexotics","product_tag-colt-gear"],"bundled_by":[],"bundle_stock_status":"instock","bundle_stock_quantity":1,"bundle_virtual":false,"bundle_layout":"","bundle_add_to_cart_form_location":"","bundle_editable_in_cart":false,"bundle_sold_individually_context":"","bundle_item_grouping":"","bundle_min_size":"","bundle_max_size":"","bundled_items":[],"yoast_head":"<!-- This site is optimized with the Yoast SEO plugin v20.6 - https:\/\/yoast.com\/wordpress\/plugins\/seo\/ -->\n<title>MEGA ASS CLEANSER - LIMPIADOR ANAL NEGRO - Tienda Er\u00f3tica<\/title>\n<meta name=\"robots\" content=\"noindex, follow, max-snippet:-1, max-image-preview:large, max-video-preview:-1\" \/>\n<meta property=\"og:locale\" content=\"es_ES\" \/>\n<meta property=\"og:type\" content=\"article\" \/>\n<meta property=\"og:title\" content=\"MEGA ASS CLEANSER - LIMPIADOR ANAL NEGRO - Tienda Er\u00f3tica\" \/>\n<meta property=\"og:description\" content=\"MEGA ASS CLEANSER El Colt\u00ae Mega Man Cleanser es el comienzo perfecto para el juego aventurero de puertas traseras. Cada\" \/>\n<meta property=\"og:url\" content=\"https:\/\/demoweb.info\/sexshop001\/producto\/mega-ass-cleanser-limpiador-anal-negro\/\" \/>\n<meta property=\"og:site_name\" content=\"Tienda Er\u00f3tica\" \/>\n<meta property=\"article:modified_time\" content=\"2022-01-22T16:37:44+00:00\" \/>\n<meta property=\"og:image\" content=\"https:\/\/demoweb.info\/sexshop001\/wp-content\/uploads\/2022\/01\/MEGA-ASS-CLEANSER-LIMPIADOR-ANAL-NEGRO.jpg\" \/>\n\t<meta property=\"og:image:width\" content=\"550\" \/>\n\t<meta property=\"og:image:height\" content=\"550\" \/>\n\t<meta property=\"og:image:type\" content=\"image\/jpeg\" \/>\n<meta name=\"twitter:card\" content=\"summary_large_image\" \/>\n<meta name=\"twitter:label1\" content=\"Tiempo de lectura\" \/>\n\t<meta name=\"twitter:data1\" content=\"1 minuto\" \/>\n<script type=\"application\/ld+json\" class=\"yoast-schema-graph\">{\"@context\":\"https:\/\/schema.org\",\"@graph\":[{\"@type\":\"WebPage\",\"@id\":\"https:\/\/demoweb.info\/sexshop001\/producto\/mega-ass-cleanser-limpiador-anal-negro\/\",\"url\":\"https:\/\/demoweb.info\/sexshop001\/producto\/mega-ass-cleanser-limpiador-anal-negro\/\",\"name\":\"MEGA ASS CLEANSER - LIMPIADOR ANAL NEGRO - Tienda Er\u00f3tica\",\"isPartOf\":{\"@id\":\"https:\/\/demoweb.info\/sexshop001\/#website\"},\"datePublished\":\"2022-01-22T16:37:31+00:00\",\"dateModified\":\"2022-01-22T16:37:44+00:00\",\"breadcrumb\":{\"@id\":\"https:\/\/demoweb.info\/sexshop001\/producto\/mega-ass-cleanser-limpiador-anal-negro\/#breadcrumb\"},\"inLanguage\":\"es\",\"potentialAction\":[{\"@type\":\"ReadAction\",\"target\":[\"https:\/\/demoweb.info\/sexshop001\/producto\/mega-ass-cleanser-limpiador-anal-negro\/\"]}]},{\"@type\":\"BreadcrumbList\",\"@id\":\"https:\/\/demoweb.info\/sexshop001\/producto\/mega-ass-cleanser-limpiador-anal-negro\/#breadcrumb\",\"itemListElement\":[{\"@type\":\"ListItem\",\"position\":1,\"name\":\"Portada\",\"item\":\"https:\/\/demoweb.info\/sexshop001\/\"},{\"@type\":\"ListItem\",\"position\":2,\"name\":\"Tienda\",\"item\":\"https:\/\/demoweb.info\/sexshop001\/tienda\/\"},{\"@type\":\"ListItem\",\"position\":3,\"name\":\"MEGA ASS CLEANSER &#8211; LIMPIADOR ANAL NEGRO\"}]},{\"@type\":\"WebSite\",\"@id\":\"https:\/\/demoweb.info\/sexshop001\/#website\",\"url\":\"https:\/\/demoweb.info\/sexshop001\/\",\"name\":\"Tienda Er\u00f3tica\",\"description\":\"DEMOWEB SL\",\"potentialAction\":[{\"@type\":\"SearchAction\",\"target\":{\"@type\":\"EntryPoint\",\"urlTemplate\":\"https:\/\/demoweb.info\/sexshop001\/?s={search_term_string}\"},\"query-input\":\"required name=search_term_string\"}],\"inLanguage\":\"es\"}]}<\/script>\n<!-- \/ Yoast SEO plugin. -->","yoast_head_json":{"title":"MEGA ASS CLEANSER - LIMPIADOR ANAL NEGRO - Tienda Er\u00f3tica","robots":{"index":"noindex","follow":"follow","max-snippet":"max-snippet:-1","max-image-preview":"max-image-preview:large","max-video-preview":"max-video-preview:-1"},"og_locale":"es_ES","og_type":"article","og_title":"MEGA ASS CLEANSER - LIMPIADOR ANAL NEGRO - Tienda Er\u00f3tica","og_description":"MEGA ASS CLEANSER El Colt\u00ae Mega Man Cleanser es el comienzo perfecto para el juego aventurero de puertas traseras. Cada","og_url":"https:\/\/demoweb.info\/sexshop001\/producto\/mega-ass-cleanser-limpiador-anal-negro\/","og_site_name":"Tienda Er\u00f3tica","article_modified_time":"2022-01-22T16:37:44+00:00","og_image":[{"width":550,"height":550,"url":"https:\/\/demoweb.info\/sexshop001\/wp-content\/uploads\/2022\/01\/MEGA-ASS-CLEANSER-LIMPIADOR-ANAL-NEGRO.jpg","type":"image\/jpeg"}],"twitter_card":"summary_large_image","twitter_misc":{"Tiempo de lectura":"1 minuto"},"schema":{"@context":"https:\/\/schema.org","@graph":[{"@type":"WebPage","@id":"https:\/\/demoweb.info\/sexshop001\/producto\/mega-ass-cleanser-limpiador-anal-negro\/","url":"https:\/\/demoweb.info\/sexshop001\/producto\/mega-ass-cleanser-limpiador-anal-negro\/","name":"MEGA ASS CLEANSER - LIMPIADOR ANAL NEGRO - Tienda Er\u00f3tica","isPartOf":{"@id":"https:\/\/demoweb.info\/sexshop001\/#website"},"datePublished":"2022-01-22T16:37:31+00:00","dateModified":"2022-01-22T16:37:44+00:00","breadcrumb":{"@id":"https:\/\/demoweb.info\/sexshop001\/producto\/mega-ass-cleanser-limpiador-anal-negro\/#breadcrumb"},"inLanguage":"es","potentialAction":[{"@type":"ReadAction","target":["https:\/\/demoweb.info\/sexshop001\/producto\/mega-ass-cleanser-limpiador-anal-negro\/"]}]},{"@type":"BreadcrumbList","@id":"https:\/\/demoweb.info\/sexshop001\/producto\/mega-ass-cleanser-limpiador-anal-negro\/#breadcrumb","itemListElement":[{"@type":"ListItem","position":1,"name":"Portada","item":"https:\/\/demoweb.info\/sexshop001\/"},{"@type":"ListItem","position":2,"name":"Tienda","item":"https:\/\/demoweb.info\/sexshop001\/tienda\/"},{"@type":"ListItem","position":3,"name":"MEGA ASS CLEANSER &#8211; LIMPIADOR ANAL NEGRO"}]},{"@type":"WebSite","@id":"https:\/\/demoweb.info\/sexshop001\/#website","url":"https:\/\/demoweb.info\/sexshop001\/","name":"Tienda Er\u00f3tica","description":"DEMOWEB SL","potentialAction":[{"@type":"SearchAction","target":{"@type":"EntryPoint","urlTemplate":"https:\/\/demoweb.info\/sexshop001\/?s={search_term_string}"},"query-input":"required name=search_term_string"}],"inLanguage":"es"}]}},"_links":{"self":[{"href":"https:\/\/demoweb.info\/sexshop001\/wp-json\/wp\/v3\/product\/58415","targetHints":{"allow":["GET"]}}],"collection":[{"href":"https:\/\/demoweb.info\/sexshop001\/wp-json\/wp\/v3\/product"}],"about":[{"href":"https:\/\/demoweb.info\/sexshop001\/wp-json\/wp\/v2\/types\/product"}],"replies":[{"embeddable":true,"href":"https:\/\/demoweb.info\/sexshop001\/wp-json\/wp\/v2\/comments?post=58415"}],"wp:featuredmedia":[{"embeddable":true,"href":"https:\/\/demoweb.info\/sexshop001\/wp-json\/wp\/v2\/media\/58416"}],"wp:attachment":[{"href":"https:\/\/demoweb.info\/sexshop001\/wp-json\/wp\/v2\/media?parent=58415"}],"wp:term":[{"taxonomy":"product_cat","embeddable":true,"href":"https:\/\/demoweb.info\/sexshop001\/wp-json\/wp\/v2\/product_cat?post=58415"},{"taxonomy":"product_tag","embeddable":true,"href":"https:\/\/demoweb.info\/sexshop001\/wp-json\/wp\/v2\/product_tag?post=58415"}],"curies":[{"name":"wp","href":"https:\/\/api.w.org\/{rel}","templated":true}]}}