{"id":58403,"date":"2022-01-22T17:37:31","date_gmt":"2022-01-22T16:37:31","guid":{"rendered":"https:\/\/demoweb.info\/sexshop001\/producto\/dr-j-support-master-triple-anillo\/"},"modified":"2022-01-22T17:37:36","modified_gmt":"2022-01-22T16:37:36","slug":"dr-j-support-master-triple-anillo","status":"publish","type":"product","link":"https:\/\/demoweb.info\/sexshop001\/producto\/dr-j-support-master-triple-anillo\/","title":{"rendered":"DR. J SUPPORT MASTER TRIPLE ANILLO"},"content":{"rendered":"<p><strong>DR. J SUPPORT MASTER TRIPLE SMOOTH<\/strong><\/p>\n<p>Eleva tu placer de m\u00e1ximo rendimiento con los anillos para el pene Master Smooth de Dr. Joel Kaplan Support Master Triple.<\/p>\n<p>El ex\u00f3tico guardi\u00e1n de la erecci\u00f3n consiste en 3 anillos sensiblemente suaves y flexibles, y soporte de escroto s\u00faper el\u00e1stico, que mantienen y extienden tu satisfacci\u00f3n org\u00e1smica.<\/p>\n<p>El anillo de reforzador triple est\u00e1 avalado por el Dr. Joel Kaplan y es adecuado para usuarios principiantes y experimentados.<\/p>\n<p>El Master Smooth Smooth Support Master de Dr. Joel Kaplan mide 6,25 cm x 6,25 cm y est\u00e1 hecho de un TPR suave y ultra el\u00e1stico, sin perfume y sin perfume.<\/p>\n<p>El anillo de soporte consta de 3 anillos flexibles que se estiran c\u00f3modamente alrededor del eje del pene y un anillo m\u00e1s grande que se envuelve alrededor de la base del escroto. El realzador sensual proporciona una combinaci\u00f3n de pene y soporte testicular para un placer org\u00e1smico intensificado y una colocaci\u00f3n con manos libres.<\/p>\n<p>El Dr. Joel Kaplan Support Master Triple Smooth es f\u00e1cil de usar y est\u00e1 dise\u00f1ado para brindar la m\u00e1xima comodidad, la m\u00e1xima resistencia y el mantenimiento de la erecci\u00f3n. El potenciador eleva instant\u00e1neamente el placer al mantener una erecci\u00f3n dura como una roca para un juego \u00edntimo prolongado.<\/p>\n<p>Usa el anillo durante la intimidad de los juegos de pareja o para una diversi\u00f3n indulgente en solitario. Para aumentar el hormigueo y las sensaciones alucinantes, siempre usa un lubricante de calidad con este juguete.<\/p>\n<p>Antes y despu\u00e9s de su uso, limpia el potenciador de erecci\u00f3n de triple anillo con un limpiador de juguetes en spray o agua jabonosa suave.<\/p>\n","protected":false},"excerpt":{"rendered":"<p>DR. J SUPPORT MASTER TRIPLE SMOOTH Eleva tu placer de m\u00e1ximo rendimiento con los anillos para el pene Master Smooth<\/p>\n","protected":false},"featured_media":58404,"comment_status":"open","ping_status":"open","template":"","meta":[],"product_cat":[643],"product_tag":[660,975],"class_list":["post-58403","product","type-product","status-publish","has-post-thumbnail","hentry","product_cat-basicos-anillos","product_tag-calexotics","product_tag-dr-joel-kaplan"],"bundled_by":[],"bundle_stock_status":"outofstock","bundle_stock_quantity":0,"bundle_virtual":false,"bundle_layout":"","bundle_add_to_cart_form_location":"","bundle_editable_in_cart":false,"bundle_sold_individually_context":"","bundle_item_grouping":"","bundle_min_size":"","bundle_max_size":"","bundled_items":[],"yoast_head":"<!-- This site is optimized with the Yoast SEO plugin v20.6 - https:\/\/yoast.com\/wordpress\/plugins\/seo\/ -->\n<title>DR. J SUPPORT MASTER TRIPLE ANILLO - Tienda Er\u00f3tica<\/title>\n<meta name=\"robots\" content=\"noindex, follow, max-snippet:-1, max-image-preview:large, max-video-preview:-1\" \/>\n<meta property=\"og:locale\" content=\"es_ES\" \/>\n<meta property=\"og:type\" content=\"article\" \/>\n<meta property=\"og:title\" content=\"DR. J SUPPORT MASTER TRIPLE ANILLO - Tienda Er\u00f3tica\" \/>\n<meta property=\"og:description\" content=\"DR. J SUPPORT MASTER TRIPLE SMOOTH Eleva tu placer de m\u00e1ximo rendimiento con los anillos para el pene Master Smooth\" \/>\n<meta property=\"og:url\" content=\"https:\/\/demoweb.info\/sexshop001\/producto\/dr-j-support-master-triple-anillo\/\" \/>\n<meta property=\"og:site_name\" content=\"Tienda Er\u00f3tica\" \/>\n<meta property=\"article:modified_time\" content=\"2022-01-22T16:37:36+00:00\" \/>\n<meta property=\"og:image\" content=\"https:\/\/demoweb.info\/sexshop001\/wp-content\/uploads\/2022\/01\/DR.-J-SUPPORT-MASTER-TRIPLE-ANILLO.jpg\" \/>\n\t<meta property=\"og:image:width\" content=\"550\" \/>\n\t<meta property=\"og:image:height\" content=\"550\" \/>\n\t<meta property=\"og:image:type\" content=\"image\/jpeg\" \/>\n<meta name=\"twitter:card\" content=\"summary_large_image\" \/>\n<meta name=\"twitter:label1\" content=\"Tiempo de lectura\" \/>\n\t<meta name=\"twitter:data1\" content=\"1 minuto\" \/>\n<script type=\"application\/ld+json\" class=\"yoast-schema-graph\">{\"@context\":\"https:\/\/schema.org\",\"@graph\":[{\"@type\":\"WebPage\",\"@id\":\"https:\/\/demoweb.info\/sexshop001\/producto\/dr-j-support-master-triple-anillo\/\",\"url\":\"https:\/\/demoweb.info\/sexshop001\/producto\/dr-j-support-master-triple-anillo\/\",\"name\":\"DR. J SUPPORT MASTER TRIPLE ANILLO - Tienda Er\u00f3tica\",\"isPartOf\":{\"@id\":\"https:\/\/demoweb.info\/sexshop001\/#website\"},\"datePublished\":\"2022-01-22T16:37:31+00:00\",\"dateModified\":\"2022-01-22T16:37:36+00:00\",\"breadcrumb\":{\"@id\":\"https:\/\/demoweb.info\/sexshop001\/producto\/dr-j-support-master-triple-anillo\/#breadcrumb\"},\"inLanguage\":\"es\",\"potentialAction\":[{\"@type\":\"ReadAction\",\"target\":[\"https:\/\/demoweb.info\/sexshop001\/producto\/dr-j-support-master-triple-anillo\/\"]}]},{\"@type\":\"BreadcrumbList\",\"@id\":\"https:\/\/demoweb.info\/sexshop001\/producto\/dr-j-support-master-triple-anillo\/#breadcrumb\",\"itemListElement\":[{\"@type\":\"ListItem\",\"position\":1,\"name\":\"Portada\",\"item\":\"https:\/\/demoweb.info\/sexshop001\/\"},{\"@type\":\"ListItem\",\"position\":2,\"name\":\"Tienda\",\"item\":\"https:\/\/demoweb.info\/sexshop001\/tienda\/\"},{\"@type\":\"ListItem\",\"position\":3,\"name\":\"DR. J SUPPORT MASTER TRIPLE ANILLO\"}]},{\"@type\":\"WebSite\",\"@id\":\"https:\/\/demoweb.info\/sexshop001\/#website\",\"url\":\"https:\/\/demoweb.info\/sexshop001\/\",\"name\":\"Tienda Er\u00f3tica\",\"description\":\"DEMOWEB SL\",\"potentialAction\":[{\"@type\":\"SearchAction\",\"target\":{\"@type\":\"EntryPoint\",\"urlTemplate\":\"https:\/\/demoweb.info\/sexshop001\/?s={search_term_string}\"},\"query-input\":\"required name=search_term_string\"}],\"inLanguage\":\"es\"}]}<\/script>\n<!-- \/ Yoast SEO plugin. -->","yoast_head_json":{"title":"DR. J SUPPORT MASTER TRIPLE ANILLO - Tienda Er\u00f3tica","robots":{"index":"noindex","follow":"follow","max-snippet":"max-snippet:-1","max-image-preview":"max-image-preview:large","max-video-preview":"max-video-preview:-1"},"og_locale":"es_ES","og_type":"article","og_title":"DR. J SUPPORT MASTER TRIPLE ANILLO - Tienda Er\u00f3tica","og_description":"DR. J SUPPORT MASTER TRIPLE SMOOTH Eleva tu placer de m\u00e1ximo rendimiento con los anillos para el pene Master Smooth","og_url":"https:\/\/demoweb.info\/sexshop001\/producto\/dr-j-support-master-triple-anillo\/","og_site_name":"Tienda Er\u00f3tica","article_modified_time":"2022-01-22T16:37:36+00:00","og_image":[{"width":550,"height":550,"url":"https:\/\/demoweb.info\/sexshop001\/wp-content\/uploads\/2022\/01\/DR.-J-SUPPORT-MASTER-TRIPLE-ANILLO.jpg","type":"image\/jpeg"}],"twitter_card":"summary_large_image","twitter_misc":{"Tiempo de lectura":"1 minuto"},"schema":{"@context":"https:\/\/schema.org","@graph":[{"@type":"WebPage","@id":"https:\/\/demoweb.info\/sexshop001\/producto\/dr-j-support-master-triple-anillo\/","url":"https:\/\/demoweb.info\/sexshop001\/producto\/dr-j-support-master-triple-anillo\/","name":"DR. J SUPPORT MASTER TRIPLE ANILLO - Tienda Er\u00f3tica","isPartOf":{"@id":"https:\/\/demoweb.info\/sexshop001\/#website"},"datePublished":"2022-01-22T16:37:31+00:00","dateModified":"2022-01-22T16:37:36+00:00","breadcrumb":{"@id":"https:\/\/demoweb.info\/sexshop001\/producto\/dr-j-support-master-triple-anillo\/#breadcrumb"},"inLanguage":"es","potentialAction":[{"@type":"ReadAction","target":["https:\/\/demoweb.info\/sexshop001\/producto\/dr-j-support-master-triple-anillo\/"]}]},{"@type":"BreadcrumbList","@id":"https:\/\/demoweb.info\/sexshop001\/producto\/dr-j-support-master-triple-anillo\/#breadcrumb","itemListElement":[{"@type":"ListItem","position":1,"name":"Portada","item":"https:\/\/demoweb.info\/sexshop001\/"},{"@type":"ListItem","position":2,"name":"Tienda","item":"https:\/\/demoweb.info\/sexshop001\/tienda\/"},{"@type":"ListItem","position":3,"name":"DR. J SUPPORT MASTER TRIPLE ANILLO"}]},{"@type":"WebSite","@id":"https:\/\/demoweb.info\/sexshop001\/#website","url":"https:\/\/demoweb.info\/sexshop001\/","name":"Tienda Er\u00f3tica","description":"DEMOWEB SL","potentialAction":[{"@type":"SearchAction","target":{"@type":"EntryPoint","urlTemplate":"https:\/\/demoweb.info\/sexshop001\/?s={search_term_string}"},"query-input":"required name=search_term_string"}],"inLanguage":"es"}]}},"_links":{"self":[{"href":"https:\/\/demoweb.info\/sexshop001\/wp-json\/wp\/v3\/product\/58403","targetHints":{"allow":["GET"]}}],"collection":[{"href":"https:\/\/demoweb.info\/sexshop001\/wp-json\/wp\/v3\/product"}],"about":[{"href":"https:\/\/demoweb.info\/sexshop001\/wp-json\/wp\/v2\/types\/product"}],"replies":[{"embeddable":true,"href":"https:\/\/demoweb.info\/sexshop001\/wp-json\/wp\/v2\/comments?post=58403"}],"wp:featuredmedia":[{"embeddable":true,"href":"https:\/\/demoweb.info\/sexshop001\/wp-json\/wp\/v2\/media\/58404"}],"wp:attachment":[{"href":"https:\/\/demoweb.info\/sexshop001\/wp-json\/wp\/v2\/media?parent=58403"}],"wp:term":[{"taxonomy":"product_cat","embeddable":true,"href":"https:\/\/demoweb.info\/sexshop001\/wp-json\/wp\/v2\/product_cat?post=58403"},{"taxonomy":"product_tag","embeddable":true,"href":"https:\/\/demoweb.info\/sexshop001\/wp-json\/wp\/v2\/product_tag?post=58403"}],"curies":[{"name":"wp","href":"https:\/\/api.w.org\/{rel}","templated":true}]}}