{"id":58399,"date":"2022-01-22T17:37:31","date_gmt":"2022-01-22T16:37:31","guid":{"rendered":"https:\/\/demoweb.info\/sexshop001\/producto\/dr-j-support-master-potenciador-doble-placer\/"},"modified":"2022-01-22T17:37:34","modified_gmt":"2022-01-22T16:37:34","slug":"dr-j-support-master-potenciador-doble-placer","status":"publish","type":"product","link":"https:\/\/demoweb.info\/sexshop001\/producto\/dr-j-support-master-potenciador-doble-placer\/","title":{"rendered":"DR. J SUPPORT MASTER POTENCIADOR DOBLE PLACER"},"content":{"rendered":"<p><strong>DR. J SUPPORT MASTER DOUBLE PLEASURE<\/strong><\/p>\n<p>Extiende tu satisfacci\u00f3n \u00edntima con el Dr. Joel Kaplan Support Master Double Pleasure.<\/p>\n<p>El realzador sensual proporciona una combinaci\u00f3n de soporte para el pene y test\u00edculos para un placer org\u00e1smico intensificado y una colocaci\u00f3n con manos libres.<\/p>\n<p>Este guardi\u00e1n de la erecci\u00f3n ex\u00f3tico est\u00e1 avalado por el Dr. Joel Kaplan y es adecuado para usuarios principiantes y experimentados.<\/p>\n<p>S\u00faper el\u00e1stico mide 4.5 cm x 6.25 cm y est\u00e1 hecho de un TPR sin ftalatos ultra suave y sin aroma.<\/p>\n<p>El potenciador consta de 3 anillos flexibles que se estiran c\u00f3modamente alrededor del escroto y el eje del pene. Los anillos dobles del pene est\u00e1n tachonados er\u00f3ticamente con tentadores placeres sensuales que aumentan la sensibilidad y maximizan tu disfrute.<\/p>\n<p>Desliza el anillo de soporte en el pene erecto y disfruta de un juego \u00edntimo ilimitado.<\/p>\n<p>Est\u00e1 dise\u00f1ado para brindar comodidad, soporte de resistencia y mantenimiento de la erecci\u00f3n. El anillo para el pene f\u00e1cil de usar eleva tu satisfacci\u00f3n de seducci\u00f3n al mantener una erecci\u00f3n dura para un juego prolongado.<\/p>\n<p>Usa el potenciador durante el juego de la diversi\u00f3n de la pareja o mientras disfrutas del \u00e9xtasis de auto-gratificaci\u00f3n.<\/p>\n<p>Para aumentar el hormigueo y las sensaciones placenteras, siempre usa un lubricante de calidad con este juguete. Antes y despu\u00e9s de jugar, limpia el potenciador de erecci\u00f3n con un limpiador para juguetes o con agua jabonosa suave.<\/p>\n","protected":false},"excerpt":{"rendered":"<p>DR. J SUPPORT MASTER DOUBLE PLEASURE Extiende tu satisfacci\u00f3n \u00edntima con el Dr. Joel Kaplan Support Master Double Pleasure. El<\/p>\n","protected":false},"featured_media":58400,"comment_status":"open","ping_status":"open","template":"","meta":[],"product_cat":[643],"product_tag":[660,975],"class_list":["post-58399","product","type-product","status-publish","has-post-thumbnail","hentry","product_cat-basicos-anillos","product_tag-calexotics","product_tag-dr-joel-kaplan"],"bundled_by":[],"bundle_stock_status":"instock","bundle_stock_quantity":2,"bundle_virtual":false,"bundle_layout":"","bundle_add_to_cart_form_location":"","bundle_editable_in_cart":false,"bundle_sold_individually_context":"","bundle_item_grouping":"","bundle_min_size":"","bundle_max_size":"","bundled_items":[],"yoast_head":"<!-- This site is optimized with the Yoast SEO plugin v20.6 - https:\/\/yoast.com\/wordpress\/plugins\/seo\/ -->\n<title>DR. J SUPPORT MASTER POTENCIADOR DOBLE PLACER - Tienda Er\u00f3tica<\/title>\n<meta name=\"robots\" content=\"noindex, follow, max-snippet:-1, max-image-preview:large, max-video-preview:-1\" \/>\n<meta property=\"og:locale\" content=\"es_ES\" \/>\n<meta property=\"og:type\" content=\"article\" \/>\n<meta property=\"og:title\" content=\"DR. J SUPPORT MASTER POTENCIADOR DOBLE PLACER - Tienda Er\u00f3tica\" \/>\n<meta property=\"og:description\" content=\"DR. J SUPPORT MASTER DOUBLE PLEASURE Extiende tu satisfacci\u00f3n \u00edntima con el Dr. Joel Kaplan Support Master Double Pleasure. El\" \/>\n<meta property=\"og:url\" content=\"https:\/\/demoweb.info\/sexshop001\/producto\/dr-j-support-master-potenciador-doble-placer\/\" \/>\n<meta property=\"og:site_name\" content=\"Tienda Er\u00f3tica\" \/>\n<meta property=\"article:modified_time\" content=\"2022-01-22T16:37:34+00:00\" \/>\n<meta property=\"og:image\" content=\"https:\/\/demoweb.info\/sexshop001\/wp-content\/uploads\/2022\/01\/DR.-J-SUPPORT-MASTER-POTENCIADOR-DOBLE-PLACER.jpg\" \/>\n\t<meta property=\"og:image:width\" content=\"550\" \/>\n\t<meta property=\"og:image:height\" content=\"550\" \/>\n\t<meta property=\"og:image:type\" content=\"image\/jpeg\" \/>\n<meta name=\"twitter:card\" content=\"summary_large_image\" \/>\n<meta name=\"twitter:label1\" content=\"Tiempo de lectura\" \/>\n\t<meta name=\"twitter:data1\" content=\"1 minuto\" \/>\n<script type=\"application\/ld+json\" class=\"yoast-schema-graph\">{\"@context\":\"https:\/\/schema.org\",\"@graph\":[{\"@type\":\"WebPage\",\"@id\":\"https:\/\/demoweb.info\/sexshop001\/producto\/dr-j-support-master-potenciador-doble-placer\/\",\"url\":\"https:\/\/demoweb.info\/sexshop001\/producto\/dr-j-support-master-potenciador-doble-placer\/\",\"name\":\"DR. J SUPPORT MASTER POTENCIADOR DOBLE PLACER - Tienda Er\u00f3tica\",\"isPartOf\":{\"@id\":\"https:\/\/demoweb.info\/sexshop001\/#website\"},\"datePublished\":\"2022-01-22T16:37:31+00:00\",\"dateModified\":\"2022-01-22T16:37:34+00:00\",\"breadcrumb\":{\"@id\":\"https:\/\/demoweb.info\/sexshop001\/producto\/dr-j-support-master-potenciador-doble-placer\/#breadcrumb\"},\"inLanguage\":\"es\",\"potentialAction\":[{\"@type\":\"ReadAction\",\"target\":[\"https:\/\/demoweb.info\/sexshop001\/producto\/dr-j-support-master-potenciador-doble-placer\/\"]}]},{\"@type\":\"BreadcrumbList\",\"@id\":\"https:\/\/demoweb.info\/sexshop001\/producto\/dr-j-support-master-potenciador-doble-placer\/#breadcrumb\",\"itemListElement\":[{\"@type\":\"ListItem\",\"position\":1,\"name\":\"Portada\",\"item\":\"https:\/\/demoweb.info\/sexshop001\/\"},{\"@type\":\"ListItem\",\"position\":2,\"name\":\"Tienda\",\"item\":\"https:\/\/demoweb.info\/sexshop001\/tienda\/\"},{\"@type\":\"ListItem\",\"position\":3,\"name\":\"DR. J SUPPORT MASTER POTENCIADOR DOBLE PLACER\"}]},{\"@type\":\"WebSite\",\"@id\":\"https:\/\/demoweb.info\/sexshop001\/#website\",\"url\":\"https:\/\/demoweb.info\/sexshop001\/\",\"name\":\"Tienda Er\u00f3tica\",\"description\":\"DEMOWEB SL\",\"potentialAction\":[{\"@type\":\"SearchAction\",\"target\":{\"@type\":\"EntryPoint\",\"urlTemplate\":\"https:\/\/demoweb.info\/sexshop001\/?s={search_term_string}\"},\"query-input\":\"required name=search_term_string\"}],\"inLanguage\":\"es\"}]}<\/script>\n<!-- \/ Yoast SEO plugin. -->","yoast_head_json":{"title":"DR. J SUPPORT MASTER POTENCIADOR DOBLE PLACER - Tienda Er\u00f3tica","robots":{"index":"noindex","follow":"follow","max-snippet":"max-snippet:-1","max-image-preview":"max-image-preview:large","max-video-preview":"max-video-preview:-1"},"og_locale":"es_ES","og_type":"article","og_title":"DR. J SUPPORT MASTER POTENCIADOR DOBLE PLACER - Tienda Er\u00f3tica","og_description":"DR. J SUPPORT MASTER DOUBLE PLEASURE Extiende tu satisfacci\u00f3n \u00edntima con el Dr. Joel Kaplan Support Master Double Pleasure. El","og_url":"https:\/\/demoweb.info\/sexshop001\/producto\/dr-j-support-master-potenciador-doble-placer\/","og_site_name":"Tienda Er\u00f3tica","article_modified_time":"2022-01-22T16:37:34+00:00","og_image":[{"width":550,"height":550,"url":"https:\/\/demoweb.info\/sexshop001\/wp-content\/uploads\/2022\/01\/DR.-J-SUPPORT-MASTER-POTENCIADOR-DOBLE-PLACER.jpg","type":"image\/jpeg"}],"twitter_card":"summary_large_image","twitter_misc":{"Tiempo de lectura":"1 minuto"},"schema":{"@context":"https:\/\/schema.org","@graph":[{"@type":"WebPage","@id":"https:\/\/demoweb.info\/sexshop001\/producto\/dr-j-support-master-potenciador-doble-placer\/","url":"https:\/\/demoweb.info\/sexshop001\/producto\/dr-j-support-master-potenciador-doble-placer\/","name":"DR. J SUPPORT MASTER POTENCIADOR DOBLE PLACER - Tienda Er\u00f3tica","isPartOf":{"@id":"https:\/\/demoweb.info\/sexshop001\/#website"},"datePublished":"2022-01-22T16:37:31+00:00","dateModified":"2022-01-22T16:37:34+00:00","breadcrumb":{"@id":"https:\/\/demoweb.info\/sexshop001\/producto\/dr-j-support-master-potenciador-doble-placer\/#breadcrumb"},"inLanguage":"es","potentialAction":[{"@type":"ReadAction","target":["https:\/\/demoweb.info\/sexshop001\/producto\/dr-j-support-master-potenciador-doble-placer\/"]}]},{"@type":"BreadcrumbList","@id":"https:\/\/demoweb.info\/sexshop001\/producto\/dr-j-support-master-potenciador-doble-placer\/#breadcrumb","itemListElement":[{"@type":"ListItem","position":1,"name":"Portada","item":"https:\/\/demoweb.info\/sexshop001\/"},{"@type":"ListItem","position":2,"name":"Tienda","item":"https:\/\/demoweb.info\/sexshop001\/tienda\/"},{"@type":"ListItem","position":3,"name":"DR. J SUPPORT MASTER POTENCIADOR DOBLE PLACER"}]},{"@type":"WebSite","@id":"https:\/\/demoweb.info\/sexshop001\/#website","url":"https:\/\/demoweb.info\/sexshop001\/","name":"Tienda Er\u00f3tica","description":"DEMOWEB SL","potentialAction":[{"@type":"SearchAction","target":{"@type":"EntryPoint","urlTemplate":"https:\/\/demoweb.info\/sexshop001\/?s={search_term_string}"},"query-input":"required name=search_term_string"}],"inLanguage":"es"}]}},"_links":{"self":[{"href":"https:\/\/demoweb.info\/sexshop001\/wp-json\/wp\/v3\/product\/58399","targetHints":{"allow":["GET"]}}],"collection":[{"href":"https:\/\/demoweb.info\/sexshop001\/wp-json\/wp\/v3\/product"}],"about":[{"href":"https:\/\/demoweb.info\/sexshop001\/wp-json\/wp\/v2\/types\/product"}],"replies":[{"embeddable":true,"href":"https:\/\/demoweb.info\/sexshop001\/wp-json\/wp\/v2\/comments?post=58399"}],"wp:featuredmedia":[{"embeddable":true,"href":"https:\/\/demoweb.info\/sexshop001\/wp-json\/wp\/v2\/media\/58400"}],"wp:attachment":[{"href":"https:\/\/demoweb.info\/sexshop001\/wp-json\/wp\/v2\/media?parent=58399"}],"wp:term":[{"taxonomy":"product_cat","embeddable":true,"href":"https:\/\/demoweb.info\/sexshop001\/wp-json\/wp\/v2\/product_cat?post=58399"},{"taxonomy":"product_tag","embeddable":true,"href":"https:\/\/demoweb.info\/sexshop001\/wp-json\/wp\/v2\/product_tag?post=58399"}],"curies":[{"name":"wp","href":"https:\/\/api.w.org\/{rel}","templated":true}]}}