{"id":58395,"date":"2022-01-22T17:37:31","date_gmt":"2022-01-22T16:37:31","guid":{"rendered":"https:\/\/demoweb.info\/sexshop001\/producto\/dr-j-estimulador-punto-p\/"},"modified":"2022-01-22T17:37:31","modified_gmt":"2022-01-22T16:37:31","slug":"dr-j-estimulador-punto-p","status":"publish","type":"product","link":"https:\/\/demoweb.info\/sexshop001\/producto\/dr-j-estimulador-punto-p\/","title":{"rendered":"DR. J ESTIMULADOR PUNTO P"},"content":{"rendered":"<p><strong>DR. J GRADUATED PROSTATE<\/strong><\/p>\n<p>Explora el mayor placer de tu punto dulce m\u00e1s \u00edntimo con la sonda graduada de pr\u00f3stata Dr. Joel.<\/p>\n<p>Tiene una curva y un contorno ergon\u00f3micos para mejorar la estimulaci\u00f3n de la pr\u00f3stata y ofrecer una satisfacci\u00f3n intensa en todo momento. Satisfaz tus deseos m\u00e1s salvajes con una exploraci\u00f3n \u00edntima all\u00e1 donde quieras.<\/p>\n<p>La sonda sensual est\u00e1 hecha de silicona pura, de calidad premium, duradera y sin perfume, y tiene una forma moldeada contorneada y una amplia base de ventosa para un posicionamiento s\u00f3lido y seguro.<\/p>\n<p>Mide 10.25 cm x 3.25 cm, y cuenta con cuentas graduadas lisas que est\u00e1n colocadas en orden de tama\u00f1o para una inserci\u00f3n y extracci\u00f3n c\u00f3modas. Es adecuada para usuarios primerizos y experimentados, y cuenta con el respaldo del Dr. Joel Kaplan.<\/p>\n<p>La sonda f\u00e1cil de usar es ideal para el juego \u00edntimo en solitario o para el disfrute er\u00f3tico con tu amante. Para usarlo, coloca la ventosa en cualquier superficie limpia, lisa y seca y d\u00e9jate seducir por la estimulaci\u00f3n de la pr\u00f3stata.<\/p>\n<p>Para aumentar la sensibilidad placentera y extender el hormigueo y las sensaciones, usa siempre un lubricante de calidad con este juguete. Antes y despu\u00e9s de jugar, limpia el juguete anal con agua jabonosa suave o un limpiador de juguetes en spray.<\/p><\/p>\n","protected":false},"excerpt":{"rendered":"<p>DR. J GRADUATED PROSTATE Explora el mayor placer de tu punto dulce m\u00e1s \u00edntimo con la sonda graduada de pr\u00f3stata<\/p>\n","protected":false},"featured_media":58396,"comment_status":"open","ping_status":"open","template":"","meta":[],"product_cat":[439],"product_tag":[660,975],"class_list":["post-58395","product","type-product","status-publish","has-post-thumbnail","hentry","product_cat-punto-p-plugs","product_tag-calexotics","product_tag-dr-joel-kaplan"],"bundled_by":[],"bundle_stock_status":"outofstock","bundle_stock_quantity":0,"bundle_virtual":false,"bundle_layout":"","bundle_add_to_cart_form_location":"","bundle_editable_in_cart":false,"bundle_sold_individually_context":"","bundle_item_grouping":"","bundle_min_size":"","bundle_max_size":"","bundled_items":[],"yoast_head":"<!-- This site is optimized with the Yoast SEO plugin v20.6 - https:\/\/yoast.com\/wordpress\/plugins\/seo\/ -->\n<title>DR. J ESTIMULADOR PUNTO P - Tienda Er\u00f3tica<\/title>\n<meta name=\"robots\" content=\"noindex, follow, max-snippet:-1, max-image-preview:large, max-video-preview:-1\" \/>\n<meta property=\"og:locale\" content=\"es_ES\" \/>\n<meta property=\"og:type\" content=\"article\" \/>\n<meta property=\"og:title\" content=\"DR. J ESTIMULADOR PUNTO P - Tienda Er\u00f3tica\" \/>\n<meta property=\"og:description\" content=\"DR. J GRADUATED PROSTATE Explora el mayor placer de tu punto dulce m\u00e1s \u00edntimo con la sonda graduada de pr\u00f3stata\" \/>\n<meta property=\"og:url\" content=\"https:\/\/demoweb.info\/sexshop001\/producto\/dr-j-estimulador-punto-p\/\" \/>\n<meta property=\"og:site_name\" content=\"Tienda Er\u00f3tica\" \/>\n<meta property=\"og:image\" content=\"https:\/\/demoweb.info\/sexshop001\/wp-content\/uploads\/2022\/01\/DR.-J-ESTIMULADOR-PUNTO-P.jpg\" \/>\n\t<meta property=\"og:image:width\" content=\"550\" \/>\n\t<meta property=\"og:image:height\" content=\"550\" \/>\n\t<meta property=\"og:image:type\" content=\"image\/jpeg\" \/>\n<meta name=\"twitter:card\" content=\"summary_large_image\" \/>\n<meta name=\"twitter:label1\" content=\"Tiempo de lectura\" \/>\n\t<meta name=\"twitter:data1\" content=\"1 minuto\" \/>\n<script type=\"application\/ld+json\" class=\"yoast-schema-graph\">{\"@context\":\"https:\/\/schema.org\",\"@graph\":[{\"@type\":\"WebPage\",\"@id\":\"https:\/\/demoweb.info\/sexshop001\/producto\/dr-j-estimulador-punto-p\/\",\"url\":\"https:\/\/demoweb.info\/sexshop001\/producto\/dr-j-estimulador-punto-p\/\",\"name\":\"DR. J ESTIMULADOR PUNTO P - Tienda Er\u00f3tica\",\"isPartOf\":{\"@id\":\"https:\/\/demoweb.info\/sexshop001\/#website\"},\"datePublished\":\"2022-01-22T16:37:31+00:00\",\"dateModified\":\"2022-01-22T16:37:31+00:00\",\"breadcrumb\":{\"@id\":\"https:\/\/demoweb.info\/sexshop001\/producto\/dr-j-estimulador-punto-p\/#breadcrumb\"},\"inLanguage\":\"es\",\"potentialAction\":[{\"@type\":\"ReadAction\",\"target\":[\"https:\/\/demoweb.info\/sexshop001\/producto\/dr-j-estimulador-punto-p\/\"]}]},{\"@type\":\"BreadcrumbList\",\"@id\":\"https:\/\/demoweb.info\/sexshop001\/producto\/dr-j-estimulador-punto-p\/#breadcrumb\",\"itemListElement\":[{\"@type\":\"ListItem\",\"position\":1,\"name\":\"Portada\",\"item\":\"https:\/\/demoweb.info\/sexshop001\/\"},{\"@type\":\"ListItem\",\"position\":2,\"name\":\"Tienda\",\"item\":\"https:\/\/demoweb.info\/sexshop001\/tienda\/\"},{\"@type\":\"ListItem\",\"position\":3,\"name\":\"DR. J ESTIMULADOR PUNTO P\"}]},{\"@type\":\"WebSite\",\"@id\":\"https:\/\/demoweb.info\/sexshop001\/#website\",\"url\":\"https:\/\/demoweb.info\/sexshop001\/\",\"name\":\"Tienda Er\u00f3tica\",\"description\":\"DEMOWEB SL\",\"potentialAction\":[{\"@type\":\"SearchAction\",\"target\":{\"@type\":\"EntryPoint\",\"urlTemplate\":\"https:\/\/demoweb.info\/sexshop001\/?s={search_term_string}\"},\"query-input\":\"required name=search_term_string\"}],\"inLanguage\":\"es\"}]}<\/script>\n<!-- \/ Yoast SEO plugin. -->","yoast_head_json":{"title":"DR. J ESTIMULADOR PUNTO P - Tienda Er\u00f3tica","robots":{"index":"noindex","follow":"follow","max-snippet":"max-snippet:-1","max-image-preview":"max-image-preview:large","max-video-preview":"max-video-preview:-1"},"og_locale":"es_ES","og_type":"article","og_title":"DR. J ESTIMULADOR PUNTO P - Tienda Er\u00f3tica","og_description":"DR. J GRADUATED PROSTATE Explora el mayor placer de tu punto dulce m\u00e1s \u00edntimo con la sonda graduada de pr\u00f3stata","og_url":"https:\/\/demoweb.info\/sexshop001\/producto\/dr-j-estimulador-punto-p\/","og_site_name":"Tienda Er\u00f3tica","og_image":[{"width":550,"height":550,"url":"https:\/\/demoweb.info\/sexshop001\/wp-content\/uploads\/2022\/01\/DR.-J-ESTIMULADOR-PUNTO-P.jpg","type":"image\/jpeg"}],"twitter_card":"summary_large_image","twitter_misc":{"Tiempo de lectura":"1 minuto"},"schema":{"@context":"https:\/\/schema.org","@graph":[{"@type":"WebPage","@id":"https:\/\/demoweb.info\/sexshop001\/producto\/dr-j-estimulador-punto-p\/","url":"https:\/\/demoweb.info\/sexshop001\/producto\/dr-j-estimulador-punto-p\/","name":"DR. J ESTIMULADOR PUNTO P - Tienda Er\u00f3tica","isPartOf":{"@id":"https:\/\/demoweb.info\/sexshop001\/#website"},"datePublished":"2022-01-22T16:37:31+00:00","dateModified":"2022-01-22T16:37:31+00:00","breadcrumb":{"@id":"https:\/\/demoweb.info\/sexshop001\/producto\/dr-j-estimulador-punto-p\/#breadcrumb"},"inLanguage":"es","potentialAction":[{"@type":"ReadAction","target":["https:\/\/demoweb.info\/sexshop001\/producto\/dr-j-estimulador-punto-p\/"]}]},{"@type":"BreadcrumbList","@id":"https:\/\/demoweb.info\/sexshop001\/producto\/dr-j-estimulador-punto-p\/#breadcrumb","itemListElement":[{"@type":"ListItem","position":1,"name":"Portada","item":"https:\/\/demoweb.info\/sexshop001\/"},{"@type":"ListItem","position":2,"name":"Tienda","item":"https:\/\/demoweb.info\/sexshop001\/tienda\/"},{"@type":"ListItem","position":3,"name":"DR. J ESTIMULADOR PUNTO P"}]},{"@type":"WebSite","@id":"https:\/\/demoweb.info\/sexshop001\/#website","url":"https:\/\/demoweb.info\/sexshop001\/","name":"Tienda Er\u00f3tica","description":"DEMOWEB SL","potentialAction":[{"@type":"SearchAction","target":{"@type":"EntryPoint","urlTemplate":"https:\/\/demoweb.info\/sexshop001\/?s={search_term_string}"},"query-input":"required name=search_term_string"}],"inLanguage":"es"}]}},"_links":{"self":[{"href":"https:\/\/demoweb.info\/sexshop001\/wp-json\/wp\/v3\/product\/58395","targetHints":{"allow":["GET"]}}],"collection":[{"href":"https:\/\/demoweb.info\/sexshop001\/wp-json\/wp\/v3\/product"}],"about":[{"href":"https:\/\/demoweb.info\/sexshop001\/wp-json\/wp\/v2\/types\/product"}],"replies":[{"embeddable":true,"href":"https:\/\/demoweb.info\/sexshop001\/wp-json\/wp\/v2\/comments?post=58395"}],"wp:featuredmedia":[{"embeddable":true,"href":"https:\/\/demoweb.info\/sexshop001\/wp-json\/wp\/v2\/media\/58396"}],"wp:attachment":[{"href":"https:\/\/demoweb.info\/sexshop001\/wp-json\/wp\/v2\/media?parent=58395"}],"wp:term":[{"taxonomy":"product_cat","embeddable":true,"href":"https:\/\/demoweb.info\/sexshop001\/wp-json\/wp\/v2\/product_cat?post=58395"},{"taxonomy":"product_tag","embeddable":true,"href":"https:\/\/demoweb.info\/sexshop001\/wp-json\/wp\/v2\/product_tag?post=58395"}],"curies":[{"name":"wp","href":"https:\/\/api.w.org\/{rel}","templated":true}]}}