{"id":58340,"date":"2022-01-22T17:36:36","date_gmt":"2022-01-22T16:36:36","guid":{"rendered":"https:\/\/demoweb.info\/sexshop001\/producto\/one-way-valvula-de-limpieza-negro\/"},"modified":"2022-01-22T17:36:50","modified_gmt":"2022-01-22T16:36:50","slug":"one-way-valvula-de-limpieza-negro","status":"publish","type":"product","link":"https:\/\/demoweb.info\/sexshop001\/producto\/one-way-valvula-de-limpieza-negro\/","title":{"rendered":"ONE WAY V\u00c1LVULA DE LIMPIEZA &#8211; NEGRO"},"content":{"rendered":"<p><strong>ONE WAY VALVE DOUCHE <\/strong><\/p>\n<p>El One-Way Valve Douche est\u00e1 aqu\u00ed para asegurarse de que disfrutes de una buena diversi\u00f3n con cada aventura de puerta trasera.<\/p>\n<p>El potente sistema incluye una gran bombilla de compresi\u00f3n EZ y una delgada punta de aplicador con una v\u00e1lvula de una v\u00eda. Para disfrutar de todo lo que ofrece el emocionante mundo del juego anal, querr\u00e1s prepararte para garantizar una limpieza, seguridad y satisfacci\u00f3n totales.<\/p>\n<p>La elegante sonda de v\u00e1lvula unidireccional ofrece una experiencia de limpieza superior sin el riesgo de reflujo desordenado. Nunca m\u00e1s te tendr\u00e1s que preocupar por los peque\u00f1os accidentes que arruinan el estado de \u00e1nimo; en cambio, permite que la bombilla de enema de silicona te brinde una experiencia de limpieza superior.<\/p>\n<p>Controla sin esfuerzo el flujo de agua y la estimulaci\u00f3n con este bulbo de enema exprimidor EZ. Esta bombilla duradera es f\u00e1cil de usar, f\u00e1cil de limpiar y se puede desinfectar.<\/p>\n<p>Antes y despu\u00e9s de cada uso, lava la sonda y la bombilla interna y externamente con agua tibia y jab\u00f3n, luego desinfecte con Universal Toy Cleaner. El bulbo f\u00e1cil de apretar est\u00e1 hecho de una silicona segura para el cuerpo y la punta de una v\u00eda es de pl\u00e1stico ABS no poroso.<\/p>\n<p>Medidas: 14,5 x 2,5 cm<\/p>\n","protected":false},"excerpt":{"rendered":"<p>ONE WAY VALVE DOUCHE El One-Way Valve Douche est\u00e1 aqu\u00ed para asegurarse de que disfrutes de una buena diversi\u00f3n con<\/p>\n","protected":false},"featured_media":58341,"comment_status":"open","ping_status":"open","template":"","meta":[],"product_cat":[558],"product_tag":[660,805],"class_list":["post-58340","product","type-product","status-publish","has-post-thumbnail","hentry","product_cat-enemas","product_tag-calexotics","product_tag-water-systems"],"bundled_by":[],"bundle_stock_status":"instock","bundle_stock_quantity":1,"bundle_virtual":false,"bundle_layout":"","bundle_add_to_cart_form_location":"","bundle_editable_in_cart":false,"bundle_sold_individually_context":"","bundle_item_grouping":"","bundle_min_size":"","bundle_max_size":"","bundled_items":[],"yoast_head":"<!-- This site is optimized with the Yoast SEO plugin v20.6 - https:\/\/yoast.com\/wordpress\/plugins\/seo\/ -->\n<title>ONE WAY V\u00c1LVULA DE LIMPIEZA - NEGRO - Tienda Er\u00f3tica<\/title>\n<meta name=\"robots\" content=\"noindex, follow, max-snippet:-1, max-image-preview:large, max-video-preview:-1\" \/>\n<meta property=\"og:locale\" content=\"es_ES\" \/>\n<meta property=\"og:type\" content=\"article\" \/>\n<meta property=\"og:title\" content=\"ONE WAY V\u00c1LVULA DE LIMPIEZA - NEGRO - Tienda Er\u00f3tica\" \/>\n<meta property=\"og:description\" content=\"ONE WAY VALVE DOUCHE El One-Way Valve Douche est\u00e1 aqu\u00ed para asegurarse de que disfrutes de una buena diversi\u00f3n con\" \/>\n<meta property=\"og:url\" content=\"https:\/\/demoweb.info\/sexshop001\/producto\/one-way-valvula-de-limpieza-negro\/\" \/>\n<meta property=\"og:site_name\" content=\"Tienda Er\u00f3tica\" \/>\n<meta property=\"article:modified_time\" content=\"2022-01-22T16:36:50+00:00\" \/>\n<meta property=\"og:image\" content=\"https:\/\/demoweb.info\/sexshop001\/wp-content\/uploads\/2022\/01\/ONE-WAY-VALVULA-DE-LIMPIEZA-NEGRO.jpg\" \/>\n\t<meta property=\"og:image:width\" content=\"550\" \/>\n\t<meta property=\"og:image:height\" content=\"550\" \/>\n\t<meta property=\"og:image:type\" content=\"image\/jpeg\" \/>\n<meta name=\"twitter:card\" content=\"summary_large_image\" \/>\n<meta name=\"twitter:label1\" content=\"Tiempo de lectura\" \/>\n\t<meta name=\"twitter:data1\" content=\"1 minuto\" \/>\n<script type=\"application\/ld+json\" class=\"yoast-schema-graph\">{\"@context\":\"https:\/\/schema.org\",\"@graph\":[{\"@type\":\"WebPage\",\"@id\":\"https:\/\/demoweb.info\/sexshop001\/producto\/one-way-valvula-de-limpieza-negro\/\",\"url\":\"https:\/\/demoweb.info\/sexshop001\/producto\/one-way-valvula-de-limpieza-negro\/\",\"name\":\"ONE WAY V\u00c1LVULA DE LIMPIEZA - NEGRO - Tienda Er\u00f3tica\",\"isPartOf\":{\"@id\":\"https:\/\/demoweb.info\/sexshop001\/#website\"},\"datePublished\":\"2022-01-22T16:36:36+00:00\",\"dateModified\":\"2022-01-22T16:36:50+00:00\",\"breadcrumb\":{\"@id\":\"https:\/\/demoweb.info\/sexshop001\/producto\/one-way-valvula-de-limpieza-negro\/#breadcrumb\"},\"inLanguage\":\"es\",\"potentialAction\":[{\"@type\":\"ReadAction\",\"target\":[\"https:\/\/demoweb.info\/sexshop001\/producto\/one-way-valvula-de-limpieza-negro\/\"]}]},{\"@type\":\"BreadcrumbList\",\"@id\":\"https:\/\/demoweb.info\/sexshop001\/producto\/one-way-valvula-de-limpieza-negro\/#breadcrumb\",\"itemListElement\":[{\"@type\":\"ListItem\",\"position\":1,\"name\":\"Portada\",\"item\":\"https:\/\/demoweb.info\/sexshop001\/\"},{\"@type\":\"ListItem\",\"position\":2,\"name\":\"Tienda\",\"item\":\"https:\/\/demoweb.info\/sexshop001\/tienda\/\"},{\"@type\":\"ListItem\",\"position\":3,\"name\":\"ONE WAY V\u00c1LVULA DE LIMPIEZA &#8211; NEGRO\"}]},{\"@type\":\"WebSite\",\"@id\":\"https:\/\/demoweb.info\/sexshop001\/#website\",\"url\":\"https:\/\/demoweb.info\/sexshop001\/\",\"name\":\"Tienda Er\u00f3tica\",\"description\":\"DEMOWEB SL\",\"potentialAction\":[{\"@type\":\"SearchAction\",\"target\":{\"@type\":\"EntryPoint\",\"urlTemplate\":\"https:\/\/demoweb.info\/sexshop001\/?s={search_term_string}\"},\"query-input\":\"required name=search_term_string\"}],\"inLanguage\":\"es\"}]}<\/script>\n<!-- \/ Yoast SEO plugin. -->","yoast_head_json":{"title":"ONE WAY V\u00c1LVULA DE LIMPIEZA - NEGRO - Tienda Er\u00f3tica","robots":{"index":"noindex","follow":"follow","max-snippet":"max-snippet:-1","max-image-preview":"max-image-preview:large","max-video-preview":"max-video-preview:-1"},"og_locale":"es_ES","og_type":"article","og_title":"ONE WAY V\u00c1LVULA DE LIMPIEZA - NEGRO - Tienda Er\u00f3tica","og_description":"ONE WAY VALVE DOUCHE El One-Way Valve Douche est\u00e1 aqu\u00ed para asegurarse de que disfrutes de una buena diversi\u00f3n con","og_url":"https:\/\/demoweb.info\/sexshop001\/producto\/one-way-valvula-de-limpieza-negro\/","og_site_name":"Tienda Er\u00f3tica","article_modified_time":"2022-01-22T16:36:50+00:00","og_image":[{"width":550,"height":550,"url":"https:\/\/demoweb.info\/sexshop001\/wp-content\/uploads\/2022\/01\/ONE-WAY-VALVULA-DE-LIMPIEZA-NEGRO.jpg","type":"image\/jpeg"}],"twitter_card":"summary_large_image","twitter_misc":{"Tiempo de lectura":"1 minuto"},"schema":{"@context":"https:\/\/schema.org","@graph":[{"@type":"WebPage","@id":"https:\/\/demoweb.info\/sexshop001\/producto\/one-way-valvula-de-limpieza-negro\/","url":"https:\/\/demoweb.info\/sexshop001\/producto\/one-way-valvula-de-limpieza-negro\/","name":"ONE WAY V\u00c1LVULA DE LIMPIEZA - NEGRO - Tienda Er\u00f3tica","isPartOf":{"@id":"https:\/\/demoweb.info\/sexshop001\/#website"},"datePublished":"2022-01-22T16:36:36+00:00","dateModified":"2022-01-22T16:36:50+00:00","breadcrumb":{"@id":"https:\/\/demoweb.info\/sexshop001\/producto\/one-way-valvula-de-limpieza-negro\/#breadcrumb"},"inLanguage":"es","potentialAction":[{"@type":"ReadAction","target":["https:\/\/demoweb.info\/sexshop001\/producto\/one-way-valvula-de-limpieza-negro\/"]}]},{"@type":"BreadcrumbList","@id":"https:\/\/demoweb.info\/sexshop001\/producto\/one-way-valvula-de-limpieza-negro\/#breadcrumb","itemListElement":[{"@type":"ListItem","position":1,"name":"Portada","item":"https:\/\/demoweb.info\/sexshop001\/"},{"@type":"ListItem","position":2,"name":"Tienda","item":"https:\/\/demoweb.info\/sexshop001\/tienda\/"},{"@type":"ListItem","position":3,"name":"ONE WAY V\u00c1LVULA DE LIMPIEZA &#8211; NEGRO"}]},{"@type":"WebSite","@id":"https:\/\/demoweb.info\/sexshop001\/#website","url":"https:\/\/demoweb.info\/sexshop001\/","name":"Tienda Er\u00f3tica","description":"DEMOWEB SL","potentialAction":[{"@type":"SearchAction","target":{"@type":"EntryPoint","urlTemplate":"https:\/\/demoweb.info\/sexshop001\/?s={search_term_string}"},"query-input":"required name=search_term_string"}],"inLanguage":"es"}]}},"_links":{"self":[{"href":"https:\/\/demoweb.info\/sexshop001\/wp-json\/wp\/v3\/product\/58340","targetHints":{"allow":["GET"]}}],"collection":[{"href":"https:\/\/demoweb.info\/sexshop001\/wp-json\/wp\/v3\/product"}],"about":[{"href":"https:\/\/demoweb.info\/sexshop001\/wp-json\/wp\/v2\/types\/product"}],"replies":[{"embeddable":true,"href":"https:\/\/demoweb.info\/sexshop001\/wp-json\/wp\/v2\/comments?post=58340"}],"wp:featuredmedia":[{"embeddable":true,"href":"https:\/\/demoweb.info\/sexshop001\/wp-json\/wp\/v2\/media\/58341"}],"wp:attachment":[{"href":"https:\/\/demoweb.info\/sexshop001\/wp-json\/wp\/v2\/media?parent=58340"}],"wp:term":[{"taxonomy":"product_cat","embeddable":true,"href":"https:\/\/demoweb.info\/sexshop001\/wp-json\/wp\/v2\/product_cat?post=58340"},{"taxonomy":"product_tag","embeddable":true,"href":"https:\/\/demoweb.info\/sexshop001\/wp-json\/wp\/v2\/product_tag?post=58340"}],"curies":[{"name":"wp","href":"https:\/\/api.w.org\/{rel}","templated":true}]}}