{"id":58328,"date":"2022-01-22T17:36:36","date_gmt":"2022-01-22T16:36:36","guid":{"rendered":"https:\/\/demoweb.info\/sexshop001\/producto\/anillo-de-placer-con-mando-rosa\/"},"modified":"2022-01-22T17:36:42","modified_gmt":"2022-01-22T16:36:42","slug":"anillo-de-placer-con-mando-rosa","status":"publish","type":"product","link":"https:\/\/demoweb.info\/sexshop001\/producto\/anillo-de-placer-con-mando-rosa\/","title":{"rendered":"ANILLO DE PLACER CON MANDO &#8211; ROSA"},"content":{"rendered":"<p><strong>REMOTE PLEASURE RING<\/strong><\/p>\n<p>Aumenta la satisfacci\u00f3n er\u00f3tica y el placer con este anillo de silicona, recargable y con control remoto.<\/p>\n<p>Cuenta con 12 funciones diferentes de vibraci\u00f3n y tiene un dise\u00f1o acanalado \u00fanico con superficie nudosa para permitir la estimulaci\u00f3n de contacto total. El anillo de doble estimulaci\u00f3n es ideal para todos los buscadores de placer que quieren agregar vibraciones intensas a su colecci\u00f3n de juguetes.<\/p>\n<p>Recargable con USB y resistente al agua.<\/p>\n<p>Medidas:<\/p>\n<ul>\n<li>Totales: 7,5 x 4,5 cm<\/li>\n<li>Di\u00e1metro insertable: 2,5 cm<\/li>\n<\/ul>\n","protected":false},"excerpt":{"rendered":"<p>REMOTE PLEASURE RING Aumenta la satisfacci\u00f3n er\u00f3tica y el placer con este anillo de silicona, recargable y con control remoto.<\/p>\n","protected":false},"featured_media":58329,"comment_status":"open","ping_status":"open","template":"","meta":[],"product_cat":[323],"product_tag":[660,958],"class_list":["post-58328","product","type-product","status-publish","has-post-thumbnail","hentry","product_cat-silicona-anillos","product_tag-calexotics","product_tag-xo"],"bundled_by":[],"bundle_stock_status":"instock","bundle_stock_quantity":1,"bundle_virtual":false,"bundle_layout":"","bundle_add_to_cart_form_location":"","bundle_editable_in_cart":false,"bundle_sold_individually_context":"","bundle_item_grouping":"","bundle_min_size":"","bundle_max_size":"","bundled_items":[],"yoast_head":"<!-- This site is optimized with the Yoast SEO plugin v20.6 - https:\/\/yoast.com\/wordpress\/plugins\/seo\/ -->\n<title>ANILLO DE PLACER CON MANDO - ROSA - Tienda Er\u00f3tica<\/title>\n<meta name=\"robots\" content=\"noindex, follow, max-snippet:-1, max-image-preview:large, max-video-preview:-1\" \/>\n<meta property=\"og:locale\" content=\"es_ES\" \/>\n<meta property=\"og:type\" content=\"article\" \/>\n<meta property=\"og:title\" content=\"ANILLO DE PLACER CON MANDO - ROSA - Tienda Er\u00f3tica\" \/>\n<meta property=\"og:description\" content=\"REMOTE PLEASURE RING Aumenta la satisfacci\u00f3n er\u00f3tica y el placer con este anillo de silicona, recargable y con control remoto.\" \/>\n<meta property=\"og:url\" content=\"https:\/\/demoweb.info\/sexshop001\/producto\/anillo-de-placer-con-mando-rosa\/\" \/>\n<meta property=\"og:site_name\" content=\"Tienda Er\u00f3tica\" \/>\n<meta property=\"article:modified_time\" content=\"2022-01-22T16:36:42+00:00\" \/>\n<meta property=\"og:image\" content=\"https:\/\/demoweb.info\/sexshop001\/wp-content\/uploads\/2022\/01\/ANILLO-DE-PLACER-CON-MANDO-ROSA.jpg\" \/>\n\t<meta property=\"og:image:width\" content=\"550\" \/>\n\t<meta property=\"og:image:height\" content=\"550\" \/>\n\t<meta property=\"og:image:type\" content=\"image\/jpeg\" \/>\n<meta name=\"twitter:card\" content=\"summary_large_image\" \/>\n<script type=\"application\/ld+json\" class=\"yoast-schema-graph\">{\"@context\":\"https:\/\/schema.org\",\"@graph\":[{\"@type\":\"WebPage\",\"@id\":\"https:\/\/demoweb.info\/sexshop001\/producto\/anillo-de-placer-con-mando-rosa\/\",\"url\":\"https:\/\/demoweb.info\/sexshop001\/producto\/anillo-de-placer-con-mando-rosa\/\",\"name\":\"ANILLO DE PLACER CON MANDO - ROSA - Tienda Er\u00f3tica\",\"isPartOf\":{\"@id\":\"https:\/\/demoweb.info\/sexshop001\/#website\"},\"datePublished\":\"2022-01-22T16:36:36+00:00\",\"dateModified\":\"2022-01-22T16:36:42+00:00\",\"breadcrumb\":{\"@id\":\"https:\/\/demoweb.info\/sexshop001\/producto\/anillo-de-placer-con-mando-rosa\/#breadcrumb\"},\"inLanguage\":\"es\",\"potentialAction\":[{\"@type\":\"ReadAction\",\"target\":[\"https:\/\/demoweb.info\/sexshop001\/producto\/anillo-de-placer-con-mando-rosa\/\"]}]},{\"@type\":\"BreadcrumbList\",\"@id\":\"https:\/\/demoweb.info\/sexshop001\/producto\/anillo-de-placer-con-mando-rosa\/#breadcrumb\",\"itemListElement\":[{\"@type\":\"ListItem\",\"position\":1,\"name\":\"Portada\",\"item\":\"https:\/\/demoweb.info\/sexshop001\/\"},{\"@type\":\"ListItem\",\"position\":2,\"name\":\"Tienda\",\"item\":\"https:\/\/demoweb.info\/sexshop001\/tienda\/\"},{\"@type\":\"ListItem\",\"position\":3,\"name\":\"ANILLO DE PLACER CON MANDO &#8211; ROSA\"}]},{\"@type\":\"WebSite\",\"@id\":\"https:\/\/demoweb.info\/sexshop001\/#website\",\"url\":\"https:\/\/demoweb.info\/sexshop001\/\",\"name\":\"Tienda Er\u00f3tica\",\"description\":\"DEMOWEB SL\",\"potentialAction\":[{\"@type\":\"SearchAction\",\"target\":{\"@type\":\"EntryPoint\",\"urlTemplate\":\"https:\/\/demoweb.info\/sexshop001\/?s={search_term_string}\"},\"query-input\":\"required name=search_term_string\"}],\"inLanguage\":\"es\"}]}<\/script>\n<!-- \/ Yoast SEO plugin. -->","yoast_head_json":{"title":"ANILLO DE PLACER CON MANDO - ROSA - Tienda Er\u00f3tica","robots":{"index":"noindex","follow":"follow","max-snippet":"max-snippet:-1","max-image-preview":"max-image-preview:large","max-video-preview":"max-video-preview:-1"},"og_locale":"es_ES","og_type":"article","og_title":"ANILLO DE PLACER CON MANDO - ROSA - Tienda Er\u00f3tica","og_description":"REMOTE PLEASURE RING Aumenta la satisfacci\u00f3n er\u00f3tica y el placer con este anillo de silicona, recargable y con control remoto.","og_url":"https:\/\/demoweb.info\/sexshop001\/producto\/anillo-de-placer-con-mando-rosa\/","og_site_name":"Tienda Er\u00f3tica","article_modified_time":"2022-01-22T16:36:42+00:00","og_image":[{"width":550,"height":550,"url":"https:\/\/demoweb.info\/sexshop001\/wp-content\/uploads\/2022\/01\/ANILLO-DE-PLACER-CON-MANDO-ROSA.jpg","type":"image\/jpeg"}],"twitter_card":"summary_large_image","schema":{"@context":"https:\/\/schema.org","@graph":[{"@type":"WebPage","@id":"https:\/\/demoweb.info\/sexshop001\/producto\/anillo-de-placer-con-mando-rosa\/","url":"https:\/\/demoweb.info\/sexshop001\/producto\/anillo-de-placer-con-mando-rosa\/","name":"ANILLO DE PLACER CON MANDO - ROSA - Tienda Er\u00f3tica","isPartOf":{"@id":"https:\/\/demoweb.info\/sexshop001\/#website"},"datePublished":"2022-01-22T16:36:36+00:00","dateModified":"2022-01-22T16:36:42+00:00","breadcrumb":{"@id":"https:\/\/demoweb.info\/sexshop001\/producto\/anillo-de-placer-con-mando-rosa\/#breadcrumb"},"inLanguage":"es","potentialAction":[{"@type":"ReadAction","target":["https:\/\/demoweb.info\/sexshop001\/producto\/anillo-de-placer-con-mando-rosa\/"]}]},{"@type":"BreadcrumbList","@id":"https:\/\/demoweb.info\/sexshop001\/producto\/anillo-de-placer-con-mando-rosa\/#breadcrumb","itemListElement":[{"@type":"ListItem","position":1,"name":"Portada","item":"https:\/\/demoweb.info\/sexshop001\/"},{"@type":"ListItem","position":2,"name":"Tienda","item":"https:\/\/demoweb.info\/sexshop001\/tienda\/"},{"@type":"ListItem","position":3,"name":"ANILLO DE PLACER CON MANDO &#8211; ROSA"}]},{"@type":"WebSite","@id":"https:\/\/demoweb.info\/sexshop001\/#website","url":"https:\/\/demoweb.info\/sexshop001\/","name":"Tienda Er\u00f3tica","description":"DEMOWEB SL","potentialAction":[{"@type":"SearchAction","target":{"@type":"EntryPoint","urlTemplate":"https:\/\/demoweb.info\/sexshop001\/?s={search_term_string}"},"query-input":"required name=search_term_string"}],"inLanguage":"es"}]}},"_links":{"self":[{"href":"https:\/\/demoweb.info\/sexshop001\/wp-json\/wp\/v3\/product\/58328","targetHints":{"allow":["GET"]}}],"collection":[{"href":"https:\/\/demoweb.info\/sexshop001\/wp-json\/wp\/v3\/product"}],"about":[{"href":"https:\/\/demoweb.info\/sexshop001\/wp-json\/wp\/v2\/types\/product"}],"replies":[{"embeddable":true,"href":"https:\/\/demoweb.info\/sexshop001\/wp-json\/wp\/v2\/comments?post=58328"}],"wp:featuredmedia":[{"embeddable":true,"href":"https:\/\/demoweb.info\/sexshop001\/wp-json\/wp\/v2\/media\/58329"}],"wp:attachment":[{"href":"https:\/\/demoweb.info\/sexshop001\/wp-json\/wp\/v2\/media?parent=58328"}],"wp:term":[{"taxonomy":"product_cat","embeddable":true,"href":"https:\/\/demoweb.info\/sexshop001\/wp-json\/wp\/v2\/product_cat?post=58328"},{"taxonomy":"product_tag","embeddable":true,"href":"https:\/\/demoweb.info\/sexshop001\/wp-json\/wp\/v2\/product_tag?post=58328"}],"curies":[{"name":"wp","href":"https:\/\/api.w.org\/{rel}","templated":true}]}}