{"id":58316,"date":"2022-01-22T17:36:18","date_gmt":"2022-01-22T16:36:18","guid":{"rendered":"https:\/\/demoweb.info\/sexshop001\/producto\/pjur-woman-after-shave-spray-100ml\/"},"modified":"2022-01-22T17:36:33","modified_gmt":"2022-01-22T16:36:33","slug":"pjur-woman-after-shave-spray-100ml","status":"publish","type":"product","link":"https:\/\/demoweb.info\/sexshop001\/producto\/pjur-woman-after-shave-spray-100ml\/","title":{"rendered":"PJUR WOMAN AFTER SHAVE SPRAY 100ML"},"content":{"rendered":"<p><strong>PJUR WOMAN AFTER SHAVE SPRAY <\/strong><\/p>\n<p>El afeitado regular puede hacer que la piel en su \u00e1rea \u00edntima se vuelva sensible, causando inflamaci\u00f3n y peque\u00f1as protuberancias.<\/p>\n<p>El pantenol en este producto se regenera, es antiinflamatorio y promueve la producci\u00f3n de nuevas c\u00e9lulas de la piel.<\/p>\n<p>Pjur Woman After Shave est\u00e1 libre de perfume y alcohol, por lo que no se quema cuando entra en contacto con la piel. Simplemente apl\u00edcalo despu\u00e9s del afeitado y proteger\u00e1 tu piel todo el d\u00eda.<\/p>\n<p>Contiene: 100 ml<\/p>\n<p>Ingredientes: Aqua (Water), Panthenol, Aloe Barbadensis Leaf Juice Powder, Cocamidopropyl Betaine, Butylene Glycol, Propylene Glycol, Bis-PEG\/PPG-14\/14 Dimethicone, Dimethicone, Phenoxyethanol.<\/p><\/p>\n","protected":false},"excerpt":{"rendered":"<p>PJUR WOMAN AFTER SHAVE SPRAY El afeitado regular puede hacer que la piel en su \u00e1rea \u00edntima se vuelva sensible,<\/p>\n","protected":false},"featured_media":58317,"comment_status":"open","ping_status":"open","template":"","meta":[],"product_cat":[1500],"product_tag":[255,1582],"class_list":["post-58316","product","type-product","status-publish","has-post-thumbnail","hentry","product_cat-depilacion-limpieza-intima","product_tag-pjur","product_tag-woman"],"bundled_by":[],"bundle_stock_status":"instock","bundle_stock_quantity":2,"bundle_virtual":false,"bundle_layout":"","bundle_add_to_cart_form_location":"","bundle_editable_in_cart":false,"bundle_sold_individually_context":"","bundle_item_grouping":"","bundle_min_size":"","bundle_max_size":"","bundled_items":[],"yoast_head":"<!-- This site is optimized with the Yoast SEO plugin v20.6 - https:\/\/yoast.com\/wordpress\/plugins\/seo\/ -->\n<title>PJUR WOMAN AFTER SHAVE SPRAY 100ML - Tienda Er\u00f3tica<\/title>\n<meta name=\"robots\" content=\"noindex, follow, max-snippet:-1, max-image-preview:large, max-video-preview:-1\" \/>\n<meta property=\"og:locale\" content=\"es_ES\" \/>\n<meta property=\"og:type\" content=\"article\" \/>\n<meta property=\"og:title\" content=\"PJUR WOMAN AFTER SHAVE SPRAY 100ML - Tienda Er\u00f3tica\" \/>\n<meta property=\"og:description\" content=\"PJUR WOMAN AFTER SHAVE SPRAY El afeitado regular puede hacer que la piel en su \u00e1rea \u00edntima se vuelva sensible,\" \/>\n<meta property=\"og:url\" content=\"https:\/\/demoweb.info\/sexshop001\/producto\/pjur-woman-after-shave-spray-100ml\/\" \/>\n<meta property=\"og:site_name\" content=\"Tienda Er\u00f3tica\" \/>\n<meta property=\"article:modified_time\" content=\"2022-01-22T16:36:33+00:00\" \/>\n<meta property=\"og:image\" content=\"https:\/\/demoweb.info\/sexshop001\/wp-content\/uploads\/2022\/01\/PJUR-WOMAN-AFTER-SHAVE-SPRAY-100ML.jpg\" \/>\n\t<meta property=\"og:image:width\" content=\"550\" \/>\n\t<meta property=\"og:image:height\" content=\"550\" \/>\n\t<meta property=\"og:image:type\" content=\"image\/jpeg\" \/>\n<meta name=\"twitter:card\" content=\"summary_large_image\" \/>\n<meta name=\"twitter:label1\" content=\"Tiempo de lectura\" \/>\n\t<meta name=\"twitter:data1\" content=\"1 minuto\" \/>\n<script type=\"application\/ld+json\" class=\"yoast-schema-graph\">{\"@context\":\"https:\/\/schema.org\",\"@graph\":[{\"@type\":\"WebPage\",\"@id\":\"https:\/\/demoweb.info\/sexshop001\/producto\/pjur-woman-after-shave-spray-100ml\/\",\"url\":\"https:\/\/demoweb.info\/sexshop001\/producto\/pjur-woman-after-shave-spray-100ml\/\",\"name\":\"PJUR WOMAN AFTER SHAVE SPRAY 100ML - Tienda Er\u00f3tica\",\"isPartOf\":{\"@id\":\"https:\/\/demoweb.info\/sexshop001\/#website\"},\"datePublished\":\"2022-01-22T16:36:18+00:00\",\"dateModified\":\"2022-01-22T16:36:33+00:00\",\"breadcrumb\":{\"@id\":\"https:\/\/demoweb.info\/sexshop001\/producto\/pjur-woman-after-shave-spray-100ml\/#breadcrumb\"},\"inLanguage\":\"es\",\"potentialAction\":[{\"@type\":\"ReadAction\",\"target\":[\"https:\/\/demoweb.info\/sexshop001\/producto\/pjur-woman-after-shave-spray-100ml\/\"]}]},{\"@type\":\"BreadcrumbList\",\"@id\":\"https:\/\/demoweb.info\/sexshop001\/producto\/pjur-woman-after-shave-spray-100ml\/#breadcrumb\",\"itemListElement\":[{\"@type\":\"ListItem\",\"position\":1,\"name\":\"Portada\",\"item\":\"https:\/\/demoweb.info\/sexshop001\/\"},{\"@type\":\"ListItem\",\"position\":2,\"name\":\"Tienda\",\"item\":\"https:\/\/demoweb.info\/sexshop001\/tienda\/\"},{\"@type\":\"ListItem\",\"position\":3,\"name\":\"PJUR WOMAN AFTER SHAVE SPRAY 100ML\"}]},{\"@type\":\"WebSite\",\"@id\":\"https:\/\/demoweb.info\/sexshop001\/#website\",\"url\":\"https:\/\/demoweb.info\/sexshop001\/\",\"name\":\"Tienda Er\u00f3tica\",\"description\":\"DEMOWEB SL\",\"potentialAction\":[{\"@type\":\"SearchAction\",\"target\":{\"@type\":\"EntryPoint\",\"urlTemplate\":\"https:\/\/demoweb.info\/sexshop001\/?s={search_term_string}\"},\"query-input\":\"required name=search_term_string\"}],\"inLanguage\":\"es\"}]}<\/script>\n<!-- \/ Yoast SEO plugin. -->","yoast_head_json":{"title":"PJUR WOMAN AFTER SHAVE SPRAY 100ML - Tienda Er\u00f3tica","robots":{"index":"noindex","follow":"follow","max-snippet":"max-snippet:-1","max-image-preview":"max-image-preview:large","max-video-preview":"max-video-preview:-1"},"og_locale":"es_ES","og_type":"article","og_title":"PJUR WOMAN AFTER SHAVE SPRAY 100ML - Tienda Er\u00f3tica","og_description":"PJUR WOMAN AFTER SHAVE SPRAY El afeitado regular puede hacer que la piel en su \u00e1rea \u00edntima se vuelva sensible,","og_url":"https:\/\/demoweb.info\/sexshop001\/producto\/pjur-woman-after-shave-spray-100ml\/","og_site_name":"Tienda Er\u00f3tica","article_modified_time":"2022-01-22T16:36:33+00:00","og_image":[{"width":550,"height":550,"url":"https:\/\/demoweb.info\/sexshop001\/wp-content\/uploads\/2022\/01\/PJUR-WOMAN-AFTER-SHAVE-SPRAY-100ML.jpg","type":"image\/jpeg"}],"twitter_card":"summary_large_image","twitter_misc":{"Tiempo de lectura":"1 minuto"},"schema":{"@context":"https:\/\/schema.org","@graph":[{"@type":"WebPage","@id":"https:\/\/demoweb.info\/sexshop001\/producto\/pjur-woman-after-shave-spray-100ml\/","url":"https:\/\/demoweb.info\/sexshop001\/producto\/pjur-woman-after-shave-spray-100ml\/","name":"PJUR WOMAN AFTER SHAVE SPRAY 100ML - Tienda Er\u00f3tica","isPartOf":{"@id":"https:\/\/demoweb.info\/sexshop001\/#website"},"datePublished":"2022-01-22T16:36:18+00:00","dateModified":"2022-01-22T16:36:33+00:00","breadcrumb":{"@id":"https:\/\/demoweb.info\/sexshop001\/producto\/pjur-woman-after-shave-spray-100ml\/#breadcrumb"},"inLanguage":"es","potentialAction":[{"@type":"ReadAction","target":["https:\/\/demoweb.info\/sexshop001\/producto\/pjur-woman-after-shave-spray-100ml\/"]}]},{"@type":"BreadcrumbList","@id":"https:\/\/demoweb.info\/sexshop001\/producto\/pjur-woman-after-shave-spray-100ml\/#breadcrumb","itemListElement":[{"@type":"ListItem","position":1,"name":"Portada","item":"https:\/\/demoweb.info\/sexshop001\/"},{"@type":"ListItem","position":2,"name":"Tienda","item":"https:\/\/demoweb.info\/sexshop001\/tienda\/"},{"@type":"ListItem","position":3,"name":"PJUR WOMAN AFTER SHAVE SPRAY 100ML"}]},{"@type":"WebSite","@id":"https:\/\/demoweb.info\/sexshop001\/#website","url":"https:\/\/demoweb.info\/sexshop001\/","name":"Tienda Er\u00f3tica","description":"DEMOWEB SL","potentialAction":[{"@type":"SearchAction","target":{"@type":"EntryPoint","urlTemplate":"https:\/\/demoweb.info\/sexshop001\/?s={search_term_string}"},"query-input":"required name=search_term_string"}],"inLanguage":"es"}]}},"_links":{"self":[{"href":"https:\/\/demoweb.info\/sexshop001\/wp-json\/wp\/v3\/product\/58316","targetHints":{"allow":["GET"]}}],"collection":[{"href":"https:\/\/demoweb.info\/sexshop001\/wp-json\/wp\/v3\/product"}],"about":[{"href":"https:\/\/demoweb.info\/sexshop001\/wp-json\/wp\/v2\/types\/product"}],"replies":[{"embeddable":true,"href":"https:\/\/demoweb.info\/sexshop001\/wp-json\/wp\/v2\/comments?post=58316"}],"wp:featuredmedia":[{"embeddable":true,"href":"https:\/\/demoweb.info\/sexshop001\/wp-json\/wp\/v2\/media\/58317"}],"wp:attachment":[{"href":"https:\/\/demoweb.info\/sexshop001\/wp-json\/wp\/v2\/media?parent=58316"}],"wp:term":[{"taxonomy":"product_cat","embeddable":true,"href":"https:\/\/demoweb.info\/sexshop001\/wp-json\/wp\/v2\/product_cat?post=58316"},{"taxonomy":"product_tag","embeddable":true,"href":"https:\/\/demoweb.info\/sexshop001\/wp-json\/wp\/v2\/product_tag?post=58316"}],"curies":[{"name":"wp","href":"https:\/\/api.w.org\/{rel}","templated":true}]}}