{"id":58254,"date":"2022-01-22T17:35:52","date_gmt":"2022-01-22T16:35:52","guid":{"rendered":"https:\/\/demoweb.info\/sexshop001\/producto\/eclipse-roller-ball-probe-vibrador-punto-p\/"},"modified":"2022-01-22T17:35:52","modified_gmt":"2022-01-22T16:35:52","slug":"eclipse-roller-ball-probe-vibrador-punto-p","status":"publish","type":"product","link":"https:\/\/demoweb.info\/sexshop001\/producto\/eclipse-roller-ball-probe-vibrador-punto-p\/","title":{"rendered":"ECLIPSE ROLLER BALL PROBE VIBRADOR PUNTO P"},"content":{"rendered":"<p><strong>ECLIPSE ROLLER BALL PROBE<\/strong><\/p>\n<p>La sonda de bola de rodillos c\u00f3nicos Eclipse \u2122 est\u00e1 aqu\u00ed para emocionar incluso a los amantes de la puerta trasera con m\u00e1s experiencia con una potente punta rodante, un v\u00e1stago acanalado y 12 funciones de vibraci\u00f3n intensa. Elija la intensidad de su placer y sum\u00e9rjase en la estimulaci\u00f3n interna org\u00e1smica con una potente estimulaci\u00f3n con rodillos.<\/p>\n<p>La punta del punto G bulboso ofrece movimientos precisos de avance y retroceso que redefinen la pasi\u00f3n. Disfrute del placer personalizado mientras la elegante sonda vibra con 12 vibraciones vivaces, pulsaciones apasionadas y escalada er\u00f3tica. Controle esta variedad de opciones org\u00e1smicas con el bot\u00f3n f\u00e1cil de tocar<\/p>\n<p>Ya sea que est\u00e9 tomando un ba\u00f1o con un amante o participando en una sesi\u00f3n individual de vapor, espere hasta 85 minutos de vibraci\u00f3n impermeable. Recargue el placer y vuelva al tiempo de juego en solo 90 minutos con el cable USB provisto. El chip de memoria de alta tecnolog\u00eda permite que el masajeador sepa exactamente lo que te gusta al elegir la \u00faltima funci\u00f3n utilizada.<\/p>\n<p>Caracter\u00edsticas:<\/p>\n<ul>\n<li>Material: Silicona y pl\u00e1stico ABS<\/li>\n<li>Recargable con USB.<\/li>\n<li>Resistente al agua.<\/li>\n<li>Sin ftalatos.<\/li>\n<\/ul>\n<p>Medidas:<\/p>\n<ul>\n<li>Totales: 10,25 x 10,25 cm<\/li>\n<li>Insertables: 7,5 x 2,5 cm<\/li>\n<\/ul>\n","protected":false},"excerpt":{"rendered":"<p>ECLIPSE ROLLER BALL PROBE La sonda de bola de rodillos c\u00f3nicos Eclipse \u2122 est\u00e1 aqu\u00ed para emocionar incluso a los<\/p>\n","protected":false},"featured_media":58255,"comment_status":"open","ping_status":"open","template":"","meta":[],"product_cat":[439],"product_tag":[660,983],"class_list":["post-58254","product","type-product","status-publish","has-post-thumbnail","hentry","product_cat-punto-p-plugs","product_tag-calexotics","product_tag-eclipse"],"bundled_by":[],"bundle_stock_status":"outofstock","bundle_stock_quantity":0,"bundle_virtual":false,"bundle_layout":"","bundle_add_to_cart_form_location":"","bundle_editable_in_cart":false,"bundle_sold_individually_context":"","bundle_item_grouping":"","bundle_min_size":"","bundle_max_size":"","bundled_items":[],"yoast_head":"<!-- This site is optimized with the Yoast SEO plugin v20.6 - https:\/\/yoast.com\/wordpress\/plugins\/seo\/ -->\n<title>ECLIPSE ROLLER BALL PROBE VIBRADOR PUNTO P - Tienda Er\u00f3tica<\/title>\n<meta name=\"robots\" content=\"noindex, follow, max-snippet:-1, max-image-preview:large, max-video-preview:-1\" \/>\n<meta property=\"og:locale\" content=\"es_ES\" \/>\n<meta property=\"og:type\" content=\"article\" \/>\n<meta property=\"og:title\" content=\"ECLIPSE ROLLER BALL PROBE VIBRADOR PUNTO P - Tienda Er\u00f3tica\" \/>\n<meta property=\"og:description\" content=\"ECLIPSE ROLLER BALL PROBE La sonda de bola de rodillos c\u00f3nicos Eclipse \u2122 est\u00e1 aqu\u00ed para emocionar incluso a los\" \/>\n<meta property=\"og:url\" content=\"https:\/\/demoweb.info\/sexshop001\/producto\/eclipse-roller-ball-probe-vibrador-punto-p\/\" \/>\n<meta property=\"og:site_name\" content=\"Tienda Er\u00f3tica\" \/>\n<meta property=\"og:image\" content=\"https:\/\/demoweb.info\/sexshop001\/wp-content\/uploads\/2022\/01\/ECLIPSE-ROLLER-BALL-PROBE-VIBRADOR-PUNTO-P.jpg\" \/>\n\t<meta property=\"og:image:width\" content=\"550\" \/>\n\t<meta property=\"og:image:height\" content=\"550\" \/>\n\t<meta property=\"og:image:type\" content=\"image\/jpeg\" \/>\n<meta name=\"twitter:card\" content=\"summary_large_image\" \/>\n<meta name=\"twitter:label1\" content=\"Tiempo de lectura\" \/>\n\t<meta name=\"twitter:data1\" content=\"1 minuto\" \/>\n<script type=\"application\/ld+json\" class=\"yoast-schema-graph\">{\"@context\":\"https:\/\/schema.org\",\"@graph\":[{\"@type\":\"WebPage\",\"@id\":\"https:\/\/demoweb.info\/sexshop001\/producto\/eclipse-roller-ball-probe-vibrador-punto-p\/\",\"url\":\"https:\/\/demoweb.info\/sexshop001\/producto\/eclipse-roller-ball-probe-vibrador-punto-p\/\",\"name\":\"ECLIPSE ROLLER BALL PROBE VIBRADOR PUNTO P - Tienda Er\u00f3tica\",\"isPartOf\":{\"@id\":\"https:\/\/demoweb.info\/sexshop001\/#website\"},\"datePublished\":\"2022-01-22T16:35:52+00:00\",\"dateModified\":\"2022-01-22T16:35:52+00:00\",\"breadcrumb\":{\"@id\":\"https:\/\/demoweb.info\/sexshop001\/producto\/eclipse-roller-ball-probe-vibrador-punto-p\/#breadcrumb\"},\"inLanguage\":\"es\",\"potentialAction\":[{\"@type\":\"ReadAction\",\"target\":[\"https:\/\/demoweb.info\/sexshop001\/producto\/eclipse-roller-ball-probe-vibrador-punto-p\/\"]}]},{\"@type\":\"BreadcrumbList\",\"@id\":\"https:\/\/demoweb.info\/sexshop001\/producto\/eclipse-roller-ball-probe-vibrador-punto-p\/#breadcrumb\",\"itemListElement\":[{\"@type\":\"ListItem\",\"position\":1,\"name\":\"Portada\",\"item\":\"https:\/\/demoweb.info\/sexshop001\/\"},{\"@type\":\"ListItem\",\"position\":2,\"name\":\"Tienda\",\"item\":\"https:\/\/demoweb.info\/sexshop001\/tienda\/\"},{\"@type\":\"ListItem\",\"position\":3,\"name\":\"ECLIPSE ROLLER BALL PROBE VIBRADOR PUNTO P\"}]},{\"@type\":\"WebSite\",\"@id\":\"https:\/\/demoweb.info\/sexshop001\/#website\",\"url\":\"https:\/\/demoweb.info\/sexshop001\/\",\"name\":\"Tienda Er\u00f3tica\",\"description\":\"DEMOWEB SL\",\"potentialAction\":[{\"@type\":\"SearchAction\",\"target\":{\"@type\":\"EntryPoint\",\"urlTemplate\":\"https:\/\/demoweb.info\/sexshop001\/?s={search_term_string}\"},\"query-input\":\"required name=search_term_string\"}],\"inLanguage\":\"es\"}]}<\/script>\n<!-- \/ Yoast SEO plugin. -->","yoast_head_json":{"title":"ECLIPSE ROLLER BALL PROBE VIBRADOR PUNTO P - Tienda Er\u00f3tica","robots":{"index":"noindex","follow":"follow","max-snippet":"max-snippet:-1","max-image-preview":"max-image-preview:large","max-video-preview":"max-video-preview:-1"},"og_locale":"es_ES","og_type":"article","og_title":"ECLIPSE ROLLER BALL PROBE VIBRADOR PUNTO P - Tienda Er\u00f3tica","og_description":"ECLIPSE ROLLER BALL PROBE La sonda de bola de rodillos c\u00f3nicos Eclipse \u2122 est\u00e1 aqu\u00ed para emocionar incluso a los","og_url":"https:\/\/demoweb.info\/sexshop001\/producto\/eclipse-roller-ball-probe-vibrador-punto-p\/","og_site_name":"Tienda Er\u00f3tica","og_image":[{"width":550,"height":550,"url":"https:\/\/demoweb.info\/sexshop001\/wp-content\/uploads\/2022\/01\/ECLIPSE-ROLLER-BALL-PROBE-VIBRADOR-PUNTO-P.jpg","type":"image\/jpeg"}],"twitter_card":"summary_large_image","twitter_misc":{"Tiempo de lectura":"1 minuto"},"schema":{"@context":"https:\/\/schema.org","@graph":[{"@type":"WebPage","@id":"https:\/\/demoweb.info\/sexshop001\/producto\/eclipse-roller-ball-probe-vibrador-punto-p\/","url":"https:\/\/demoweb.info\/sexshop001\/producto\/eclipse-roller-ball-probe-vibrador-punto-p\/","name":"ECLIPSE ROLLER BALL PROBE VIBRADOR PUNTO P - Tienda Er\u00f3tica","isPartOf":{"@id":"https:\/\/demoweb.info\/sexshop001\/#website"},"datePublished":"2022-01-22T16:35:52+00:00","dateModified":"2022-01-22T16:35:52+00:00","breadcrumb":{"@id":"https:\/\/demoweb.info\/sexshop001\/producto\/eclipse-roller-ball-probe-vibrador-punto-p\/#breadcrumb"},"inLanguage":"es","potentialAction":[{"@type":"ReadAction","target":["https:\/\/demoweb.info\/sexshop001\/producto\/eclipse-roller-ball-probe-vibrador-punto-p\/"]}]},{"@type":"BreadcrumbList","@id":"https:\/\/demoweb.info\/sexshop001\/producto\/eclipse-roller-ball-probe-vibrador-punto-p\/#breadcrumb","itemListElement":[{"@type":"ListItem","position":1,"name":"Portada","item":"https:\/\/demoweb.info\/sexshop001\/"},{"@type":"ListItem","position":2,"name":"Tienda","item":"https:\/\/demoweb.info\/sexshop001\/tienda\/"},{"@type":"ListItem","position":3,"name":"ECLIPSE ROLLER BALL PROBE VIBRADOR PUNTO P"}]},{"@type":"WebSite","@id":"https:\/\/demoweb.info\/sexshop001\/#website","url":"https:\/\/demoweb.info\/sexshop001\/","name":"Tienda Er\u00f3tica","description":"DEMOWEB SL","potentialAction":[{"@type":"SearchAction","target":{"@type":"EntryPoint","urlTemplate":"https:\/\/demoweb.info\/sexshop001\/?s={search_term_string}"},"query-input":"required name=search_term_string"}],"inLanguage":"es"}]}},"_links":{"self":[{"href":"https:\/\/demoweb.info\/sexshop001\/wp-json\/wp\/v3\/product\/58254","targetHints":{"allow":["GET"]}}],"collection":[{"href":"https:\/\/demoweb.info\/sexshop001\/wp-json\/wp\/v3\/product"}],"about":[{"href":"https:\/\/demoweb.info\/sexshop001\/wp-json\/wp\/v2\/types\/product"}],"replies":[{"embeddable":true,"href":"https:\/\/demoweb.info\/sexshop001\/wp-json\/wp\/v2\/comments?post=58254"}],"wp:featuredmedia":[{"embeddable":true,"href":"https:\/\/demoweb.info\/sexshop001\/wp-json\/wp\/v2\/media\/58255"}],"wp:attachment":[{"href":"https:\/\/demoweb.info\/sexshop001\/wp-json\/wp\/v2\/media?parent=58254"}],"wp:term":[{"taxonomy":"product_cat","embeddable":true,"href":"https:\/\/demoweb.info\/sexshop001\/wp-json\/wp\/v2\/product_cat?post=58254"},{"taxonomy":"product_tag","embeddable":true,"href":"https:\/\/demoweb.info\/sexshop001\/wp-json\/wp\/v2\/product_tag?post=58254"}],"curies":[{"name":"wp","href":"https:\/\/api.w.org\/{rel}","templated":true}]}}