{"id":58247,"date":"2022-01-22T17:35:24","date_gmt":"2022-01-22T16:35:24","guid":{"rendered":"https:\/\/demoweb.info\/sexshop001\/producto\/eclipse-slender-beads-plug-vibrador-silicona\/"},"modified":"2022-01-22T17:35:45","modified_gmt":"2022-01-22T16:35:45","slug":"eclipse-slender-beads-plug-vibrador-silicona","status":"publish","type":"product","link":"https:\/\/demoweb.info\/sexshop001\/producto\/eclipse-slender-beads-plug-vibrador-silicona\/","title":{"rendered":"ECLIPSE SLENDER BEADS &#8211; PLUG VIBRADOR SILICONA"},"content":{"rendered":"<p><strong>ECLIPSE SLENDER BEADS<\/strong><\/p>\n<p>Las perlas Eclipse \u2122 Slender Beads son una sonda de silicona sexy y flexible creada para facilitarte el placer anal emocionante. El dise\u00f1o flexible, el eje rebordeado y el potente motor permiten que esta sonda se flexione con sus movimientos y proporcione una estimulaci\u00f3n intensa.<\/p>\n<p>Disfrute del placer personalizado recorriendo cada una de las 12 potentes funciones de vibraci\u00f3n. El estimulador giratorio y el anillo apretado seguramente te enviar\u00e1n a ti y a tu amante en espiral hacia el \u00e9xtasis puro.<\/p>\n<p>Mientras que el motor ultra potente emite buenas vibraciones, el cuerpo delgado y flexible tiene posicionamiento multidireccional. Lo que significa que el cuerpo acanalado se flexionar\u00e1 y se mezclar\u00e1 para que puedas explorar todos tus deliciosos deseos.<\/p>\n<p>Ya sea que est\u00e9 tomando un ba\u00f1o con un amante o participando en una sesi\u00f3n individual de vapor, espere hasta 70 minutos de vibraci\u00f3n impermeable. Recargue el placer y vuelva al tiempo de juego en solo 1 hora con el cable USB provisto. El chip de memoria de alta tecnolog\u00eda permite que el masajeador sepa exactamente lo que te gusta al elegir la \u00faltima funci\u00f3n utilizada.<\/p>\n<p>Caracter\u00edsticas:<\/p>\n<p>Caracter\u00edsticas:<\/p>\n<ul>\n<li>Material: Silicona y pl\u00e1stico ABS<\/li>\n<li>Recargable con USB.<\/li>\n<li>Resistente al agua.<\/li>\n<li>Sin ftalatos.<\/li>\n<\/ul>\n<p>Medidas:<\/p>\n<ul>\n<li>Totales: 17,75 x 8,25 cm<\/li>\n<li>Insertables: 16 x 2,5 cm<\/li>\n<\/ul>\n","protected":false},"excerpt":{"rendered":"<p>ECLIPSE SLENDER BEADS Las perlas Eclipse \u2122 Slender Beads son una sonda de silicona sexy y flexible creada para facilitarte<\/p>\n","protected":false},"featured_media":58248,"comment_status":"open","ping_status":"open","template":"","meta":[],"product_cat":[338],"product_tag":[660,983],"class_list":["post-58247","product","type-product","status-publish","has-post-thumbnail","hentry","product_cat-silicona-plugs","product_tag-calexotics","product_tag-eclipse"],"bundled_by":[],"bundle_stock_status":"instock","bundle_stock_quantity":3,"bundle_virtual":false,"bundle_layout":"","bundle_add_to_cart_form_location":"","bundle_editable_in_cart":false,"bundle_sold_individually_context":"","bundle_item_grouping":"","bundle_min_size":"","bundle_max_size":"","bundled_items":[],"yoast_head":"<!-- This site is optimized with the Yoast SEO plugin v20.6 - https:\/\/yoast.com\/wordpress\/plugins\/seo\/ -->\n<title>ECLIPSE SLENDER BEADS - PLUG VIBRADOR SILICONA - Tienda Er\u00f3tica<\/title>\n<meta name=\"robots\" content=\"noindex, follow, max-snippet:-1, max-image-preview:large, max-video-preview:-1\" \/>\n<meta property=\"og:locale\" content=\"es_ES\" \/>\n<meta property=\"og:type\" content=\"article\" \/>\n<meta property=\"og:title\" content=\"ECLIPSE SLENDER BEADS - PLUG VIBRADOR SILICONA - Tienda Er\u00f3tica\" \/>\n<meta property=\"og:description\" content=\"ECLIPSE SLENDER BEADS Las perlas Eclipse \u2122 Slender Beads son una sonda de silicona sexy y flexible creada para facilitarte\" \/>\n<meta property=\"og:url\" content=\"https:\/\/demoweb.info\/sexshop001\/producto\/eclipse-slender-beads-plug-vibrador-silicona\/\" \/>\n<meta property=\"og:site_name\" content=\"Tienda Er\u00f3tica\" \/>\n<meta property=\"article:modified_time\" content=\"2022-01-22T16:35:45+00:00\" \/>\n<meta property=\"og:image\" content=\"https:\/\/demoweb.info\/sexshop001\/wp-content\/uploads\/2022\/01\/ECLIPSE-SLENDER-BEADS-PLUG-VIBRADOR-SILICONA.jpg\" \/>\n\t<meta property=\"og:image:width\" content=\"550\" \/>\n\t<meta property=\"og:image:height\" content=\"550\" \/>\n\t<meta property=\"og:image:type\" content=\"image\/jpeg\" \/>\n<meta name=\"twitter:card\" content=\"summary_large_image\" \/>\n<meta name=\"twitter:label1\" content=\"Tiempo de lectura\" \/>\n\t<meta name=\"twitter:data1\" content=\"1 minuto\" \/>\n<script type=\"application\/ld+json\" class=\"yoast-schema-graph\">{\"@context\":\"https:\/\/schema.org\",\"@graph\":[{\"@type\":\"WebPage\",\"@id\":\"https:\/\/demoweb.info\/sexshop001\/producto\/eclipse-slender-beads-plug-vibrador-silicona\/\",\"url\":\"https:\/\/demoweb.info\/sexshop001\/producto\/eclipse-slender-beads-plug-vibrador-silicona\/\",\"name\":\"ECLIPSE SLENDER BEADS - PLUG VIBRADOR SILICONA - Tienda Er\u00f3tica\",\"isPartOf\":{\"@id\":\"https:\/\/demoweb.info\/sexshop001\/#website\"},\"datePublished\":\"2022-01-22T16:35:24+00:00\",\"dateModified\":\"2022-01-22T16:35:45+00:00\",\"breadcrumb\":{\"@id\":\"https:\/\/demoweb.info\/sexshop001\/producto\/eclipse-slender-beads-plug-vibrador-silicona\/#breadcrumb\"},\"inLanguage\":\"es\",\"potentialAction\":[{\"@type\":\"ReadAction\",\"target\":[\"https:\/\/demoweb.info\/sexshop001\/producto\/eclipse-slender-beads-plug-vibrador-silicona\/\"]}]},{\"@type\":\"BreadcrumbList\",\"@id\":\"https:\/\/demoweb.info\/sexshop001\/producto\/eclipse-slender-beads-plug-vibrador-silicona\/#breadcrumb\",\"itemListElement\":[{\"@type\":\"ListItem\",\"position\":1,\"name\":\"Portada\",\"item\":\"https:\/\/demoweb.info\/sexshop001\/\"},{\"@type\":\"ListItem\",\"position\":2,\"name\":\"Tienda\",\"item\":\"https:\/\/demoweb.info\/sexshop001\/tienda\/\"},{\"@type\":\"ListItem\",\"position\":3,\"name\":\"ECLIPSE SLENDER BEADS &#8211; PLUG VIBRADOR SILICONA\"}]},{\"@type\":\"WebSite\",\"@id\":\"https:\/\/demoweb.info\/sexshop001\/#website\",\"url\":\"https:\/\/demoweb.info\/sexshop001\/\",\"name\":\"Tienda Er\u00f3tica\",\"description\":\"DEMOWEB SL\",\"potentialAction\":[{\"@type\":\"SearchAction\",\"target\":{\"@type\":\"EntryPoint\",\"urlTemplate\":\"https:\/\/demoweb.info\/sexshop001\/?s={search_term_string}\"},\"query-input\":\"required name=search_term_string\"}],\"inLanguage\":\"es\"}]}<\/script>\n<!-- \/ Yoast SEO plugin. -->","yoast_head_json":{"title":"ECLIPSE SLENDER BEADS - PLUG VIBRADOR SILICONA - Tienda Er\u00f3tica","robots":{"index":"noindex","follow":"follow","max-snippet":"max-snippet:-1","max-image-preview":"max-image-preview:large","max-video-preview":"max-video-preview:-1"},"og_locale":"es_ES","og_type":"article","og_title":"ECLIPSE SLENDER BEADS - PLUG VIBRADOR SILICONA - Tienda Er\u00f3tica","og_description":"ECLIPSE SLENDER BEADS Las perlas Eclipse \u2122 Slender Beads son una sonda de silicona sexy y flexible creada para facilitarte","og_url":"https:\/\/demoweb.info\/sexshop001\/producto\/eclipse-slender-beads-plug-vibrador-silicona\/","og_site_name":"Tienda Er\u00f3tica","article_modified_time":"2022-01-22T16:35:45+00:00","og_image":[{"width":550,"height":550,"url":"https:\/\/demoweb.info\/sexshop001\/wp-content\/uploads\/2022\/01\/ECLIPSE-SLENDER-BEADS-PLUG-VIBRADOR-SILICONA.jpg","type":"image\/jpeg"}],"twitter_card":"summary_large_image","twitter_misc":{"Tiempo de lectura":"1 minuto"},"schema":{"@context":"https:\/\/schema.org","@graph":[{"@type":"WebPage","@id":"https:\/\/demoweb.info\/sexshop001\/producto\/eclipse-slender-beads-plug-vibrador-silicona\/","url":"https:\/\/demoweb.info\/sexshop001\/producto\/eclipse-slender-beads-plug-vibrador-silicona\/","name":"ECLIPSE SLENDER BEADS - PLUG VIBRADOR SILICONA - Tienda Er\u00f3tica","isPartOf":{"@id":"https:\/\/demoweb.info\/sexshop001\/#website"},"datePublished":"2022-01-22T16:35:24+00:00","dateModified":"2022-01-22T16:35:45+00:00","breadcrumb":{"@id":"https:\/\/demoweb.info\/sexshop001\/producto\/eclipse-slender-beads-plug-vibrador-silicona\/#breadcrumb"},"inLanguage":"es","potentialAction":[{"@type":"ReadAction","target":["https:\/\/demoweb.info\/sexshop001\/producto\/eclipse-slender-beads-plug-vibrador-silicona\/"]}]},{"@type":"BreadcrumbList","@id":"https:\/\/demoweb.info\/sexshop001\/producto\/eclipse-slender-beads-plug-vibrador-silicona\/#breadcrumb","itemListElement":[{"@type":"ListItem","position":1,"name":"Portada","item":"https:\/\/demoweb.info\/sexshop001\/"},{"@type":"ListItem","position":2,"name":"Tienda","item":"https:\/\/demoweb.info\/sexshop001\/tienda\/"},{"@type":"ListItem","position":3,"name":"ECLIPSE SLENDER BEADS &#8211; PLUG VIBRADOR SILICONA"}]},{"@type":"WebSite","@id":"https:\/\/demoweb.info\/sexshop001\/#website","url":"https:\/\/demoweb.info\/sexshop001\/","name":"Tienda Er\u00f3tica","description":"DEMOWEB SL","potentialAction":[{"@type":"SearchAction","target":{"@type":"EntryPoint","urlTemplate":"https:\/\/demoweb.info\/sexshop001\/?s={search_term_string}"},"query-input":"required name=search_term_string"}],"inLanguage":"es"}]}},"_links":{"self":[{"href":"https:\/\/demoweb.info\/sexshop001\/wp-json\/wp\/v3\/product\/58247","targetHints":{"allow":["GET"]}}],"collection":[{"href":"https:\/\/demoweb.info\/sexshop001\/wp-json\/wp\/v3\/product"}],"about":[{"href":"https:\/\/demoweb.info\/sexshop001\/wp-json\/wp\/v2\/types\/product"}],"replies":[{"embeddable":true,"href":"https:\/\/demoweb.info\/sexshop001\/wp-json\/wp\/v2\/comments?post=58247"}],"wp:featuredmedia":[{"embeddable":true,"href":"https:\/\/demoweb.info\/sexshop001\/wp-json\/wp\/v2\/media\/58248"}],"wp:attachment":[{"href":"https:\/\/demoweb.info\/sexshop001\/wp-json\/wp\/v2\/media?parent=58247"}],"wp:term":[{"taxonomy":"product_cat","embeddable":true,"href":"https:\/\/demoweb.info\/sexshop001\/wp-json\/wp\/v2\/product_cat?post=58247"},{"taxonomy":"product_tag","embeddable":true,"href":"https:\/\/demoweb.info\/sexshop001\/wp-json\/wp\/v2\/product_tag?post=58247"}],"curies":[{"name":"wp","href":"https:\/\/api.w.org\/{rel}","templated":true}]}}