{"id":57857,"date":"2022-01-22T17:31:04","date_gmt":"2022-01-22T16:31:04","guid":{"rendered":"https:\/\/demoweb.info\/sexshop001\/producto\/mini-plug-solido-9mm\/"},"modified":"2022-01-22T17:31:19","modified_gmt":"2022-01-22T16:31:19","slug":"mini-plug-solido-9mm","status":"publish","type":"product","link":"https:\/\/demoweb.info\/sexshop001\/producto\/mini-plug-solido-9mm\/","title":{"rendered":"MINI PLUG S\u00d3LIDO 9MM"},"content":{"rendered":"<p><strong>SOLID MINI PLUG <\/strong><\/p>\n<p>Este s\u00f3lido mini plug es perfecto para principiantes o el chico que solo quiere agregar un poco m\u00e1s de placer a la experiencia.<\/p>\n<p>La punta en forma de cono se desliza suavemente en cualquier pene y se expande lentamente, aumentando el placer.<\/p>\n<p>La cabeza del pene se cerrar\u00e1 alrededor del plug, que se mantendr\u00e1 en su lugar. Incluso hay un anillo en el extremo del enchufe que sirve para un doble prop\u00f3sito. Este anillo evita que vaya demasiado profundo y tambi\u00e9n se puede usar para sujetar otros elementos como cadenas, cuerdas y pesas.<\/p>\n<p>Como est\u00e1 hecho de acero inoxidable, no tienes que preocuparte de que se rompa nada y se puede limpiar con bastante facilidad.<\/p>\n<p>Elige el tama\u00f1o que sea adecuado para ti y observa la diferencia que este peque\u00f1o enchufe puede darte.<\/p>\n<p>Caracter\u00edsticas:<br \/>\n&#8211; Longitud: 7,7 cm<br \/>\n&#8211; Longitud Insertable: 4,5 cm<br \/>\n&#8211; Di\u00e1metro: 0,9 cm<br \/>\n&#8211; Material: Acero Inoxidable<\/p>\n","protected":false},"excerpt":{"rendered":"<p>SOLID MINI PLUG Este s\u00f3lido mini plug es perfecto para principiantes o el chico que solo quiere agregar un poco<\/p>\n","protected":false},"featured_media":57858,"comment_status":"open","ping_status":"open","template":"","meta":[],"product_cat":[290],"product_tag":[283],"class_list":["post-57857","product","type-product","status-publish","has-post-thumbnail","hentry","product_cat-penis-plug","product_tag-triune"],"bundled_by":[],"bundle_stock_status":"instock","bundle_stock_quantity":1,"bundle_virtual":false,"bundle_layout":"","bundle_add_to_cart_form_location":"","bundle_editable_in_cart":false,"bundle_sold_individually_context":"","bundle_item_grouping":"","bundle_min_size":"","bundle_max_size":"","bundled_items":[],"yoast_head":"<!-- This site is optimized with the Yoast SEO plugin v20.6 - https:\/\/yoast.com\/wordpress\/plugins\/seo\/ -->\n<title>MINI PLUG S\u00d3LIDO 9MM - Tienda Er\u00f3tica<\/title>\n<meta name=\"robots\" content=\"noindex, follow, max-snippet:-1, max-image-preview:large, max-video-preview:-1\" \/>\n<meta property=\"og:locale\" content=\"es_ES\" \/>\n<meta property=\"og:type\" content=\"article\" \/>\n<meta property=\"og:title\" content=\"MINI PLUG S\u00d3LIDO 9MM - Tienda Er\u00f3tica\" \/>\n<meta property=\"og:description\" content=\"SOLID MINI PLUG Este s\u00f3lido mini plug es perfecto para principiantes o el chico que solo quiere agregar un poco\" \/>\n<meta property=\"og:url\" content=\"https:\/\/demoweb.info\/sexshop001\/producto\/mini-plug-solido-9mm\/\" \/>\n<meta property=\"og:site_name\" content=\"Tienda Er\u00f3tica\" \/>\n<meta property=\"article:modified_time\" content=\"2022-01-22T16:31:19+00:00\" \/>\n<meta property=\"og:image\" content=\"https:\/\/demoweb.info\/sexshop001\/wp-content\/uploads\/2022\/01\/MINI-PLUG-SOLIDO-9MM.jpg\" \/>\n\t<meta property=\"og:image:width\" content=\"550\" \/>\n\t<meta property=\"og:image:height\" content=\"550\" \/>\n\t<meta property=\"og:image:type\" content=\"image\/jpeg\" \/>\n<meta name=\"twitter:card\" content=\"summary_large_image\" \/>\n<meta name=\"twitter:label1\" content=\"Tiempo de lectura\" \/>\n\t<meta name=\"twitter:data1\" content=\"1 minuto\" \/>\n<script type=\"application\/ld+json\" class=\"yoast-schema-graph\">{\"@context\":\"https:\/\/schema.org\",\"@graph\":[{\"@type\":\"WebPage\",\"@id\":\"https:\/\/demoweb.info\/sexshop001\/producto\/mini-plug-solido-9mm\/\",\"url\":\"https:\/\/demoweb.info\/sexshop001\/producto\/mini-plug-solido-9mm\/\",\"name\":\"MINI PLUG S\u00d3LIDO 9MM - Tienda Er\u00f3tica\",\"isPartOf\":{\"@id\":\"https:\/\/demoweb.info\/sexshop001\/#website\"},\"datePublished\":\"2022-01-22T16:31:04+00:00\",\"dateModified\":\"2022-01-22T16:31:19+00:00\",\"breadcrumb\":{\"@id\":\"https:\/\/demoweb.info\/sexshop001\/producto\/mini-plug-solido-9mm\/#breadcrumb\"},\"inLanguage\":\"es\",\"potentialAction\":[{\"@type\":\"ReadAction\",\"target\":[\"https:\/\/demoweb.info\/sexshop001\/producto\/mini-plug-solido-9mm\/\"]}]},{\"@type\":\"BreadcrumbList\",\"@id\":\"https:\/\/demoweb.info\/sexshop001\/producto\/mini-plug-solido-9mm\/#breadcrumb\",\"itemListElement\":[{\"@type\":\"ListItem\",\"position\":1,\"name\":\"Portada\",\"item\":\"https:\/\/demoweb.info\/sexshop001\/\"},{\"@type\":\"ListItem\",\"position\":2,\"name\":\"Tienda\",\"item\":\"https:\/\/demoweb.info\/sexshop001\/tienda\/\"},{\"@type\":\"ListItem\",\"position\":3,\"name\":\"MINI PLUG S\u00d3LIDO 9MM\"}]},{\"@type\":\"WebSite\",\"@id\":\"https:\/\/demoweb.info\/sexshop001\/#website\",\"url\":\"https:\/\/demoweb.info\/sexshop001\/\",\"name\":\"Tienda Er\u00f3tica\",\"description\":\"DEMOWEB SL\",\"potentialAction\":[{\"@type\":\"SearchAction\",\"target\":{\"@type\":\"EntryPoint\",\"urlTemplate\":\"https:\/\/demoweb.info\/sexshop001\/?s={search_term_string}\"},\"query-input\":\"required name=search_term_string\"}],\"inLanguage\":\"es\"}]}<\/script>\n<!-- \/ Yoast SEO plugin. -->","yoast_head_json":{"title":"MINI PLUG S\u00d3LIDO 9MM - Tienda Er\u00f3tica","robots":{"index":"noindex","follow":"follow","max-snippet":"max-snippet:-1","max-image-preview":"max-image-preview:large","max-video-preview":"max-video-preview:-1"},"og_locale":"es_ES","og_type":"article","og_title":"MINI PLUG S\u00d3LIDO 9MM - Tienda Er\u00f3tica","og_description":"SOLID MINI PLUG Este s\u00f3lido mini plug es perfecto para principiantes o el chico que solo quiere agregar un poco","og_url":"https:\/\/demoweb.info\/sexshop001\/producto\/mini-plug-solido-9mm\/","og_site_name":"Tienda Er\u00f3tica","article_modified_time":"2022-01-22T16:31:19+00:00","og_image":[{"width":550,"height":550,"url":"https:\/\/demoweb.info\/sexshop001\/wp-content\/uploads\/2022\/01\/MINI-PLUG-SOLIDO-9MM.jpg","type":"image\/jpeg"}],"twitter_card":"summary_large_image","twitter_misc":{"Tiempo de lectura":"1 minuto"},"schema":{"@context":"https:\/\/schema.org","@graph":[{"@type":"WebPage","@id":"https:\/\/demoweb.info\/sexshop001\/producto\/mini-plug-solido-9mm\/","url":"https:\/\/demoweb.info\/sexshop001\/producto\/mini-plug-solido-9mm\/","name":"MINI PLUG S\u00d3LIDO 9MM - Tienda Er\u00f3tica","isPartOf":{"@id":"https:\/\/demoweb.info\/sexshop001\/#website"},"datePublished":"2022-01-22T16:31:04+00:00","dateModified":"2022-01-22T16:31:19+00:00","breadcrumb":{"@id":"https:\/\/demoweb.info\/sexshop001\/producto\/mini-plug-solido-9mm\/#breadcrumb"},"inLanguage":"es","potentialAction":[{"@type":"ReadAction","target":["https:\/\/demoweb.info\/sexshop001\/producto\/mini-plug-solido-9mm\/"]}]},{"@type":"BreadcrumbList","@id":"https:\/\/demoweb.info\/sexshop001\/producto\/mini-plug-solido-9mm\/#breadcrumb","itemListElement":[{"@type":"ListItem","position":1,"name":"Portada","item":"https:\/\/demoweb.info\/sexshop001\/"},{"@type":"ListItem","position":2,"name":"Tienda","item":"https:\/\/demoweb.info\/sexshop001\/tienda\/"},{"@type":"ListItem","position":3,"name":"MINI PLUG S\u00d3LIDO 9MM"}]},{"@type":"WebSite","@id":"https:\/\/demoweb.info\/sexshop001\/#website","url":"https:\/\/demoweb.info\/sexshop001\/","name":"Tienda Er\u00f3tica","description":"DEMOWEB SL","potentialAction":[{"@type":"SearchAction","target":{"@type":"EntryPoint","urlTemplate":"https:\/\/demoweb.info\/sexshop001\/?s={search_term_string}"},"query-input":"required name=search_term_string"}],"inLanguage":"es"}]}},"_links":{"self":[{"href":"https:\/\/demoweb.info\/sexshop001\/wp-json\/wp\/v3\/product\/57857","targetHints":{"allow":["GET"]}}],"collection":[{"href":"https:\/\/demoweb.info\/sexshop001\/wp-json\/wp\/v3\/product"}],"about":[{"href":"https:\/\/demoweb.info\/sexshop001\/wp-json\/wp\/v2\/types\/product"}],"replies":[{"embeddable":true,"href":"https:\/\/demoweb.info\/sexshop001\/wp-json\/wp\/v2\/comments?post=57857"}],"wp:featuredmedia":[{"embeddable":true,"href":"https:\/\/demoweb.info\/sexshop001\/wp-json\/wp\/v2\/media\/57858"}],"wp:attachment":[{"href":"https:\/\/demoweb.info\/sexshop001\/wp-json\/wp\/v2\/media?parent=57857"}],"wp:term":[{"taxonomy":"product_cat","embeddable":true,"href":"https:\/\/demoweb.info\/sexshop001\/wp-json\/wp\/v2\/product_cat?post=57857"},{"taxonomy":"product_tag","embeddable":true,"href":"https:\/\/demoweb.info\/sexshop001\/wp-json\/wp\/v2\/product_tag?post=57857"}],"curies":[{"name":"wp","href":"https:\/\/api.w.org\/{rel}","templated":true}]}}