{"id":57812,"date":"2022-01-22T17:30:44","date_gmt":"2022-01-22T16:30:44","guid":{"rendered":"https:\/\/demoweb.info\/sexshop001\/producto\/jesse-jane-kit-de-masturbadores-realisticos\/"},"modified":"2022-01-22T17:30:48","modified_gmt":"2022-01-22T16:30:48","slug":"jesse-jane-kit-de-masturbadores-realisticos","status":"publish","type":"product","link":"https:\/\/demoweb.info\/sexshop001\/producto\/jesse-jane-kit-de-masturbadores-realisticos\/","title":{"rendered":"JESSE JANE KIT DE MASTURBADORES REAL\u00cdSTICOS"},"content":{"rendered":"<p><strong>JESSE JANE THREE-WAY STROKER SET <\/strong><\/p>\n<p>\u00bfTe resulta dif\u00edcil decidir el tipo de masturbador que prefieres? Este conjunto de strokers te permite jugar con los tres.<\/p>\n<p>Jesse Jane est\u00e1 aqu\u00ed para reclamar su trono. Esta sexy All-American es una de las estrellas porno m\u00e1s grandes de todos los tiempos, conocida por sus escenas de sexo galardonadas y sus apariciones en general.<\/p>\n<p>Cada manga de masturbaci\u00f3n en este tr\u00edo fue moldeada directamente de Jesse Jane para que puedas disfrutarla cuando quieras y como quieras.<\/p>\n<p>El material el\u00e1stico se adapta a todos los tama\u00f1os y es tan real que se siente como en la realidad.<\/p>\n<p>El dise\u00f1o abierto hace que sean f\u00e1ciles de limpiar despu\u00e9s de su uso. Instrucciones de cuidado incluidas.<\/p>\n<p>Material: TPR<\/p>\n<p>Medidas: 12,7 x 6,9 cm<\/p>\n","protected":false},"excerpt":{"rendered":"<p>JESSE JANE THREE-WAY STROKER SET \u00bfTe resulta dif\u00edcil decidir el tipo de masturbador que prefieres? Este conjunto de strokers te<\/p>\n","protected":false},"featured_media":57813,"comment_status":"open","ping_status":"open","template":"","meta":[],"product_cat":[1196],"product_tag":[473,274],"class_list":["post-57812","product","type-product","status-publish","has-post-thumbnail","hentry","product_cat-kits-masturbadores","product_tag-jesse-jane","product_tag-xr-brands"],"bundled_by":[],"bundle_stock_status":"instock","bundle_stock_quantity":2,"bundle_virtual":false,"bundle_layout":"","bundle_add_to_cart_form_location":"","bundle_editable_in_cart":false,"bundle_sold_individually_context":"","bundle_item_grouping":"","bundle_min_size":"","bundle_max_size":"","bundled_items":[],"yoast_head":"<!-- This site is optimized with the Yoast SEO plugin v20.6 - https:\/\/yoast.com\/wordpress\/plugins\/seo\/ -->\n<title>JESSE JANE KIT DE MASTURBADORES REAL\u00cdSTICOS - Tienda Er\u00f3tica<\/title>\n<meta name=\"robots\" content=\"noindex, follow, max-snippet:-1, max-image-preview:large, max-video-preview:-1\" \/>\n<meta property=\"og:locale\" content=\"es_ES\" \/>\n<meta property=\"og:type\" content=\"article\" \/>\n<meta property=\"og:title\" content=\"JESSE JANE KIT DE MASTURBADORES REAL\u00cdSTICOS - Tienda Er\u00f3tica\" \/>\n<meta property=\"og:description\" content=\"JESSE JANE THREE-WAY STROKER SET \u00bfTe resulta dif\u00edcil decidir el tipo de masturbador que prefieres? Este conjunto de strokers te\" \/>\n<meta property=\"og:url\" content=\"https:\/\/demoweb.info\/sexshop001\/producto\/jesse-jane-kit-de-masturbadores-realisticos\/\" \/>\n<meta property=\"og:site_name\" content=\"Tienda Er\u00f3tica\" \/>\n<meta property=\"article:modified_time\" content=\"2022-01-22T16:30:48+00:00\" \/>\n<meta property=\"og:image\" content=\"https:\/\/demoweb.info\/sexshop001\/wp-content\/uploads\/2022\/01\/JESSE-JANE-KIT-DE-MASTURBADORES-REALISTICOS.jpg\" \/>\n\t<meta property=\"og:image:width\" content=\"550\" \/>\n\t<meta property=\"og:image:height\" content=\"550\" \/>\n\t<meta property=\"og:image:type\" content=\"image\/jpeg\" \/>\n<meta name=\"twitter:card\" content=\"summary_large_image\" \/>\n<meta name=\"twitter:label1\" content=\"Tiempo de lectura\" \/>\n\t<meta name=\"twitter:data1\" content=\"1 minuto\" \/>\n<script type=\"application\/ld+json\" class=\"yoast-schema-graph\">{\"@context\":\"https:\/\/schema.org\",\"@graph\":[{\"@type\":\"WebPage\",\"@id\":\"https:\/\/demoweb.info\/sexshop001\/producto\/jesse-jane-kit-de-masturbadores-realisticos\/\",\"url\":\"https:\/\/demoweb.info\/sexshop001\/producto\/jesse-jane-kit-de-masturbadores-realisticos\/\",\"name\":\"JESSE JANE KIT DE MASTURBADORES REAL\u00cdSTICOS - Tienda Er\u00f3tica\",\"isPartOf\":{\"@id\":\"https:\/\/demoweb.info\/sexshop001\/#website\"},\"datePublished\":\"2022-01-22T16:30:44+00:00\",\"dateModified\":\"2022-01-22T16:30:48+00:00\",\"breadcrumb\":{\"@id\":\"https:\/\/demoweb.info\/sexshop001\/producto\/jesse-jane-kit-de-masturbadores-realisticos\/#breadcrumb\"},\"inLanguage\":\"es\",\"potentialAction\":[{\"@type\":\"ReadAction\",\"target\":[\"https:\/\/demoweb.info\/sexshop001\/producto\/jesse-jane-kit-de-masturbadores-realisticos\/\"]}]},{\"@type\":\"BreadcrumbList\",\"@id\":\"https:\/\/demoweb.info\/sexshop001\/producto\/jesse-jane-kit-de-masturbadores-realisticos\/#breadcrumb\",\"itemListElement\":[{\"@type\":\"ListItem\",\"position\":1,\"name\":\"Portada\",\"item\":\"https:\/\/demoweb.info\/sexshop001\/\"},{\"@type\":\"ListItem\",\"position\":2,\"name\":\"Tienda\",\"item\":\"https:\/\/demoweb.info\/sexshop001\/tienda\/\"},{\"@type\":\"ListItem\",\"position\":3,\"name\":\"JESSE JANE KIT DE MASTURBADORES REAL\u00cdSTICOS\"}]},{\"@type\":\"WebSite\",\"@id\":\"https:\/\/demoweb.info\/sexshop001\/#website\",\"url\":\"https:\/\/demoweb.info\/sexshop001\/\",\"name\":\"Tienda Er\u00f3tica\",\"description\":\"DEMOWEB SL\",\"potentialAction\":[{\"@type\":\"SearchAction\",\"target\":{\"@type\":\"EntryPoint\",\"urlTemplate\":\"https:\/\/demoweb.info\/sexshop001\/?s={search_term_string}\"},\"query-input\":\"required name=search_term_string\"}],\"inLanguage\":\"es\"}]}<\/script>\n<!-- \/ Yoast SEO plugin. -->","yoast_head_json":{"title":"JESSE JANE KIT DE MASTURBADORES REAL\u00cdSTICOS - Tienda Er\u00f3tica","robots":{"index":"noindex","follow":"follow","max-snippet":"max-snippet:-1","max-image-preview":"max-image-preview:large","max-video-preview":"max-video-preview:-1"},"og_locale":"es_ES","og_type":"article","og_title":"JESSE JANE KIT DE MASTURBADORES REAL\u00cdSTICOS - Tienda Er\u00f3tica","og_description":"JESSE JANE THREE-WAY STROKER SET \u00bfTe resulta dif\u00edcil decidir el tipo de masturbador que prefieres? Este conjunto de strokers te","og_url":"https:\/\/demoweb.info\/sexshop001\/producto\/jesse-jane-kit-de-masturbadores-realisticos\/","og_site_name":"Tienda Er\u00f3tica","article_modified_time":"2022-01-22T16:30:48+00:00","og_image":[{"width":550,"height":550,"url":"https:\/\/demoweb.info\/sexshop001\/wp-content\/uploads\/2022\/01\/JESSE-JANE-KIT-DE-MASTURBADORES-REALISTICOS.jpg","type":"image\/jpeg"}],"twitter_card":"summary_large_image","twitter_misc":{"Tiempo de lectura":"1 minuto"},"schema":{"@context":"https:\/\/schema.org","@graph":[{"@type":"WebPage","@id":"https:\/\/demoweb.info\/sexshop001\/producto\/jesse-jane-kit-de-masturbadores-realisticos\/","url":"https:\/\/demoweb.info\/sexshop001\/producto\/jesse-jane-kit-de-masturbadores-realisticos\/","name":"JESSE JANE KIT DE MASTURBADORES REAL\u00cdSTICOS - Tienda Er\u00f3tica","isPartOf":{"@id":"https:\/\/demoweb.info\/sexshop001\/#website"},"datePublished":"2022-01-22T16:30:44+00:00","dateModified":"2022-01-22T16:30:48+00:00","breadcrumb":{"@id":"https:\/\/demoweb.info\/sexshop001\/producto\/jesse-jane-kit-de-masturbadores-realisticos\/#breadcrumb"},"inLanguage":"es","potentialAction":[{"@type":"ReadAction","target":["https:\/\/demoweb.info\/sexshop001\/producto\/jesse-jane-kit-de-masturbadores-realisticos\/"]}]},{"@type":"BreadcrumbList","@id":"https:\/\/demoweb.info\/sexshop001\/producto\/jesse-jane-kit-de-masturbadores-realisticos\/#breadcrumb","itemListElement":[{"@type":"ListItem","position":1,"name":"Portada","item":"https:\/\/demoweb.info\/sexshop001\/"},{"@type":"ListItem","position":2,"name":"Tienda","item":"https:\/\/demoweb.info\/sexshop001\/tienda\/"},{"@type":"ListItem","position":3,"name":"JESSE JANE KIT DE MASTURBADORES REAL\u00cdSTICOS"}]},{"@type":"WebSite","@id":"https:\/\/demoweb.info\/sexshop001\/#website","url":"https:\/\/demoweb.info\/sexshop001\/","name":"Tienda Er\u00f3tica","description":"DEMOWEB SL","potentialAction":[{"@type":"SearchAction","target":{"@type":"EntryPoint","urlTemplate":"https:\/\/demoweb.info\/sexshop001\/?s={search_term_string}"},"query-input":"required name=search_term_string"}],"inLanguage":"es"}]}},"_links":{"self":[{"href":"https:\/\/demoweb.info\/sexshop001\/wp-json\/wp\/v3\/product\/57812","targetHints":{"allow":["GET"]}}],"collection":[{"href":"https:\/\/demoweb.info\/sexshop001\/wp-json\/wp\/v3\/product"}],"about":[{"href":"https:\/\/demoweb.info\/sexshop001\/wp-json\/wp\/v2\/types\/product"}],"replies":[{"embeddable":true,"href":"https:\/\/demoweb.info\/sexshop001\/wp-json\/wp\/v2\/comments?post=57812"}],"wp:featuredmedia":[{"embeddable":true,"href":"https:\/\/demoweb.info\/sexshop001\/wp-json\/wp\/v2\/media\/57813"}],"wp:attachment":[{"href":"https:\/\/demoweb.info\/sexshop001\/wp-json\/wp\/v2\/media?parent=57812"}],"wp:term":[{"taxonomy":"product_cat","embeddable":true,"href":"https:\/\/demoweb.info\/sexshop001\/wp-json\/wp\/v2\/product_cat?post=57812"},{"taxonomy":"product_tag","embeddable":true,"href":"https:\/\/demoweb.info\/sexshop001\/wp-json\/wp\/v2\/product_tag?post=57812"}],"curies":[{"name":"wp","href":"https:\/\/api.w.org\/{rel}","templated":true}]}}