{"id":57803,"date":"2022-01-22T17:30:21","date_gmt":"2022-01-22T16:30:21","guid":{"rendered":"https:\/\/demoweb.info\/sexshop001\/producto\/e-stim-dilatador-anal-para-electroestimulacion\/"},"modified":"2022-01-22T17:30:40","modified_gmt":"2022-01-22T16:30:40","slug":"e-stim-dilatador-anal-para-electroestimulacion","status":"publish","type":"product","link":"https:\/\/demoweb.info\/sexshop001\/producto\/e-stim-dilatador-anal-para-electroestimulacion\/","title":{"rendered":"E-STIM DILATADOR ANAL PARA ELECTROESTIMULACI\u00d3N"},"content":{"rendered":"<p><strong>ELECTRO ANCHOR MINI E-STIM EXPANDING PLUG<\/strong><\/p>\n<p>Este enchufe electrizante te permite experimentar Estim y el estiramiento anal al mismo tiempo.<\/p>\n<p>\u00a1Agrega un choque de placer a tu experiencia de expansi\u00f3n!<\/p>\n<p>Combina las cosquillas y las sacudidas del electrosex con una inserci\u00f3n suave y manejable que brota en una invasi\u00f3n anal amplia. Este exclusivo tap\u00f3n anal se pellizca para que te sientas c\u00f3modo mientras lo presionas, pero se abre una vez que pasa el esf\u00ednter, presionando las paredes anales.<\/p>\n<p>Hecho de silicona premium, este juguete no es poroso y no contiene ftalatos. Desconecta los cables para limpiar con jab\u00f3n suave y agua tibia y evite usar lubricantes de silicona.<\/p>\n<p>Medidas: 8,9 x 7,6 cm<\/p>\n<p>*M\u00c1QUINA ELECTROSEX NO INCLUIDA.<\/p>\n","protected":false},"excerpt":{"rendered":"<p>ELECTRO ANCHOR MINI E-STIM EXPANDING PLUG Este enchufe electrizante te permite experimentar Estim y el estiramiento anal al mismo tiempo.<\/p>\n","protected":false},"featured_media":57804,"comment_status":"open","ping_status":"open","template":"","meta":[],"product_cat":[492],"product_tag":[274,493],"class_list":["post-57803","product","type-product","status-publish","has-post-thumbnail","hentry","product_cat-electroestimulacion","product_tag-xr-brands","product_tag-zeus-electrosex"],"bundled_by":[],"bundle_stock_status":"instock","bundle_stock_quantity":2,"bundle_virtual":false,"bundle_layout":"","bundle_add_to_cart_form_location":"","bundle_editable_in_cart":false,"bundle_sold_individually_context":"","bundle_item_grouping":"","bundle_min_size":"","bundle_max_size":"","bundled_items":[],"yoast_head":"<!-- This site is optimized with the Yoast SEO plugin v20.6 - https:\/\/yoast.com\/wordpress\/plugins\/seo\/ -->\n<title>E-STIM DILATADOR ANAL PARA ELECTROESTIMULACI\u00d3N - Tienda Er\u00f3tica<\/title>\n<meta name=\"robots\" content=\"noindex, follow, max-snippet:-1, max-image-preview:large, max-video-preview:-1\" \/>\n<meta property=\"og:locale\" content=\"es_ES\" \/>\n<meta property=\"og:type\" content=\"article\" \/>\n<meta property=\"og:title\" content=\"E-STIM DILATADOR ANAL PARA ELECTROESTIMULACI\u00d3N - Tienda Er\u00f3tica\" \/>\n<meta property=\"og:description\" content=\"ELECTRO ANCHOR MINI E-STIM EXPANDING PLUG Este enchufe electrizante te permite experimentar Estim y el estiramiento anal al mismo tiempo.\" \/>\n<meta property=\"og:url\" content=\"https:\/\/demoweb.info\/sexshop001\/producto\/e-stim-dilatador-anal-para-electroestimulacion\/\" \/>\n<meta property=\"og:site_name\" content=\"Tienda Er\u00f3tica\" \/>\n<meta property=\"article:modified_time\" content=\"2022-01-22T16:30:40+00:00\" \/>\n<meta property=\"og:image\" content=\"https:\/\/demoweb.info\/sexshop001\/wp-content\/uploads\/2022\/01\/E-STIM-DILATADOR-ANAL-PARA-ELECTROESTIMULACION.jpg\" \/>\n\t<meta property=\"og:image:width\" content=\"550\" \/>\n\t<meta property=\"og:image:height\" content=\"550\" \/>\n\t<meta property=\"og:image:type\" content=\"image\/jpeg\" \/>\n<meta name=\"twitter:card\" content=\"summary_large_image\" \/>\n<meta name=\"twitter:label1\" content=\"Tiempo de lectura\" \/>\n\t<meta name=\"twitter:data1\" content=\"1 minuto\" \/>\n<script type=\"application\/ld+json\" class=\"yoast-schema-graph\">{\"@context\":\"https:\/\/schema.org\",\"@graph\":[{\"@type\":\"WebPage\",\"@id\":\"https:\/\/demoweb.info\/sexshop001\/producto\/e-stim-dilatador-anal-para-electroestimulacion\/\",\"url\":\"https:\/\/demoweb.info\/sexshop001\/producto\/e-stim-dilatador-anal-para-electroestimulacion\/\",\"name\":\"E-STIM DILATADOR ANAL PARA ELECTROESTIMULACI\u00d3N - Tienda Er\u00f3tica\",\"isPartOf\":{\"@id\":\"https:\/\/demoweb.info\/sexshop001\/#website\"},\"datePublished\":\"2022-01-22T16:30:21+00:00\",\"dateModified\":\"2022-01-22T16:30:40+00:00\",\"breadcrumb\":{\"@id\":\"https:\/\/demoweb.info\/sexshop001\/producto\/e-stim-dilatador-anal-para-electroestimulacion\/#breadcrumb\"},\"inLanguage\":\"es\",\"potentialAction\":[{\"@type\":\"ReadAction\",\"target\":[\"https:\/\/demoweb.info\/sexshop001\/producto\/e-stim-dilatador-anal-para-electroestimulacion\/\"]}]},{\"@type\":\"BreadcrumbList\",\"@id\":\"https:\/\/demoweb.info\/sexshop001\/producto\/e-stim-dilatador-anal-para-electroestimulacion\/#breadcrumb\",\"itemListElement\":[{\"@type\":\"ListItem\",\"position\":1,\"name\":\"Portada\",\"item\":\"https:\/\/demoweb.info\/sexshop001\/\"},{\"@type\":\"ListItem\",\"position\":2,\"name\":\"Tienda\",\"item\":\"https:\/\/demoweb.info\/sexshop001\/tienda\/\"},{\"@type\":\"ListItem\",\"position\":3,\"name\":\"E-STIM DILATADOR ANAL PARA ELECTROESTIMULACI\u00d3N\"}]},{\"@type\":\"WebSite\",\"@id\":\"https:\/\/demoweb.info\/sexshop001\/#website\",\"url\":\"https:\/\/demoweb.info\/sexshop001\/\",\"name\":\"Tienda Er\u00f3tica\",\"description\":\"DEMOWEB SL\",\"potentialAction\":[{\"@type\":\"SearchAction\",\"target\":{\"@type\":\"EntryPoint\",\"urlTemplate\":\"https:\/\/demoweb.info\/sexshop001\/?s={search_term_string}\"},\"query-input\":\"required name=search_term_string\"}],\"inLanguage\":\"es\"}]}<\/script>\n<!-- \/ Yoast SEO plugin. -->","yoast_head_json":{"title":"E-STIM DILATADOR ANAL PARA ELECTROESTIMULACI\u00d3N - Tienda Er\u00f3tica","robots":{"index":"noindex","follow":"follow","max-snippet":"max-snippet:-1","max-image-preview":"max-image-preview:large","max-video-preview":"max-video-preview:-1"},"og_locale":"es_ES","og_type":"article","og_title":"E-STIM DILATADOR ANAL PARA ELECTROESTIMULACI\u00d3N - Tienda Er\u00f3tica","og_description":"ELECTRO ANCHOR MINI E-STIM EXPANDING PLUG Este enchufe electrizante te permite experimentar Estim y el estiramiento anal al mismo tiempo.","og_url":"https:\/\/demoweb.info\/sexshop001\/producto\/e-stim-dilatador-anal-para-electroestimulacion\/","og_site_name":"Tienda Er\u00f3tica","article_modified_time":"2022-01-22T16:30:40+00:00","og_image":[{"width":550,"height":550,"url":"https:\/\/demoweb.info\/sexshop001\/wp-content\/uploads\/2022\/01\/E-STIM-DILATADOR-ANAL-PARA-ELECTROESTIMULACION.jpg","type":"image\/jpeg"}],"twitter_card":"summary_large_image","twitter_misc":{"Tiempo de lectura":"1 minuto"},"schema":{"@context":"https:\/\/schema.org","@graph":[{"@type":"WebPage","@id":"https:\/\/demoweb.info\/sexshop001\/producto\/e-stim-dilatador-anal-para-electroestimulacion\/","url":"https:\/\/demoweb.info\/sexshop001\/producto\/e-stim-dilatador-anal-para-electroestimulacion\/","name":"E-STIM DILATADOR ANAL PARA ELECTROESTIMULACI\u00d3N - Tienda Er\u00f3tica","isPartOf":{"@id":"https:\/\/demoweb.info\/sexshop001\/#website"},"datePublished":"2022-01-22T16:30:21+00:00","dateModified":"2022-01-22T16:30:40+00:00","breadcrumb":{"@id":"https:\/\/demoweb.info\/sexshop001\/producto\/e-stim-dilatador-anal-para-electroestimulacion\/#breadcrumb"},"inLanguage":"es","potentialAction":[{"@type":"ReadAction","target":["https:\/\/demoweb.info\/sexshop001\/producto\/e-stim-dilatador-anal-para-electroestimulacion\/"]}]},{"@type":"BreadcrumbList","@id":"https:\/\/demoweb.info\/sexshop001\/producto\/e-stim-dilatador-anal-para-electroestimulacion\/#breadcrumb","itemListElement":[{"@type":"ListItem","position":1,"name":"Portada","item":"https:\/\/demoweb.info\/sexshop001\/"},{"@type":"ListItem","position":2,"name":"Tienda","item":"https:\/\/demoweb.info\/sexshop001\/tienda\/"},{"@type":"ListItem","position":3,"name":"E-STIM DILATADOR ANAL PARA ELECTROESTIMULACI\u00d3N"}]},{"@type":"WebSite","@id":"https:\/\/demoweb.info\/sexshop001\/#website","url":"https:\/\/demoweb.info\/sexshop001\/","name":"Tienda Er\u00f3tica","description":"DEMOWEB SL","potentialAction":[{"@type":"SearchAction","target":{"@type":"EntryPoint","urlTemplate":"https:\/\/demoweb.info\/sexshop001\/?s={search_term_string}"},"query-input":"required name=search_term_string"}],"inLanguage":"es"}]}},"_links":{"self":[{"href":"https:\/\/demoweb.info\/sexshop001\/wp-json\/wp\/v3\/product\/57803","targetHints":{"allow":["GET"]}}],"collection":[{"href":"https:\/\/demoweb.info\/sexshop001\/wp-json\/wp\/v3\/product"}],"about":[{"href":"https:\/\/demoweb.info\/sexshop001\/wp-json\/wp\/v2\/types\/product"}],"replies":[{"embeddable":true,"href":"https:\/\/demoweb.info\/sexshop001\/wp-json\/wp\/v2\/comments?post=57803"}],"wp:featuredmedia":[{"embeddable":true,"href":"https:\/\/demoweb.info\/sexshop001\/wp-json\/wp\/v2\/media\/57804"}],"wp:attachment":[{"href":"https:\/\/demoweb.info\/sexshop001\/wp-json\/wp\/v2\/media?parent=57803"}],"wp:term":[{"taxonomy":"product_cat","embeddable":true,"href":"https:\/\/demoweb.info\/sexshop001\/wp-json\/wp\/v2\/product_cat?post=57803"},{"taxonomy":"product_tag","embeddable":true,"href":"https:\/\/demoweb.info\/sexshop001\/wp-json\/wp\/v2\/product_tag?post=57803"}],"curies":[{"name":"wp","href":"https:\/\/api.w.org\/{rel}","templated":true}]}}