{"id":57794,"date":"2022-01-22T17:30:21","date_gmt":"2022-01-22T16:30:21","guid":{"rendered":"https:\/\/demoweb.info\/sexshop001\/producto\/sprouted-dilatador-anal-10-velocidades-negro\/"},"modified":"2022-01-22T17:30:34","modified_gmt":"2022-01-22T16:30:34","slug":"sprouted-dilatador-anal-10-velocidades-negro","status":"publish","type":"product","link":"https:\/\/demoweb.info\/sexshop001\/producto\/sprouted-dilatador-anal-10-velocidades-negro\/","title":{"rendered":"SPROUTED DILATADOR ANAL 10 VELOCIDADES &#8211; NEGRO"},"content":{"rendered":"<p><strong>SPROUTED 10X SILICONE VIBRATING ANCHOR ANAL PLUG <\/strong><\/p>\n<p>Una inserci\u00f3n suave y manejable que brota en una invasi\u00f3n anal amplia. Este exclusivo tap\u00f3n anal se pellizca para que te sientas c\u00f3modo mientras lo presionas, pero se abre una vez que pasa el esf\u00ednter, presionando las paredes anales.<\/p>\n<p>Lo mejor de todo es que este dispositivo recargable tiene una poderosa bala vibradora incrustada, lo que hace que vibre con 3 velocidades intensas y 7 patrones emocionantes.<\/p>\n<p>La base de forma ergon\u00f3mica es ideal para el uso prolongado, que se ajusta c\u00f3modamente entre las mejillas.<\/p>\n<p>Hecho de silicona premium, este juguete no es poroso y no contiene ftalatos. Limpiar con un jab\u00f3n suave y agua tibia y evite usar lubricantes de silicona.<\/p>\n<p>Medidas: 10,2 x 7 cm<\/p>\n","protected":false},"excerpt":{"rendered":"<p>SPROUTED 10X SILICONE VIBRATING ANCHOR ANAL PLUG Una inserci\u00f3n suave y manejable que brota en una invasi\u00f3n anal amplia. Este<\/p>\n","protected":false},"featured_media":57795,"comment_status":"open","ping_status":"open","template":"","meta":[],"product_cat":[853],"product_tag":[463,274],"class_list":["post-57794","product","type-product","status-publish","has-post-thumbnail","hentry","product_cat-dilatadores","product_tag-master-series","product_tag-xr-brands"],"bundled_by":[],"bundle_stock_status":"outofstock","bundle_stock_quantity":0,"bundle_virtual":false,"bundle_layout":"","bundle_add_to_cart_form_location":"","bundle_editable_in_cart":false,"bundle_sold_individually_context":"","bundle_item_grouping":"","bundle_min_size":"","bundle_max_size":"","bundled_items":[],"yoast_head":"<!-- This site is optimized with the Yoast SEO plugin v20.6 - https:\/\/yoast.com\/wordpress\/plugins\/seo\/ -->\n<title>SPROUTED DILATADOR ANAL 10 VELOCIDADES - NEGRO - Tienda Er\u00f3tica<\/title>\n<meta name=\"robots\" content=\"noindex, follow, max-snippet:-1, max-image-preview:large, max-video-preview:-1\" \/>\n<meta property=\"og:locale\" content=\"es_ES\" \/>\n<meta property=\"og:type\" content=\"article\" \/>\n<meta property=\"og:title\" content=\"SPROUTED DILATADOR ANAL 10 VELOCIDADES - NEGRO - Tienda Er\u00f3tica\" \/>\n<meta property=\"og:description\" content=\"SPROUTED 10X SILICONE VIBRATING ANCHOR ANAL PLUG Una inserci\u00f3n suave y manejable que brota en una invasi\u00f3n anal amplia. Este\" \/>\n<meta property=\"og:url\" content=\"https:\/\/demoweb.info\/sexshop001\/producto\/sprouted-dilatador-anal-10-velocidades-negro\/\" \/>\n<meta property=\"og:site_name\" content=\"Tienda Er\u00f3tica\" \/>\n<meta property=\"article:modified_time\" content=\"2022-01-22T16:30:34+00:00\" \/>\n<meta property=\"og:image\" content=\"https:\/\/demoweb.info\/sexshop001\/wp-content\/uploads\/2022\/01\/SPROUTED-DILATADOR-ANAL-10-VELOCIDADES-NEGRO.jpg\" \/>\n\t<meta property=\"og:image:width\" content=\"550\" \/>\n\t<meta property=\"og:image:height\" content=\"550\" \/>\n\t<meta property=\"og:image:type\" content=\"image\/jpeg\" \/>\n<meta name=\"twitter:card\" content=\"summary_large_image\" \/>\n<meta name=\"twitter:label1\" content=\"Tiempo de lectura\" \/>\n\t<meta name=\"twitter:data1\" content=\"1 minuto\" \/>\n<script type=\"application\/ld+json\" class=\"yoast-schema-graph\">{\"@context\":\"https:\/\/schema.org\",\"@graph\":[{\"@type\":\"WebPage\",\"@id\":\"https:\/\/demoweb.info\/sexshop001\/producto\/sprouted-dilatador-anal-10-velocidades-negro\/\",\"url\":\"https:\/\/demoweb.info\/sexshop001\/producto\/sprouted-dilatador-anal-10-velocidades-negro\/\",\"name\":\"SPROUTED DILATADOR ANAL 10 VELOCIDADES - NEGRO - Tienda Er\u00f3tica\",\"isPartOf\":{\"@id\":\"https:\/\/demoweb.info\/sexshop001\/#website\"},\"datePublished\":\"2022-01-22T16:30:21+00:00\",\"dateModified\":\"2022-01-22T16:30:34+00:00\",\"breadcrumb\":{\"@id\":\"https:\/\/demoweb.info\/sexshop001\/producto\/sprouted-dilatador-anal-10-velocidades-negro\/#breadcrumb\"},\"inLanguage\":\"es\",\"potentialAction\":[{\"@type\":\"ReadAction\",\"target\":[\"https:\/\/demoweb.info\/sexshop001\/producto\/sprouted-dilatador-anal-10-velocidades-negro\/\"]}]},{\"@type\":\"BreadcrumbList\",\"@id\":\"https:\/\/demoweb.info\/sexshop001\/producto\/sprouted-dilatador-anal-10-velocidades-negro\/#breadcrumb\",\"itemListElement\":[{\"@type\":\"ListItem\",\"position\":1,\"name\":\"Portada\",\"item\":\"https:\/\/demoweb.info\/sexshop001\/\"},{\"@type\":\"ListItem\",\"position\":2,\"name\":\"Tienda\",\"item\":\"https:\/\/demoweb.info\/sexshop001\/tienda\/\"},{\"@type\":\"ListItem\",\"position\":3,\"name\":\"SPROUTED DILATADOR ANAL 10 VELOCIDADES &#8211; NEGRO\"}]},{\"@type\":\"WebSite\",\"@id\":\"https:\/\/demoweb.info\/sexshop001\/#website\",\"url\":\"https:\/\/demoweb.info\/sexshop001\/\",\"name\":\"Tienda Er\u00f3tica\",\"description\":\"DEMOWEB SL\",\"potentialAction\":[{\"@type\":\"SearchAction\",\"target\":{\"@type\":\"EntryPoint\",\"urlTemplate\":\"https:\/\/demoweb.info\/sexshop001\/?s={search_term_string}\"},\"query-input\":\"required name=search_term_string\"}],\"inLanguage\":\"es\"}]}<\/script>\n<!-- \/ Yoast SEO plugin. -->","yoast_head_json":{"title":"SPROUTED DILATADOR ANAL 10 VELOCIDADES - NEGRO - Tienda Er\u00f3tica","robots":{"index":"noindex","follow":"follow","max-snippet":"max-snippet:-1","max-image-preview":"max-image-preview:large","max-video-preview":"max-video-preview:-1"},"og_locale":"es_ES","og_type":"article","og_title":"SPROUTED DILATADOR ANAL 10 VELOCIDADES - NEGRO - Tienda Er\u00f3tica","og_description":"SPROUTED 10X SILICONE VIBRATING ANCHOR ANAL PLUG Una inserci\u00f3n suave y manejable que brota en una invasi\u00f3n anal amplia. Este","og_url":"https:\/\/demoweb.info\/sexshop001\/producto\/sprouted-dilatador-anal-10-velocidades-negro\/","og_site_name":"Tienda Er\u00f3tica","article_modified_time":"2022-01-22T16:30:34+00:00","og_image":[{"width":550,"height":550,"url":"https:\/\/demoweb.info\/sexshop001\/wp-content\/uploads\/2022\/01\/SPROUTED-DILATADOR-ANAL-10-VELOCIDADES-NEGRO.jpg","type":"image\/jpeg"}],"twitter_card":"summary_large_image","twitter_misc":{"Tiempo de lectura":"1 minuto"},"schema":{"@context":"https:\/\/schema.org","@graph":[{"@type":"WebPage","@id":"https:\/\/demoweb.info\/sexshop001\/producto\/sprouted-dilatador-anal-10-velocidades-negro\/","url":"https:\/\/demoweb.info\/sexshop001\/producto\/sprouted-dilatador-anal-10-velocidades-negro\/","name":"SPROUTED DILATADOR ANAL 10 VELOCIDADES - NEGRO - Tienda Er\u00f3tica","isPartOf":{"@id":"https:\/\/demoweb.info\/sexshop001\/#website"},"datePublished":"2022-01-22T16:30:21+00:00","dateModified":"2022-01-22T16:30:34+00:00","breadcrumb":{"@id":"https:\/\/demoweb.info\/sexshop001\/producto\/sprouted-dilatador-anal-10-velocidades-negro\/#breadcrumb"},"inLanguage":"es","potentialAction":[{"@type":"ReadAction","target":["https:\/\/demoweb.info\/sexshop001\/producto\/sprouted-dilatador-anal-10-velocidades-negro\/"]}]},{"@type":"BreadcrumbList","@id":"https:\/\/demoweb.info\/sexshop001\/producto\/sprouted-dilatador-anal-10-velocidades-negro\/#breadcrumb","itemListElement":[{"@type":"ListItem","position":1,"name":"Portada","item":"https:\/\/demoweb.info\/sexshop001\/"},{"@type":"ListItem","position":2,"name":"Tienda","item":"https:\/\/demoweb.info\/sexshop001\/tienda\/"},{"@type":"ListItem","position":3,"name":"SPROUTED DILATADOR ANAL 10 VELOCIDADES &#8211; NEGRO"}]},{"@type":"WebSite","@id":"https:\/\/demoweb.info\/sexshop001\/#website","url":"https:\/\/demoweb.info\/sexshop001\/","name":"Tienda Er\u00f3tica","description":"DEMOWEB SL","potentialAction":[{"@type":"SearchAction","target":{"@type":"EntryPoint","urlTemplate":"https:\/\/demoweb.info\/sexshop001\/?s={search_term_string}"},"query-input":"required name=search_term_string"}],"inLanguage":"es"}]}},"_links":{"self":[{"href":"https:\/\/demoweb.info\/sexshop001\/wp-json\/wp\/v3\/product\/57794","targetHints":{"allow":["GET"]}}],"collection":[{"href":"https:\/\/demoweb.info\/sexshop001\/wp-json\/wp\/v3\/product"}],"about":[{"href":"https:\/\/demoweb.info\/sexshop001\/wp-json\/wp\/v2\/types\/product"}],"replies":[{"embeddable":true,"href":"https:\/\/demoweb.info\/sexshop001\/wp-json\/wp\/v2\/comments?post=57794"}],"wp:featuredmedia":[{"embeddable":true,"href":"https:\/\/demoweb.info\/sexshop001\/wp-json\/wp\/v2\/media\/57795"}],"wp:attachment":[{"href":"https:\/\/demoweb.info\/sexshop001\/wp-json\/wp\/v2\/media?parent=57794"}],"wp:term":[{"taxonomy":"product_cat","embeddable":true,"href":"https:\/\/demoweb.info\/sexshop001\/wp-json\/wp\/v2\/product_cat?post=57794"},{"taxonomy":"product_tag","embeddable":true,"href":"https:\/\/demoweb.info\/sexshop001\/wp-json\/wp\/v2\/product_tag?post=57794"}],"curies":[{"name":"wp","href":"https:\/\/api.w.org\/{rel}","templated":true}]}}