{"id":57791,"date":"2022-01-22T17:30:21","date_gmt":"2022-01-22T16:30:21","guid":{"rendered":"https:\/\/demoweb.info\/sexshop001\/producto\/thunder-masturbador-2-en-1-negro\/"},"modified":"2022-01-22T17:30:32","modified_gmt":"2022-01-22T16:30:32","slug":"thunder-masturbador-2-en-1-negro","status":"publish","type":"product","link":"https:\/\/demoweb.info\/sexshop001\/producto\/thunder-masturbador-2-en-1-negro\/","title":{"rendered":"THUNDER MASTURBADOR 2 EN 1 &#8211; NEGRO"},"content":{"rendered":"<p><strong>THUNDER STROKE 2 IN 1 WAND ATTACHMENT<\/strong><\/p>\n<p>\u00bfCu\u00e1nto tiempo puedes soportar este accesorio que convierte una varita de masaje en dos juguetes sexuales masculinos tentadores?<\/p>\n<p>Perfecto para la negaci\u00f3n del orgasmo o el orgasmo forzado por tu cuenta o con un compa\u00f1ero, este accesorio se desliza f\u00e1cilmente sobre la cabeza de un vibrador de varita de tama\u00f1o est\u00e1ndar, brindando dos trazos texturizados con una misma potencia incre\u00edble que tu masajeador.<\/p>\n<p>Un stroker presenta una copa cerrada para apuntar a la cabeza del pene por placer, forrado con suaves zarcillos para hacer cosquillas y bromear. El otro stroker es abierto para el placer de todo el eje, forrado con protuberancias estimulantes para un masaje insoportablemente intenso con cada empuje.<\/p>\n<p>Aguanta el \u00e9xtasis de vibraci\u00f3n extrema todo el tiempo que puedas antes de explotar.<\/p>\n<p>Hecho de material  TPE libre de ftalatos, esta herramienta de placer puede usarse con lubricantes a base de silicona y de agua.<\/p>\n<p>Medidas: 8,9 x 3,8 cm<\/p>\n","protected":false},"excerpt":{"rendered":"<p>THUNDER STROKE 2 IN 1 WAND ATTACHMENT \u00bfCu\u00e1nto tiempo puedes soportar este accesorio que convierte una varita de masaje en<\/p>\n","protected":false},"featured_media":57792,"comment_status":"open","ping_status":"open","template":"","meta":[],"product_cat":[1196],"product_tag":[463,274],"class_list":["post-57791","product","type-product","status-publish","has-post-thumbnail","hentry","product_cat-kits-masturbadores","product_tag-master-series","product_tag-xr-brands"],"bundled_by":[],"bundle_stock_status":"instock","bundle_stock_quantity":1,"bundle_virtual":false,"bundle_layout":"","bundle_add_to_cart_form_location":"","bundle_editable_in_cart":false,"bundle_sold_individually_context":"","bundle_item_grouping":"","bundle_min_size":"","bundle_max_size":"","bundled_items":[],"yoast_head":"<!-- This site is optimized with the Yoast SEO plugin v20.6 - https:\/\/yoast.com\/wordpress\/plugins\/seo\/ -->\n<title>THUNDER MASTURBADOR 2 EN 1 - NEGRO - Tienda Er\u00f3tica<\/title>\n<meta name=\"robots\" content=\"noindex, follow, max-snippet:-1, max-image-preview:large, max-video-preview:-1\" \/>\n<meta property=\"og:locale\" content=\"es_ES\" \/>\n<meta property=\"og:type\" content=\"article\" \/>\n<meta property=\"og:title\" content=\"THUNDER MASTURBADOR 2 EN 1 - NEGRO - Tienda Er\u00f3tica\" \/>\n<meta property=\"og:description\" content=\"THUNDER STROKE 2 IN 1 WAND ATTACHMENT \u00bfCu\u00e1nto tiempo puedes soportar este accesorio que convierte una varita de masaje en\" \/>\n<meta property=\"og:url\" content=\"https:\/\/demoweb.info\/sexshop001\/producto\/thunder-masturbador-2-en-1-negro\/\" \/>\n<meta property=\"og:site_name\" content=\"Tienda Er\u00f3tica\" \/>\n<meta property=\"article:modified_time\" content=\"2022-01-22T16:30:32+00:00\" \/>\n<meta property=\"og:image\" content=\"https:\/\/demoweb.info\/sexshop001\/wp-content\/uploads\/2022\/01\/THUNDER-MASTURBADOR-2-EN-1-NEGRO.jpg\" \/>\n\t<meta property=\"og:image:width\" content=\"550\" \/>\n\t<meta property=\"og:image:height\" content=\"550\" \/>\n\t<meta property=\"og:image:type\" content=\"image\/jpeg\" \/>\n<meta name=\"twitter:card\" content=\"summary_large_image\" \/>\n<meta name=\"twitter:label1\" content=\"Tiempo de lectura\" \/>\n\t<meta name=\"twitter:data1\" content=\"1 minuto\" \/>\n<script type=\"application\/ld+json\" class=\"yoast-schema-graph\">{\"@context\":\"https:\/\/schema.org\",\"@graph\":[{\"@type\":\"WebPage\",\"@id\":\"https:\/\/demoweb.info\/sexshop001\/producto\/thunder-masturbador-2-en-1-negro\/\",\"url\":\"https:\/\/demoweb.info\/sexshop001\/producto\/thunder-masturbador-2-en-1-negro\/\",\"name\":\"THUNDER MASTURBADOR 2 EN 1 - NEGRO - Tienda Er\u00f3tica\",\"isPartOf\":{\"@id\":\"https:\/\/demoweb.info\/sexshop001\/#website\"},\"datePublished\":\"2022-01-22T16:30:21+00:00\",\"dateModified\":\"2022-01-22T16:30:32+00:00\",\"breadcrumb\":{\"@id\":\"https:\/\/demoweb.info\/sexshop001\/producto\/thunder-masturbador-2-en-1-negro\/#breadcrumb\"},\"inLanguage\":\"es\",\"potentialAction\":[{\"@type\":\"ReadAction\",\"target\":[\"https:\/\/demoweb.info\/sexshop001\/producto\/thunder-masturbador-2-en-1-negro\/\"]}]},{\"@type\":\"BreadcrumbList\",\"@id\":\"https:\/\/demoweb.info\/sexshop001\/producto\/thunder-masturbador-2-en-1-negro\/#breadcrumb\",\"itemListElement\":[{\"@type\":\"ListItem\",\"position\":1,\"name\":\"Portada\",\"item\":\"https:\/\/demoweb.info\/sexshop001\/\"},{\"@type\":\"ListItem\",\"position\":2,\"name\":\"Tienda\",\"item\":\"https:\/\/demoweb.info\/sexshop001\/tienda\/\"},{\"@type\":\"ListItem\",\"position\":3,\"name\":\"THUNDER MASTURBADOR 2 EN 1 &#8211; NEGRO\"}]},{\"@type\":\"WebSite\",\"@id\":\"https:\/\/demoweb.info\/sexshop001\/#website\",\"url\":\"https:\/\/demoweb.info\/sexshop001\/\",\"name\":\"Tienda Er\u00f3tica\",\"description\":\"DEMOWEB SL\",\"potentialAction\":[{\"@type\":\"SearchAction\",\"target\":{\"@type\":\"EntryPoint\",\"urlTemplate\":\"https:\/\/demoweb.info\/sexshop001\/?s={search_term_string}\"},\"query-input\":\"required name=search_term_string\"}],\"inLanguage\":\"es\"}]}<\/script>\n<!-- \/ Yoast SEO plugin. -->","yoast_head_json":{"title":"THUNDER MASTURBADOR 2 EN 1 - NEGRO - Tienda Er\u00f3tica","robots":{"index":"noindex","follow":"follow","max-snippet":"max-snippet:-1","max-image-preview":"max-image-preview:large","max-video-preview":"max-video-preview:-1"},"og_locale":"es_ES","og_type":"article","og_title":"THUNDER MASTURBADOR 2 EN 1 - NEGRO - Tienda Er\u00f3tica","og_description":"THUNDER STROKE 2 IN 1 WAND ATTACHMENT \u00bfCu\u00e1nto tiempo puedes soportar este accesorio que convierte una varita de masaje en","og_url":"https:\/\/demoweb.info\/sexshop001\/producto\/thunder-masturbador-2-en-1-negro\/","og_site_name":"Tienda Er\u00f3tica","article_modified_time":"2022-01-22T16:30:32+00:00","og_image":[{"width":550,"height":550,"url":"https:\/\/demoweb.info\/sexshop001\/wp-content\/uploads\/2022\/01\/THUNDER-MASTURBADOR-2-EN-1-NEGRO.jpg","type":"image\/jpeg"}],"twitter_card":"summary_large_image","twitter_misc":{"Tiempo de lectura":"1 minuto"},"schema":{"@context":"https:\/\/schema.org","@graph":[{"@type":"WebPage","@id":"https:\/\/demoweb.info\/sexshop001\/producto\/thunder-masturbador-2-en-1-negro\/","url":"https:\/\/demoweb.info\/sexshop001\/producto\/thunder-masturbador-2-en-1-negro\/","name":"THUNDER MASTURBADOR 2 EN 1 - NEGRO - Tienda Er\u00f3tica","isPartOf":{"@id":"https:\/\/demoweb.info\/sexshop001\/#website"},"datePublished":"2022-01-22T16:30:21+00:00","dateModified":"2022-01-22T16:30:32+00:00","breadcrumb":{"@id":"https:\/\/demoweb.info\/sexshop001\/producto\/thunder-masturbador-2-en-1-negro\/#breadcrumb"},"inLanguage":"es","potentialAction":[{"@type":"ReadAction","target":["https:\/\/demoweb.info\/sexshop001\/producto\/thunder-masturbador-2-en-1-negro\/"]}]},{"@type":"BreadcrumbList","@id":"https:\/\/demoweb.info\/sexshop001\/producto\/thunder-masturbador-2-en-1-negro\/#breadcrumb","itemListElement":[{"@type":"ListItem","position":1,"name":"Portada","item":"https:\/\/demoweb.info\/sexshop001\/"},{"@type":"ListItem","position":2,"name":"Tienda","item":"https:\/\/demoweb.info\/sexshop001\/tienda\/"},{"@type":"ListItem","position":3,"name":"THUNDER MASTURBADOR 2 EN 1 &#8211; NEGRO"}]},{"@type":"WebSite","@id":"https:\/\/demoweb.info\/sexshop001\/#website","url":"https:\/\/demoweb.info\/sexshop001\/","name":"Tienda Er\u00f3tica","description":"DEMOWEB SL","potentialAction":[{"@type":"SearchAction","target":{"@type":"EntryPoint","urlTemplate":"https:\/\/demoweb.info\/sexshop001\/?s={search_term_string}"},"query-input":"required name=search_term_string"}],"inLanguage":"es"}]}},"_links":{"self":[{"href":"https:\/\/demoweb.info\/sexshop001\/wp-json\/wp\/v3\/product\/57791","targetHints":{"allow":["GET"]}}],"collection":[{"href":"https:\/\/demoweb.info\/sexshop001\/wp-json\/wp\/v3\/product"}],"about":[{"href":"https:\/\/demoweb.info\/sexshop001\/wp-json\/wp\/v2\/types\/product"}],"replies":[{"embeddable":true,"href":"https:\/\/demoweb.info\/sexshop001\/wp-json\/wp\/v2\/comments?post=57791"}],"wp:featuredmedia":[{"embeddable":true,"href":"https:\/\/demoweb.info\/sexshop001\/wp-json\/wp\/v2\/media\/57792"}],"wp:attachment":[{"href":"https:\/\/demoweb.info\/sexshop001\/wp-json\/wp\/v2\/media?parent=57791"}],"wp:term":[{"taxonomy":"product_cat","embeddable":true,"href":"https:\/\/demoweb.info\/sexshop001\/wp-json\/wp\/v2\/product_cat?post=57791"},{"taxonomy":"product_tag","embeddable":true,"href":"https:\/\/demoweb.info\/sexshop001\/wp-json\/wp\/v2\/product_tag?post=57791"}],"curies":[{"name":"wp","href":"https:\/\/api.w.org\/{rel}","templated":true}]}}